{"id":8128,"date":"2026-04-14T20:29:45","date_gmt":"2026-04-14T20:29:45","guid":{"rendered":"https:\/\/wollorama.at\/?post_type=product&#038;p=8128"},"modified":"2026-04-14T20:29:45","modified_gmt":"2026-04-14T20:29:45","slug":"puno-puno-winikunka","status":"publish","type":"product","link":"https:\/\/wollorama.at\/en\/product\/puno-puno-winikunka\/","title":{"rendered":"Puno &#038; Puno Winikunka"},"content":{"rendered":"<div>\n<p>Puno Winikunka ist eine traumhaft weiche Mischung aus Baumwolle und Alpakawolle. Die 70 Prozent GOTS-zertifizierte Baumwolle stammen ebenso wie die 30 Prozent Alpakawolle aus Peru, wo das Garn direkt f\u00fcr Pascuali versponnen wird.<\/p>\n<\/div>\n<div>\n<p>Der mystische <a href=\"https:\/\/de.wikipedia.org\/wiki\/Vinicunca\">Berg Winikunka<\/a>, auch bekannt als \u201cRegenbogenberg\u201d oder \u201cBerg der sieben Farben\u201d diente als Inspiration f\u00fcr dieses Garn. Sein Gestein leuchtet in intensivem Gr\u00fcn, Purpur, Gelb, Rot und Blau. Dieses beeindruckende Farbenspiel entstand durch Ablagerungen verschiedener Mineralien und Sedimente, die sich \u00fcber Jahrmillionen dort bildeten. Dieses Farbspektakel spiegelt sich in der umfassenden Farbpalette dieser Wolle wider.<\/p>\n<\/div>\n<div>\n<p>Die Mischung aus glatter Baumwolle mit flauschiger Alpakawolle macht Puno Winikunka zu einem tollen Ganzjahresgarn, das gleicherma\u00dfen gut verstrickt wie verh\u00e4kelt werden kann. Plastische Muster jeder Art kommen mit dieser Wolle bestens zur Geltung.\u00a0 Es eignet sich f\u00fcr leichte Oberteile ebenso gut wie f\u00fcr Accessoires wie Schals oder T\u00fccher. Sie ist angenehm weich und kann auch direkt auf der Haut getragen werden.<\/p>\n<\/div>\n<div>\n<p>Neben der gef\u00e4rbten Variante, gibt es die Puno auch in Naturt\u00f6nen, und eine kleine feine Auswahl gibt es im Shop. Denn wer kann ruhigen Braunt\u00f6nen schon widerstehen.<\/p>\n<p>Puno &amp; Puno Winikunka vervollst\u00e4ndigen das Sortiment von Pascuali hier im Wollorama. Mit dem Fokus auf Mischungen die auch f\u00fcr die w\u00e4rmeren Tage des Jahres geeignet sind, zeigen sie jedoch durch ihre au\u00dfergew\u00f6hnlichen Zusammensetzungen, dass sie f\u00fcr Strickst\u00fccke unabh\u00e4ngig der Jahreszeit geeignet sind.<\/p>\n<\/div>","protected":false},"excerpt":{"rendered":"<ul>\n<li class=\"variant__description\" data-variant-id=\"46873076039961\"><span class=\"metafield-tec-name\">Zusammensetzung:<\/span>\n<p><strong>70%\u00a0Baumwolle (kbA)<br \/>\n30%\u00a0Alpakawolle<\/strong><\/li>\n<li class=\"variant__description\" data-variant-id=\"46873076039961\"><span class=\"metafield-tec-name\">Laufl\u00e4nge:<\/span><span class=\"metafield-tec-value\"> 50 g ~ 200 m | 1.76 oz ~ 218 yds<\/span><\/li>\n<li class=\"variant__description\" data-variant-id=\"46873076039961\"><span class=\"metafield-tec-name\">Nadelst\u00e4rke:<\/span><span class=\"metafield-tec-value\"> 2,5 mm | 2 US | 12 UK<\/span><\/li>\n<li class=\"variant__description\" data-variant-id=\"46873076039961\"><span class=\"metafield-tec-name\">Maschenprobe:<\/span><span class=\"metafield-tec-value\"> 27 Maschen, 32 Reihen pro 10cm<\/span><\/li>\n<li class=\"variant__description\" data-variant-id=\"46873076039961\"><span class=\"metafield-tec-name\">Garnst\u00e4rke:<\/span><span class=\"metafield-tec-value\"> Fingering<\/span><\/li>\n<\/ul>","protected":false},"featured_media":8130,"comment_status":"open","ping_status":"closed","template":"","meta":{"site-sidebar-layout":"default","site-content-layout":"","ast-site-content-layout":"default","site-content-style":"default","site-sidebar-style":"default","ast-global-header-display":"","ast-banner-title-visibility":"","ast-main-header-display":"","ast-hfb-above-header-display":"","ast-hfb-below-header-display":"","ast-hfb-mobile-header-display":"","site-post-title":"","ast-breadcrumbs-content":"","ast-featured-img":"","footer-sml-layout":"","ast-disable-related-posts":"","theme-transparent-header-meta":"default","adv-header-id-meta":"","stick-header-meta":"default","header-above-stick-meta":"","header-main-stick-meta":"","header-below-stick-meta":"","astra-migrate-meta-layouts":"set","ast-page-background-enabled":"default","ast-page-background-meta":{"desktop":{"background-color":"","background-image":"","background-repeat":"repeat","background-position":"center center","background-size":"auto","background-attachment":"scroll","background-type":"","background-media":"","overlay-type":"","overlay-color":"","overlay-opacity":"","overlay-gradient":""},"tablet":{"background-color":"","background-image":"","background-repeat":"repeat","background-position":"center center","background-size":"auto","background-attachment":"scroll","background-type":"","background-media":"","overlay-type":"","overlay-color":"","overlay-opacity":"","overlay-gradient":""},"mobile":{"background-color":"","background-image":"","background-repeat":"repeat","background-position":"center center","background-size":"auto","background-attachment":"scroll","background-type":"","background-media":"","overlay-type":"","overlay-color":"","overlay-opacity":"","overlay-gradient":""}},"ast-content-background-meta":{"desktop":{"background-color":"var(--ast-global-color-5)","background-image":"","background-repeat":"repeat","background-position":"center center","background-size":"auto","background-attachment":"scroll","background-type":"","background-media":"","overlay-type":"","overlay-color":"","overlay-opacity":"","overlay-gradient":""},"tablet":{"background-color":"var(--ast-global-color-5)","background-image":"","background-repeat":"repeat","background-position":"center center","background-size":"auto","background-attachment":"scroll","background-type":"","background-media":"","overlay-type":"","overlay-color":"","overlay-opacity":"","overlay-gradient":""},"mobile":{"background-color":"var(--ast-global-color-5)","background-image":"","background-repeat":"repeat","background-position":"center center","background-size":"auto","background-attachment":"scroll","background-type":"","background-media":"","overlay-type":"","overlay-color":"","overlay-opacity":"","overlay-gradient":""}}},"product_brand":[],"product_cat":[159],"product_tag":[],"class_list":{"0":"post-8128","1":"product","2":"type-product","3":"status-publish","4":"has-post-thumbnail","6":"product_cat-pascuali","7":"desktop-align-center","8":"tablet-align-left","9":"mobile-align-left","10":"ast-product-gallery-layout-horizontal-slider","11":"ast-product-gallery-with-no-image","12":"ast-magnify-disabled","13":"ast-product-single-variable","14":"ast-product-tabs-layout-horizontal","16":"first","17":"instock","18":"shipping-taxable","19":"purchasable","20":"product-type-variable"},"yoast_head":"<!-- This site is optimized with the Yoast SEO plugin v27.4 - https:\/\/yoast.com\/product\/yoast-seo-wordpress\/ -->\n<title>Puno &amp; Puno Winikunka - Wollorama<\/title>\n<meta name=\"description\" content=\"Puno &amp; Puno Winikunka - Baumwolle trifft Alpaka, im Wollorama gibt es dieses Garn in Naturt\u00f6nen (Puno) &amp; gef\u00e4rbt (Puno Winikunka)\" \/>\n<meta name=\"robots\" content=\"index, follow, max-snippet:-1, max-image-preview:large, max-video-preview:-1\" \/>\n<link rel=\"canonical\" href=\"https:\/\/wollorama.at\/en\/product\/puno-puno-winikunka\/\" \/>\n<meta property=\"og:locale\" content=\"en_GB\" \/>\n<meta property=\"og:type\" content=\"article\" \/>\n<meta property=\"og:title\" content=\"Puno &amp; Puno Winikunka - Wollorama\" \/>\n<meta property=\"og:description\" content=\"Puno &amp; Puno Winikunka - Baumwolle trifft Alpaka, im Wollorama gibt es dieses Garn in Naturt\u00f6nen (Puno) &amp; gef\u00e4rbt (Puno Winikunka)\" \/>\n<meta property=\"og:url\" content=\"https:\/\/wollorama.at\/en\/product\/puno-puno-winikunka\/\" \/>\n<meta property=\"og:site_name\" content=\"Wollorama\" \/>\n<meta property=\"article:publisher\" content=\"https:\/\/facebook.com\/wollorama\" \/>\n<meta property=\"og:image\" content=\"https:\/\/wollorama.at\/wp-content\/uploads\/2026\/04\/Puno-winikunka-AloeVera.jpg\" \/>\n\t<meta property=\"og:image:width\" content=\"1500\" \/>\n\t<meta property=\"og:image:height\" content=\"1500\" \/>\n\t<meta property=\"og:image:type\" content=\"image\/jpeg\" \/>\n<meta name=\"twitter:card\" content=\"summary_large_image\" \/>\n<meta name=\"twitter:label1\" content=\"Estimated reading time\" \/>\n\t<meta name=\"twitter:data1\" content=\"2 minutes\" \/>\n<script type=\"application\/ld+json\" class=\"yoast-schema-graph\">{\"@context\":\"https:\\\/\\\/schema.org\",\"@graph\":[{\"@type\":\"WebPage\",\"@id\":\"https:\\\/\\\/wollorama.at\\\/produkt\\\/puno-puno-winikunka\\\/\",\"url\":\"https:\\\/\\\/wollorama.at\\\/produkt\\\/puno-puno-winikunka\\\/\",\"name\":\"Puno & Puno Winikunka - Wollorama\",\"isPartOf\":{\"@id\":\"https:\\\/\\\/wollorama.at\\\/#website\"},\"primaryImageOfPage\":{\"@id\":\"https:\\\/\\\/wollorama.at\\\/produkt\\\/puno-puno-winikunka\\\/#primaryimage\"},\"image\":{\"@id\":\"https:\\\/\\\/wollorama.at\\\/produkt\\\/puno-puno-winikunka\\\/#primaryimage\"},\"thumbnailUrl\":\"https:\\\/\\\/wollorama.at\\\/wp-content\\\/uploads\\\/2026\\\/04\\\/Puno-winikunka-AloeVera.jpg\",\"datePublished\":\"2026-04-14T20:29:45+00:00\",\"description\":\"Puno & Puno Winikunka - Baumwolle trifft Alpaka, im Wollorama gibt es dieses Garn in Naturt\u00f6nen (Puno) & gef\u00e4rbt (Puno Winikunka)\",\"breadcrumb\":{\"@id\":\"https:\\\/\\\/wollorama.at\\\/produkt\\\/puno-puno-winikunka\\\/#breadcrumb\"},\"inLanguage\":\"en-GB\",\"potentialAction\":[{\"@type\":\"ReadAction\",\"target\":[\"https:\\\/\\\/wollorama.at\\\/produkt\\\/puno-puno-winikunka\\\/\"]}]},{\"@type\":\"ImageObject\",\"inLanguage\":\"en-GB\",\"@id\":\"https:\\\/\\\/wollorama.at\\\/produkt\\\/puno-puno-winikunka\\\/#primaryimage\",\"url\":\"https:\\\/\\\/wollorama.at\\\/wp-content\\\/uploads\\\/2026\\\/04\\\/Puno-winikunka-AloeVera.jpg\",\"contentUrl\":\"https:\\\/\\\/wollorama.at\\\/wp-content\\\/uploads\\\/2026\\\/04\\\/Puno-winikunka-AloeVera.jpg\",\"width\":1500,\"height\":1500,\"caption\":\"4 Kn\u00e4uel Puno Winikunka in Aloe Vera\"},{\"@type\":\"BreadcrumbList\",\"@id\":\"https:\\\/\\\/wollorama.at\\\/produkt\\\/puno-puno-winikunka\\\/#breadcrumb\",\"itemListElement\":[{\"@type\":\"ListItem\",\"position\":1,\"name\":\"Home\",\"item\":\"https:\\\/\\\/wollorama.at\\\/\"},{\"@type\":\"ListItem\",\"position\":2,\"name\":\"Shop\",\"item\":\"https:\\\/\\\/wollorama.at\\\/wollorama-onlineshop\\\/\"},{\"@type\":\"ListItem\",\"position\":3,\"name\":\"Puno &#038; Puno Winikunka\"}]},{\"@type\":\"WebSite\",\"@id\":\"https:\\\/\\\/wollorama.at\\\/#website\",\"url\":\"https:\\\/\\\/wollorama.at\\\/\",\"name\":\"Wollorama\",\"description\":\"Willkommen\",\"publisher\":{\"@id\":\"https:\\\/\\\/wollorama.at\\\/#organization\"},\"potentialAction\":[{\"@type\":\"SearchAction\",\"target\":{\"@type\":\"EntryPoint\",\"urlTemplate\":\"https:\\\/\\\/wollorama.at\\\/?s={search_term_string}\"},\"query-input\":{\"@type\":\"PropertyValueSpecification\",\"valueRequired\":true,\"valueName\":\"search_term_string\"}}],\"inLanguage\":\"en-GB\"},{\"@type\":\"Organization\",\"@id\":\"https:\\\/\\\/wollorama.at\\\/#organization\",\"name\":\"Wollorama\",\"url\":\"https:\\\/\\\/wollorama.at\\\/\",\"logo\":{\"@type\":\"ImageObject\",\"inLanguage\":\"en-GB\",\"@id\":\"https:\\\/\\\/wollorama.at\\\/#\\\/schema\\\/logo\\\/image\\\/\",\"url\":\"https:\\\/\\\/wollorama.at\\\/wp-content\\\/uploads\\\/2025\\\/10\\\/Woll.-rama.png\",\"contentUrl\":\"https:\\\/\\\/wollorama.at\\\/wp-content\\\/uploads\\\/2025\\\/10\\\/Woll.-rama.png\",\"width\":2281,\"height\":490,\"caption\":\"Wollorama\"},\"image\":{\"@id\":\"https:\\\/\\\/wollorama.at\\\/#\\\/schema\\\/logo\\\/image\\\/\"},\"sameAs\":[\"https:\\\/\\\/facebook.com\\\/wollorama\",\"https:\\\/\\\/at.pinterest.com\\\/wolloramashop\\\/\"]}]}<\/script>\n<!-- \/ Yoast SEO plugin. -->","yoast_head_json":{"title":"Puno & Puno Winikunka - Wollorama","description":"Puno & Puno Winikunka - Baumwolle trifft Alpaka, im Wollorama gibt es dieses Garn in Naturt\u00f6nen (Puno) & gef\u00e4rbt (Puno Winikunka)","robots":{"index":"index","follow":"follow","max-snippet":"max-snippet:-1","max-image-preview":"max-image-preview:large","max-video-preview":"max-video-preview:-1"},"canonical":"https:\/\/wollorama.at\/en\/product\/puno-puno-winikunka\/","og_locale":"en_GB","og_type":"article","og_title":"Puno & Puno Winikunka - Wollorama","og_description":"Puno & Puno Winikunka - Baumwolle trifft Alpaka, im Wollorama gibt es dieses Garn in Naturt\u00f6nen (Puno) & gef\u00e4rbt (Puno Winikunka)","og_url":"https:\/\/wollorama.at\/en\/product\/puno-puno-winikunka\/","og_site_name":"Wollorama","article_publisher":"https:\/\/facebook.com\/wollorama","og_image":[{"width":1500,"height":1500,"url":"https:\/\/wollorama.at\/wp-content\/uploads\/2026\/04\/Puno-winikunka-AloeVera.jpg","type":"image\/jpeg"}],"twitter_card":"summary_large_image","twitter_misc":{"Estimated reading time":"2 minutes"},"schema":{"@context":"https:\/\/schema.org","@graph":[{"@type":"WebPage","@id":"https:\/\/wollorama.at\/produkt\/puno-puno-winikunka\/","url":"https:\/\/wollorama.at\/produkt\/puno-puno-winikunka\/","name":"Puno & Puno Winikunka - Wollorama","isPartOf":{"@id":"https:\/\/wollorama.at\/#website"},"primaryImageOfPage":{"@id":"https:\/\/wollorama.at\/produkt\/puno-puno-winikunka\/#primaryimage"},"image":{"@id":"https:\/\/wollorama.at\/produkt\/puno-puno-winikunka\/#primaryimage"},"thumbnailUrl":"https:\/\/wollorama.at\/wp-content\/uploads\/2026\/04\/Puno-winikunka-AloeVera.jpg","datePublished":"2026-04-14T20:29:45+00:00","description":"Puno & Puno Winikunka - Baumwolle trifft Alpaka, im Wollorama gibt es dieses Garn in Naturt\u00f6nen (Puno) & gef\u00e4rbt (Puno Winikunka)","breadcrumb":{"@id":"https:\/\/wollorama.at\/produkt\/puno-puno-winikunka\/#breadcrumb"},"inLanguage":"en-GB","potentialAction":[{"@type":"ReadAction","target":["https:\/\/wollorama.at\/produkt\/puno-puno-winikunka\/"]}]},{"@type":"ImageObject","inLanguage":"en-GB","@id":"https:\/\/wollorama.at\/produkt\/puno-puno-winikunka\/#primaryimage","url":"https:\/\/wollorama.at\/wp-content\/uploads\/2026\/04\/Puno-winikunka-AloeVera.jpg","contentUrl":"https:\/\/wollorama.at\/wp-content\/uploads\/2026\/04\/Puno-winikunka-AloeVera.jpg","width":1500,"height":1500,"caption":"4 Kn\u00e4uel Puno Winikunka in Aloe Vera"},{"@type":"BreadcrumbList","@id":"https:\/\/wollorama.at\/produkt\/puno-puno-winikunka\/#breadcrumb","itemListElement":[{"@type":"ListItem","position":1,"name":"Home","item":"https:\/\/wollorama.at\/"},{"@type":"ListItem","position":2,"name":"Shop","item":"https:\/\/wollorama.at\/wollorama-onlineshop\/"},{"@type":"ListItem","position":3,"name":"Puno &#038; Puno Winikunka"}]},{"@type":"WebSite","@id":"https:\/\/wollorama.at\/#website","url":"https:\/\/wollorama.at\/","name":"Wollorama","description":"Willkommen","publisher":{"@id":"https:\/\/wollorama.at\/#organization"},"potentialAction":[{"@type":"SearchAction","target":{"@type":"EntryPoint","urlTemplate":"https:\/\/wollorama.at\/?s={search_term_string}"},"query-input":{"@type":"PropertyValueSpecification","valueRequired":true,"valueName":"search_term_string"}}],"inLanguage":"en-GB"},{"@type":"Organization","@id":"https:\/\/wollorama.at\/#organization","name":"Wollorama","url":"https:\/\/wollorama.at\/","logo":{"@type":"ImageObject","inLanguage":"en-GB","@id":"https:\/\/wollorama.at\/#\/schema\/logo\/image\/","url":"https:\/\/wollorama.at\/wp-content\/uploads\/2025\/10\/Woll.-rama.png","contentUrl":"https:\/\/wollorama.at\/wp-content\/uploads\/2025\/10\/Woll.-rama.png","width":2281,"height":490,"caption":"Wollorama"},"image":{"@id":"https:\/\/wollorama.at\/#\/schema\/logo\/image\/"},"sameAs":["https:\/\/facebook.com\/wollorama","https:\/\/at.pinterest.com\/wolloramashop\/"]}]}},"_links":{"self":[{"href":"https:\/\/wollorama.at\/en\/wp-json\/wp\/v2\/product\/8128","targetHints":{"allow":["GET"]}}],"collection":[{"href":"https:\/\/wollorama.at\/en\/wp-json\/wp\/v2\/product"}],"about":[{"href":"https:\/\/wollorama.at\/en\/wp-json\/wp\/v2\/types\/product"}],"replies":[{"embeddable":true,"href":"https:\/\/wollorama.at\/en\/wp-json\/wp\/v2\/comments?post=8128"}],"version-history":[{"count":2,"href":"https:\/\/wollorama.at\/en\/wp-json\/wp\/v2\/product\/8128\/revisions"}],"predecessor-version":[{"id":8153,"href":"https:\/\/wollorama.at\/en\/wp-json\/wp\/v2\/product\/8128\/revisions\/8153"}],"wp:featuredmedia":[{"embeddable":true,"href":"https:\/\/wollorama.at\/en\/wp-json\/wp\/v2\/media\/8130"}],"wp:attachment":[{"href":"https:\/\/wollorama.at\/en\/wp-json\/wp\/v2\/media?parent=8128"}],"wp:term":[{"taxonomy":"product_brand","embeddable":true,"href":"https:\/\/wollorama.at\/en\/wp-json\/wp\/v2\/product_brand?post=8128"},{"taxonomy":"product_cat","embeddable":true,"href":"https:\/\/wollorama.at\/en\/wp-json\/wp\/v2\/product_cat?post=8128"},{"taxonomy":"product_tag","embeddable":true,"href":"https:\/\/wollorama.at\/en\/wp-json\/wp\/v2\/product_tag?post=8128"}],"curies":[{"name":"wp","href":"https:\/\/api.w.org\/{rel}","templated":true}]}}