{"id":8112,"date":"2026-04-14T20:08:03","date_gmt":"2026-04-14T20:08:03","guid":{"rendered":"https:\/\/wollorama.at\/?post_type=product&#038;p=8112"},"modified":"2026-04-14T20:08:03","modified_gmt":"2026-04-14T20:08:03","slug":"sole","status":"publish","type":"product","link":"https:\/\/wollorama.at\/en\/product\/sole\/","title":{"rendered":"Sole"},"content":{"rendered":"<p>Sole ist eine wunderbare Mischung aus edler Pima-<a href=\"https:\/\/de.wikipedia.org\/wiki\/Baumwollfaser\">Baumwolle<\/a> und feinem Kaschmirhaar. Mit herk\u00f6mmlichem Baumwoll-Garn hat diese wunderbare Symbiose von Pflanze und Tier nur wenig gemein! 90 Prozent peruanischer Pima-Baumwolle und 10 Prozent Kaschmirwolle aus der Mongolei machen Sole zu einem besonders weichen Garn. Sole ist sechsf\u00e4dig und dreifach verzwirnt, das ergibt eine ganz besonders fein anmutende Struktur. Der zart gl\u00e4nzende Faden ist fein und dennoch stabil.<\/p>\n<p>Sole wird f\u00fcr Pascuali in Portugal versponnen und gef\u00e4rbt.<\/p>\n<p>Sole l\u00e4sst sich sehr angenehm verstricken und hat ein sch\u00f6n gleichm\u00e4\u00dfiges Maschenbild. Es eignet sich f\u00fcr eine Vielzahl unterschiedlicher Muster, wirkt aber auch glatt rechts verstrickt sehr sch\u00f6n. Nat\u00fcrlich eignet sich Sole auch hervorragend zum H\u00e4keln.<\/p>\n<p>Sole ist ein perfektes Ganzjahresgarn. Ein leichtes Sommeroberteil kann ebenso gut daraus gefertigt werden wie eine w\u00e4rmende Strickjacke. Und auch f\u00fcr Accessoires wie Schals, T\u00fccher und M\u00fctzen ist Sole eine gute Wahl. Durch seine Weichheit dieses Garn zudem eine wunderbare Alternative f\u00fcr alle, denen \u201enormale\u201c Wolle zu kratzig ist.<\/p>\n<p>Was ist Pima-Baumwolle? <span data-subtree=\"aimfl,mfl\">Pima-Baumwolle ist <\/span><mark class=\"HxTRcb\" data-sfc-root=\"c\" data-sfc-cb=\"\">eine der hochwertigsten und weichsten Baumwollarten der Welt, bekannt f\u00fcr ihre extra-langen Fasern<\/mark> (ELS &#8211; Extra Long Staple). Diese Art der Baumwolle wird nur in Peru und den USA angebaut. Durch die langen Fasern zeichnen sich Kleidungsst\u00fccke vorallem durch ihre Langlebigkeit aus.<\/p>","protected":false},"excerpt":{"rendered":"<ul>\n<li class=\"variant__description\" data-variant-id=\"46873044680985\"><span class=\"metafield-tec-name\">Zusammensetzung:<\/span><strong>90% Baumwolle (Pima)<br \/>\n10% Kaschmirwolle<\/strong><\/li>\n<li class=\"variant__description\" data-variant-id=\"46873044680985\"><span class=\"metafield-tec-name\">Laufl\u00e4nge:<\/span><span class=\"metafield-tec-value\"> 50 g ~ 140 m | 1.76 oz ~ 153 yds<\/span><\/li>\n<li class=\"variant__description\" data-variant-id=\"46873044680985\"><span class=\"metafield-tec-name\">Nadelst\u00e4rke:<\/span><span class=\"metafield-tec-value\"> 3,5 mm | 4 US | 11 UK<\/span><\/li>\n<li class=\"variant__description\" data-variant-id=\"46873044680985\"><span class=\"metafield-tec-name\">Maschenprobe:<\/span><span class=\"metafield-tec-value\"> 23 Maschen, 39 Reihen pro 10cm<\/span><\/li>\n<li class=\"variant__description\" data-variant-id=\"46873044680985\"><span class=\"metafield-tec-name\">Garnst\u00e4rke:<\/span><span class=\"metafield-tec-value\"> Sport<\/span><\/li>\n<\/ul>","protected":false},"featured_media":8117,"comment_status":"open","ping_status":"closed","template":"","meta":{"site-sidebar-layout":"default","site-content-layout":"","ast-site-content-layout":"default","site-content-style":"default","site-sidebar-style":"default","ast-global-header-display":"","ast-banner-title-visibility":"","ast-main-header-display":"","ast-hfb-above-header-display":"","ast-hfb-below-header-display":"","ast-hfb-mobile-header-display":"","site-post-title":"","ast-breadcrumbs-content":"","ast-featured-img":"","footer-sml-layout":"","ast-disable-related-posts":"","theme-transparent-header-meta":"default","adv-header-id-meta":"","stick-header-meta":"default","header-above-stick-meta":"","header-main-stick-meta":"","header-below-stick-meta":"","astra-migrate-meta-layouts":"set","ast-page-background-enabled":"default","ast-page-background-meta":{"desktop":{"background-color":"","background-image":"","background-repeat":"repeat","background-position":"center center","background-size":"auto","background-attachment":"scroll","background-type":"","background-media":"","overlay-type":"","overlay-color":"","overlay-opacity":"","overlay-gradient":""},"tablet":{"background-color":"","background-image":"","background-repeat":"repeat","background-position":"center center","background-size":"auto","background-attachment":"scroll","background-type":"","background-media":"","overlay-type":"","overlay-color":"","overlay-opacity":"","overlay-gradient":""},"mobile":{"background-color":"","background-image":"","background-repeat":"repeat","background-position":"center center","background-size":"auto","background-attachment":"scroll","background-type":"","background-media":"","overlay-type":"","overlay-color":"","overlay-opacity":"","overlay-gradient":""}},"ast-content-background-meta":{"desktop":{"background-color":"var(--ast-global-color-5)","background-image":"","background-repeat":"repeat","background-position":"center center","background-size":"auto","background-attachment":"scroll","background-type":"","background-media":"","overlay-type":"","overlay-color":"","overlay-opacity":"","overlay-gradient":""},"tablet":{"background-color":"var(--ast-global-color-5)","background-image":"","background-repeat":"repeat","background-position":"center center","background-size":"auto","background-attachment":"scroll","background-type":"","background-media":"","overlay-type":"","overlay-color":"","overlay-opacity":"","overlay-gradient":""},"mobile":{"background-color":"var(--ast-global-color-5)","background-image":"","background-repeat":"repeat","background-position":"center center","background-size":"auto","background-attachment":"scroll","background-type":"","background-media":"","overlay-type":"","overlay-color":"","overlay-opacity":"","overlay-gradient":""}}},"product_brand":[],"product_cat":[159],"product_tag":[],"class_list":{"0":"post-8112","1":"product","2":"type-product","3":"status-publish","4":"has-post-thumbnail","6":"product_cat-pascuali","7":"desktop-align-center","8":"tablet-align-left","9":"mobile-align-left","10":"ast-product-gallery-layout-horizontal-slider","11":"ast-product-gallery-with-no-image","12":"ast-magnify-disabled","13":"ast-product-single-variable","14":"ast-product-tabs-layout-horizontal","16":"first","17":"instock","18":"shipping-taxable","19":"purchasable","20":"product-type-variable"},"yoast_head":"<!-- This site is optimized with the Yoast SEO plugin v27.4 - https:\/\/yoast.com\/product\/yoast-seo-wordpress\/ -->\n<title>Sole - Wollorama<\/title>\n<meta name=\"description\" content=\"Sole ist sommerlicher Luxus auf der Haut! Pima Baumwolle trifft auf einen kr\u00e4ftigen Hauch Kaschmir &amp; das Strickerlebnis ist garantiert.\" \/>\n<meta name=\"robots\" content=\"index, follow, max-snippet:-1, max-image-preview:large, max-video-preview:-1\" \/>\n<link rel=\"canonical\" href=\"https:\/\/wollorama.at\/en\/product\/sole\/\" \/>\n<meta property=\"og:locale\" content=\"en_GB\" \/>\n<meta property=\"og:type\" content=\"article\" \/>\n<meta property=\"og:title\" content=\"Sole - Wollorama\" \/>\n<meta property=\"og:description\" content=\"Sole ist sommerlicher Luxus auf der Haut! Pima Baumwolle trifft auf einen kr\u00e4ftigen Hauch Kaschmir &amp; das Strickerlebnis ist garantiert.\" \/>\n<meta property=\"og:url\" content=\"https:\/\/wollorama.at\/en\/product\/sole\/\" \/>\n<meta property=\"og:site_name\" content=\"Wollorama\" \/>\n<meta property=\"article:publisher\" content=\"https:\/\/facebook.com\/wollorama\" \/>\n<meta property=\"og:image\" content=\"https:\/\/wollorama.at\/wp-content\/uploads\/2026\/04\/Sole-ozean.webp\" \/>\n\t<meta property=\"og:image:width\" content=\"1500\" \/>\n\t<meta property=\"og:image:height\" content=\"1500\" \/>\n\t<meta property=\"og:image:type\" content=\"image\/webp\" \/>\n<meta name=\"twitter:card\" content=\"summary_large_image\" \/>\n<meta name=\"twitter:label1\" content=\"Estimated reading time\" \/>\n\t<meta name=\"twitter:data1\" content=\"2 minutes\" \/>\n<script type=\"application\/ld+json\" class=\"yoast-schema-graph\">{\"@context\":\"https:\\\/\\\/schema.org\",\"@graph\":[{\"@type\":\"WebPage\",\"@id\":\"https:\\\/\\\/wollorama.at\\\/produkt\\\/sole\\\/\",\"url\":\"https:\\\/\\\/wollorama.at\\\/produkt\\\/sole\\\/\",\"name\":\"Sole - Wollorama\",\"isPartOf\":{\"@id\":\"https:\\\/\\\/wollorama.at\\\/#website\"},\"primaryImageOfPage\":{\"@id\":\"https:\\\/\\\/wollorama.at\\\/produkt\\\/sole\\\/#primaryimage\"},\"image\":{\"@id\":\"https:\\\/\\\/wollorama.at\\\/produkt\\\/sole\\\/#primaryimage\"},\"thumbnailUrl\":\"https:\\\/\\\/wollorama.at\\\/wp-content\\\/uploads\\\/2026\\\/04\\\/Sole-ozean.webp\",\"datePublished\":\"2026-04-14T20:08:03+00:00\",\"description\":\"Sole ist sommerlicher Luxus auf der Haut! Pima Baumwolle trifft auf einen kr\u00e4ftigen Hauch Kaschmir & das Strickerlebnis ist garantiert.\",\"breadcrumb\":{\"@id\":\"https:\\\/\\\/wollorama.at\\\/produkt\\\/sole\\\/#breadcrumb\"},\"inLanguage\":\"en-GB\",\"potentialAction\":[{\"@type\":\"ReadAction\",\"target\":[\"https:\\\/\\\/wollorama.at\\\/produkt\\\/sole\\\/\"]}]},{\"@type\":\"ImageObject\",\"inLanguage\":\"en-GB\",\"@id\":\"https:\\\/\\\/wollorama.at\\\/produkt\\\/sole\\\/#primaryimage\",\"url\":\"https:\\\/\\\/wollorama.at\\\/wp-content\\\/uploads\\\/2026\\\/04\\\/Sole-ozean.webp\",\"contentUrl\":\"https:\\\/\\\/wollorama.at\\\/wp-content\\\/uploads\\\/2026\\\/04\\\/Sole-ozean.webp\",\"width\":1500,\"height\":1500,\"caption\":\"4 Kn\u00e4uel Sole auf beigem hintergrund\"},{\"@type\":\"BreadcrumbList\",\"@id\":\"https:\\\/\\\/wollorama.at\\\/produkt\\\/sole\\\/#breadcrumb\",\"itemListElement\":[{\"@type\":\"ListItem\",\"position\":1,\"name\":\"Home\",\"item\":\"https:\\\/\\\/wollorama.at\\\/\"},{\"@type\":\"ListItem\",\"position\":2,\"name\":\"Shop\",\"item\":\"https:\\\/\\\/wollorama.at\\\/wollorama-onlineshop\\\/\"},{\"@type\":\"ListItem\",\"position\":3,\"name\":\"Sole\"}]},{\"@type\":\"WebSite\",\"@id\":\"https:\\\/\\\/wollorama.at\\\/#website\",\"url\":\"https:\\\/\\\/wollorama.at\\\/\",\"name\":\"Wollorama\",\"description\":\"Willkommen\",\"publisher\":{\"@id\":\"https:\\\/\\\/wollorama.at\\\/#organization\"},\"potentialAction\":[{\"@type\":\"SearchAction\",\"target\":{\"@type\":\"EntryPoint\",\"urlTemplate\":\"https:\\\/\\\/wollorama.at\\\/?s={search_term_string}\"},\"query-input\":{\"@type\":\"PropertyValueSpecification\",\"valueRequired\":true,\"valueName\":\"search_term_string\"}}],\"inLanguage\":\"en-GB\"},{\"@type\":\"Organization\",\"@id\":\"https:\\\/\\\/wollorama.at\\\/#organization\",\"name\":\"Wollorama\",\"url\":\"https:\\\/\\\/wollorama.at\\\/\",\"logo\":{\"@type\":\"ImageObject\",\"inLanguage\":\"en-GB\",\"@id\":\"https:\\\/\\\/wollorama.at\\\/#\\\/schema\\\/logo\\\/image\\\/\",\"url\":\"https:\\\/\\\/wollorama.at\\\/wp-content\\\/uploads\\\/2025\\\/10\\\/Woll.-rama.png\",\"contentUrl\":\"https:\\\/\\\/wollorama.at\\\/wp-content\\\/uploads\\\/2025\\\/10\\\/Woll.-rama.png\",\"width\":2281,\"height\":490,\"caption\":\"Wollorama\"},\"image\":{\"@id\":\"https:\\\/\\\/wollorama.at\\\/#\\\/schema\\\/logo\\\/image\\\/\"},\"sameAs\":[\"https:\\\/\\\/facebook.com\\\/wollorama\",\"https:\\\/\\\/at.pinterest.com\\\/wolloramashop\\\/\"]}]}<\/script>\n<!-- \/ Yoast SEO plugin. -->","yoast_head_json":{"title":"Sole - Wollorama","description":"Sole ist sommerlicher Luxus auf der Haut! Pima Baumwolle trifft auf einen kr\u00e4ftigen Hauch Kaschmir & das Strickerlebnis ist garantiert.","robots":{"index":"index","follow":"follow","max-snippet":"max-snippet:-1","max-image-preview":"max-image-preview:large","max-video-preview":"max-video-preview:-1"},"canonical":"https:\/\/wollorama.at\/en\/product\/sole\/","og_locale":"en_GB","og_type":"article","og_title":"Sole - Wollorama","og_description":"Sole ist sommerlicher Luxus auf der Haut! Pima Baumwolle trifft auf einen kr\u00e4ftigen Hauch Kaschmir & das Strickerlebnis ist garantiert.","og_url":"https:\/\/wollorama.at\/en\/product\/sole\/","og_site_name":"Wollorama","article_publisher":"https:\/\/facebook.com\/wollorama","og_image":[{"width":1500,"height":1500,"url":"https:\/\/wollorama.at\/wp-content\/uploads\/2026\/04\/Sole-ozean.webp","type":"image\/webp"}],"twitter_card":"summary_large_image","twitter_misc":{"Estimated reading time":"2 minutes"},"schema":{"@context":"https:\/\/schema.org","@graph":[{"@type":"WebPage","@id":"https:\/\/wollorama.at\/produkt\/sole\/","url":"https:\/\/wollorama.at\/produkt\/sole\/","name":"Sole - Wollorama","isPartOf":{"@id":"https:\/\/wollorama.at\/#website"},"primaryImageOfPage":{"@id":"https:\/\/wollorama.at\/produkt\/sole\/#primaryimage"},"image":{"@id":"https:\/\/wollorama.at\/produkt\/sole\/#primaryimage"},"thumbnailUrl":"https:\/\/wollorama.at\/wp-content\/uploads\/2026\/04\/Sole-ozean.webp","datePublished":"2026-04-14T20:08:03+00:00","description":"Sole ist sommerlicher Luxus auf der Haut! Pima Baumwolle trifft auf einen kr\u00e4ftigen Hauch Kaschmir & das Strickerlebnis ist garantiert.","breadcrumb":{"@id":"https:\/\/wollorama.at\/produkt\/sole\/#breadcrumb"},"inLanguage":"en-GB","potentialAction":[{"@type":"ReadAction","target":["https:\/\/wollorama.at\/produkt\/sole\/"]}]},{"@type":"ImageObject","inLanguage":"en-GB","@id":"https:\/\/wollorama.at\/produkt\/sole\/#primaryimage","url":"https:\/\/wollorama.at\/wp-content\/uploads\/2026\/04\/Sole-ozean.webp","contentUrl":"https:\/\/wollorama.at\/wp-content\/uploads\/2026\/04\/Sole-ozean.webp","width":1500,"height":1500,"caption":"4 Kn\u00e4uel Sole auf beigem hintergrund"},{"@type":"BreadcrumbList","@id":"https:\/\/wollorama.at\/produkt\/sole\/#breadcrumb","itemListElement":[{"@type":"ListItem","position":1,"name":"Home","item":"https:\/\/wollorama.at\/"},{"@type":"ListItem","position":2,"name":"Shop","item":"https:\/\/wollorama.at\/wollorama-onlineshop\/"},{"@type":"ListItem","position":3,"name":"Sole"}]},{"@type":"WebSite","@id":"https:\/\/wollorama.at\/#website","url":"https:\/\/wollorama.at\/","name":"Wollorama","description":"Willkommen","publisher":{"@id":"https:\/\/wollorama.at\/#organization"},"potentialAction":[{"@type":"SearchAction","target":{"@type":"EntryPoint","urlTemplate":"https:\/\/wollorama.at\/?s={search_term_string}"},"query-input":{"@type":"PropertyValueSpecification","valueRequired":true,"valueName":"search_term_string"}}],"inLanguage":"en-GB"},{"@type":"Organization","@id":"https:\/\/wollorama.at\/#organization","name":"Wollorama","url":"https:\/\/wollorama.at\/","logo":{"@type":"ImageObject","inLanguage":"en-GB","@id":"https:\/\/wollorama.at\/#\/schema\/logo\/image\/","url":"https:\/\/wollorama.at\/wp-content\/uploads\/2025\/10\/Woll.-rama.png","contentUrl":"https:\/\/wollorama.at\/wp-content\/uploads\/2025\/10\/Woll.-rama.png","width":2281,"height":490,"caption":"Wollorama"},"image":{"@id":"https:\/\/wollorama.at\/#\/schema\/logo\/image\/"},"sameAs":["https:\/\/facebook.com\/wollorama","https:\/\/at.pinterest.com\/wolloramashop\/"]}]}},"_links":{"self":[{"href":"https:\/\/wollorama.at\/en\/wp-json\/wp\/v2\/product\/8112","targetHints":{"allow":["GET"]}}],"collection":[{"href":"https:\/\/wollorama.at\/en\/wp-json\/wp\/v2\/product"}],"about":[{"href":"https:\/\/wollorama.at\/en\/wp-json\/wp\/v2\/types\/product"}],"replies":[{"embeddable":true,"href":"https:\/\/wollorama.at\/en\/wp-json\/wp\/v2\/comments?post=8112"}],"version-history":[{"count":2,"href":"https:\/\/wollorama.at\/en\/wp-json\/wp\/v2\/product\/8112\/revisions"}],"predecessor-version":[{"id":8127,"href":"https:\/\/wollorama.at\/en\/wp-json\/wp\/v2\/product\/8112\/revisions\/8127"}],"wp:featuredmedia":[{"embeddable":true,"href":"https:\/\/wollorama.at\/en\/wp-json\/wp\/v2\/media\/8117"}],"wp:attachment":[{"href":"https:\/\/wollorama.at\/en\/wp-json\/wp\/v2\/media?parent=8112"}],"wp:term":[{"taxonomy":"product_brand","embeddable":true,"href":"https:\/\/wollorama.at\/en\/wp-json\/wp\/v2\/product_brand?post=8112"},{"taxonomy":"product_cat","embeddable":true,"href":"https:\/\/wollorama.at\/en\/wp-json\/wp\/v2\/product_cat?post=8112"},{"taxonomy":"product_tag","embeddable":true,"href":"https:\/\/wollorama.at\/en\/wp-json\/wp\/v2\/product_tag?post=8112"}],"curies":[{"name":"wp","href":"https:\/\/api.w.org\/{rel}","templated":true}]}}