{"id":8094,"date":"2026-04-14T19:34:40","date_gmt":"2026-04-14T19:34:40","guid":{"rendered":"https:\/\/wollorama.at\/?post_type=product&#038;p=8094"},"modified":"2026-04-14T19:34:40","modified_gmt":"2026-04-14T19:34:40","slug":"arctic-pearl","status":"publish","type":"product","link":"https:\/\/wollorama.at\/en\/product\/arctic-pearl\/","title":{"rendered":"Arctic Pearl"},"content":{"rendered":"<h2><b>Ein wirklich einzigartiges Naturgarn!<\/b><\/h2>\n<p><b>Arctic Pearl von Pascuali<\/b>, das einzige vegane Garn seiner Art. Es ist ein luxuri\u00f6ses Garn aus 100% Lyocell (SEACELL)-Fasern, einer Mischung aus 19% reinem braunen Seetang aus Island und 81% Eukalyptus-Zellulose. Es vereint Sch\u00f6nheit und Nachhaltigkeit und bietet Vorteile f\u00fcr Haut und K\u00f6rper. Dieses innovative Garn, ist\u00a0die perfekte Wahl f\u00fcr umweltbewusste Stricker*innen, die Wert auf \u00c4sthetik und Nachhaltigkeit legen.<\/p>\n<h3><b>Was macht Arctic Pearl so besonders?<\/b><\/h3>\n<p>Hier sind einige der bemerkenswerten Vorteile:<\/p>\n<ul>\n<li><b>Nat\u00fcrlich &amp; umweltfreundlich<\/b>: Vollst\u00e4ndig biologisch abbaubar und kompostierbar \u2013 ein Beitrag zu einer nachhaltigen Zukunft f\u00fcr alle Strickliebhaber*innen.<\/li>\n<li><b>Feuchtigkeitsregulierend<\/b>: Reguliert Feuchtigkeit und Temperatur m\u00fchelos und sorgt so f\u00fcr h\u00f6chsten Tragekomfort.<\/li>\n<li><b>Hautfreundlich<\/b>: Sanft zur Haut und ideal f\u00fcr Menschen mit Wollallergien oder empfindlicher Haut, einschlie\u00dflich Hauterkrankungen wie Dermatitis. Arctic Pearl bietet au\u00dfergew\u00f6hnlichen Komfort und pflegt die Haut mit seinen wohltuenden Eigenschaften.<\/li>\n<li><b>Effizienz der Extraklasse<\/b>: Mehr erreichen mit weniger! Arctic Pearl erm\u00f6glicht es, wundersch\u00f6ne Designs mit minimalem Garnverbrauch zu stricken \u2013 f\u00fcr einen Pullover in Gr\u00f6\u00dfe M ben\u00f6tigen Sie weniger als 200 g!<\/li>\n<li><b>Maschinenwaschbar &amp; langlebig<\/b>: F\u00fcr den t\u00e4glichen Gebrauch geeignet und auf Langlebigkeit ausgelegt \u2013 Arctic Pearl beh\u00e4lt seine Qualit\u00e4t, mit nur minimalem Wirkungsverlust (lediglich 12\u201322 % nach 50 Waschg\u00e4ngen).<\/li>\n<\/ul>\n<h3><strong>Was ist SEACELL?<\/strong><\/h3>\n<p>SEACELL ist eine von SMARTFIBER AG entwickelte und patentierte umweltfreundliche Cellulosefaser. Sie besteht zu 19% aus reiner isl\u00e4ndischer Braunalge und zu 81% aus Eukalyptus-Cellulose. Die n\u00e4hrstoffreiche Alge liefert wertvolle Mineralien, Antioxidantien und Vitamine, die die Haut pflegen und dem Gewebe zugleich eine einzigartige Weichheit und Atmungsaktivit\u00e4t verleihen \u2013 ideal f\u00fcr bequeme und nachhaltige Kleidung.<\/p>\n<h3><strong>Wie wird Arctic Pearl hergestellt?<\/strong><\/h3>\n<p>Die SEACELL-Faser f\u00fcr Arctic Pearl wird in \u00d6sterreich mithilfe eines geschlossenen Kreislaufsystems produziert, das eine nachhaltige Fertigung gew\u00e4hrleistet und im Einklang mit der Natur arbeitet. Dieser umweltfreundliche und innovative Prozess setzt keine sch\u00e4dlichen Chemikalien als Abfall frei. Zudem bestehen die Fasern aus ressourcenschonenden, zu 100 % biologisch abbaubaren nat\u00fcrlichen Materialien.<\/p>","protected":false},"excerpt":{"rendered":"<ul>\n<li class=\"variant__description\" data-variant-id=\"55226064470397\"><span class=\"metafield-tec-name\">Laufl\u00e4nge:<\/span><span class=\"metafield-tec-value\"> 50 g ~ 245 m | 1.76 oz ~ 268 yds<\/span><\/li>\n<li class=\"variant__description\" data-variant-id=\"55226064470397\"><span class=\"metafield-tec-name\">Nadelst\u00e4rke:<\/span><span class=\"metafield-tec-value\"> 3,5 mm | 4 US | 10 UK<\/span><\/li>\n<li class=\"variant__description\" data-variant-id=\"55226064470397\"><span class=\"metafield-tec-name\">Maschenprobe:<\/span><span class=\"metafield-tec-value\"> 27 Maschen, 40 Reihen pro 10 cm<\/span><\/li>\n<li class=\"variant__description\" data-variant-id=\"55226064470397\"><span class=\"metafield-tec-name\">Garnst\u00e4rke:<\/span><span class=\"metafield-tec-value\"> Light Fingering<\/span><\/li>\n<\/ul>","protected":false},"featured_media":8104,"comment_status":"open","ping_status":"closed","template":"","meta":{"site-sidebar-layout":"default","site-content-layout":"","ast-site-content-layout":"default","site-content-style":"default","site-sidebar-style":"default","ast-global-header-display":"","ast-banner-title-visibility":"","ast-main-header-display":"","ast-hfb-above-header-display":"","ast-hfb-below-header-display":"","ast-hfb-mobile-header-display":"","site-post-title":"","ast-breadcrumbs-content":"","ast-featured-img":"","footer-sml-layout":"","ast-disable-related-posts":"","theme-transparent-header-meta":"default","adv-header-id-meta":"","stick-header-meta":"default","header-above-stick-meta":"","header-main-stick-meta":"","header-below-stick-meta":"","astra-migrate-meta-layouts":"set","ast-page-background-enabled":"default","ast-page-background-meta":{"desktop":{"background-color":"","background-image":"","background-repeat":"repeat","background-position":"center center","background-size":"auto","background-attachment":"scroll","background-type":"","background-media":"","overlay-type":"","overlay-color":"","overlay-opacity":"","overlay-gradient":""},"tablet":{"background-color":"","background-image":"","background-repeat":"repeat","background-position":"center center","background-size":"auto","background-attachment":"scroll","background-type":"","background-media":"","overlay-type":"","overlay-color":"","overlay-opacity":"","overlay-gradient":""},"mobile":{"background-color":"","background-image":"","background-repeat":"repeat","background-position":"center center","background-size":"auto","background-attachment":"scroll","background-type":"","background-media":"","overlay-type":"","overlay-color":"","overlay-opacity":"","overlay-gradient":""}},"ast-content-background-meta":{"desktop":{"background-color":"var(--ast-global-color-5)","background-image":"","background-repeat":"repeat","background-position":"center center","background-size":"auto","background-attachment":"scroll","background-type":"","background-media":"","overlay-type":"","overlay-color":"","overlay-opacity":"","overlay-gradient":""},"tablet":{"background-color":"var(--ast-global-color-5)","background-image":"","background-repeat":"repeat","background-position":"center center","background-size":"auto","background-attachment":"scroll","background-type":"","background-media":"","overlay-type":"","overlay-color":"","overlay-opacity":"","overlay-gradient":""},"mobile":{"background-color":"var(--ast-global-color-5)","background-image":"","background-repeat":"repeat","background-position":"center center","background-size":"auto","background-attachment":"scroll","background-type":"","background-media":"","overlay-type":"","overlay-color":"","overlay-opacity":"","overlay-gradient":""}}},"product_brand":[],"product_cat":[159],"product_tag":[],"class_list":{"0":"post-8094","1":"product","2":"type-product","3":"status-publish","4":"has-post-thumbnail","6":"product_cat-pascuali","7":"desktop-align-center","8":"tablet-align-left","9":"mobile-align-left","10":"ast-product-gallery-layout-horizontal-slider","11":"ast-product-gallery-with-no-image","12":"ast-magnify-disabled","13":"ast-product-single-variable","14":"ast-product-tabs-layout-horizontal","16":"first","17":"instock","18":"shipping-taxable","19":"purchasable","20":"product-type-variable"},"yoast_head":"<!-- This site is optimized with the Yoast SEO plugin v27.4 - https:\/\/yoast.com\/product\/yoast-seo-wordpress\/ -->\n<title>Arctic Pearl - Wollorama<\/title>\n<meta name=\"description\" content=\"Arctic Pearl ist ein Garn aus 100% Lyocell - au\u00dfergew\u00f6hnlich &amp; fabelhaft zugleich - der Sommerstrick kann kommen!\" \/>\n<meta name=\"robots\" content=\"index, follow, max-snippet:-1, max-image-preview:large, max-video-preview:-1\" \/>\n<link rel=\"canonical\" href=\"https:\/\/wollorama.at\/en\/product\/arctic-pearl\/\" \/>\n<meta property=\"og:locale\" content=\"en_GB\" \/>\n<meta property=\"og:type\" content=\"article\" \/>\n<meta property=\"og:title\" content=\"Arctic Pearl - Wollorama\" \/>\n<meta property=\"og:description\" content=\"Arctic Pearl ist ein Garn aus 100% Lyocell - au\u00dfergew\u00f6hnlich &amp; fabelhaft zugleich - der Sommerstrick kann kommen!\" \/>\n<meta property=\"og:url\" content=\"https:\/\/wollorama.at\/en\/product\/arctic-pearl\/\" \/>\n<meta property=\"og:site_name\" content=\"Wollorama\" \/>\n<meta property=\"article:publisher\" content=\"https:\/\/facebook.com\/wollorama\" \/>\n<meta property=\"og:image\" content=\"https:\/\/wollorama.at\/wp-content\/uploads\/2026\/04\/Arctic-Pearl-Petrol.jpg\" \/>\n\t<meta property=\"og:image:width\" content=\"1500\" \/>\n\t<meta property=\"og:image:height\" content=\"1500\" \/>\n\t<meta property=\"og:image:type\" content=\"image\/jpeg\" \/>\n<meta name=\"twitter:card\" content=\"summary_large_image\" \/>\n<meta name=\"twitter:label1\" content=\"Estimated reading time\" \/>\n\t<meta name=\"twitter:data1\" content=\"2 minutes\" \/>\n<script type=\"application\/ld+json\" class=\"yoast-schema-graph\">{\"@context\":\"https:\\\/\\\/schema.org\",\"@graph\":[{\"@type\":\"WebPage\",\"@id\":\"https:\\\/\\\/wollorama.at\\\/produkt\\\/arctic-pearl\\\/\",\"url\":\"https:\\\/\\\/wollorama.at\\\/produkt\\\/arctic-pearl\\\/\",\"name\":\"Arctic Pearl - Wollorama\",\"isPartOf\":{\"@id\":\"https:\\\/\\\/wollorama.at\\\/#website\"},\"primaryImageOfPage\":{\"@id\":\"https:\\\/\\\/wollorama.at\\\/produkt\\\/arctic-pearl\\\/#primaryimage\"},\"image\":{\"@id\":\"https:\\\/\\\/wollorama.at\\\/produkt\\\/arctic-pearl\\\/#primaryimage\"},\"thumbnailUrl\":\"https:\\\/\\\/wollorama.at\\\/wp-content\\\/uploads\\\/2026\\\/04\\\/Arctic-Pearl-Petrol.jpg\",\"datePublished\":\"2026-04-14T19:34:40+00:00\",\"description\":\"Arctic Pearl ist ein Garn aus 100% Lyocell - au\u00dfergew\u00f6hnlich & fabelhaft zugleich - der Sommerstrick kann kommen!\",\"breadcrumb\":{\"@id\":\"https:\\\/\\\/wollorama.at\\\/produkt\\\/arctic-pearl\\\/#breadcrumb\"},\"inLanguage\":\"en-GB\",\"potentialAction\":[{\"@type\":\"ReadAction\",\"target\":[\"https:\\\/\\\/wollorama.at\\\/produkt\\\/arctic-pearl\\\/\"]}]},{\"@type\":\"ImageObject\",\"inLanguage\":\"en-GB\",\"@id\":\"https:\\\/\\\/wollorama.at\\\/produkt\\\/arctic-pearl\\\/#primaryimage\",\"url\":\"https:\\\/\\\/wollorama.at\\\/wp-content\\\/uploads\\\/2026\\\/04\\\/Arctic-Pearl-Petrol.jpg\",\"contentUrl\":\"https:\\\/\\\/wollorama.at\\\/wp-content\\\/uploads\\\/2026\\\/04\\\/Arctic-Pearl-Petrol.jpg\",\"width\":1500,\"height\":1500,\"caption\":\"4 Kn\u00e4uel Arctic Pearl auf beigem Hintergrund\"},{\"@type\":\"BreadcrumbList\",\"@id\":\"https:\\\/\\\/wollorama.at\\\/produkt\\\/arctic-pearl\\\/#breadcrumb\",\"itemListElement\":[{\"@type\":\"ListItem\",\"position\":1,\"name\":\"Home\",\"item\":\"https:\\\/\\\/wollorama.at\\\/\"},{\"@type\":\"ListItem\",\"position\":2,\"name\":\"Shop\",\"item\":\"https:\\\/\\\/wollorama.at\\\/wollorama-onlineshop\\\/\"},{\"@type\":\"ListItem\",\"position\":3,\"name\":\"Arctic Pearl\"}]},{\"@type\":\"WebSite\",\"@id\":\"https:\\\/\\\/wollorama.at\\\/#website\",\"url\":\"https:\\\/\\\/wollorama.at\\\/\",\"name\":\"Wollorama\",\"description\":\"Willkommen\",\"publisher\":{\"@id\":\"https:\\\/\\\/wollorama.at\\\/#organization\"},\"potentialAction\":[{\"@type\":\"SearchAction\",\"target\":{\"@type\":\"EntryPoint\",\"urlTemplate\":\"https:\\\/\\\/wollorama.at\\\/?s={search_term_string}\"},\"query-input\":{\"@type\":\"PropertyValueSpecification\",\"valueRequired\":true,\"valueName\":\"search_term_string\"}}],\"inLanguage\":\"en-GB\"},{\"@type\":\"Organization\",\"@id\":\"https:\\\/\\\/wollorama.at\\\/#organization\",\"name\":\"Wollorama\",\"url\":\"https:\\\/\\\/wollorama.at\\\/\",\"logo\":{\"@type\":\"ImageObject\",\"inLanguage\":\"en-GB\",\"@id\":\"https:\\\/\\\/wollorama.at\\\/#\\\/schema\\\/logo\\\/image\\\/\",\"url\":\"https:\\\/\\\/wollorama.at\\\/wp-content\\\/uploads\\\/2025\\\/10\\\/Woll.-rama.png\",\"contentUrl\":\"https:\\\/\\\/wollorama.at\\\/wp-content\\\/uploads\\\/2025\\\/10\\\/Woll.-rama.png\",\"width\":2281,\"height\":490,\"caption\":\"Wollorama\"},\"image\":{\"@id\":\"https:\\\/\\\/wollorama.at\\\/#\\\/schema\\\/logo\\\/image\\\/\"},\"sameAs\":[\"https:\\\/\\\/facebook.com\\\/wollorama\",\"https:\\\/\\\/at.pinterest.com\\\/wolloramashop\\\/\"]}]}<\/script>\n<!-- \/ Yoast SEO plugin. -->","yoast_head_json":{"title":"Arctic Pearl - Wollorama","description":"Arctic Pearl ist ein Garn aus 100% Lyocell - au\u00dfergew\u00f6hnlich & fabelhaft zugleich - der Sommerstrick kann kommen!","robots":{"index":"index","follow":"follow","max-snippet":"max-snippet:-1","max-image-preview":"max-image-preview:large","max-video-preview":"max-video-preview:-1"},"canonical":"https:\/\/wollorama.at\/en\/product\/arctic-pearl\/","og_locale":"en_GB","og_type":"article","og_title":"Arctic Pearl - Wollorama","og_description":"Arctic Pearl ist ein Garn aus 100% Lyocell - au\u00dfergew\u00f6hnlich & fabelhaft zugleich - der Sommerstrick kann kommen!","og_url":"https:\/\/wollorama.at\/en\/product\/arctic-pearl\/","og_site_name":"Wollorama","article_publisher":"https:\/\/facebook.com\/wollorama","og_image":[{"width":1500,"height":1500,"url":"https:\/\/wollorama.at\/wp-content\/uploads\/2026\/04\/Arctic-Pearl-Petrol.jpg","type":"image\/jpeg"}],"twitter_card":"summary_large_image","twitter_misc":{"Estimated reading time":"2 minutes"},"schema":{"@context":"https:\/\/schema.org","@graph":[{"@type":"WebPage","@id":"https:\/\/wollorama.at\/produkt\/arctic-pearl\/","url":"https:\/\/wollorama.at\/produkt\/arctic-pearl\/","name":"Arctic Pearl - Wollorama","isPartOf":{"@id":"https:\/\/wollorama.at\/#website"},"primaryImageOfPage":{"@id":"https:\/\/wollorama.at\/produkt\/arctic-pearl\/#primaryimage"},"image":{"@id":"https:\/\/wollorama.at\/produkt\/arctic-pearl\/#primaryimage"},"thumbnailUrl":"https:\/\/wollorama.at\/wp-content\/uploads\/2026\/04\/Arctic-Pearl-Petrol.jpg","datePublished":"2026-04-14T19:34:40+00:00","description":"Arctic Pearl ist ein Garn aus 100% Lyocell - au\u00dfergew\u00f6hnlich & fabelhaft zugleich - der Sommerstrick kann kommen!","breadcrumb":{"@id":"https:\/\/wollorama.at\/produkt\/arctic-pearl\/#breadcrumb"},"inLanguage":"en-GB","potentialAction":[{"@type":"ReadAction","target":["https:\/\/wollorama.at\/produkt\/arctic-pearl\/"]}]},{"@type":"ImageObject","inLanguage":"en-GB","@id":"https:\/\/wollorama.at\/produkt\/arctic-pearl\/#primaryimage","url":"https:\/\/wollorama.at\/wp-content\/uploads\/2026\/04\/Arctic-Pearl-Petrol.jpg","contentUrl":"https:\/\/wollorama.at\/wp-content\/uploads\/2026\/04\/Arctic-Pearl-Petrol.jpg","width":1500,"height":1500,"caption":"4 Kn\u00e4uel Arctic Pearl auf beigem Hintergrund"},{"@type":"BreadcrumbList","@id":"https:\/\/wollorama.at\/produkt\/arctic-pearl\/#breadcrumb","itemListElement":[{"@type":"ListItem","position":1,"name":"Home","item":"https:\/\/wollorama.at\/"},{"@type":"ListItem","position":2,"name":"Shop","item":"https:\/\/wollorama.at\/wollorama-onlineshop\/"},{"@type":"ListItem","position":3,"name":"Arctic Pearl"}]},{"@type":"WebSite","@id":"https:\/\/wollorama.at\/#website","url":"https:\/\/wollorama.at\/","name":"Wollorama","description":"Willkommen","publisher":{"@id":"https:\/\/wollorama.at\/#organization"},"potentialAction":[{"@type":"SearchAction","target":{"@type":"EntryPoint","urlTemplate":"https:\/\/wollorama.at\/?s={search_term_string}"},"query-input":{"@type":"PropertyValueSpecification","valueRequired":true,"valueName":"search_term_string"}}],"inLanguage":"en-GB"},{"@type":"Organization","@id":"https:\/\/wollorama.at\/#organization","name":"Wollorama","url":"https:\/\/wollorama.at\/","logo":{"@type":"ImageObject","inLanguage":"en-GB","@id":"https:\/\/wollorama.at\/#\/schema\/logo\/image\/","url":"https:\/\/wollorama.at\/wp-content\/uploads\/2025\/10\/Woll.-rama.png","contentUrl":"https:\/\/wollorama.at\/wp-content\/uploads\/2025\/10\/Woll.-rama.png","width":2281,"height":490,"caption":"Wollorama"},"image":{"@id":"https:\/\/wollorama.at\/#\/schema\/logo\/image\/"},"sameAs":["https:\/\/facebook.com\/wollorama","https:\/\/at.pinterest.com\/wolloramashop\/"]}]}},"_links":{"self":[{"href":"https:\/\/wollorama.at\/en\/wp-json\/wp\/v2\/product\/8094","targetHints":{"allow":["GET"]}}],"collection":[{"href":"https:\/\/wollorama.at\/en\/wp-json\/wp\/v2\/product"}],"about":[{"href":"https:\/\/wollorama.at\/en\/wp-json\/wp\/v2\/types\/product"}],"replies":[{"embeddable":true,"href":"https:\/\/wollorama.at\/en\/wp-json\/wp\/v2\/comments?post=8094"}],"version-history":[{"count":3,"href":"https:\/\/wollorama.at\/en\/wp-json\/wp\/v2\/product\/8094\/revisions"}],"predecessor-version":[{"id":8113,"href":"https:\/\/wollorama.at\/en\/wp-json\/wp\/v2\/product\/8094\/revisions\/8113"}],"wp:featuredmedia":[{"embeddable":true,"href":"https:\/\/wollorama.at\/en\/wp-json\/wp\/v2\/media\/8104"}],"wp:attachment":[{"href":"https:\/\/wollorama.at\/en\/wp-json\/wp\/v2\/media?parent=8094"}],"wp:term":[{"taxonomy":"product_brand","embeddable":true,"href":"https:\/\/wollorama.at\/en\/wp-json\/wp\/v2\/product_brand?post=8094"},{"taxonomy":"product_cat","embeddable":true,"href":"https:\/\/wollorama.at\/en\/wp-json\/wp\/v2\/product_cat?post=8094"},{"taxonomy":"product_tag","embeddable":true,"href":"https:\/\/wollorama.at\/en\/wp-json\/wp\/v2\/product_tag?post=8094"}],"curies":[{"name":"wp","href":"https:\/\/api.w.org\/{rel}","templated":true}]}}