{"id":7987,"date":"2026-03-17T08:52:59","date_gmt":"2026-03-17T08:52:59","guid":{"rendered":"https:\/\/wollorama.at\/?post_type=product&#038;p=7987"},"modified":"2026-04-02T15:10:04","modified_gmt":"2026-04-02T15:10:04","slug":"kindred-knits","status":"publish","type":"product","link":"https:\/\/wollorama.at\/en\/product\/kindred-knits\/","title":{"rendered":"Kindred Knits"},"content":{"rendered":"<p data-start=\"0\" data-end=\"87\"><strong data-start=\"0\" data-end=\"87\">Aleks Byrd \u2013 Kindred Knits: Muster aus den Strickarchiven meiner estnischen Familie<\/strong><\/p>\n<p data-start=\"89\" data-end=\"557\"><em data-start=\"89\" data-end=\"104\">Kindred Knits<\/em> von Aleks Byrd ist eine faszinierende Sammlung von Strickdesigns. Inspiriert von den alten Skizzenb\u00fcchern ihrer estnischen Gro\u00dfmutter Hilja und von handwerklichen Familienerbst\u00fccken. Das Buch enth\u00e4lt 15 Anleitungen \u2013 von Socken und M\u00fctzen bis hin zu Pullovern und Cardigans \u2013 die mit verschiedenen Techniken gearbeitet werden, darunter Spitze (Lace), Zopfmuster, Farbstrickerei sowie <strong data-start=\"498\" data-end=\"511\">Roosimine<\/strong>, eine traditionelle estnische Einlegetechnik. (Hier gibt es ein deutsches Erkl\u00e4rvideo &#8211; <a href=\"https:\/\/www.youtube.com\/watch?v=m32ylthJQ18&amp;t=467\">YouTube<\/a>)<\/p>\n<p data-start=\"559\" data-end=\"730\">Die Designs sind innovativ und modern, bleiben aber gleichzeitig in der Tradition verwurzelt \u2013 eine Hommage an fr\u00fchere Generationen und ihre gemeinsame Liebe zum Handwerk.<\/p>\n<p data-start=\"732\" data-end=\"1035\">Aleks Byrd ist Illustratorin und Strickdesignerin mit estnischen, kanadischen und amerikanischen Wurzeln. Besonders bekannt ist sie daf\u00fcr, estnische Stricktraditionen neu zu interpretieren. Sie hat Techniken wie <strong data-start=\"944\" data-end=\"957\">Roosimine<\/strong> und <strong data-start=\"962\" data-end=\"972\">Vikkel<\/strong> Strickerinnen und Strickern auf der ganzen Welt n\u00e4hergebracht.<\/p>\n<p data-start=\"1037\" data-end=\"1242\" data-is-last-node=\"\" data-is-only-node=\"\"><em data-start=\"1037\" data-end=\"1052\">Kindred Knits<\/em> ist ihr zweites Strickbuch.<\/p>","protected":false},"excerpt":{"rendered":"<p data-start=\"0\" data-end=\"14\"><strong data-start=\"0\" data-end=\"14\">216 Seiten<\/strong><\/p>\n<p data-start=\"16\" data-end=\"37\"><strong data-start=\"16\" data-end=\"35\">15 Anleitungen: <\/strong>4 Pullover, 4 Cardigans, 1 Weste, 1 Schal (Shawl\/Tuch), 2 M\u00fctzen, 1 Paar Socken, 1 Paar Hausschuhe, 1 Paar F\u00e4ustlinge<\/p>\n<p data-start=\"16\" data-end=\"37\">Sprache: Englisch<\/p>","protected":false},"featured_media":7990,"comment_status":"open","ping_status":"closed","template":"","meta":{"site-sidebar-layout":"default","site-content-layout":"","ast-site-content-layout":"default","site-content-style":"default","site-sidebar-style":"default","ast-global-header-display":"","ast-banner-title-visibility":"","ast-main-header-display":"","ast-hfb-above-header-display":"","ast-hfb-below-header-display":"","ast-hfb-mobile-header-display":"","site-post-title":"","ast-breadcrumbs-content":"","ast-featured-img":"","footer-sml-layout":"","ast-disable-related-posts":"","theme-transparent-header-meta":"default","adv-header-id-meta":"","stick-header-meta":"default","header-above-stick-meta":"","header-main-stick-meta":"","header-below-stick-meta":"","astra-migrate-meta-layouts":"set","ast-page-background-enabled":"default","ast-page-background-meta":{"desktop":{"background-color":"","background-image":"","background-repeat":"repeat","background-position":"center center","background-size":"auto","background-attachment":"scroll","background-type":"","background-media":"","overlay-type":"","overlay-color":"","overlay-opacity":"","overlay-gradient":""},"tablet":{"background-color":"","background-image":"","background-repeat":"repeat","background-position":"center center","background-size":"auto","background-attachment":"scroll","background-type":"","background-media":"","overlay-type":"","overlay-color":"","overlay-opacity":"","overlay-gradient":""},"mobile":{"background-color":"","background-image":"","background-repeat":"repeat","background-position":"center center","background-size":"auto","background-attachment":"scroll","background-type":"","background-media":"","overlay-type":"","overlay-color":"","overlay-opacity":"","overlay-gradient":""}},"ast-content-background-meta":{"desktop":{"background-color":"var(--ast-global-color-5)","background-image":"","background-repeat":"repeat","background-position":"center center","background-size":"auto","background-attachment":"scroll","background-type":"","background-media":"","overlay-type":"","overlay-color":"","overlay-opacity":"","overlay-gradient":""},"tablet":{"background-color":"var(--ast-global-color-5)","background-image":"","background-repeat":"repeat","background-position":"center center","background-size":"auto","background-attachment":"scroll","background-type":"","background-media":"","overlay-type":"","overlay-color":"","overlay-opacity":"","overlay-gradient":""},"mobile":{"background-color":"var(--ast-global-color-5)","background-image":"","background-repeat":"repeat","background-position":"center center","background-size":"auto","background-attachment":"scroll","background-type":"","background-media":"","overlay-type":"","overlay-color":"","overlay-opacity":"","overlay-gradient":""}}},"product_brand":[],"product_cat":[63],"product_tag":[],"class_list":{"0":"post-7987","1":"product","2":"type-product","3":"status-publish","4":"has-post-thumbnail","6":"product_cat-strickbuecher-strickmagazine-von-laine","7":"desktop-align-center","8":"tablet-align-left","9":"mobile-align-left","10":"ast-product-gallery-layout-horizontal-slider","11":"ast-magnify-disabled","12":"ast-product-tabs-layout-horizontal","14":"first","15":"instock","16":"shipping-taxable","17":"purchasable","18":"product-type-simple"},"yoast_head":"<!-- This site is optimized with the Yoast SEO plugin v27.5 - https:\/\/yoast.com\/product\/yoast-seo-wordpress\/ -->\n<title>Kindred Knits - Wollorama<\/title>\n<meta name=\"description\" content=\"Kindred Knits ist das zweite Buch von Designerin Aleks Byrd. Estonische Tradition trifft Moderne, und ergeben Strickst\u00fccke die beeindrucken!\" \/>\n<meta name=\"robots\" content=\"index, follow, max-snippet:-1, max-image-preview:large, max-video-preview:-1\" \/>\n<link rel=\"canonical\" href=\"https:\/\/wollorama.at\/en\/product\/kindred-knits\/\" \/>\n<meta property=\"og:locale\" content=\"en_GB\" \/>\n<meta property=\"og:type\" content=\"article\" \/>\n<meta property=\"og:title\" content=\"Kindred Knits - Wollorama\" \/>\n<meta property=\"og:description\" content=\"Kindred Knits ist das zweite Buch von Designerin Aleks Byrd. Estonische Tradition trifft Moderne, und ergeben Strickst\u00fccke die beeindrucken!\" \/>\n<meta property=\"og:url\" content=\"https:\/\/wollorama.at\/en\/product\/kindred-knits\/\" \/>\n<meta property=\"og:site_name\" content=\"Wollorama\" \/>\n<meta property=\"article:publisher\" content=\"https:\/\/facebook.com\/wollorama\" \/>\n<meta property=\"article:modified_time\" content=\"2026-04-02T15:10:04+00:00\" \/>\n<meta property=\"og:image\" content=\"https:\/\/wollorama.at\/wp-content\/uploads\/2026\/03\/Bildschirmfoto-2026-03-15-um-15.20.00.png\" \/>\n\t<meta property=\"og:image:width\" content=\"884\" \/>\n\t<meta property=\"og:image:height\" content=\"1068\" \/>\n\t<meta property=\"og:image:type\" content=\"image\/png\" \/>\n<meta name=\"twitter:card\" content=\"summary_large_image\" \/>\n<meta name=\"twitter:label1\" content=\"Estimated reading time\" \/>\n\t<meta name=\"twitter:data1\" content=\"1 minute\" \/>\n<script type=\"application\/ld+json\" class=\"yoast-schema-graph\">{\"@context\":\"https:\\\/\\\/schema.org\",\"@graph\":[{\"@type\":\"WebPage\",\"@id\":\"https:\\\/\\\/wollorama.at\\\/produkt\\\/kindred-knits\\\/\",\"url\":\"https:\\\/\\\/wollorama.at\\\/produkt\\\/kindred-knits\\\/\",\"name\":\"Kindred Knits - Wollorama\",\"isPartOf\":{\"@id\":\"https:\\\/\\\/wollorama.at\\\/#website\"},\"primaryImageOfPage\":{\"@id\":\"https:\\\/\\\/wollorama.at\\\/produkt\\\/kindred-knits\\\/#primaryimage\"},\"image\":{\"@id\":\"https:\\\/\\\/wollorama.at\\\/produkt\\\/kindred-knits\\\/#primaryimage\"},\"thumbnailUrl\":\"https:\\\/\\\/wollorama.at\\\/wp-content\\\/uploads\\\/2026\\\/03\\\/Bildschirmfoto-2026-03-15-um-15.20.00.png\",\"datePublished\":\"2026-03-17T08:52:59+00:00\",\"dateModified\":\"2026-04-02T15:10:04+00:00\",\"description\":\"Kindred Knits ist das zweite Buch von Designerin Aleks Byrd. Estonische Tradition trifft Moderne, und ergeben Strickst\u00fccke die beeindrucken!\",\"breadcrumb\":{\"@id\":\"https:\\\/\\\/wollorama.at\\\/produkt\\\/kindred-knits\\\/#breadcrumb\"},\"inLanguage\":\"en-GB\",\"potentialAction\":[{\"@type\":\"ReadAction\",\"target\":[\"https:\\\/\\\/wollorama.at\\\/produkt\\\/kindred-knits\\\/\"]}]},{\"@type\":\"ImageObject\",\"inLanguage\":\"en-GB\",\"@id\":\"https:\\\/\\\/wollorama.at\\\/produkt\\\/kindred-knits\\\/#primaryimage\",\"url\":\"https:\\\/\\\/wollorama.at\\\/wp-content\\\/uploads\\\/2026\\\/03\\\/Bildschirmfoto-2026-03-15-um-15.20.00.png\",\"contentUrl\":\"https:\\\/\\\/wollorama.at\\\/wp-content\\\/uploads\\\/2026\\\/03\\\/Bildschirmfoto-2026-03-15-um-15.20.00.png\",\"width\":884,\"height\":1068},{\"@type\":\"BreadcrumbList\",\"@id\":\"https:\\\/\\\/wollorama.at\\\/produkt\\\/kindred-knits\\\/#breadcrumb\",\"itemListElement\":[{\"@type\":\"ListItem\",\"position\":1,\"name\":\"Home\",\"item\":\"https:\\\/\\\/wollorama.at\\\/\"},{\"@type\":\"ListItem\",\"position\":2,\"name\":\"Shop\",\"item\":\"https:\\\/\\\/wollorama.at\\\/wollorama-onlineshop\\\/\"},{\"@type\":\"ListItem\",\"position\":3,\"name\":\"Kindred Knits\"}]},{\"@type\":\"WebSite\",\"@id\":\"https:\\\/\\\/wollorama.at\\\/#website\",\"url\":\"https:\\\/\\\/wollorama.at\\\/\",\"name\":\"Wollorama\",\"description\":\"Willkommen\",\"publisher\":{\"@id\":\"https:\\\/\\\/wollorama.at\\\/#organization\"},\"potentialAction\":[{\"@type\":\"SearchAction\",\"target\":{\"@type\":\"EntryPoint\",\"urlTemplate\":\"https:\\\/\\\/wollorama.at\\\/?s={search_term_string}\"},\"query-input\":{\"@type\":\"PropertyValueSpecification\",\"valueRequired\":true,\"valueName\":\"search_term_string\"}}],\"inLanguage\":\"en-GB\"},{\"@type\":\"Organization\",\"@id\":\"https:\\\/\\\/wollorama.at\\\/#organization\",\"name\":\"Wollorama\",\"url\":\"https:\\\/\\\/wollorama.at\\\/\",\"logo\":{\"@type\":\"ImageObject\",\"inLanguage\":\"en-GB\",\"@id\":\"https:\\\/\\\/wollorama.at\\\/#\\\/schema\\\/logo\\\/image\\\/\",\"url\":\"https:\\\/\\\/wollorama.at\\\/wp-content\\\/uploads\\\/2025\\\/10\\\/Woll.-rama.png\",\"contentUrl\":\"https:\\\/\\\/wollorama.at\\\/wp-content\\\/uploads\\\/2025\\\/10\\\/Woll.-rama.png\",\"width\":2281,\"height\":490,\"caption\":\"Wollorama\"},\"image\":{\"@id\":\"https:\\\/\\\/wollorama.at\\\/#\\\/schema\\\/logo\\\/image\\\/\"},\"sameAs\":[\"https:\\\/\\\/facebook.com\\\/wollorama\",\"https:\\\/\\\/at.pinterest.com\\\/wolloramashop\\\/\"]}]}<\/script>\n<!-- \/ Yoast SEO plugin. -->","yoast_head_json":{"title":"Kindred Knits - Wollorama","description":"Kindred Knits ist das zweite Buch von Designerin Aleks Byrd. Estonische Tradition trifft Moderne, und ergeben Strickst\u00fccke die beeindrucken!","robots":{"index":"index","follow":"follow","max-snippet":"max-snippet:-1","max-image-preview":"max-image-preview:large","max-video-preview":"max-video-preview:-1"},"canonical":"https:\/\/wollorama.at\/en\/product\/kindred-knits\/","og_locale":"en_GB","og_type":"article","og_title":"Kindred Knits - Wollorama","og_description":"Kindred Knits ist das zweite Buch von Designerin Aleks Byrd. Estonische Tradition trifft Moderne, und ergeben Strickst\u00fccke die beeindrucken!","og_url":"https:\/\/wollorama.at\/en\/product\/kindred-knits\/","og_site_name":"Wollorama","article_publisher":"https:\/\/facebook.com\/wollorama","article_modified_time":"2026-04-02T15:10:04+00:00","og_image":[{"width":884,"height":1068,"url":"https:\/\/wollorama.at\/wp-content\/uploads\/2026\/03\/Bildschirmfoto-2026-03-15-um-15.20.00.png","type":"image\/png"}],"twitter_card":"summary_large_image","twitter_misc":{"Estimated reading time":"1 minute"},"schema":{"@context":"https:\/\/schema.org","@graph":[{"@type":"WebPage","@id":"https:\/\/wollorama.at\/produkt\/kindred-knits\/","url":"https:\/\/wollorama.at\/produkt\/kindred-knits\/","name":"Kindred Knits - Wollorama","isPartOf":{"@id":"https:\/\/wollorama.at\/#website"},"primaryImageOfPage":{"@id":"https:\/\/wollorama.at\/produkt\/kindred-knits\/#primaryimage"},"image":{"@id":"https:\/\/wollorama.at\/produkt\/kindred-knits\/#primaryimage"},"thumbnailUrl":"https:\/\/wollorama.at\/wp-content\/uploads\/2026\/03\/Bildschirmfoto-2026-03-15-um-15.20.00.png","datePublished":"2026-03-17T08:52:59+00:00","dateModified":"2026-04-02T15:10:04+00:00","description":"Kindred Knits ist das zweite Buch von Designerin Aleks Byrd. Estonische Tradition trifft Moderne, und ergeben Strickst\u00fccke die beeindrucken!","breadcrumb":{"@id":"https:\/\/wollorama.at\/produkt\/kindred-knits\/#breadcrumb"},"inLanguage":"en-GB","potentialAction":[{"@type":"ReadAction","target":["https:\/\/wollorama.at\/produkt\/kindred-knits\/"]}]},{"@type":"ImageObject","inLanguage":"en-GB","@id":"https:\/\/wollorama.at\/produkt\/kindred-knits\/#primaryimage","url":"https:\/\/wollorama.at\/wp-content\/uploads\/2026\/03\/Bildschirmfoto-2026-03-15-um-15.20.00.png","contentUrl":"https:\/\/wollorama.at\/wp-content\/uploads\/2026\/03\/Bildschirmfoto-2026-03-15-um-15.20.00.png","width":884,"height":1068},{"@type":"BreadcrumbList","@id":"https:\/\/wollorama.at\/produkt\/kindred-knits\/#breadcrumb","itemListElement":[{"@type":"ListItem","position":1,"name":"Home","item":"https:\/\/wollorama.at\/"},{"@type":"ListItem","position":2,"name":"Shop","item":"https:\/\/wollorama.at\/wollorama-onlineshop\/"},{"@type":"ListItem","position":3,"name":"Kindred Knits"}]},{"@type":"WebSite","@id":"https:\/\/wollorama.at\/#website","url":"https:\/\/wollorama.at\/","name":"Wollorama","description":"Willkommen","publisher":{"@id":"https:\/\/wollorama.at\/#organization"},"potentialAction":[{"@type":"SearchAction","target":{"@type":"EntryPoint","urlTemplate":"https:\/\/wollorama.at\/?s={search_term_string}"},"query-input":{"@type":"PropertyValueSpecification","valueRequired":true,"valueName":"search_term_string"}}],"inLanguage":"en-GB"},{"@type":"Organization","@id":"https:\/\/wollorama.at\/#organization","name":"Wollorama","url":"https:\/\/wollorama.at\/","logo":{"@type":"ImageObject","inLanguage":"en-GB","@id":"https:\/\/wollorama.at\/#\/schema\/logo\/image\/","url":"https:\/\/wollorama.at\/wp-content\/uploads\/2025\/10\/Woll.-rama.png","contentUrl":"https:\/\/wollorama.at\/wp-content\/uploads\/2025\/10\/Woll.-rama.png","width":2281,"height":490,"caption":"Wollorama"},"image":{"@id":"https:\/\/wollorama.at\/#\/schema\/logo\/image\/"},"sameAs":["https:\/\/facebook.com\/wollorama","https:\/\/at.pinterest.com\/wolloramashop\/"]}]}},"_links":{"self":[{"href":"https:\/\/wollorama.at\/en\/wp-json\/wp\/v2\/product\/7987","targetHints":{"allow":["GET"]}}],"collection":[{"href":"https:\/\/wollorama.at\/en\/wp-json\/wp\/v2\/product"}],"about":[{"href":"https:\/\/wollorama.at\/en\/wp-json\/wp\/v2\/types\/product"}],"replies":[{"embeddable":true,"href":"https:\/\/wollorama.at\/en\/wp-json\/wp\/v2\/comments?post=7987"}],"version-history":[{"count":0,"href":"https:\/\/wollorama.at\/en\/wp-json\/wp\/v2\/product\/7987\/revisions"}],"wp:featuredmedia":[{"embeddable":true,"href":"https:\/\/wollorama.at\/en\/wp-json\/wp\/v2\/media\/7990"}],"wp:attachment":[{"href":"https:\/\/wollorama.at\/en\/wp-json\/wp\/v2\/media?parent=7987"}],"wp:term":[{"taxonomy":"product_brand","embeddable":true,"href":"https:\/\/wollorama.at\/en\/wp-json\/wp\/v2\/product_brand?post=7987"},{"taxonomy":"product_cat","embeddable":true,"href":"https:\/\/wollorama.at\/en\/wp-json\/wp\/v2\/product_cat?post=7987"},{"taxonomy":"product_tag","embeddable":true,"href":"https:\/\/wollorama.at\/en\/wp-json\/wp\/v2\/product_tag?post=7987"}],"curies":[{"name":"wp","href":"https:\/\/api.w.org\/{rel}","templated":true}]}}