{"id":7985,"date":"2026-03-17T10:15:53","date_gmt":"2026-03-17T10:15:53","guid":{"rendered":"https:\/\/wollorama.at\/?post_type=product&#038;p=7985"},"modified":"2026-04-18T10:12:42","modified_gmt":"2026-04-18T10:12:42","slug":"hook-out","status":"publish","type":"product","link":"https:\/\/wollorama.at\/en\/product\/hook-out\/","title":{"rendered":"Hook Out!"},"content":{"rendered":"<p data-start=\"0\" data-end=\"425\"><strong data-start=\"0\" data-end=\"109\">Mit <em data-start=\"6\" data-end=\"17\">Hook Out!<\/em> wagt sich die beliebte H\u00e4keldesignerin Molla Mills in neues Terrain \u2013 geh\u00e4kelte Kleidung!<\/strong> Ihre Experimentierfreude hat zu 22 Designs gef\u00fchrt: von perfekt sitzenden Raglanpullovern \u00fcber flie\u00dfend fallende Hosen bis hin zu luftigen, spitzenartigen Oberfl\u00e4chen. Jedes Modell ist mit Blick auf Bewegung und Alltagstauglichkeit entworfen. Freuen Sie sich auf Streifen, Karos und vor allem auf eines: viel Farbe!<\/p>\n<p data-start=\"427\" data-end=\"658\">\u201eH\u00e4keln kann eine freudige Rebellion gegen Gleichf\u00f6rmigkeit sein. Lass deine handgemachten St\u00fccke schwingen, im Wind tanzen und wie eine leuchtende Blase in einem Schwarz-Wei\u00df-Film die Alltagsgrauheit durchbrechen.\u201c<br data-start=\"642\" data-end=\"645\" \/>\u2013 Molla Mills<\/p>\n<p data-start=\"660\" data-end=\"1023\" data-is-last-node=\"\" data-is-only-node=\"\">Molla Mills ist eine international renommierte finnische H\u00e4keldesignerin. Bekannt ist sie f\u00fcr ihre modernen, farbenfrohen Accessoires und Wohnideen, die Funktionalit\u00e4t mit k\u00fcnstlerischem Ausdruck und Verspieltheit verbinden. Ihre bisherigen Bestseller wurden in mehrere Sprachen \u00fcbersetzt und haben zeitgen\u00f6ssisches H\u00e4keln einem weltweiten Publikum n\u00e4hergebracht.<\/p>\n<p data-start=\"660\" data-end=\"1023\" data-is-last-node=\"\" data-is-only-node=\"\">Was noch bleibt? Die Aufforderung &#8211; Hook Out! und los gehts. Mach dir deine coole H\u00e4kelgarderobe selbst und bring Leute zum Staunen.<\/p>","protected":false},"excerpt":{"rendered":"<p data-start=\"0\" data-end=\"14\"><strong data-start=\"0\" data-end=\"14\">230 Seiten<\/strong><\/p>\n<p data-start=\"16\" data-end=\"37\"><strong data-start=\"16\" data-end=\"35\">22 Anleitungen: <\/strong>5 Pullover, 3 Cardigans, 3 R\u00f6cke, 2 Tops, 2 Shorts, 2 M\u00fctzen, 1 Weste, 1 Schal, 1 T-Shirt, 1 Paar Socken, 1 Tasche<\/p>\n<p>Sprache: Englisch<\/p>","protected":false},"featured_media":7989,"comment_status":"open","ping_status":"closed","template":"","meta":{"site-sidebar-layout":"default","site-content-layout":"","ast-site-content-layout":"default","site-content-style":"default","site-sidebar-style":"default","ast-global-header-display":"","ast-banner-title-visibility":"","ast-main-header-display":"","ast-hfb-above-header-display":"","ast-hfb-below-header-display":"","ast-hfb-mobile-header-display":"","site-post-title":"","ast-breadcrumbs-content":"","ast-featured-img":"","footer-sml-layout":"","ast-disable-related-posts":"","theme-transparent-header-meta":"default","adv-header-id-meta":"","stick-header-meta":"default","header-above-stick-meta":"","header-main-stick-meta":"","header-below-stick-meta":"","astra-migrate-meta-layouts":"set","ast-page-background-enabled":"default","ast-page-background-meta":{"desktop":{"background-color":"","background-image":"","background-repeat":"repeat","background-position":"center center","background-size":"auto","background-attachment":"scroll","background-type":"","background-media":"","overlay-type":"","overlay-color":"","overlay-opacity":"","overlay-gradient":""},"tablet":{"background-color":"","background-image":"","background-repeat":"repeat","background-position":"center center","background-size":"auto","background-attachment":"scroll","background-type":"","background-media":"","overlay-type":"","overlay-color":"","overlay-opacity":"","overlay-gradient":""},"mobile":{"background-color":"","background-image":"","background-repeat":"repeat","background-position":"center center","background-size":"auto","background-attachment":"scroll","background-type":"","background-media":"","overlay-type":"","overlay-color":"","overlay-opacity":"","overlay-gradient":""}},"ast-content-background-meta":{"desktop":{"background-color":"var(--ast-global-color-5)","background-image":"","background-repeat":"repeat","background-position":"center center","background-size":"auto","background-attachment":"scroll","background-type":"","background-media":"","overlay-type":"","overlay-color":"","overlay-opacity":"","overlay-gradient":""},"tablet":{"background-color":"var(--ast-global-color-5)","background-image":"","background-repeat":"repeat","background-position":"center center","background-size":"auto","background-attachment":"scroll","background-type":"","background-media":"","overlay-type":"","overlay-color":"","overlay-opacity":"","overlay-gradient":""},"mobile":{"background-color":"var(--ast-global-color-5)","background-image":"","background-repeat":"repeat","background-position":"center center","background-size":"auto","background-attachment":"scroll","background-type":"","background-media":"","overlay-type":"","overlay-color":"","overlay-opacity":"","overlay-gradient":""}}},"product_brand":[],"product_cat":[63],"product_tag":[],"class_list":{"0":"post-7985","1":"product","2":"type-product","3":"status-publish","4":"has-post-thumbnail","6":"product_cat-strickbuecher-strickmagazine-von-laine","7":"desktop-align-center","8":"tablet-align-left","9":"mobile-align-left","10":"ast-product-gallery-layout-horizontal-slider","11":"ast-magnify-disabled","12":"ast-product-tabs-layout-horizontal","14":"first","15":"instock","16":"featured","17":"shipping-taxable","18":"purchasable","19":"product-type-simple"},"yoast_head":"<!-- This site is optimized with the Yoast SEO plugin v27.5 - https:\/\/yoast.com\/product\/yoast-seo-wordpress\/ -->\n<title>Hook Out! - Wollorama<\/title>\n<meta name=\"description\" content=\"Hook Out! ist ein fabelhaftes Buch, das H\u00e4keln auf das n\u00e4chste Level hebt. Flotte Shirts, coole Shorts und alles dazwischen!\" \/>\n<meta name=\"robots\" content=\"index, follow, max-snippet:-1, max-image-preview:large, max-video-preview:-1\" \/>\n<link rel=\"canonical\" href=\"https:\/\/wollorama.at\/en\/product\/hook-out\/\" \/>\n<meta property=\"og:locale\" content=\"en_GB\" \/>\n<meta property=\"og:type\" content=\"article\" \/>\n<meta property=\"og:title\" content=\"Hook Out! - Wollorama\" \/>\n<meta property=\"og:description\" content=\"Hook Out! ist ein fabelhaftes Buch, das H\u00e4keln auf das n\u00e4chste Level hebt. Flotte Shirts, coole Shorts und alles dazwischen!\" \/>\n<meta property=\"og:url\" content=\"https:\/\/wollorama.at\/en\/product\/hook-out\/\" \/>\n<meta property=\"og:site_name\" content=\"Wollorama\" \/>\n<meta property=\"article:publisher\" content=\"https:\/\/facebook.com\/wollorama\" \/>\n<meta property=\"article:modified_time\" content=\"2026-04-18T10:12:42+00:00\" \/>\n<meta property=\"og:image\" content=\"https:\/\/wollorama.at\/wp-content\/uploads\/2026\/03\/Bildschirmfoto-2026-03-15-um-15.19.20.png\" \/>\n\t<meta property=\"og:image:width\" content=\"854\" \/>\n\t<meta property=\"og:image:height\" content=\"1070\" \/>\n\t<meta property=\"og:image:type\" content=\"image\/png\" \/>\n<meta name=\"twitter:card\" content=\"summary_large_image\" \/>\n<meta name=\"twitter:label1\" content=\"Estimated reading time\" \/>\n\t<meta name=\"twitter:data1\" content=\"2 minutes\" \/>\n<script type=\"application\/ld+json\" class=\"yoast-schema-graph\">{\"@context\":\"https:\\\/\\\/schema.org\",\"@graph\":[{\"@type\":\"WebPage\",\"@id\":\"https:\\\/\\\/wollorama.at\\\/produkt\\\/hook-out\\\/\",\"url\":\"https:\\\/\\\/wollorama.at\\\/produkt\\\/hook-out\\\/\",\"name\":\"Hook Out! - Wollorama\",\"isPartOf\":{\"@id\":\"https:\\\/\\\/wollorama.at\\\/#website\"},\"primaryImageOfPage\":{\"@id\":\"https:\\\/\\\/wollorama.at\\\/produkt\\\/hook-out\\\/#primaryimage\"},\"image\":{\"@id\":\"https:\\\/\\\/wollorama.at\\\/produkt\\\/hook-out\\\/#primaryimage\"},\"thumbnailUrl\":\"https:\\\/\\\/wollorama.at\\\/wp-content\\\/uploads\\\/2026\\\/03\\\/Bildschirmfoto-2026-03-15-um-15.19.20.png\",\"datePublished\":\"2026-03-17T10:15:53+00:00\",\"dateModified\":\"2026-04-18T10:12:42+00:00\",\"description\":\"Hook Out! ist ein fabelhaftes Buch, das H\u00e4keln auf das n\u00e4chste Level hebt. Flotte Shirts, coole Shorts und alles dazwischen!\",\"breadcrumb\":{\"@id\":\"https:\\\/\\\/wollorama.at\\\/produkt\\\/hook-out\\\/#breadcrumb\"},\"inLanguage\":\"en-GB\",\"potentialAction\":[{\"@type\":\"ReadAction\",\"target\":[\"https:\\\/\\\/wollorama.at\\\/produkt\\\/hook-out\\\/\"]}]},{\"@type\":\"ImageObject\",\"inLanguage\":\"en-GB\",\"@id\":\"https:\\\/\\\/wollorama.at\\\/produkt\\\/hook-out\\\/#primaryimage\",\"url\":\"https:\\\/\\\/wollorama.at\\\/wp-content\\\/uploads\\\/2026\\\/03\\\/Bildschirmfoto-2026-03-15-um-15.19.20.png\",\"contentUrl\":\"https:\\\/\\\/wollorama.at\\\/wp-content\\\/uploads\\\/2026\\\/03\\\/Bildschirmfoto-2026-03-15-um-15.19.20.png\",\"width\":854,\"height\":1070},{\"@type\":\"BreadcrumbList\",\"@id\":\"https:\\\/\\\/wollorama.at\\\/produkt\\\/hook-out\\\/#breadcrumb\",\"itemListElement\":[{\"@type\":\"ListItem\",\"position\":1,\"name\":\"Home\",\"item\":\"https:\\\/\\\/wollorama.at\\\/\"},{\"@type\":\"ListItem\",\"position\":2,\"name\":\"Shop\",\"item\":\"https:\\\/\\\/wollorama.at\\\/wollorama-onlineshop\\\/\"},{\"@type\":\"ListItem\",\"position\":3,\"name\":\"Hook Out!\"}]},{\"@type\":\"WebSite\",\"@id\":\"https:\\\/\\\/wollorama.at\\\/#website\",\"url\":\"https:\\\/\\\/wollorama.at\\\/\",\"name\":\"Wollorama\",\"description\":\"Willkommen\",\"publisher\":{\"@id\":\"https:\\\/\\\/wollorama.at\\\/#organization\"},\"potentialAction\":[{\"@type\":\"SearchAction\",\"target\":{\"@type\":\"EntryPoint\",\"urlTemplate\":\"https:\\\/\\\/wollorama.at\\\/?s={search_term_string}\"},\"query-input\":{\"@type\":\"PropertyValueSpecification\",\"valueRequired\":true,\"valueName\":\"search_term_string\"}}],\"inLanguage\":\"en-GB\"},{\"@type\":\"Organization\",\"@id\":\"https:\\\/\\\/wollorama.at\\\/#organization\",\"name\":\"Wollorama\",\"url\":\"https:\\\/\\\/wollorama.at\\\/\",\"logo\":{\"@type\":\"ImageObject\",\"inLanguage\":\"en-GB\",\"@id\":\"https:\\\/\\\/wollorama.at\\\/#\\\/schema\\\/logo\\\/image\\\/\",\"url\":\"https:\\\/\\\/wollorama.at\\\/wp-content\\\/uploads\\\/2025\\\/10\\\/Woll.-rama.png\",\"contentUrl\":\"https:\\\/\\\/wollorama.at\\\/wp-content\\\/uploads\\\/2025\\\/10\\\/Woll.-rama.png\",\"width\":2281,\"height\":490,\"caption\":\"Wollorama\"},\"image\":{\"@id\":\"https:\\\/\\\/wollorama.at\\\/#\\\/schema\\\/logo\\\/image\\\/\"},\"sameAs\":[\"https:\\\/\\\/facebook.com\\\/wollorama\",\"https:\\\/\\\/at.pinterest.com\\\/wolloramashop\\\/\"]}]}<\/script>\n<!-- \/ Yoast SEO plugin. -->","yoast_head_json":{"title":"Hook Out! - Wollorama","description":"Hook Out! ist ein fabelhaftes Buch, das H\u00e4keln auf das n\u00e4chste Level hebt. Flotte Shirts, coole Shorts und alles dazwischen!","robots":{"index":"index","follow":"follow","max-snippet":"max-snippet:-1","max-image-preview":"max-image-preview:large","max-video-preview":"max-video-preview:-1"},"canonical":"https:\/\/wollorama.at\/en\/product\/hook-out\/","og_locale":"en_GB","og_type":"article","og_title":"Hook Out! - Wollorama","og_description":"Hook Out! ist ein fabelhaftes Buch, das H\u00e4keln auf das n\u00e4chste Level hebt. Flotte Shirts, coole Shorts und alles dazwischen!","og_url":"https:\/\/wollorama.at\/en\/product\/hook-out\/","og_site_name":"Wollorama","article_publisher":"https:\/\/facebook.com\/wollorama","article_modified_time":"2026-04-18T10:12:42+00:00","og_image":[{"width":854,"height":1070,"url":"https:\/\/wollorama.at\/wp-content\/uploads\/2026\/03\/Bildschirmfoto-2026-03-15-um-15.19.20.png","type":"image\/png"}],"twitter_card":"summary_large_image","twitter_misc":{"Estimated reading time":"2 minutes"},"schema":{"@context":"https:\/\/schema.org","@graph":[{"@type":"WebPage","@id":"https:\/\/wollorama.at\/produkt\/hook-out\/","url":"https:\/\/wollorama.at\/produkt\/hook-out\/","name":"Hook Out! - Wollorama","isPartOf":{"@id":"https:\/\/wollorama.at\/#website"},"primaryImageOfPage":{"@id":"https:\/\/wollorama.at\/produkt\/hook-out\/#primaryimage"},"image":{"@id":"https:\/\/wollorama.at\/produkt\/hook-out\/#primaryimage"},"thumbnailUrl":"https:\/\/wollorama.at\/wp-content\/uploads\/2026\/03\/Bildschirmfoto-2026-03-15-um-15.19.20.png","datePublished":"2026-03-17T10:15:53+00:00","dateModified":"2026-04-18T10:12:42+00:00","description":"Hook Out! ist ein fabelhaftes Buch, das H\u00e4keln auf das n\u00e4chste Level hebt. Flotte Shirts, coole Shorts und alles dazwischen!","breadcrumb":{"@id":"https:\/\/wollorama.at\/produkt\/hook-out\/#breadcrumb"},"inLanguage":"en-GB","potentialAction":[{"@type":"ReadAction","target":["https:\/\/wollorama.at\/produkt\/hook-out\/"]}]},{"@type":"ImageObject","inLanguage":"en-GB","@id":"https:\/\/wollorama.at\/produkt\/hook-out\/#primaryimage","url":"https:\/\/wollorama.at\/wp-content\/uploads\/2026\/03\/Bildschirmfoto-2026-03-15-um-15.19.20.png","contentUrl":"https:\/\/wollorama.at\/wp-content\/uploads\/2026\/03\/Bildschirmfoto-2026-03-15-um-15.19.20.png","width":854,"height":1070},{"@type":"BreadcrumbList","@id":"https:\/\/wollorama.at\/produkt\/hook-out\/#breadcrumb","itemListElement":[{"@type":"ListItem","position":1,"name":"Home","item":"https:\/\/wollorama.at\/"},{"@type":"ListItem","position":2,"name":"Shop","item":"https:\/\/wollorama.at\/wollorama-onlineshop\/"},{"@type":"ListItem","position":3,"name":"Hook Out!"}]},{"@type":"WebSite","@id":"https:\/\/wollorama.at\/#website","url":"https:\/\/wollorama.at\/","name":"Wollorama","description":"Willkommen","publisher":{"@id":"https:\/\/wollorama.at\/#organization"},"potentialAction":[{"@type":"SearchAction","target":{"@type":"EntryPoint","urlTemplate":"https:\/\/wollorama.at\/?s={search_term_string}"},"query-input":{"@type":"PropertyValueSpecification","valueRequired":true,"valueName":"search_term_string"}}],"inLanguage":"en-GB"},{"@type":"Organization","@id":"https:\/\/wollorama.at\/#organization","name":"Wollorama","url":"https:\/\/wollorama.at\/","logo":{"@type":"ImageObject","inLanguage":"en-GB","@id":"https:\/\/wollorama.at\/#\/schema\/logo\/image\/","url":"https:\/\/wollorama.at\/wp-content\/uploads\/2025\/10\/Woll.-rama.png","contentUrl":"https:\/\/wollorama.at\/wp-content\/uploads\/2025\/10\/Woll.-rama.png","width":2281,"height":490,"caption":"Wollorama"},"image":{"@id":"https:\/\/wollorama.at\/#\/schema\/logo\/image\/"},"sameAs":["https:\/\/facebook.com\/wollorama","https:\/\/at.pinterest.com\/wolloramashop\/"]}]}},"_links":{"self":[{"href":"https:\/\/wollorama.at\/en\/wp-json\/wp\/v2\/product\/7985","targetHints":{"allow":["GET"]}}],"collection":[{"href":"https:\/\/wollorama.at\/en\/wp-json\/wp\/v2\/product"}],"about":[{"href":"https:\/\/wollorama.at\/en\/wp-json\/wp\/v2\/types\/product"}],"replies":[{"embeddable":true,"href":"https:\/\/wollorama.at\/en\/wp-json\/wp\/v2\/comments?post=7985"}],"version-history":[{"count":0,"href":"https:\/\/wollorama.at\/en\/wp-json\/wp\/v2\/product\/7985\/revisions"}],"wp:featuredmedia":[{"embeddable":true,"href":"https:\/\/wollorama.at\/en\/wp-json\/wp\/v2\/media\/7989"}],"wp:attachment":[{"href":"https:\/\/wollorama.at\/en\/wp-json\/wp\/v2\/media?parent=7985"}],"wp:term":[{"taxonomy":"product_brand","embeddable":true,"href":"https:\/\/wollorama.at\/en\/wp-json\/wp\/v2\/product_brand?post=7985"},{"taxonomy":"product_cat","embeddable":true,"href":"https:\/\/wollorama.at\/en\/wp-json\/wp\/v2\/product_cat?post=7985"},{"taxonomy":"product_tag","embeddable":true,"href":"https:\/\/wollorama.at\/en\/wp-json\/wp\/v2\/product_tag?post=7985"}],"curies":[{"name":"wp","href":"https:\/\/api.w.org\/{rel}","templated":true}]}}