{"id":7983,"date":"2026-03-17T10:38:15","date_gmt":"2026-03-17T10:38:15","guid":{"rendered":"https:\/\/wollorama.at\/?post_type=product&#038;p=7983"},"modified":"2026-04-16T04:00:16","modified_gmt":"2026-04-16T04:00:16","slug":"52-weeks-of-sweaters","status":"publish","type":"product","link":"https:\/\/wollorama.at\/en\/product\/52-weeks-of-sweaters\/","title":{"rendered":"52 Weeks of Sweaters"},"content":{"rendered":"<p data-start=\"0\" data-end=\"361\"><strong data-start=\"0\" data-end=\"24\">52 Weeks of Sweaters<\/strong> ist der achte Band der \u00e4u\u00dferst beliebten <em data-start=\"66\" data-end=\"76\">52 Weeks<\/em>-Reihe von <span class=\"hover:entity-accent entity-underline inline cursor-pointer align-baseline\"><span class=\"whitespace-normal\">Laine Publishing<\/span><\/span> \u2013 und gleichzeitig das meistgew\u00fcnschte Thema! Das Buch enth\u00e4lt 52 Anleitungen von 52 talentierten Designer:innen aus aller Welt. Dabei geht es l\u00e4ngst nicht nur um Pullover: Auch Cardigans, Westen und Slipover sind Teil der Kollektion.<\/p>\n<p data-start=\"363\" data-end=\"554\">Die Modelle decken eine gro\u00dfe Bandbreite an Techniken ab \u2013 von einfachem glatt rechts Gestrick bis hin zu Strukturmustern, Farbstrickerei und Zopfmustern (sogar ein H\u00e4kelmodell ist dabei!).<\/p>\n<p data-start=\"556\" data-end=\"880\">Der Schwierigkeitsgrad reicht von einfach bis anspruchsvoll. So zeigen die Projekte eindrucksvoll, wie vielseitig gestrickte Kleidungsst\u00fccke sein k\u00f6nnen: von feinen Cardigans als Erg\u00e4nzung zum Party-Outfit bis hin zu kuscheligen Pullovern, die auch als Jacke getragen werden k\u00f6nnen. Ein inspirierendes Strickbuch f\u00fcr alle!<\/p>\n<p data-start=\"882\" data-end=\"1023\">Die meisten Anleitungen sind in 8\u201310 Gr\u00f6\u00dfen erh\u00e4ltlich und so gradiert, dass sie mindestens f\u00fcr einen Brustumfang von 152 cm geeignet sind.<\/p>\n<p data-start=\"1025\" data-end=\"1944\" data-is-last-node=\"\" data-is-only-node=\"\"><strong data-start=\"1025\" data-end=\"1078\">Die Designs stammen von folgenden Designer:innen:<\/strong><br data-start=\"1078\" data-end=\"1081\" \/>Eun Mi Ahn, Jenny Ansah, Meghan Babin, Enik\u00f6 Balogh, Vanessa Camirand, Janis Campusano, Jesu Camus, Emily Y Chen, Rebecca Clow, Anna Daku, Nele Druyts, Clara Eggers, Julia Exner, Joanna Filip, <a href=\"https:\/\/wollorama.at\/en\/product\/trails-valleys-knitwear-for-family-adventures\/\">Lindsey Fowler<\/a>, In\u00e9s Garc\u00eda Su\u00e1rez, Nina Holubcova, Heli Hottinen-Puukko, Ewa Jasionowska, Yun Jeong, Meiju Kallio, Kaori Katsurada, Ma\u00efa Krzisch, Pauliina Kuunsola, Liza Lewis, Lotta H L\u00f6thgren, Rebekka Mauser, Christine Moltrup Holm, Jimmy Myers, Yukie Onodera, Sarah Opie, Evdoxia-Glykeria Pantazi, Kare Peacock, Juliette P\u00e9caut, Louise-Anne Petit Lesellier, Olga Putano, Neringa R\u016bk\u0117, Maren Sgries, \u00c1st\u00fer\u00fa\u00f0ur Sif Sveinsd\u00f3ttir, Anna Sj\u00f6sv\u00e4rd, Marina Skua, <a href=\"https:\/\/wollorama.at\/en\/xolla-wool\/\">Elena Solier Jans\u00e0<\/a>, Emanuela Tantucci, Simona Tara\u0161kevi\u010di\u016bt\u0117, Annelie Thomasson, Maria Uzquiano, Gabrielle V\u00e9zina, Elisabeth Vikenes, Ekaterina Vorobeva, Annie Wegraeus, Geraldine Yang und Jane Zielinski-Raynor.<\/p>","protected":false},"excerpt":{"rendered":"<p data-start=\"0\" data-end=\"14\"><strong data-start=\"0\" data-end=\"14\">288 Seiten<\/strong><\/p>\n<p data-start=\"16\" data-end=\"126\"><strong data-start=\"16\" data-end=\"77\">52 Anleitungen f\u00fcr Pullover, Cardigans, Westen &amp; Slipover<\/strong><br data-start=\"77\" data-end=\"80\" \/>(51 Strickanleitungen und 1 H\u00e4kelanleitung):<\/p>\n<ul data-start=\"127\" data-end=\"181\">\n<li data-section-id=\"1xh6x4\" data-start=\"127\" data-end=\"142\">\n<p data-start=\"129\" data-end=\"142\">29 Pullover<\/p>\n<\/li>\n<li data-section-id=\"jm0uuj\" data-start=\"143\" data-end=\"159\">\n<p data-start=\"145\" data-end=\"159\">14 Cardigans<\/p>\n<\/li>\n<li data-section-id=\"6gpoiw\" data-start=\"160\" data-end=\"181\">\n<p data-start=\"162\" data-end=\"181\">9 Westen\/Slipover<\/p>\n<\/li>\n<\/ul>\n<p data-start=\"183\" data-end=\"344\" data-is-last-node=\"\" data-is-only-node=\"\">Die meisten Anleitungen sind in <strong data-start=\"215\" data-end=\"230\">8\u201310 Gr\u00f6\u00dfen<\/strong> erh\u00e4ltlich und so gradiert, dass sie mindestens f\u00fcr einen Brustumfang von <strong data-start=\"305\" data-end=\"315\">152 cm<\/strong> (ungedehnt gemessen) passen.<\/p>\n<p data-start=\"183\" data-end=\"344\" data-is-last-node=\"\" data-is-only-node=\"\">Sprache: Englisch<\/p>","protected":false},"featured_media":7988,"comment_status":"open","ping_status":"closed","template":"","meta":{"site-sidebar-layout":"default","site-content-layout":"","ast-site-content-layout":"default","site-content-style":"default","site-sidebar-style":"default","ast-global-header-display":"","ast-banner-title-visibility":"","ast-main-header-display":"","ast-hfb-above-header-display":"","ast-hfb-below-header-display":"","ast-hfb-mobile-header-display":"","site-post-title":"","ast-breadcrumbs-content":"","ast-featured-img":"","footer-sml-layout":"","ast-disable-related-posts":"","theme-transparent-header-meta":"default","adv-header-id-meta":"","stick-header-meta":"default","header-above-stick-meta":"","header-main-stick-meta":"","header-below-stick-meta":"","astra-migrate-meta-layouts":"set","ast-page-background-enabled":"default","ast-page-background-meta":{"desktop":{"background-color":"","background-image":"","background-repeat":"repeat","background-position":"center center","background-size":"auto","background-attachment":"scroll","background-type":"","background-media":"","overlay-type":"","overlay-color":"","overlay-opacity":"","overlay-gradient":""},"tablet":{"background-color":"","background-image":"","background-repeat":"repeat","background-position":"center center","background-size":"auto","background-attachment":"scroll","background-type":"","background-media":"","overlay-type":"","overlay-color":"","overlay-opacity":"","overlay-gradient":""},"mobile":{"background-color":"","background-image":"","background-repeat":"repeat","background-position":"center center","background-size":"auto","background-attachment":"scroll","background-type":"","background-media":"","overlay-type":"","overlay-color":"","overlay-opacity":"","overlay-gradient":""}},"ast-content-background-meta":{"desktop":{"background-color":"var(--ast-global-color-5)","background-image":"","background-repeat":"repeat","background-position":"center center","background-size":"auto","background-attachment":"scroll","background-type":"","background-media":"","overlay-type":"","overlay-color":"","overlay-opacity":"","overlay-gradient":""},"tablet":{"background-color":"var(--ast-global-color-5)","background-image":"","background-repeat":"repeat","background-position":"center center","background-size":"auto","background-attachment":"scroll","background-type":"","background-media":"","overlay-type":"","overlay-color":"","overlay-opacity":"","overlay-gradient":""},"mobile":{"background-color":"var(--ast-global-color-5)","background-image":"","background-repeat":"repeat","background-position":"center center","background-size":"auto","background-attachment":"scroll","background-type":"","background-media":"","overlay-type":"","overlay-color":"","overlay-opacity":"","overlay-gradient":""}}},"product_brand":[],"product_cat":[63],"product_tag":[],"class_list":{"0":"post-7983","1":"product","2":"type-product","3":"status-publish","4":"has-post-thumbnail","6":"product_cat-strickbuecher-strickmagazine-von-laine","7":"desktop-align-center","8":"tablet-align-left","9":"mobile-align-left","10":"ast-product-gallery-layout-horizontal-slider","11":"ast-magnify-disabled","12":"ast-product-tabs-layout-horizontal","14":"first","15":"instock","16":"featured","17":"shipping-taxable","18":"purchasable","19":"product-type-simple"},"yoast_head":"<!-- This site is optimized with the Yoast SEO plugin v27.5 - https:\/\/yoast.com\/product\/yoast-seo-wordpress\/ -->\n<title>52 Weeks of Sweaters - Wollorama<\/title>\n<meta name=\"description\" content=\"52 Weeks of Sweater ist die ultimative Sammlung an Pulloverstrickanleitung \u00fcberhaupt. Von einfach bis komplex ist f\u00fcr jeden etwas dabei!\" \/>\n<meta name=\"robots\" content=\"index, follow, max-snippet:-1, max-image-preview:large, max-video-preview:-1\" \/>\n<link rel=\"canonical\" href=\"https:\/\/wollorama.at\/en\/product\/52-weeks-of-sweaters\/\" \/>\n<meta property=\"og:locale\" content=\"en_GB\" \/>\n<meta property=\"og:type\" content=\"article\" \/>\n<meta property=\"og:title\" content=\"52 Weeks of Sweaters - Wollorama\" \/>\n<meta property=\"og:description\" content=\"52 Weeks of Sweater ist die ultimative Sammlung an Pulloverstrickanleitung \u00fcberhaupt. Von einfach bis komplex ist f\u00fcr jeden etwas dabei!\" \/>\n<meta property=\"og:url\" content=\"https:\/\/wollorama.at\/en\/product\/52-weeks-of-sweaters\/\" \/>\n<meta property=\"og:site_name\" content=\"Wollorama\" \/>\n<meta property=\"article:publisher\" content=\"https:\/\/facebook.com\/wollorama\" \/>\n<meta property=\"article:modified_time\" content=\"2026-04-16T04:00:16+00:00\" \/>\n<meta property=\"og:image\" content=\"https:\/\/wollorama.at\/wp-content\/uploads\/2026\/03\/Bildschirmfoto-2026-03-15-um-15.18.55.png\" \/>\n\t<meta property=\"og:image:width\" content=\"862\" \/>\n\t<meta property=\"og:image:height\" content=\"1074\" \/>\n\t<meta property=\"og:image:type\" content=\"image\/png\" \/>\n<meta name=\"twitter:card\" content=\"summary_large_image\" \/>\n<meta name=\"twitter:label1\" content=\"Estimated reading time\" \/>\n\t<meta name=\"twitter:data1\" content=\"2 minutes\" \/>\n<script type=\"application\/ld+json\" class=\"yoast-schema-graph\">{\"@context\":\"https:\\\/\\\/schema.org\",\"@graph\":[{\"@type\":\"WebPage\",\"@id\":\"https:\\\/\\\/wollorama.at\\\/produkt\\\/52-weeks-of-sweaters\\\/\",\"url\":\"https:\\\/\\\/wollorama.at\\\/produkt\\\/52-weeks-of-sweaters\\\/\",\"name\":\"52 Weeks of Sweaters - Wollorama\",\"isPartOf\":{\"@id\":\"https:\\\/\\\/wollorama.at\\\/#website\"},\"primaryImageOfPage\":{\"@id\":\"https:\\\/\\\/wollorama.at\\\/produkt\\\/52-weeks-of-sweaters\\\/#primaryimage\"},\"image\":{\"@id\":\"https:\\\/\\\/wollorama.at\\\/produkt\\\/52-weeks-of-sweaters\\\/#primaryimage\"},\"thumbnailUrl\":\"https:\\\/\\\/wollorama.at\\\/wp-content\\\/uploads\\\/2026\\\/03\\\/Bildschirmfoto-2026-03-15-um-15.18.55.png\",\"datePublished\":\"2026-03-17T10:38:15+00:00\",\"dateModified\":\"2026-04-16T04:00:16+00:00\",\"description\":\"52 Weeks of Sweater ist die ultimative Sammlung an Pulloverstrickanleitung \u00fcberhaupt. Von einfach bis komplex ist f\u00fcr jeden etwas dabei!\",\"breadcrumb\":{\"@id\":\"https:\\\/\\\/wollorama.at\\\/produkt\\\/52-weeks-of-sweaters\\\/#breadcrumb\"},\"inLanguage\":\"en-GB\",\"potentialAction\":[{\"@type\":\"ReadAction\",\"target\":[\"https:\\\/\\\/wollorama.at\\\/produkt\\\/52-weeks-of-sweaters\\\/\"]}]},{\"@type\":\"ImageObject\",\"inLanguage\":\"en-GB\",\"@id\":\"https:\\\/\\\/wollorama.at\\\/produkt\\\/52-weeks-of-sweaters\\\/#primaryimage\",\"url\":\"https:\\\/\\\/wollorama.at\\\/wp-content\\\/uploads\\\/2026\\\/03\\\/Bildschirmfoto-2026-03-15-um-15.18.55.png\",\"contentUrl\":\"https:\\\/\\\/wollorama.at\\\/wp-content\\\/uploads\\\/2026\\\/03\\\/Bildschirmfoto-2026-03-15-um-15.18.55.png\",\"width\":862,\"height\":1074},{\"@type\":\"BreadcrumbList\",\"@id\":\"https:\\\/\\\/wollorama.at\\\/produkt\\\/52-weeks-of-sweaters\\\/#breadcrumb\",\"itemListElement\":[{\"@type\":\"ListItem\",\"position\":1,\"name\":\"Home\",\"item\":\"https:\\\/\\\/wollorama.at\\\/\"},{\"@type\":\"ListItem\",\"position\":2,\"name\":\"Shop\",\"item\":\"https:\\\/\\\/wollorama.at\\\/wollorama-onlineshop\\\/\"},{\"@type\":\"ListItem\",\"position\":3,\"name\":\"52 Weeks of Sweaters\"}]},{\"@type\":\"WebSite\",\"@id\":\"https:\\\/\\\/wollorama.at\\\/#website\",\"url\":\"https:\\\/\\\/wollorama.at\\\/\",\"name\":\"Wollorama\",\"description\":\"Willkommen\",\"publisher\":{\"@id\":\"https:\\\/\\\/wollorama.at\\\/#organization\"},\"potentialAction\":[{\"@type\":\"SearchAction\",\"target\":{\"@type\":\"EntryPoint\",\"urlTemplate\":\"https:\\\/\\\/wollorama.at\\\/?s={search_term_string}\"},\"query-input\":{\"@type\":\"PropertyValueSpecification\",\"valueRequired\":true,\"valueName\":\"search_term_string\"}}],\"inLanguage\":\"en-GB\"},{\"@type\":\"Organization\",\"@id\":\"https:\\\/\\\/wollorama.at\\\/#organization\",\"name\":\"Wollorama\",\"url\":\"https:\\\/\\\/wollorama.at\\\/\",\"logo\":{\"@type\":\"ImageObject\",\"inLanguage\":\"en-GB\",\"@id\":\"https:\\\/\\\/wollorama.at\\\/#\\\/schema\\\/logo\\\/image\\\/\",\"url\":\"https:\\\/\\\/wollorama.at\\\/wp-content\\\/uploads\\\/2025\\\/10\\\/Woll.-rama.png\",\"contentUrl\":\"https:\\\/\\\/wollorama.at\\\/wp-content\\\/uploads\\\/2025\\\/10\\\/Woll.-rama.png\",\"width\":2281,\"height\":490,\"caption\":\"Wollorama\"},\"image\":{\"@id\":\"https:\\\/\\\/wollorama.at\\\/#\\\/schema\\\/logo\\\/image\\\/\"},\"sameAs\":[\"https:\\\/\\\/facebook.com\\\/wollorama\",\"https:\\\/\\\/at.pinterest.com\\\/wolloramashop\\\/\"]}]}<\/script>\n<!-- \/ Yoast SEO plugin. -->","yoast_head_json":{"title":"52 Weeks of Sweaters - Wollorama","description":"52 Weeks of Sweater ist die ultimative Sammlung an Pulloverstrickanleitung \u00fcberhaupt. Von einfach bis komplex ist f\u00fcr jeden etwas dabei!","robots":{"index":"index","follow":"follow","max-snippet":"max-snippet:-1","max-image-preview":"max-image-preview:large","max-video-preview":"max-video-preview:-1"},"canonical":"https:\/\/wollorama.at\/en\/product\/52-weeks-of-sweaters\/","og_locale":"en_GB","og_type":"article","og_title":"52 Weeks of Sweaters - Wollorama","og_description":"52 Weeks of Sweater ist die ultimative Sammlung an Pulloverstrickanleitung \u00fcberhaupt. Von einfach bis komplex ist f\u00fcr jeden etwas dabei!","og_url":"https:\/\/wollorama.at\/en\/product\/52-weeks-of-sweaters\/","og_site_name":"Wollorama","article_publisher":"https:\/\/facebook.com\/wollorama","article_modified_time":"2026-04-16T04:00:16+00:00","og_image":[{"width":862,"height":1074,"url":"https:\/\/wollorama.at\/wp-content\/uploads\/2026\/03\/Bildschirmfoto-2026-03-15-um-15.18.55.png","type":"image\/png"}],"twitter_card":"summary_large_image","twitter_misc":{"Estimated reading time":"2 minutes"},"schema":{"@context":"https:\/\/schema.org","@graph":[{"@type":"WebPage","@id":"https:\/\/wollorama.at\/produkt\/52-weeks-of-sweaters\/","url":"https:\/\/wollorama.at\/produkt\/52-weeks-of-sweaters\/","name":"52 Weeks of Sweaters - Wollorama","isPartOf":{"@id":"https:\/\/wollorama.at\/#website"},"primaryImageOfPage":{"@id":"https:\/\/wollorama.at\/produkt\/52-weeks-of-sweaters\/#primaryimage"},"image":{"@id":"https:\/\/wollorama.at\/produkt\/52-weeks-of-sweaters\/#primaryimage"},"thumbnailUrl":"https:\/\/wollorama.at\/wp-content\/uploads\/2026\/03\/Bildschirmfoto-2026-03-15-um-15.18.55.png","datePublished":"2026-03-17T10:38:15+00:00","dateModified":"2026-04-16T04:00:16+00:00","description":"52 Weeks of Sweater ist die ultimative Sammlung an Pulloverstrickanleitung \u00fcberhaupt. Von einfach bis komplex ist f\u00fcr jeden etwas dabei!","breadcrumb":{"@id":"https:\/\/wollorama.at\/produkt\/52-weeks-of-sweaters\/#breadcrumb"},"inLanguage":"en-GB","potentialAction":[{"@type":"ReadAction","target":["https:\/\/wollorama.at\/produkt\/52-weeks-of-sweaters\/"]}]},{"@type":"ImageObject","inLanguage":"en-GB","@id":"https:\/\/wollorama.at\/produkt\/52-weeks-of-sweaters\/#primaryimage","url":"https:\/\/wollorama.at\/wp-content\/uploads\/2026\/03\/Bildschirmfoto-2026-03-15-um-15.18.55.png","contentUrl":"https:\/\/wollorama.at\/wp-content\/uploads\/2026\/03\/Bildschirmfoto-2026-03-15-um-15.18.55.png","width":862,"height":1074},{"@type":"BreadcrumbList","@id":"https:\/\/wollorama.at\/produkt\/52-weeks-of-sweaters\/#breadcrumb","itemListElement":[{"@type":"ListItem","position":1,"name":"Home","item":"https:\/\/wollorama.at\/"},{"@type":"ListItem","position":2,"name":"Shop","item":"https:\/\/wollorama.at\/wollorama-onlineshop\/"},{"@type":"ListItem","position":3,"name":"52 Weeks of Sweaters"}]},{"@type":"WebSite","@id":"https:\/\/wollorama.at\/#website","url":"https:\/\/wollorama.at\/","name":"Wollorama","description":"Willkommen","publisher":{"@id":"https:\/\/wollorama.at\/#organization"},"potentialAction":[{"@type":"SearchAction","target":{"@type":"EntryPoint","urlTemplate":"https:\/\/wollorama.at\/?s={search_term_string}"},"query-input":{"@type":"PropertyValueSpecification","valueRequired":true,"valueName":"search_term_string"}}],"inLanguage":"en-GB"},{"@type":"Organization","@id":"https:\/\/wollorama.at\/#organization","name":"Wollorama","url":"https:\/\/wollorama.at\/","logo":{"@type":"ImageObject","inLanguage":"en-GB","@id":"https:\/\/wollorama.at\/#\/schema\/logo\/image\/","url":"https:\/\/wollorama.at\/wp-content\/uploads\/2025\/10\/Woll.-rama.png","contentUrl":"https:\/\/wollorama.at\/wp-content\/uploads\/2025\/10\/Woll.-rama.png","width":2281,"height":490,"caption":"Wollorama"},"image":{"@id":"https:\/\/wollorama.at\/#\/schema\/logo\/image\/"},"sameAs":["https:\/\/facebook.com\/wollorama","https:\/\/at.pinterest.com\/wolloramashop\/"]}]}},"_links":{"self":[{"href":"https:\/\/wollorama.at\/en\/wp-json\/wp\/v2\/product\/7983","targetHints":{"allow":["GET"]}}],"collection":[{"href":"https:\/\/wollorama.at\/en\/wp-json\/wp\/v2\/product"}],"about":[{"href":"https:\/\/wollorama.at\/en\/wp-json\/wp\/v2\/types\/product"}],"replies":[{"embeddable":true,"href":"https:\/\/wollorama.at\/en\/wp-json\/wp\/v2\/comments?post=7983"}],"version-history":[{"count":0,"href":"https:\/\/wollorama.at\/en\/wp-json\/wp\/v2\/product\/7983\/revisions"}],"wp:featuredmedia":[{"embeddable":true,"href":"https:\/\/wollorama.at\/en\/wp-json\/wp\/v2\/media\/7988"}],"wp:attachment":[{"href":"https:\/\/wollorama.at\/en\/wp-json\/wp\/v2\/media?parent=7983"}],"wp:term":[{"taxonomy":"product_brand","embeddable":true,"href":"https:\/\/wollorama.at\/en\/wp-json\/wp\/v2\/product_brand?post=7983"},{"taxonomy":"product_cat","embeddable":true,"href":"https:\/\/wollorama.at\/en\/wp-json\/wp\/v2\/product_cat?post=7983"},{"taxonomy":"product_tag","embeddable":true,"href":"https:\/\/wollorama.at\/en\/wp-json\/wp\/v2\/product_tag?post=7983"}],"curies":[{"name":"wp","href":"https:\/\/api.w.org\/{rel}","templated":true}]}}