{"id":7911,"date":"2025-12-15T07:28:58","date_gmt":"2025-12-15T07:28:58","guid":{"rendered":"https:\/\/wollorama.at\/?post_type=product&#038;p=7911"},"modified":"2026-05-08T15:31:29","modified_gmt":"2026-05-08T15:31:29","slug":"wollorama-wertgutschein","status":"publish","type":"product","link":"https:\/\/wollorama.at\/en\/product\/wollorama-wertgutschein\/","title":{"rendered":"Wollorama Wertgutschein"},"content":{"rendered":"<h3 data-start=\"153\" data-end=\"217\">Wollige Freude schenken \u2013 mit dem Wollorama Wertgutschein<\/h3>\n<p data-start=\"219\" data-end=\"520\">Du suchst ein Geschenk, das kreativ, pers\u00f6nlich und immer passend ist? Mit dem <strong data-start=\"298\" data-end=\"325\">Wollorama Wertgutschein<\/strong> liegst du garantiert richtig! Ob f\u00fcr leidenschaftliche Strick- und H\u00e4kel-Fans, neugierige Anf\u00e4nger:innen oder echte Woll-Liebhaber \u2013 dieser Gutschein er\u00f6ffnet die ganze bunte Welt von Wollorama.<\/p>\n<p data-start=\"522\" data-end=\"767\">Der Gutschein ist flexibel einl\u00f6sbar im gesamten Onlineshop und eignet sich perfekt f\u00fcr hochwertige Wolle, Zubeh\u00f6r &amp; B\u00fccher. Einfach online bestellen, verschenken und Freude bereiten.<\/p>\n<p data-start=\"769\" data-end=\"804\"><strong data-start=\"769\" data-end=\"804\">Deine Vorteile auf einen Blick:<\/strong><\/p>\n<ul data-start=\"805\" data-end=\"976\">\n<li data-start=\"805\" data-end=\"837\">\n<p data-start=\"807\" data-end=\"837\">unterschiedliche Gutscheinwerte, ganz nach deinen Bed\u00fcrfnissen<\/p>\n<\/li>\n<li data-start=\"838\" data-end=\"884\">\n<p data-start=\"840\" data-end=\"884\">einl\u00f6sbar im gesamten Wollorama Onlineshop<\/p>\n<\/li>\n<li data-start=\"885\" data-end=\"924\">\n<p data-start=\"887\" data-end=\"924\">ideal als Geschenk f\u00fcr jeden Anlass<\/p>\n<\/li>\n<li data-start=\"925\" data-end=\"976\">\n<p data-start=\"927\" data-end=\"976\">sofort verf\u00fcgbar &amp; unkompliziert zu verschenken<\/p>\n<\/li>\n<\/ul>\n<p data-start=\"978\" data-end=\"1077\">Verschenke Inspiration, Kreativit\u00e4t und ganz viel wollige Freude \u2013 mit dem Wollorama Wertgutschein.<\/p>","protected":false},"excerpt":{"rendered":"<p>Wollorama Wertgutschein &#8211; einl\u00f6sbar im gesamten Shop. Das perfekte Geschenk!<\/p>","protected":false},"featured_media":7937,"comment_status":"open","ping_status":"closed","template":"","meta":{"site-sidebar-layout":"default","site-content-layout":"","ast-site-content-layout":"default","site-content-style":"default","site-sidebar-style":"default","ast-global-header-display":"","ast-banner-title-visibility":"","ast-main-header-display":"","ast-hfb-above-header-display":"","ast-hfb-below-header-display":"","ast-hfb-mobile-header-display":"","site-post-title":"","ast-breadcrumbs-content":"","ast-featured-img":"","footer-sml-layout":"","ast-disable-related-posts":"","theme-transparent-header-meta":"default","adv-header-id-meta":"","stick-header-meta":"default","header-above-stick-meta":"","header-main-stick-meta":"","header-below-stick-meta":"","astra-migrate-meta-layouts":"set","ast-page-background-enabled":"default","ast-page-background-meta":{"desktop":{"background-color":"","background-image":"","background-repeat":"repeat","background-position":"center center","background-size":"auto","background-attachment":"scroll","background-type":"","background-media":"","overlay-type":"","overlay-color":"","overlay-opacity":"","overlay-gradient":""},"tablet":{"background-color":"","background-image":"","background-repeat":"repeat","background-position":"center center","background-size":"auto","background-attachment":"scroll","background-type":"","background-media":"","overlay-type":"","overlay-color":"","overlay-opacity":"","overlay-gradient":""},"mobile":{"background-color":"","background-image":"","background-repeat":"repeat","background-position":"center center","background-size":"auto","background-attachment":"scroll","background-type":"","background-media":"","overlay-type":"","overlay-color":"","overlay-opacity":"","overlay-gradient":""}},"ast-content-background-meta":{"desktop":{"background-color":"var(--ast-global-color-5)","background-image":"","background-repeat":"repeat","background-position":"center center","background-size":"auto","background-attachment":"scroll","background-type":"","background-media":"","overlay-type":"","overlay-color":"","overlay-opacity":"","overlay-gradient":""},"tablet":{"background-color":"var(--ast-global-color-5)","background-image":"","background-repeat":"repeat","background-position":"center center","background-size":"auto","background-attachment":"scroll","background-type":"","background-media":"","overlay-type":"","overlay-color":"","overlay-opacity":"","overlay-gradient":""},"mobile":{"background-color":"var(--ast-global-color-5)","background-image":"","background-repeat":"repeat","background-position":"center center","background-size":"auto","background-attachment":"scroll","background-type":"","background-media":"","overlay-type":"","overlay-color":"","overlay-opacity":"","overlay-gradient":""}}},"product_brand":[],"product_cat":[158],"product_tag":[],"class_list":{"0":"post-7911","1":"product","2":"type-product","3":"status-publish","4":"has-post-thumbnail","6":"product_cat-gutschein","7":"desktop-align-center","8":"tablet-align-left","9":"mobile-align-left","10":"ast-product-gallery-layout-horizontal-slider","11":"ast-product-gallery-with-no-image","12":"ast-magnify-disabled","13":"ast-product-single-variable","14":"ast-product-tabs-layout-horizontal","16":"first","17":"instock","18":"featured","19":"shipping-taxable","20":"purchasable","21":"product-type-variable"},"yoast_head":"<!-- This site is optimized with the Yoast SEO plugin v27.6 - https:\/\/yoast.com\/product\/yoast-seo-wordpress\/ -->\n<title>Wollorama Wertgutschein - Wollorama<\/title>\n<meta name=\"description\" content=\"Wollorama Wertgutschein \u2013 das perfekte Geschenk f\u00fcr Strick- &amp; H\u00e4kelbegeisterte. Flexibel einl\u00f6sbar im gesamten Wollorama Onlineshop.\" \/>\n<meta name=\"robots\" content=\"index, follow, max-snippet:-1, max-image-preview:large, max-video-preview:-1\" \/>\n<link rel=\"canonical\" href=\"https:\/\/wollorama.at\/en\/product\/wollorama-wertgutschein\/\" \/>\n<meta property=\"og:locale\" content=\"en_GB\" \/>\n<meta property=\"og:type\" content=\"article\" \/>\n<meta property=\"og:title\" content=\"Wollorama Wertgutschein - Wollorama\" \/>\n<meta property=\"og:description\" content=\"Wollorama Wertgutschein \u2013 das perfekte Geschenk f\u00fcr Strick- &amp; H\u00e4kelbegeisterte. Flexibel einl\u00f6sbar im gesamten Wollorama Onlineshop.\" \/>\n<meta property=\"og:url\" content=\"https:\/\/wollorama.at\/en\/product\/wollorama-wertgutschein\/\" \/>\n<meta property=\"og:site_name\" content=\"Wollorama\" \/>\n<meta property=\"article:publisher\" content=\"https:\/\/facebook.com\/wollorama\" \/>\n<meta property=\"article:modified_time\" content=\"2026-05-08T15:31:29+00:00\" \/>\n<meta property=\"og:image\" content=\"https:\/\/wollorama.at\/wp-content\/uploads\/2025\/12\/Wollorama.jpg\" \/>\n\t<meta property=\"og:image:width\" content=\"591\" \/>\n\t<meta property=\"og:image:height\" content=\"591\" \/>\n\t<meta property=\"og:image:type\" content=\"image\/jpeg\" \/>\n<meta name=\"twitter:card\" content=\"summary_large_image\" \/>\n<meta name=\"twitter:label1\" content=\"Estimated reading time\" \/>\n\t<meta name=\"twitter:data1\" content=\"1 minute\" \/>\n<script type=\"application\/ld+json\" class=\"yoast-schema-graph\">{\"@context\":\"https:\\\/\\\/schema.org\",\"@graph\":[{\"@type\":\"WebPage\",\"@id\":\"https:\\\/\\\/wollorama.at\\\/produkt\\\/wollorama-wertgutschein\\\/\",\"url\":\"https:\\\/\\\/wollorama.at\\\/produkt\\\/wollorama-wertgutschein\\\/\",\"name\":\"Wollorama Wertgutschein - Wollorama\",\"isPartOf\":{\"@id\":\"https:\\\/\\\/wollorama.at\\\/#website\"},\"primaryImageOfPage\":{\"@id\":\"https:\\\/\\\/wollorama.at\\\/produkt\\\/wollorama-wertgutschein\\\/#primaryimage\"},\"image\":{\"@id\":\"https:\\\/\\\/wollorama.at\\\/produkt\\\/wollorama-wertgutschein\\\/#primaryimage\"},\"thumbnailUrl\":\"https:\\\/\\\/wollorama.at\\\/wp-content\\\/uploads\\\/2025\\\/12\\\/Wollorama.jpg\",\"datePublished\":\"2025-12-15T07:28:58+00:00\",\"dateModified\":\"2026-05-08T15:31:29+00:00\",\"description\":\"Wollorama Wertgutschein \u2013 das perfekte Geschenk f\u00fcr Strick- & H\u00e4kelbegeisterte. Flexibel einl\u00f6sbar im gesamten Wollorama Onlineshop.\",\"breadcrumb\":{\"@id\":\"https:\\\/\\\/wollorama.at\\\/produkt\\\/wollorama-wertgutschein\\\/#breadcrumb\"},\"inLanguage\":\"en-GB\",\"potentialAction\":[{\"@type\":\"ReadAction\",\"target\":[\"https:\\\/\\\/wollorama.at\\\/produkt\\\/wollorama-wertgutschein\\\/\"]}]},{\"@type\":\"ImageObject\",\"inLanguage\":\"en-GB\",\"@id\":\"https:\\\/\\\/wollorama.at\\\/produkt\\\/wollorama-wertgutschein\\\/#primaryimage\",\"url\":\"https:\\\/\\\/wollorama.at\\\/wp-content\\\/uploads\\\/2025\\\/12\\\/Wollorama.jpg\",\"contentUrl\":\"https:\\\/\\\/wollorama.at\\\/wp-content\\\/uploads\\\/2025\\\/12\\\/Wollorama.jpg\",\"width\":591,\"height\":591},{\"@type\":\"BreadcrumbList\",\"@id\":\"https:\\\/\\\/wollorama.at\\\/produkt\\\/wollorama-wertgutschein\\\/#breadcrumb\",\"itemListElement\":[{\"@type\":\"ListItem\",\"position\":1,\"name\":\"Home\",\"item\":\"https:\\\/\\\/wollorama.at\\\/\"},{\"@type\":\"ListItem\",\"position\":2,\"name\":\"Shop\",\"item\":\"https:\\\/\\\/wollorama.at\\\/wollorama-onlineshop\\\/\"},{\"@type\":\"ListItem\",\"position\":3,\"name\":\"Wollorama Wertgutschein\"}]},{\"@type\":\"WebSite\",\"@id\":\"https:\\\/\\\/wollorama.at\\\/#website\",\"url\":\"https:\\\/\\\/wollorama.at\\\/\",\"name\":\"Wollorama\",\"description\":\"Willkommen\",\"publisher\":{\"@id\":\"https:\\\/\\\/wollorama.at\\\/#organization\"},\"potentialAction\":[{\"@type\":\"SearchAction\",\"target\":{\"@type\":\"EntryPoint\",\"urlTemplate\":\"https:\\\/\\\/wollorama.at\\\/?s={search_term_string}\"},\"query-input\":{\"@type\":\"PropertyValueSpecification\",\"valueRequired\":true,\"valueName\":\"search_term_string\"}}],\"inLanguage\":\"en-GB\"},{\"@type\":\"Organization\",\"@id\":\"https:\\\/\\\/wollorama.at\\\/#organization\",\"name\":\"Wollorama\",\"url\":\"https:\\\/\\\/wollorama.at\\\/\",\"logo\":{\"@type\":\"ImageObject\",\"inLanguage\":\"en-GB\",\"@id\":\"https:\\\/\\\/wollorama.at\\\/#\\\/schema\\\/logo\\\/image\\\/\",\"url\":\"https:\\\/\\\/wollorama.at\\\/wp-content\\\/uploads\\\/2025\\\/10\\\/Woll.-rama.png\",\"contentUrl\":\"https:\\\/\\\/wollorama.at\\\/wp-content\\\/uploads\\\/2025\\\/10\\\/Woll.-rama.png\",\"width\":2281,\"height\":490,\"caption\":\"Wollorama\"},\"image\":{\"@id\":\"https:\\\/\\\/wollorama.at\\\/#\\\/schema\\\/logo\\\/image\\\/\"},\"sameAs\":[\"https:\\\/\\\/facebook.com\\\/wollorama\",\"https:\\\/\\\/at.pinterest.com\\\/wolloramashop\\\/\"]}]}<\/script>\n<!-- \/ Yoast SEO plugin. -->","yoast_head_json":{"title":"Wollorama Wertgutschein - Wollorama","description":"Wollorama Wertgutschein \u2013 das perfekte Geschenk f\u00fcr Strick- & H\u00e4kelbegeisterte. Flexibel einl\u00f6sbar im gesamten Wollorama Onlineshop.","robots":{"index":"index","follow":"follow","max-snippet":"max-snippet:-1","max-image-preview":"max-image-preview:large","max-video-preview":"max-video-preview:-1"},"canonical":"https:\/\/wollorama.at\/en\/product\/wollorama-wertgutschein\/","og_locale":"en_GB","og_type":"article","og_title":"Wollorama Wertgutschein - Wollorama","og_description":"Wollorama Wertgutschein \u2013 das perfekte Geschenk f\u00fcr Strick- & H\u00e4kelbegeisterte. Flexibel einl\u00f6sbar im gesamten Wollorama Onlineshop.","og_url":"https:\/\/wollorama.at\/en\/product\/wollorama-wertgutschein\/","og_site_name":"Wollorama","article_publisher":"https:\/\/facebook.com\/wollorama","article_modified_time":"2026-05-08T15:31:29+00:00","og_image":[{"width":591,"height":591,"url":"https:\/\/wollorama.at\/wp-content\/uploads\/2025\/12\/Wollorama.jpg","type":"image\/jpeg"}],"twitter_card":"summary_large_image","twitter_misc":{"Estimated reading time":"1 minute"},"schema":{"@context":"https:\/\/schema.org","@graph":[{"@type":"WebPage","@id":"https:\/\/wollorama.at\/produkt\/wollorama-wertgutschein\/","url":"https:\/\/wollorama.at\/produkt\/wollorama-wertgutschein\/","name":"Wollorama Wertgutschein - Wollorama","isPartOf":{"@id":"https:\/\/wollorama.at\/#website"},"primaryImageOfPage":{"@id":"https:\/\/wollorama.at\/produkt\/wollorama-wertgutschein\/#primaryimage"},"image":{"@id":"https:\/\/wollorama.at\/produkt\/wollorama-wertgutschein\/#primaryimage"},"thumbnailUrl":"https:\/\/wollorama.at\/wp-content\/uploads\/2025\/12\/Wollorama.jpg","datePublished":"2025-12-15T07:28:58+00:00","dateModified":"2026-05-08T15:31:29+00:00","description":"Wollorama Wertgutschein \u2013 das perfekte Geschenk f\u00fcr Strick- & H\u00e4kelbegeisterte. Flexibel einl\u00f6sbar im gesamten Wollorama Onlineshop.","breadcrumb":{"@id":"https:\/\/wollorama.at\/produkt\/wollorama-wertgutschein\/#breadcrumb"},"inLanguage":"en-GB","potentialAction":[{"@type":"ReadAction","target":["https:\/\/wollorama.at\/produkt\/wollorama-wertgutschein\/"]}]},{"@type":"ImageObject","inLanguage":"en-GB","@id":"https:\/\/wollorama.at\/produkt\/wollorama-wertgutschein\/#primaryimage","url":"https:\/\/wollorama.at\/wp-content\/uploads\/2025\/12\/Wollorama.jpg","contentUrl":"https:\/\/wollorama.at\/wp-content\/uploads\/2025\/12\/Wollorama.jpg","width":591,"height":591},{"@type":"BreadcrumbList","@id":"https:\/\/wollorama.at\/produkt\/wollorama-wertgutschein\/#breadcrumb","itemListElement":[{"@type":"ListItem","position":1,"name":"Home","item":"https:\/\/wollorama.at\/"},{"@type":"ListItem","position":2,"name":"Shop","item":"https:\/\/wollorama.at\/wollorama-onlineshop\/"},{"@type":"ListItem","position":3,"name":"Wollorama Wertgutschein"}]},{"@type":"WebSite","@id":"https:\/\/wollorama.at\/#website","url":"https:\/\/wollorama.at\/","name":"Wollorama","description":"Willkommen","publisher":{"@id":"https:\/\/wollorama.at\/#organization"},"potentialAction":[{"@type":"SearchAction","target":{"@type":"EntryPoint","urlTemplate":"https:\/\/wollorama.at\/?s={search_term_string}"},"query-input":{"@type":"PropertyValueSpecification","valueRequired":true,"valueName":"search_term_string"}}],"inLanguage":"en-GB"},{"@type":"Organization","@id":"https:\/\/wollorama.at\/#organization","name":"Wollorama","url":"https:\/\/wollorama.at\/","logo":{"@type":"ImageObject","inLanguage":"en-GB","@id":"https:\/\/wollorama.at\/#\/schema\/logo\/image\/","url":"https:\/\/wollorama.at\/wp-content\/uploads\/2025\/10\/Woll.-rama.png","contentUrl":"https:\/\/wollorama.at\/wp-content\/uploads\/2025\/10\/Woll.-rama.png","width":2281,"height":490,"caption":"Wollorama"},"image":{"@id":"https:\/\/wollorama.at\/#\/schema\/logo\/image\/"},"sameAs":["https:\/\/facebook.com\/wollorama","https:\/\/at.pinterest.com\/wolloramashop\/"]}]}},"_links":{"self":[{"href":"https:\/\/wollorama.at\/en\/wp-json\/wp\/v2\/product\/7911","targetHints":{"allow":["GET"]}}],"collection":[{"href":"https:\/\/wollorama.at\/en\/wp-json\/wp\/v2\/product"}],"about":[{"href":"https:\/\/wollorama.at\/en\/wp-json\/wp\/v2\/types\/product"}],"replies":[{"embeddable":true,"href":"https:\/\/wollorama.at\/en\/wp-json\/wp\/v2\/comments?post=7911"}],"version-history":[{"count":0,"href":"https:\/\/wollorama.at\/en\/wp-json\/wp\/v2\/product\/7911\/revisions"}],"wp:featuredmedia":[{"embeddable":true,"href":"https:\/\/wollorama.at\/en\/wp-json\/wp\/v2\/media\/7937"}],"wp:attachment":[{"href":"https:\/\/wollorama.at\/en\/wp-json\/wp\/v2\/media?parent=7911"}],"wp:term":[{"taxonomy":"product_brand","embeddable":true,"href":"https:\/\/wollorama.at\/en\/wp-json\/wp\/v2\/product_brand?post=7911"},{"taxonomy":"product_cat","embeddable":true,"href":"https:\/\/wollorama.at\/en\/wp-json\/wp\/v2\/product_cat?post=7911"},{"taxonomy":"product_tag","embeddable":true,"href":"https:\/\/wollorama.at\/en\/wp-json\/wp\/v2\/product_tag?post=7911"}],"curies":[{"name":"wp","href":"https:\/\/api.w.org\/{rel}","templated":true}]}}