{"id":7205,"date":"2025-10-05T13:33:42","date_gmt":"2025-10-05T13:33:42","guid":{"rendered":"https:\/\/wollorama.at\/?post_type=product&#038;p=7205"},"modified":"2026-03-26T19:56:59","modified_gmt":"2026-03-26T19:56:59","slug":"my-dream-knits","status":"publish","type":"product","link":"https:\/\/wollorama.at\/en\/product\/my-dream-knits\/","title":{"rendered":"My Dream Knits"},"content":{"rendered":"<p data-start=\"96\" data-end=\"572\"><strong data-start=\"96\" data-end=\"114\">My Dream Knits<\/strong> ist eine neue Kollektion mit 20 bezaubernden Strickmustern der finnischen Strickdesignerin <strong data-start=\"206\" data-end=\"224\">Veera V\u00e4lim\u00e4ki<\/strong>. Diese St\u00fccke z\u00e4hlen zu Veeras absoluten Favoriten \u2013 zeitlose Essentials, die darauf ausgelegt sind, getragen, gelebt und \u00fcber viele Jahre geliebt zu werden. Von luftigen, pastellfarbenen Mohairpullovern \u00fcber l\u00e4ssige Zopfmuster-Cardigans bis hin zu gro\u00dfz\u00fcgigen T\u00fcchern und kuscheligen M\u00fctzen \u2013 diese Kollektion steckt voller Komfort und Sch\u00f6nheit.<\/p>\n<p data-start=\"574\" data-end=\"861\"><strong data-start=\"574\" data-end=\"592\">Veera V\u00e4lim\u00e4ki<\/strong> geh\u00f6rt zu den weltweit f\u00fchrenden Strickdesignerinnen. Ihre Muster sind bekannt f\u00fcr ihren modernen Stil und ihre subtilen Details. Veera lebt und arbeitet in einem kleinen Dorf im S\u00fcden Finnlands, umgeben von Natur. <em data-start=\"808\" data-end=\"824\">My Dream Knits<\/em> ist ihr <strong data-start=\"833\" data-end=\"860\">viertes gebundenes Buch<\/strong>.<\/p>","protected":false},"excerpt":{"rendered":"<p><strong data-start=\"60\" data-end=\"74\">168 Seiten<\/strong><br data-start=\"74\" data-end=\"77\" \/>\u2022 <strong data-start=\"79\" data-end=\"97\">20 Anleitungen<\/strong>: 7 Pullover, 4 Cardigans, 2 Slipover, 4 T\u00fccher, 2 M\u00fctzen und 1 Rock.<br data-start=\"166\" data-end=\"169\" \/>Die Kleidungsst\u00fccke sind in <strong data-start=\"197\" data-end=\"212\">9\u201310 Gr\u00f6\u00dfen<\/strong> erh\u00e4ltlich und so graduiert, dass sie <strong data-start=\"251\" data-end=\"294\">mindestens einen Brustumfang von 152 cm<\/strong> bzw. <strong data-start=\"300\" data-end=\"334\">einen Taillenumfang von 147 cm<\/strong> abdecken.<\/p>","protected":false},"featured_media":7226,"comment_status":"open","ping_status":"closed","template":"","meta":{"site-sidebar-layout":"default","site-content-layout":"","ast-site-content-layout":"default","site-content-style":"default","site-sidebar-style":"default","ast-global-header-display":"","ast-banner-title-visibility":"","ast-main-header-display":"","ast-hfb-above-header-display":"","ast-hfb-below-header-display":"","ast-hfb-mobile-header-display":"","site-post-title":"","ast-breadcrumbs-content":"","ast-featured-img":"","footer-sml-layout":"","ast-disable-related-posts":"","theme-transparent-header-meta":"default","adv-header-id-meta":"","stick-header-meta":"default","header-above-stick-meta":"","header-main-stick-meta":"","header-below-stick-meta":"","astra-migrate-meta-layouts":"set","ast-page-background-enabled":"default","ast-page-background-meta":{"desktop":{"background-color":"","background-image":"","background-repeat":"repeat","background-position":"center center","background-size":"auto","background-attachment":"scroll","background-type":"","background-media":"","overlay-type":"","overlay-color":"","overlay-opacity":"","overlay-gradient":""},"tablet":{"background-color":"","background-image":"","background-repeat":"repeat","background-position":"center center","background-size":"auto","background-attachment":"scroll","background-type":"","background-media":"","overlay-type":"","overlay-color":"","overlay-opacity":"","overlay-gradient":""},"mobile":{"background-color":"","background-image":"","background-repeat":"repeat","background-position":"center center","background-size":"auto","background-attachment":"scroll","background-type":"","background-media":"","overlay-type":"","overlay-color":"","overlay-opacity":"","overlay-gradient":""}},"ast-content-background-meta":{"desktop":{"background-color":"var(--ast-global-color-5)","background-image":"","background-repeat":"repeat","background-position":"center center","background-size":"auto","background-attachment":"scroll","background-type":"","background-media":"","overlay-type":"","overlay-color":"","overlay-opacity":"","overlay-gradient":""},"tablet":{"background-color":"var(--ast-global-color-5)","background-image":"","background-repeat":"repeat","background-position":"center center","background-size":"auto","background-attachment":"scroll","background-type":"","background-media":"","overlay-type":"","overlay-color":"","overlay-opacity":"","overlay-gradient":""},"mobile":{"background-color":"var(--ast-global-color-5)","background-image":"","background-repeat":"repeat","background-position":"center center","background-size":"auto","background-attachment":"scroll","background-type":"","background-media":"","overlay-type":"","overlay-color":"","overlay-opacity":"","overlay-gradient":""}}},"product_brand":[],"product_cat":[63],"product_tag":[],"class_list":{"0":"post-7205","1":"product","2":"type-product","3":"status-publish","4":"has-post-thumbnail","6":"product_cat-strickbuecher-strickmagazine-von-laine","7":"desktop-align-center","8":"tablet-align-left","9":"mobile-align-left","10":"ast-product-gallery-layout-horizontal-slider","11":"ast-magnify-disabled","12":"ast-product-tabs-layout-horizontal","14":"first","15":"instock","16":"featured","17":"shipping-taxable","18":"purchasable","19":"product-type-simple"},"yoast_head":"<!-- This site is optimized with the Yoast SEO plugin v27.4 - https:\/\/yoast.com\/product\/yoast-seo-wordpress\/ -->\n<title>My Dream Knits - Wollorama<\/title>\n<meta name=\"description\" content=\"My Dream Knits, ist das neue absolut fabelhafte Strickbuch von VEERA V\u00c4LIM\u00c4KI. 20 zeitlose Designs, schlicht sowie verspielt &amp; mit viel Auge f\u00fcr Details.\" \/>\n<meta name=\"robots\" content=\"index, follow, max-snippet:-1, max-image-preview:large, max-video-preview:-1\" \/>\n<link rel=\"canonical\" href=\"https:\/\/wollorama.at\/en\/product\/my-dream-knits\/\" \/>\n<meta property=\"og:locale\" content=\"en_GB\" \/>\n<meta property=\"og:type\" content=\"article\" \/>\n<meta property=\"og:title\" content=\"My Dream Knits - Wollorama\" \/>\n<meta property=\"og:description\" content=\"My Dream Knits, ist das neue absolut fabelhafte Strickbuch von VEERA V\u00c4LIM\u00c4KI. 20 zeitlose Designs, schlicht sowie verspielt &amp; mit viel Auge f\u00fcr Details.\" \/>\n<meta property=\"og:url\" content=\"https:\/\/wollorama.at\/en\/product\/my-dream-knits\/\" \/>\n<meta property=\"og:site_name\" content=\"Wollorama\" \/>\n<meta property=\"article:publisher\" content=\"https:\/\/facebook.com\/wollorama\" \/>\n<meta property=\"article:modified_time\" content=\"2026-03-26T19:56:59+00:00\" \/>\n<meta property=\"og:image\" content=\"https:\/\/wollorama.at\/wp-content\/uploads\/2025\/10\/My-Dream-Knits_cover.jpg\" \/>\n\t<meta property=\"og:image:width\" content=\"2457\" \/>\n\t<meta property=\"og:image:height\" content=\"3260\" \/>\n\t<meta property=\"og:image:type\" content=\"image\/jpeg\" \/>\n<meta name=\"twitter:card\" content=\"summary_large_image\" \/>\n<meta name=\"twitter:label1\" content=\"Estimated reading time\" \/>\n\t<meta name=\"twitter:data1\" content=\"1 minute\" \/>\n<script type=\"application\/ld+json\" class=\"yoast-schema-graph\">{\"@context\":\"https:\\\/\\\/schema.org\",\"@graph\":[{\"@type\":\"WebPage\",\"@id\":\"https:\\\/\\\/wollorama.at\\\/produkt\\\/my-dream-knits\\\/\",\"url\":\"https:\\\/\\\/wollorama.at\\\/produkt\\\/my-dream-knits\\\/\",\"name\":\"My Dream Knits - Wollorama\",\"isPartOf\":{\"@id\":\"https:\\\/\\\/wollorama.at\\\/#website\"},\"primaryImageOfPage\":{\"@id\":\"https:\\\/\\\/wollorama.at\\\/produkt\\\/my-dream-knits\\\/#primaryimage\"},\"image\":{\"@id\":\"https:\\\/\\\/wollorama.at\\\/produkt\\\/my-dream-knits\\\/#primaryimage\"},\"thumbnailUrl\":\"https:\\\/\\\/wollorama.at\\\/wp-content\\\/uploads\\\/2025\\\/10\\\/My-Dream-Knits_cover.jpg\",\"datePublished\":\"2025-10-05T13:33:42+00:00\",\"dateModified\":\"2026-03-26T19:56:59+00:00\",\"description\":\"My Dream Knits, ist das neue absolut fabelhafte Strickbuch von VEERA V\u00c4LIM\u00c4KI. 20 zeitlose Designs, schlicht sowie verspielt & mit viel Auge f\u00fcr Details.\",\"breadcrumb\":{\"@id\":\"https:\\\/\\\/wollorama.at\\\/produkt\\\/my-dream-knits\\\/#breadcrumb\"},\"inLanguage\":\"en-GB\",\"potentialAction\":[{\"@type\":\"ReadAction\",\"target\":[\"https:\\\/\\\/wollorama.at\\\/produkt\\\/my-dream-knits\\\/\"]}]},{\"@type\":\"ImageObject\",\"inLanguage\":\"en-GB\",\"@id\":\"https:\\\/\\\/wollorama.at\\\/produkt\\\/my-dream-knits\\\/#primaryimage\",\"url\":\"https:\\\/\\\/wollorama.at\\\/wp-content\\\/uploads\\\/2025\\\/10\\\/My-Dream-Knits_cover.jpg\",\"contentUrl\":\"https:\\\/\\\/wollorama.at\\\/wp-content\\\/uploads\\\/2025\\\/10\\\/My-Dream-Knits_cover.jpg\",\"width\":2457,\"height\":3260},{\"@type\":\"BreadcrumbList\",\"@id\":\"https:\\\/\\\/wollorama.at\\\/produkt\\\/my-dream-knits\\\/#breadcrumb\",\"itemListElement\":[{\"@type\":\"ListItem\",\"position\":1,\"name\":\"Home\",\"item\":\"https:\\\/\\\/wollorama.at\\\/\"},{\"@type\":\"ListItem\",\"position\":2,\"name\":\"Shop\",\"item\":\"https:\\\/\\\/wollorama.at\\\/wollorama-onlineshop\\\/\"},{\"@type\":\"ListItem\",\"position\":3,\"name\":\"My Dream Knits\"}]},{\"@type\":\"WebSite\",\"@id\":\"https:\\\/\\\/wollorama.at\\\/#website\",\"url\":\"https:\\\/\\\/wollorama.at\\\/\",\"name\":\"Wollorama\",\"description\":\"Willkommen\",\"publisher\":{\"@id\":\"https:\\\/\\\/wollorama.at\\\/#organization\"},\"potentialAction\":[{\"@type\":\"SearchAction\",\"target\":{\"@type\":\"EntryPoint\",\"urlTemplate\":\"https:\\\/\\\/wollorama.at\\\/?s={search_term_string}\"},\"query-input\":{\"@type\":\"PropertyValueSpecification\",\"valueRequired\":true,\"valueName\":\"search_term_string\"}}],\"inLanguage\":\"en-GB\"},{\"@type\":\"Organization\",\"@id\":\"https:\\\/\\\/wollorama.at\\\/#organization\",\"name\":\"Wollorama\",\"url\":\"https:\\\/\\\/wollorama.at\\\/\",\"logo\":{\"@type\":\"ImageObject\",\"inLanguage\":\"en-GB\",\"@id\":\"https:\\\/\\\/wollorama.at\\\/#\\\/schema\\\/logo\\\/image\\\/\",\"url\":\"https:\\\/\\\/wollorama.at\\\/wp-content\\\/uploads\\\/2025\\\/10\\\/Woll.-rama.png\",\"contentUrl\":\"https:\\\/\\\/wollorama.at\\\/wp-content\\\/uploads\\\/2025\\\/10\\\/Woll.-rama.png\",\"width\":2281,\"height\":490,\"caption\":\"Wollorama\"},\"image\":{\"@id\":\"https:\\\/\\\/wollorama.at\\\/#\\\/schema\\\/logo\\\/image\\\/\"},\"sameAs\":[\"https:\\\/\\\/facebook.com\\\/wollorama\",\"https:\\\/\\\/at.pinterest.com\\\/wolloramashop\\\/\"]}]}<\/script>\n<!-- \/ Yoast SEO plugin. -->","yoast_head_json":{"title":"My Dream Knits - Wollorama","description":"My Dream Knits, ist das neue absolut fabelhafte Strickbuch von VEERA V\u00c4LIM\u00c4KI. 20 zeitlose Designs, schlicht sowie verspielt & mit viel Auge f\u00fcr Details.","robots":{"index":"index","follow":"follow","max-snippet":"max-snippet:-1","max-image-preview":"max-image-preview:large","max-video-preview":"max-video-preview:-1"},"canonical":"https:\/\/wollorama.at\/en\/product\/my-dream-knits\/","og_locale":"en_GB","og_type":"article","og_title":"My Dream Knits - Wollorama","og_description":"My Dream Knits, ist das neue absolut fabelhafte Strickbuch von VEERA V\u00c4LIM\u00c4KI. 20 zeitlose Designs, schlicht sowie verspielt & mit viel Auge f\u00fcr Details.","og_url":"https:\/\/wollorama.at\/en\/product\/my-dream-knits\/","og_site_name":"Wollorama","article_publisher":"https:\/\/facebook.com\/wollorama","article_modified_time":"2026-03-26T19:56:59+00:00","og_image":[{"width":2457,"height":3260,"url":"https:\/\/wollorama.at\/wp-content\/uploads\/2025\/10\/My-Dream-Knits_cover.jpg","type":"image\/jpeg"}],"twitter_card":"summary_large_image","twitter_misc":{"Estimated reading time":"1 minute"},"schema":{"@context":"https:\/\/schema.org","@graph":[{"@type":"WebPage","@id":"https:\/\/wollorama.at\/produkt\/my-dream-knits\/","url":"https:\/\/wollorama.at\/produkt\/my-dream-knits\/","name":"My Dream Knits - Wollorama","isPartOf":{"@id":"https:\/\/wollorama.at\/#website"},"primaryImageOfPage":{"@id":"https:\/\/wollorama.at\/produkt\/my-dream-knits\/#primaryimage"},"image":{"@id":"https:\/\/wollorama.at\/produkt\/my-dream-knits\/#primaryimage"},"thumbnailUrl":"https:\/\/wollorama.at\/wp-content\/uploads\/2025\/10\/My-Dream-Knits_cover.jpg","datePublished":"2025-10-05T13:33:42+00:00","dateModified":"2026-03-26T19:56:59+00:00","description":"My Dream Knits, ist das neue absolut fabelhafte Strickbuch von VEERA V\u00c4LIM\u00c4KI. 20 zeitlose Designs, schlicht sowie verspielt & mit viel Auge f\u00fcr Details.","breadcrumb":{"@id":"https:\/\/wollorama.at\/produkt\/my-dream-knits\/#breadcrumb"},"inLanguage":"en-GB","potentialAction":[{"@type":"ReadAction","target":["https:\/\/wollorama.at\/produkt\/my-dream-knits\/"]}]},{"@type":"ImageObject","inLanguage":"en-GB","@id":"https:\/\/wollorama.at\/produkt\/my-dream-knits\/#primaryimage","url":"https:\/\/wollorama.at\/wp-content\/uploads\/2025\/10\/My-Dream-Knits_cover.jpg","contentUrl":"https:\/\/wollorama.at\/wp-content\/uploads\/2025\/10\/My-Dream-Knits_cover.jpg","width":2457,"height":3260},{"@type":"BreadcrumbList","@id":"https:\/\/wollorama.at\/produkt\/my-dream-knits\/#breadcrumb","itemListElement":[{"@type":"ListItem","position":1,"name":"Home","item":"https:\/\/wollorama.at\/"},{"@type":"ListItem","position":2,"name":"Shop","item":"https:\/\/wollorama.at\/wollorama-onlineshop\/"},{"@type":"ListItem","position":3,"name":"My Dream Knits"}]},{"@type":"WebSite","@id":"https:\/\/wollorama.at\/#website","url":"https:\/\/wollorama.at\/","name":"Wollorama","description":"Willkommen","publisher":{"@id":"https:\/\/wollorama.at\/#organization"},"potentialAction":[{"@type":"SearchAction","target":{"@type":"EntryPoint","urlTemplate":"https:\/\/wollorama.at\/?s={search_term_string}"},"query-input":{"@type":"PropertyValueSpecification","valueRequired":true,"valueName":"search_term_string"}}],"inLanguage":"en-GB"},{"@type":"Organization","@id":"https:\/\/wollorama.at\/#organization","name":"Wollorama","url":"https:\/\/wollorama.at\/","logo":{"@type":"ImageObject","inLanguage":"en-GB","@id":"https:\/\/wollorama.at\/#\/schema\/logo\/image\/","url":"https:\/\/wollorama.at\/wp-content\/uploads\/2025\/10\/Woll.-rama.png","contentUrl":"https:\/\/wollorama.at\/wp-content\/uploads\/2025\/10\/Woll.-rama.png","width":2281,"height":490,"caption":"Wollorama"},"image":{"@id":"https:\/\/wollorama.at\/#\/schema\/logo\/image\/"},"sameAs":["https:\/\/facebook.com\/wollorama","https:\/\/at.pinterest.com\/wolloramashop\/"]}]}},"_links":{"self":[{"href":"https:\/\/wollorama.at\/en\/wp-json\/wp\/v2\/product\/7205","targetHints":{"allow":["GET"]}}],"collection":[{"href":"https:\/\/wollorama.at\/en\/wp-json\/wp\/v2\/product"}],"about":[{"href":"https:\/\/wollorama.at\/en\/wp-json\/wp\/v2\/types\/product"}],"replies":[{"embeddable":true,"href":"https:\/\/wollorama.at\/en\/wp-json\/wp\/v2\/comments?post=7205"}],"version-history":[{"count":0,"href":"https:\/\/wollorama.at\/en\/wp-json\/wp\/v2\/product\/7205\/revisions"}],"wp:featuredmedia":[{"embeddable":true,"href":"https:\/\/wollorama.at\/en\/wp-json\/wp\/v2\/media\/7226"}],"wp:attachment":[{"href":"https:\/\/wollorama.at\/en\/wp-json\/wp\/v2\/media?parent=7205"}],"wp:term":[{"taxonomy":"product_brand","embeddable":true,"href":"https:\/\/wollorama.at\/en\/wp-json\/wp\/v2\/product_brand?post=7205"},{"taxonomy":"product_cat","embeddable":true,"href":"https:\/\/wollorama.at\/en\/wp-json\/wp\/v2\/product_cat?post=7205"},{"taxonomy":"product_tag","embeddable":true,"href":"https:\/\/wollorama.at\/en\/wp-json\/wp\/v2\/product_tag?post=7205"}],"curies":[{"name":"wp","href":"https:\/\/api.w.org\/{rel}","templated":true}]}}