{"id":6853,"date":"2025-08-15T07:03:55","date_gmt":"2025-08-15T07:03:55","guid":{"rendered":"https:\/\/wollorama.at\/?post_type=product&#038;p=6853"},"modified":"2026-04-14T02:33:11","modified_gmt":"2026-04-14T02:33:11","slug":"tukubook-nordic-knits-silent-strength","status":"publish","type":"product","link":"https:\/\/wollorama.at\/en\/product\/tukubook-nordic-knits-silent-strength\/","title":{"rendered":"Tukubook"},"content":{"rendered":"<p><strong>Tukubook. Nordic Knits. Silent Strength.<\/strong><\/p>\n<p data-start=\"54\" data-end=\"484\">Diese neue Laine Publikation in Kooperation mit Tukuwool ist ein wundersch\u00f6n gestaltetes Strickbuch, das die Welt von Tukuwool in all ihren Facetten pr\u00e4sentiert. Mit einer Mischung aus modernen und zeitlosen Modellen bietet das Tukubook. Nordic Knits. Silent Strength. sowohl Anf\u00e4ngern als auch erfahrenen Stricker*innen neue Ideen und Techniken.<\/p>\n<p data-start=\"486\" data-end=\"793\">Im Fokus stehen Garne, die in Finnland gesponnen und gef\u00e4rbt werden. Sie sind authentisch, nachhaltig und mit viel Liebe zum Detail hergestellt. Jedes Design ist so konzipiert, dass es die besonderen Eigenschaften der Tukuwool-Garne zur Geltung bringt: klare Maschendefinition, nat\u00fcrliche Haptik und harmonische Farbpaletten.<\/p>\n<p data-start=\"795\" data-end=\"1137\">Neben Anleitungen f\u00fcr Pullover, Cardigans, T\u00fccher und Accessoires findest du im Tukubook auch stimmungsvolle Fotos aus Finnland, die dich direkt in die nordische Strickwelt eintauchen lassen. Die Projekte sind abwechslungsreich, gut erkl\u00e4rt und so gestaltet, dass du sie sowohl im Alltag als auch zu besonderen Anl\u00e4ssen tragen kannst.<\/p>\n<p data-start=\"1139\" data-end=\"1495\">Als <strong data-start=\"1143\" data-end=\"1160\">Vorbestellung<\/strong> hast du die M\u00f6glichkeit, dir dein Exemplar zu sichern. Das <strong>Tukubook. Nordic Knits. Silent Strength.<\/strong> wird so verschickt, dass du p\u00fcnktlich zum Erscheinungstermin mit deinem Lieblingsprojekt starten kannst. Es ist nicht nur ein Strickbuch, sondern auch eine Quelle der Inspiration und eine Liebeserkl\u00e4rung an nachhaltiges Handwerk.<\/p>\n<p data-start=\"1497\" data-end=\"1724\">Egal, ob du schon lange Tukuwool-Fan bist oder die Marke gerade erst entdeckst \u2013 das Tukubook wird dich mit seiner Qualit\u00e4t, seinem Inhalt und seiner Atmosph\u00e4re begeistern. Perfekt zum Schm\u00f6kern, Nachstricken und Verschenken.<\/p>","protected":false},"excerpt":{"rendered":"<p><span class=\"metafield-multi_line_text_field\">208 Seiten<\/span><\/p>\n<p>16 Anleitungen: 6 Pullover, 3 Westen, 1 Pullunder, 1 Top, 2 T\u00fccher, 2 Handschuhpaare und 1 Paar Socken.<\/p>\n<p>Die Strickst\u00fccke kommen in 8-10 Gr\u00f6\u00dfen, und passen Brustumf\u00e4ngen von zumindest 152cm.<\/p>","protected":false},"featured_media":6865,"comment_status":"open","ping_status":"closed","template":"","meta":{"site-sidebar-layout":"default","site-content-layout":"","ast-site-content-layout":"default","site-content-style":"default","site-sidebar-style":"default","ast-global-header-display":"","ast-banner-title-visibility":"","ast-main-header-display":"","ast-hfb-above-header-display":"","ast-hfb-below-header-display":"","ast-hfb-mobile-header-display":"","site-post-title":"","ast-breadcrumbs-content":"","ast-featured-img":"","footer-sml-layout":"","ast-disable-related-posts":"","theme-transparent-header-meta":"default","adv-header-id-meta":"","stick-header-meta":"default","header-above-stick-meta":"","header-main-stick-meta":"","header-below-stick-meta":"","astra-migrate-meta-layouts":"set","ast-page-background-enabled":"default","ast-page-background-meta":{"desktop":{"background-color":"","background-image":"","background-repeat":"repeat","background-position":"center center","background-size":"auto","background-attachment":"scroll","background-type":"","background-media":"","overlay-type":"","overlay-color":"","overlay-opacity":"","overlay-gradient":""},"tablet":{"background-color":"","background-image":"","background-repeat":"repeat","background-position":"center center","background-size":"auto","background-attachment":"scroll","background-type":"","background-media":"","overlay-type":"","overlay-color":"","overlay-opacity":"","overlay-gradient":""},"mobile":{"background-color":"","background-image":"","background-repeat":"repeat","background-position":"center center","background-size":"auto","background-attachment":"scroll","background-type":"","background-media":"","overlay-type":"","overlay-color":"","overlay-opacity":"","overlay-gradient":""}},"ast-content-background-meta":{"desktop":{"background-color":"var(--ast-global-color-5)","background-image":"","background-repeat":"repeat","background-position":"center center","background-size":"auto","background-attachment":"scroll","background-type":"","background-media":"","overlay-type":"","overlay-color":"","overlay-opacity":"","overlay-gradient":""},"tablet":{"background-color":"var(--ast-global-color-5)","background-image":"","background-repeat":"repeat","background-position":"center center","background-size":"auto","background-attachment":"scroll","background-type":"","background-media":"","overlay-type":"","overlay-color":"","overlay-opacity":"","overlay-gradient":""},"mobile":{"background-color":"var(--ast-global-color-5)","background-image":"","background-repeat":"repeat","background-position":"center center","background-size":"auto","background-attachment":"scroll","background-type":"","background-media":"","overlay-type":"","overlay-color":"","overlay-opacity":"","overlay-gradient":""}}},"product_brand":[],"product_cat":[63],"product_tag":[],"class_list":{"0":"post-6853","1":"product","2":"type-product","3":"status-publish","4":"has-post-thumbnail","6":"product_cat-strickbuecher-strickmagazine-von-laine","7":"desktop-align-center","8":"tablet-align-left","9":"mobile-align-left","10":"ast-product-gallery-layout-horizontal-slider","11":"ast-magnify-disabled","12":"ast-product-tabs-layout-horizontal","14":"first","15":"outofstock","16":"featured","17":"shipping-taxable","18":"purchasable","19":"product-type-simple"},"yoast_head":"<!-- This site is optimized with the Yoast SEO plugin v27.4 - https:\/\/yoast.com\/product\/yoast-seo-wordpress\/ -->\n<title>Tukubook<\/title>\n<meta name=\"description\" content=\"Tukubook. Nordic Knits. Silent Strength. - Das Strickbuch mit Designs &amp; Inspiration rund um Tukuwool. Jetzt vorbestellen und zur Erscheinung losstricken.\" \/>\n<meta name=\"robots\" content=\"index, follow, max-snippet:-1, max-image-preview:large, max-video-preview:-1\" \/>\n<link rel=\"canonical\" href=\"https:\/\/wollorama.at\/en\/product\/tukubook-nordic-knits-silent-strength\/\" \/>\n<meta property=\"og:locale\" content=\"en_GB\" \/>\n<meta property=\"og:type\" content=\"article\" \/>\n<meta property=\"og:title\" content=\"Tukubook\" \/>\n<meta property=\"og:description\" content=\"Tukubook. Nordic Knits. Silent Strength. - Das Strickbuch mit Designs &amp; Inspiration rund um Tukuwool. Jetzt vorbestellen und zur Erscheinung losstricken.\" \/>\n<meta property=\"og:url\" content=\"https:\/\/wollorama.at\/en\/product\/tukubook-nordic-knits-silent-strength\/\" \/>\n<meta property=\"og:site_name\" content=\"Wollorama\" \/>\n<meta property=\"article:publisher\" content=\"https:\/\/facebook.com\/wollorama\" \/>\n<meta property=\"article:modified_time\" content=\"2026-04-14T02:33:11+00:00\" \/>\n<meta property=\"og:image\" content=\"https:\/\/wollorama.at\/wp-content\/uploads\/2025\/08\/Tukubook_enkku_insta_1080x1350px.png\" \/>\n\t<meta property=\"og:image:width\" content=\"1080\" \/>\n\t<meta property=\"og:image:height\" content=\"1350\" \/>\n\t<meta property=\"og:image:type\" content=\"image\/png\" \/>\n<meta name=\"twitter:card\" content=\"summary_large_image\" \/>\n<meta name=\"twitter:label1\" content=\"Estimated reading time\" \/>\n\t<meta name=\"twitter:data1\" content=\"2 minutes\" \/>\n<script type=\"application\/ld+json\" class=\"yoast-schema-graph\">{\"@context\":\"https:\\\/\\\/schema.org\",\"@graph\":[{\"@type\":\"WebPage\",\"@id\":\"https:\\\/\\\/wollorama.at\\\/produkt\\\/tukubook-nordic-knits-silent-strength\\\/\",\"url\":\"https:\\\/\\\/wollorama.at\\\/produkt\\\/tukubook-nordic-knits-silent-strength\\\/\",\"name\":\"Tukubook\",\"isPartOf\":{\"@id\":\"https:\\\/\\\/wollorama.at\\\/#website\"},\"primaryImageOfPage\":{\"@id\":\"https:\\\/\\\/wollorama.at\\\/produkt\\\/tukubook-nordic-knits-silent-strength\\\/#primaryimage\"},\"image\":{\"@id\":\"https:\\\/\\\/wollorama.at\\\/produkt\\\/tukubook-nordic-knits-silent-strength\\\/#primaryimage\"},\"thumbnailUrl\":\"https:\\\/\\\/wollorama.at\\\/wp-content\\\/uploads\\\/2025\\\/08\\\/Tukubook_enkku_insta_1080x1350px.png\",\"datePublished\":\"2025-08-15T07:03:55+00:00\",\"dateModified\":\"2026-04-14T02:33:11+00:00\",\"description\":\"Tukubook. Nordic Knits. Silent Strength. - Das Strickbuch mit Designs & Inspiration rund um Tukuwool. Jetzt vorbestellen und zur Erscheinung losstricken.\",\"breadcrumb\":{\"@id\":\"https:\\\/\\\/wollorama.at\\\/produkt\\\/tukubook-nordic-knits-silent-strength\\\/#breadcrumb\"},\"inLanguage\":\"en-GB\",\"potentialAction\":[{\"@type\":\"ReadAction\",\"target\":[\"https:\\\/\\\/wollorama.at\\\/produkt\\\/tukubook-nordic-knits-silent-strength\\\/\"]}]},{\"@type\":\"ImageObject\",\"inLanguage\":\"en-GB\",\"@id\":\"https:\\\/\\\/wollorama.at\\\/produkt\\\/tukubook-nordic-knits-silent-strength\\\/#primaryimage\",\"url\":\"https:\\\/\\\/wollorama.at\\\/wp-content\\\/uploads\\\/2025\\\/08\\\/Tukubook_enkku_insta_1080x1350px.png\",\"contentUrl\":\"https:\\\/\\\/wollorama.at\\\/wp-content\\\/uploads\\\/2025\\\/08\\\/Tukubook_enkku_insta_1080x1350px.png\",\"width\":1080,\"height\":1350,\"caption\":\"Tukubook Cover\"},{\"@type\":\"BreadcrumbList\",\"@id\":\"https:\\\/\\\/wollorama.at\\\/produkt\\\/tukubook-nordic-knits-silent-strength\\\/#breadcrumb\",\"itemListElement\":[{\"@type\":\"ListItem\",\"position\":1,\"name\":\"Home\",\"item\":\"https:\\\/\\\/wollorama.at\\\/\"},{\"@type\":\"ListItem\",\"position\":2,\"name\":\"Shop\",\"item\":\"https:\\\/\\\/wollorama.at\\\/wollorama-onlineshop\\\/\"},{\"@type\":\"ListItem\",\"position\":3,\"name\":\"Tukubook\"}]},{\"@type\":\"WebSite\",\"@id\":\"https:\\\/\\\/wollorama.at\\\/#website\",\"url\":\"https:\\\/\\\/wollorama.at\\\/\",\"name\":\"Wollorama\",\"description\":\"Willkommen\",\"publisher\":{\"@id\":\"https:\\\/\\\/wollorama.at\\\/#organization\"},\"potentialAction\":[{\"@type\":\"SearchAction\",\"target\":{\"@type\":\"EntryPoint\",\"urlTemplate\":\"https:\\\/\\\/wollorama.at\\\/?s={search_term_string}\"},\"query-input\":{\"@type\":\"PropertyValueSpecification\",\"valueRequired\":true,\"valueName\":\"search_term_string\"}}],\"inLanguage\":\"en-GB\"},{\"@type\":\"Organization\",\"@id\":\"https:\\\/\\\/wollorama.at\\\/#organization\",\"name\":\"Wollorama\",\"url\":\"https:\\\/\\\/wollorama.at\\\/\",\"logo\":{\"@type\":\"ImageObject\",\"inLanguage\":\"en-GB\",\"@id\":\"https:\\\/\\\/wollorama.at\\\/#\\\/schema\\\/logo\\\/image\\\/\",\"url\":\"https:\\\/\\\/wollorama.at\\\/wp-content\\\/uploads\\\/2025\\\/10\\\/Woll.-rama.png\",\"contentUrl\":\"https:\\\/\\\/wollorama.at\\\/wp-content\\\/uploads\\\/2025\\\/10\\\/Woll.-rama.png\",\"width\":2281,\"height\":490,\"caption\":\"Wollorama\"},\"image\":{\"@id\":\"https:\\\/\\\/wollorama.at\\\/#\\\/schema\\\/logo\\\/image\\\/\"},\"sameAs\":[\"https:\\\/\\\/facebook.com\\\/wollorama\",\"https:\\\/\\\/at.pinterest.com\\\/wolloramashop\\\/\"]}]}<\/script>\n<!-- \/ Yoast SEO plugin. -->","yoast_head_json":{"title":"Tukubook","description":"Tukubook. Nordic Knits. Silent Strength. - Das Strickbuch mit Designs & Inspiration rund um Tukuwool. Jetzt vorbestellen und zur Erscheinung losstricken.","robots":{"index":"index","follow":"follow","max-snippet":"max-snippet:-1","max-image-preview":"max-image-preview:large","max-video-preview":"max-video-preview:-1"},"canonical":"https:\/\/wollorama.at\/en\/product\/tukubook-nordic-knits-silent-strength\/","og_locale":"en_GB","og_type":"article","og_title":"Tukubook","og_description":"Tukubook. Nordic Knits. Silent Strength. - Das Strickbuch mit Designs & Inspiration rund um Tukuwool. Jetzt vorbestellen und zur Erscheinung losstricken.","og_url":"https:\/\/wollorama.at\/en\/product\/tukubook-nordic-knits-silent-strength\/","og_site_name":"Wollorama","article_publisher":"https:\/\/facebook.com\/wollorama","article_modified_time":"2026-04-14T02:33:11+00:00","og_image":[{"width":1080,"height":1350,"url":"https:\/\/wollorama.at\/wp-content\/uploads\/2025\/08\/Tukubook_enkku_insta_1080x1350px.png","type":"image\/png"}],"twitter_card":"summary_large_image","twitter_misc":{"Estimated reading time":"2 minutes"},"schema":{"@context":"https:\/\/schema.org","@graph":[{"@type":"WebPage","@id":"https:\/\/wollorama.at\/produkt\/tukubook-nordic-knits-silent-strength\/","url":"https:\/\/wollorama.at\/produkt\/tukubook-nordic-knits-silent-strength\/","name":"Tukubook","isPartOf":{"@id":"https:\/\/wollorama.at\/#website"},"primaryImageOfPage":{"@id":"https:\/\/wollorama.at\/produkt\/tukubook-nordic-knits-silent-strength\/#primaryimage"},"image":{"@id":"https:\/\/wollorama.at\/produkt\/tukubook-nordic-knits-silent-strength\/#primaryimage"},"thumbnailUrl":"https:\/\/wollorama.at\/wp-content\/uploads\/2025\/08\/Tukubook_enkku_insta_1080x1350px.png","datePublished":"2025-08-15T07:03:55+00:00","dateModified":"2026-04-14T02:33:11+00:00","description":"Tukubook. Nordic Knits. Silent Strength. - Das Strickbuch mit Designs & Inspiration rund um Tukuwool. Jetzt vorbestellen und zur Erscheinung losstricken.","breadcrumb":{"@id":"https:\/\/wollorama.at\/produkt\/tukubook-nordic-knits-silent-strength\/#breadcrumb"},"inLanguage":"en-GB","potentialAction":[{"@type":"ReadAction","target":["https:\/\/wollorama.at\/produkt\/tukubook-nordic-knits-silent-strength\/"]}]},{"@type":"ImageObject","inLanguage":"en-GB","@id":"https:\/\/wollorama.at\/produkt\/tukubook-nordic-knits-silent-strength\/#primaryimage","url":"https:\/\/wollorama.at\/wp-content\/uploads\/2025\/08\/Tukubook_enkku_insta_1080x1350px.png","contentUrl":"https:\/\/wollorama.at\/wp-content\/uploads\/2025\/08\/Tukubook_enkku_insta_1080x1350px.png","width":1080,"height":1350,"caption":"Tukubook Cover"},{"@type":"BreadcrumbList","@id":"https:\/\/wollorama.at\/produkt\/tukubook-nordic-knits-silent-strength\/#breadcrumb","itemListElement":[{"@type":"ListItem","position":1,"name":"Home","item":"https:\/\/wollorama.at\/"},{"@type":"ListItem","position":2,"name":"Shop","item":"https:\/\/wollorama.at\/wollorama-onlineshop\/"},{"@type":"ListItem","position":3,"name":"Tukubook"}]},{"@type":"WebSite","@id":"https:\/\/wollorama.at\/#website","url":"https:\/\/wollorama.at\/","name":"Wollorama","description":"Willkommen","publisher":{"@id":"https:\/\/wollorama.at\/#organization"},"potentialAction":[{"@type":"SearchAction","target":{"@type":"EntryPoint","urlTemplate":"https:\/\/wollorama.at\/?s={search_term_string}"},"query-input":{"@type":"PropertyValueSpecification","valueRequired":true,"valueName":"search_term_string"}}],"inLanguage":"en-GB"},{"@type":"Organization","@id":"https:\/\/wollorama.at\/#organization","name":"Wollorama","url":"https:\/\/wollorama.at\/","logo":{"@type":"ImageObject","inLanguage":"en-GB","@id":"https:\/\/wollorama.at\/#\/schema\/logo\/image\/","url":"https:\/\/wollorama.at\/wp-content\/uploads\/2025\/10\/Woll.-rama.png","contentUrl":"https:\/\/wollorama.at\/wp-content\/uploads\/2025\/10\/Woll.-rama.png","width":2281,"height":490,"caption":"Wollorama"},"image":{"@id":"https:\/\/wollorama.at\/#\/schema\/logo\/image\/"},"sameAs":["https:\/\/facebook.com\/wollorama","https:\/\/at.pinterest.com\/wolloramashop\/"]}]}},"_links":{"self":[{"href":"https:\/\/wollorama.at\/en\/wp-json\/wp\/v2\/product\/6853","targetHints":{"allow":["GET"]}}],"collection":[{"href":"https:\/\/wollorama.at\/en\/wp-json\/wp\/v2\/product"}],"about":[{"href":"https:\/\/wollorama.at\/en\/wp-json\/wp\/v2\/types\/product"}],"replies":[{"embeddable":true,"href":"https:\/\/wollorama.at\/en\/wp-json\/wp\/v2\/comments?post=6853"}],"version-history":[{"count":0,"href":"https:\/\/wollorama.at\/en\/wp-json\/wp\/v2\/product\/6853\/revisions"}],"wp:featuredmedia":[{"embeddable":true,"href":"https:\/\/wollorama.at\/en\/wp-json\/wp\/v2\/media\/6865"}],"wp:attachment":[{"href":"https:\/\/wollorama.at\/en\/wp-json\/wp\/v2\/media?parent=6853"}],"wp:term":[{"taxonomy":"product_brand","embeddable":true,"href":"https:\/\/wollorama.at\/en\/wp-json\/wp\/v2\/product_brand?post=6853"},{"taxonomy":"product_cat","embeddable":true,"href":"https:\/\/wollorama.at\/en\/wp-json\/wp\/v2\/product_cat?post=6853"},{"taxonomy":"product_tag","embeddable":true,"href":"https:\/\/wollorama.at\/en\/wp-json\/wp\/v2\/product_tag?post=6853"}],"curies":[{"name":"wp","href":"https:\/\/api.w.org\/{rel}","templated":true}]}}