{"id":6741,"date":"2025-08-14T21:18:07","date_gmt":"2025-08-14T21:18:07","guid":{"rendered":"https:\/\/wollorama.at\/?post_type=product&#038;p=6741"},"modified":"2026-04-16T10:36:35","modified_gmt":"2026-04-16T10:36:35","slug":"tukuwool-cashmere-silk","status":"publish","type":"product","link":"https:\/\/wollorama.at\/en\/product\/tukuwool-cashmere-silk\/","title":{"rendered":"Tukuwool Cashmere Silk"},"content":{"rendered":"<p data-start=\"183\" data-end=\"256\"><strong data-start=\"183\" data-end=\"254\">Tukuwool Cashmere Silk 4ply \u2013 Weich, elegant und vielseitig wie nie<\/strong><\/p>\n<p data-start=\"258\" data-end=\"589\">Erleben Sie die zeitlose Sch\u00f6nheit von Kaschmir und Seide mit <strong data-start=\"320\" data-end=\"351\">Tukuwool Cashmere Silk 4ply<\/strong> \u2013 einem wunderbar weichen und leichten Garn. Es vereint luxuri\u00f6se Naturfasern mit einem dezenten, matten Glanz. Dieses Garn erg\u00e4nzt die beliebte Tukuwool-Kollektion perfekt und bringt einen Hauch von Raffinesse in jedes Strickprojekt.<\/p>\n<p data-start=\"591\" data-end=\"908\">Mit seiner Mischung aus <strong data-start=\"615\" data-end=\"643\">70 % recyceltem Kaschmir<\/strong> und <strong data-start=\"648\" data-end=\"679\">30 % tierfreundlicher Seide<\/strong> entsteht ein Stoff, der nicht nur federleicht, sondern auch angenehm w\u00e4rmend ist. Die feine, gleichm\u00e4\u00dfige Struktur sorgt f\u00fcr einen sanften Fall und ein edles Tragegef\u00fchl. Es ist daher ideal geeignet f\u00fcr Pullover, Cardigans, T\u00fccher und Accessoires.<\/p>\n<p data-start=\"910\" data-end=\"1206\"><strong data-start=\"910\" data-end=\"949\">Maschenprobe &amp; Strickeigenschaften:<\/strong><br data-start=\"949\" data-end=\"952\" \/>Als Fingering- bis Sport-Garn verstrickt sich Tukuwool Cashmere Silk 4ply bei einer Maschenprobe von <strong data-start=\"1053\" data-end=\"1077\">26 Maschen auf 10 cm<\/strong> zu einem glatten, klar definierten Maschenbild. F\u00fcr ein lockeres, luftigeres Ergebnis eignen sich <strong data-start=\"1176\" data-end=\"1203\">21\u201325 Maschen auf 10 cm<\/strong>.<\/p>\n<p data-start=\"1208\" data-end=\"1526\"><strong data-start=\"1208\" data-end=\"1235\">Kombinationsfreude pur:<\/strong><br data-start=\"1235\" data-end=\"1238\" \/>Dieses Garn ist ein wahres Allroundtalent \u2013 es l\u00e4sst sich wunderbar mit <strong data-start=\"1310\" data-end=\"1334\">Tukuwool Silk Mohair<\/strong> kombinieren. Auch in Verbindung mit Garnen in Fingering- oder DK-St\u00e4rke verleiht es Strickst\u00fccken zus\u00e4tzliche Weichheit, Tiefe und W\u00e4rme.<\/p>\n<p data-start=\"1528\" data-end=\"1818\">Ob du es solo f\u00fcr elegante, saison\u00fcbergreifende Kleidungsst\u00fccke verwenden oder als Erg\u00e4nzung f\u00fcr interessante Strukturen und Effekte \u2013 <strong data-start=\"1664\" data-end=\"1695\">Tukuwool Cashmere Silk 4ply<\/strong> ist ein unverzichtbares Garn f\u00fcr alle, die zeitlose Luxusgarne sch\u00e4tzen. Die <strong data-start=\"396\" data-end=\"421\">zertifizierten Fasern<\/strong> stammen aus <strong data-start=\"434\" data-end=\"487\">verantwortungsvoller, tierfreundlicher Produktion,<\/strong>\u00a0wodurch wertvolle Ressourcen geschont werden. Jede Masche ist somit nicht nur ein Ausdruck von Handwerkskunst, sondern auch ein bewusster Schritt f\u00fcr den Schutz der Umwelt und das Wohl der Tiere \u2013 f\u00fcr Strickst\u00fccke, die Sch\u00f6nheit und Nachhaltigkeit vereinen.<\/p>","protected":false},"excerpt":{"rendered":"<p role=\"presentation\">Zusammensetzung: 70% GRS-zertifiziertes recyceltes Cashmere, 30% gewaltfreie Seide<\/p>\n<p role=\"presentation\">Laufl\u00e4nge: 87 m \/ 25 g<\/p>\n<p role=\"presentation\">Wollst\u00e4rke: Fingering\/Sport<\/p>\n<p role=\"presentation\">Maschenprobe: 26M auf 10cm<\/p>\n<p role=\"presentation\">Nadelst\u00e4rke: 3mm (US 2.5)<\/p>\n<p role=\"presentation\">Hergestellt in Italien \u2013 Produktion ist Oeko-Tex zertifiziert, GRS zertifiziertes Cashmere, gewaltfreie Seide (China) REACH<\/p>","protected":false},"featured_media":6835,"comment_status":"open","ping_status":"closed","template":"","meta":{"site-sidebar-layout":"default","site-content-layout":"","ast-site-content-layout":"default","site-content-style":"default","site-sidebar-style":"default","ast-global-header-display":"","ast-banner-title-visibility":"","ast-main-header-display":"","ast-hfb-above-header-display":"","ast-hfb-below-header-display":"","ast-hfb-mobile-header-display":"","site-post-title":"","ast-breadcrumbs-content":"","ast-featured-img":"","footer-sml-layout":"","ast-disable-related-posts":"","theme-transparent-header-meta":"default","adv-header-id-meta":"","stick-header-meta":"default","header-above-stick-meta":"","header-main-stick-meta":"","header-below-stick-meta":"","astra-migrate-meta-layouts":"set","ast-page-background-enabled":"default","ast-page-background-meta":{"desktop":{"background-color":"","background-image":"","background-repeat":"repeat","background-position":"center center","background-size":"auto","background-attachment":"scroll","background-type":"","background-media":"","overlay-type":"","overlay-color":"","overlay-opacity":"","overlay-gradient":""},"tablet":{"background-color":"","background-image":"","background-repeat":"repeat","background-position":"center center","background-size":"auto","background-attachment":"scroll","background-type":"","background-media":"","overlay-type":"","overlay-color":"","overlay-opacity":"","overlay-gradient":""},"mobile":{"background-color":"","background-image":"","background-repeat":"repeat","background-position":"center center","background-size":"auto","background-attachment":"scroll","background-type":"","background-media":"","overlay-type":"","overlay-color":"","overlay-opacity":"","overlay-gradient":""}},"ast-content-background-meta":{"desktop":{"background-color":"var(--ast-global-color-5)","background-image":"","background-repeat":"repeat","background-position":"center center","background-size":"auto","background-attachment":"scroll","background-type":"","background-media":"","overlay-type":"","overlay-color":"","overlay-opacity":"","overlay-gradient":""},"tablet":{"background-color":"var(--ast-global-color-5)","background-image":"","background-repeat":"repeat","background-position":"center center","background-size":"auto","background-attachment":"scroll","background-type":"","background-media":"","overlay-type":"","overlay-color":"","overlay-opacity":"","overlay-gradient":""},"mobile":{"background-color":"var(--ast-global-color-5)","background-image":"","background-repeat":"repeat","background-position":"center center","background-size":"auto","background-attachment":"scroll","background-type":"","background-media":"","overlay-type":"","overlay-color":"","overlay-opacity":"","overlay-gradient":""}}},"product_brand":[],"product_cat":[153],"product_tag":[],"class_list":{"0":"post-6741","1":"product","2":"type-product","3":"status-publish","4":"has-post-thumbnail","6":"product_cat-tukuwool","7":"desktop-align-center","8":"tablet-align-left","9":"mobile-align-left","10":"ast-product-gallery-layout-horizontal-slider","11":"ast-product-gallery-with-no-image","12":"ast-magnify-disabled","13":"ast-product-single-variable","14":"ast-product-tabs-layout-horizontal","16":"first","17":"instock","18":"featured","19":"shipping-taxable","20":"purchasable","21":"product-type-variable"},"yoast_head":"<!-- This site is optimized with the Yoast SEO plugin v27.4 - https:\/\/yoast.com\/product\/yoast-seo-wordpress\/ -->\n<title>Tukuwool Cashmere Silk<\/title>\n<meta name=\"description\" content=\"Tukuwool Cashmere Silk \u2013 das fabelhafteste Recyclinggarn \u00fcberhaupt, findest du jetzt im Wollorama - edles Kaschmir trifft auf feine Seide!\" \/>\n<meta name=\"robots\" content=\"index, follow, max-snippet:-1, max-image-preview:large, max-video-preview:-1\" \/>\n<link rel=\"canonical\" href=\"https:\/\/wollorama.at\/en\/product\/tukuwool-cashmere-silk\/\" \/>\n<meta property=\"og:locale\" content=\"en_GB\" \/>\n<meta property=\"og:type\" content=\"article\" \/>\n<meta property=\"og:title\" content=\"Tukuwool Cashmere Silk\" \/>\n<meta property=\"og:description\" content=\"Tukuwool Cashmere Silk \u2013 das fabelhafteste Recyclinggarn \u00fcberhaupt, findest du jetzt im Wollorama - edles Kaschmir trifft auf feine Seide!\" \/>\n<meta property=\"og:url\" content=\"https:\/\/wollorama.at\/en\/product\/tukuwool-cashmere-silk\/\" \/>\n<meta property=\"og:site_name\" content=\"Wollorama\" \/>\n<meta property=\"article:publisher\" content=\"https:\/\/facebook.com\/wollorama\" \/>\n<meta property=\"article:modified_time\" content=\"2026-04-16T10:36:35+00:00\" \/>\n<meta property=\"og:image\" content=\"https:\/\/wollorama.at\/wp-content\/uploads\/2025\/08\/Bildschirmfoto-2025-08-14-um-23.14.30.png\" \/>\n\t<meta property=\"og:image:width\" content=\"1210\" \/>\n\t<meta property=\"og:image:height\" content=\"1526\" \/>\n\t<meta property=\"og:image:type\" content=\"image\/png\" \/>\n<meta name=\"twitter:card\" content=\"summary_large_image\" \/>\n<meta name=\"twitter:label1\" content=\"Estimated reading time\" \/>\n\t<meta name=\"twitter:data1\" content=\"2 minutes\" \/>\n<script type=\"application\/ld+json\" class=\"yoast-schema-graph\">{\"@context\":\"https:\\\/\\\/schema.org\",\"@graph\":[{\"@type\":\"WebPage\",\"@id\":\"https:\\\/\\\/wollorama.at\\\/produkt\\\/tukuwool-cashmere-silk\\\/\",\"url\":\"https:\\\/\\\/wollorama.at\\\/produkt\\\/tukuwool-cashmere-silk\\\/\",\"name\":\"Tukuwool Cashmere Silk\",\"isPartOf\":{\"@id\":\"https:\\\/\\\/wollorama.at\\\/#website\"},\"primaryImageOfPage\":{\"@id\":\"https:\\\/\\\/wollorama.at\\\/produkt\\\/tukuwool-cashmere-silk\\\/#primaryimage\"},\"image\":{\"@id\":\"https:\\\/\\\/wollorama.at\\\/produkt\\\/tukuwool-cashmere-silk\\\/#primaryimage\"},\"thumbnailUrl\":\"https:\\\/\\\/wollorama.at\\\/wp-content\\\/uploads\\\/2025\\\/08\\\/Bildschirmfoto-2025-08-14-um-23.14.30.png\",\"datePublished\":\"2025-08-14T21:18:07+00:00\",\"dateModified\":\"2026-04-16T10:36:35+00:00\",\"description\":\"Tukuwool Cashmere Silk \u2013 das fabelhafteste Recyclinggarn \u00fcberhaupt, findest du jetzt im Wollorama - edles Kaschmir trifft auf feine Seide!\",\"breadcrumb\":{\"@id\":\"https:\\\/\\\/wollorama.at\\\/produkt\\\/tukuwool-cashmere-silk\\\/#breadcrumb\"},\"inLanguage\":\"en-GB\",\"potentialAction\":[{\"@type\":\"ReadAction\",\"target\":[\"https:\\\/\\\/wollorama.at\\\/produkt\\\/tukuwool-cashmere-silk\\\/\"]}]},{\"@type\":\"ImageObject\",\"inLanguage\":\"en-GB\",\"@id\":\"https:\\\/\\\/wollorama.at\\\/produkt\\\/tukuwool-cashmere-silk\\\/#primaryimage\",\"url\":\"https:\\\/\\\/wollorama.at\\\/wp-content\\\/uploads\\\/2025\\\/08\\\/Bildschirmfoto-2025-08-14-um-23.14.30.png\",\"contentUrl\":\"https:\\\/\\\/wollorama.at\\\/wp-content\\\/uploads\\\/2025\\\/08\\\/Bildschirmfoto-2025-08-14-um-23.14.30.png\",\"width\":1210,\"height\":1526,\"caption\":\"Tukuwool Cashmere Seide\"},{\"@type\":\"BreadcrumbList\",\"@id\":\"https:\\\/\\\/wollorama.at\\\/produkt\\\/tukuwool-cashmere-silk\\\/#breadcrumb\",\"itemListElement\":[{\"@type\":\"ListItem\",\"position\":1,\"name\":\"Home\",\"item\":\"https:\\\/\\\/wollorama.at\\\/\"},{\"@type\":\"ListItem\",\"position\":2,\"name\":\"Shop\",\"item\":\"https:\\\/\\\/wollorama.at\\\/wollorama-onlineshop\\\/\"},{\"@type\":\"ListItem\",\"position\":3,\"name\":\"Tukuwool Cashmere Silk\"}]},{\"@type\":\"WebSite\",\"@id\":\"https:\\\/\\\/wollorama.at\\\/#website\",\"url\":\"https:\\\/\\\/wollorama.at\\\/\",\"name\":\"Wollorama\",\"description\":\"Willkommen\",\"publisher\":{\"@id\":\"https:\\\/\\\/wollorama.at\\\/#organization\"},\"potentialAction\":[{\"@type\":\"SearchAction\",\"target\":{\"@type\":\"EntryPoint\",\"urlTemplate\":\"https:\\\/\\\/wollorama.at\\\/?s={search_term_string}\"},\"query-input\":{\"@type\":\"PropertyValueSpecification\",\"valueRequired\":true,\"valueName\":\"search_term_string\"}}],\"inLanguage\":\"en-GB\"},{\"@type\":\"Organization\",\"@id\":\"https:\\\/\\\/wollorama.at\\\/#organization\",\"name\":\"Wollorama\",\"url\":\"https:\\\/\\\/wollorama.at\\\/\",\"logo\":{\"@type\":\"ImageObject\",\"inLanguage\":\"en-GB\",\"@id\":\"https:\\\/\\\/wollorama.at\\\/#\\\/schema\\\/logo\\\/image\\\/\",\"url\":\"https:\\\/\\\/wollorama.at\\\/wp-content\\\/uploads\\\/2025\\\/10\\\/Woll.-rama.png\",\"contentUrl\":\"https:\\\/\\\/wollorama.at\\\/wp-content\\\/uploads\\\/2025\\\/10\\\/Woll.-rama.png\",\"width\":2281,\"height\":490,\"caption\":\"Wollorama\"},\"image\":{\"@id\":\"https:\\\/\\\/wollorama.at\\\/#\\\/schema\\\/logo\\\/image\\\/\"},\"sameAs\":[\"https:\\\/\\\/facebook.com\\\/wollorama\",\"https:\\\/\\\/at.pinterest.com\\\/wolloramashop\\\/\"]}]}<\/script>\n<!-- \/ Yoast SEO plugin. -->","yoast_head_json":{"title":"Tukuwool Cashmere Silk","description":"Tukuwool Cashmere Silk \u2013 das fabelhafteste Recyclinggarn \u00fcberhaupt, findest du jetzt im Wollorama - edles Kaschmir trifft auf feine Seide!","robots":{"index":"index","follow":"follow","max-snippet":"max-snippet:-1","max-image-preview":"max-image-preview:large","max-video-preview":"max-video-preview:-1"},"canonical":"https:\/\/wollorama.at\/en\/product\/tukuwool-cashmere-silk\/","og_locale":"en_GB","og_type":"article","og_title":"Tukuwool Cashmere Silk","og_description":"Tukuwool Cashmere Silk \u2013 das fabelhafteste Recyclinggarn \u00fcberhaupt, findest du jetzt im Wollorama - edles Kaschmir trifft auf feine Seide!","og_url":"https:\/\/wollorama.at\/en\/product\/tukuwool-cashmere-silk\/","og_site_name":"Wollorama","article_publisher":"https:\/\/facebook.com\/wollorama","article_modified_time":"2026-04-16T10:36:35+00:00","og_image":[{"width":1210,"height":1526,"url":"https:\/\/wollorama.at\/wp-content\/uploads\/2025\/08\/Bildschirmfoto-2025-08-14-um-23.14.30.png","type":"image\/png"}],"twitter_card":"summary_large_image","twitter_misc":{"Estimated reading time":"2 minutes"},"schema":{"@context":"https:\/\/schema.org","@graph":[{"@type":"WebPage","@id":"https:\/\/wollorama.at\/produkt\/tukuwool-cashmere-silk\/","url":"https:\/\/wollorama.at\/produkt\/tukuwool-cashmere-silk\/","name":"Tukuwool Cashmere Silk","isPartOf":{"@id":"https:\/\/wollorama.at\/#website"},"primaryImageOfPage":{"@id":"https:\/\/wollorama.at\/produkt\/tukuwool-cashmere-silk\/#primaryimage"},"image":{"@id":"https:\/\/wollorama.at\/produkt\/tukuwool-cashmere-silk\/#primaryimage"},"thumbnailUrl":"https:\/\/wollorama.at\/wp-content\/uploads\/2025\/08\/Bildschirmfoto-2025-08-14-um-23.14.30.png","datePublished":"2025-08-14T21:18:07+00:00","dateModified":"2026-04-16T10:36:35+00:00","description":"Tukuwool Cashmere Silk \u2013 das fabelhafteste Recyclinggarn \u00fcberhaupt, findest du jetzt im Wollorama - edles Kaschmir trifft auf feine Seide!","breadcrumb":{"@id":"https:\/\/wollorama.at\/produkt\/tukuwool-cashmere-silk\/#breadcrumb"},"inLanguage":"en-GB","potentialAction":[{"@type":"ReadAction","target":["https:\/\/wollorama.at\/produkt\/tukuwool-cashmere-silk\/"]}]},{"@type":"ImageObject","inLanguage":"en-GB","@id":"https:\/\/wollorama.at\/produkt\/tukuwool-cashmere-silk\/#primaryimage","url":"https:\/\/wollorama.at\/wp-content\/uploads\/2025\/08\/Bildschirmfoto-2025-08-14-um-23.14.30.png","contentUrl":"https:\/\/wollorama.at\/wp-content\/uploads\/2025\/08\/Bildschirmfoto-2025-08-14-um-23.14.30.png","width":1210,"height":1526,"caption":"Tukuwool Cashmere Seide"},{"@type":"BreadcrumbList","@id":"https:\/\/wollorama.at\/produkt\/tukuwool-cashmere-silk\/#breadcrumb","itemListElement":[{"@type":"ListItem","position":1,"name":"Home","item":"https:\/\/wollorama.at\/"},{"@type":"ListItem","position":2,"name":"Shop","item":"https:\/\/wollorama.at\/wollorama-onlineshop\/"},{"@type":"ListItem","position":3,"name":"Tukuwool Cashmere Silk"}]},{"@type":"WebSite","@id":"https:\/\/wollorama.at\/#website","url":"https:\/\/wollorama.at\/","name":"Wollorama","description":"Willkommen","publisher":{"@id":"https:\/\/wollorama.at\/#organization"},"potentialAction":[{"@type":"SearchAction","target":{"@type":"EntryPoint","urlTemplate":"https:\/\/wollorama.at\/?s={search_term_string}"},"query-input":{"@type":"PropertyValueSpecification","valueRequired":true,"valueName":"search_term_string"}}],"inLanguage":"en-GB"},{"@type":"Organization","@id":"https:\/\/wollorama.at\/#organization","name":"Wollorama","url":"https:\/\/wollorama.at\/","logo":{"@type":"ImageObject","inLanguage":"en-GB","@id":"https:\/\/wollorama.at\/#\/schema\/logo\/image\/","url":"https:\/\/wollorama.at\/wp-content\/uploads\/2025\/10\/Woll.-rama.png","contentUrl":"https:\/\/wollorama.at\/wp-content\/uploads\/2025\/10\/Woll.-rama.png","width":2281,"height":490,"caption":"Wollorama"},"image":{"@id":"https:\/\/wollorama.at\/#\/schema\/logo\/image\/"},"sameAs":["https:\/\/facebook.com\/wollorama","https:\/\/at.pinterest.com\/wolloramashop\/"]}]}},"_links":{"self":[{"href":"https:\/\/wollorama.at\/en\/wp-json\/wp\/v2\/product\/6741","targetHints":{"allow":["GET"]}}],"collection":[{"href":"https:\/\/wollorama.at\/en\/wp-json\/wp\/v2\/product"}],"about":[{"href":"https:\/\/wollorama.at\/en\/wp-json\/wp\/v2\/types\/product"}],"replies":[{"embeddable":true,"href":"https:\/\/wollorama.at\/en\/wp-json\/wp\/v2\/comments?post=6741"}],"version-history":[{"count":1,"href":"https:\/\/wollorama.at\/en\/wp-json\/wp\/v2\/product\/6741\/revisions"}],"predecessor-version":[{"id":8167,"href":"https:\/\/wollorama.at\/en\/wp-json\/wp\/v2\/product\/6741\/revisions\/8167"}],"wp:featuredmedia":[{"embeddable":true,"href":"https:\/\/wollorama.at\/en\/wp-json\/wp\/v2\/media\/6835"}],"wp:attachment":[{"href":"https:\/\/wollorama.at\/en\/wp-json\/wp\/v2\/media?parent=6741"}],"wp:term":[{"taxonomy":"product_brand","embeddable":true,"href":"https:\/\/wollorama.at\/en\/wp-json\/wp\/v2\/product_brand?post=6741"},{"taxonomy":"product_cat","embeddable":true,"href":"https:\/\/wollorama.at\/en\/wp-json\/wp\/v2\/product_cat?post=6741"},{"taxonomy":"product_tag","embeddable":true,"href":"https:\/\/wollorama.at\/en\/wp-json\/wp\/v2\/product_tag?post=6741"}],"curies":[{"name":"wp","href":"https:\/\/api.w.org\/{rel}","templated":true}]}}