{"id":6739,"date":"2025-08-14T21:12:48","date_gmt":"2025-08-14T21:12:48","guid":{"rendered":"https:\/\/wollorama.at\/?post_type=product&#038;p=6739"},"modified":"2026-03-16T19:27:02","modified_gmt":"2026-03-16T19:27:02","slug":"tukuwool-seide-mohair","status":"publish","type":"product","link":"https:\/\/wollorama.at\/en\/product\/tukuwool-seide-mohair\/","title":{"rendered":"Tukuwool Silk Mohair"},"content":{"rendered":"<p data-start=\"131\" data-end=\"157\"><strong data-start=\"131\" data-end=\"155\">Tukuwool Silk Mohair<\/strong><\/p>\n<p data-start=\"159\" data-end=\"494\">Neu in der finnischen Tukuwool-Familie: <strong data-start=\"199\" data-end=\"223\">Tukuwool Silk Mohair<\/strong> \u2013 ein feines Lace-Garn, das den Kollektionen aus finnischer Wolle einen Hauch von Luxus verleiht. Dieses edle Seiden-Mohair-Garn l\u00e4dt dazu ein, neue Strukturen zu gestalten und er\u00f6ffnet Stricker*innen unz\u00e4hlige M\u00f6glichkeiten f\u00fcr kreative Kombinationen.<\/p>\n<p data-start=\"496\" data-end=\"921\">Gefertigt in Italien mit h\u00f6chster Sorgfalt, besteht Tukuwool Seide Mohair aus <strong data-start=\"573\" data-end=\"641\">70 % RMS-zertifiziertem (Responsible Mohair Standard) Kid Mohair<\/strong> und <strong data-start=\"646\" data-end=\"673\">30 % tierfreundlicher Seide<\/strong>. Diese durchdachte Mischung garantiert, dass die Fasern unter Achtung des Tierwohls, der Umwelt und fairer Arbeitsbedingungen gewonnen werden \u2013 damit Sie sich nicht nur \u00fcber das Ergebnis, sondern auch \u00fcber die Herkunft Ihres Garns freuen k\u00f6nnen.<\/p>\n<p data-start=\"923\" data-end=\"1267\">Die Farbpalette ist inspiriert von der nordischen Natur und der klaren, zeitlosen \u00c4sthetik Skandinaviens \u2013 ein harmonisches Zusammenspiel von Tradition und moderner Strickmode.<\/p>\n<p data-start=\"1269\" data-end=\"1653\">Die Farben von Tukuwool Seide Mohair lassen sich mit zahlreichen Nuancen anderer Tukuwool-Garne kombinieren, sodass Sie frei mit <strong data-start=\"1397\" data-end=\"1409\">Layering<\/strong>, <strong data-start=\"1411\" data-end=\"1428\">Farbverl\u00e4ufen<\/strong> und dem charakteristischen, luxuri\u00f6sen Mohair-Halo experimentieren k\u00f6nnen. Ob einfach, doppelt oder mehrf\u00e4dig verstrickt \u2013 oder in Kombination mit einem anderen Garn \u2013 entstehen einzigartige Texturen und spannende Effekte.<\/p>\n<p data-start=\"1655\" data-end=\"1695\"><strong data-start=\"1655\" data-end=\"1693\">Warum genau dieses Seide Mohair Garn?<\/strong><\/p>\n<ul data-start=\"1697\" data-end=\"2137\">\n<li data-start=\"1697\" data-end=\"1816\">\n<p data-start=\"1699\" data-end=\"1816\"><strong data-start=\"1699\" data-end=\"1724\">Nachhaltige Herkunft:<\/strong> Hergestellt in Italien aus 70 % RMS-zertifiziertem Kid Mohair und 30 % tierfreundlicher Seide<\/p>\n<\/li>\n<li data-start=\"1817\" data-end=\"1969\">\n<p data-start=\"1819\" data-end=\"1969\"><strong data-start=\"1819\" data-end=\"1858\">Perfekte Kombinationsm\u00f6glichkeiten:<\/strong> Die Farbpalette ist auf die wundersch\u00f6nen Tukuwool-Farben abgestimmt und verleiht Projekten Tiefe und Weichheit<\/p>\n<\/li>\n<li data-start=\"1970\" data-end=\"2137\">\n<p data-start=\"1972\" data-end=\"2137\"><strong data-start=\"1972\" data-end=\"1994\">Leicht &amp; luxuri\u00f6s:<\/strong> Lace-Garn mit gro\u00dfz\u00fcgigen 225 m pro 25 g-Kn\u00e4uel \u2013 ideal f\u00fcr einen sanften Halo-Effekt, luftige Texturen oder als Erg\u00e4nzung zu anderen Garnen<\/p>\n<\/li>\n<\/ul>","protected":false},"excerpt":{"rendered":"<div class=\"flex flex-col lg:flex-row items-start text-[15px] leading-[15px] gap-1 lg:gap-2\">\n<div class=\"flex-shrink-0 flex gap-2 items-center\">\n<div class=\"font-semibold !font-denimsb\">Zusammensetzung: 30% tierfreundliche Seide, 70 % RMS zertifiziertes Kidmohair<\/div>\n<\/div>\n<\/div>\n<div class=\"flex flex-col lg:flex-row items-start text-[15px] leading-[15px] gap-1 lg:gap-2\">\n<div class=\"flex-shrink-0 flex gap-2 items-center\">\n<div class=\"font-semibold !font-denimsb\">Laufl\u00e4nge\/ Gewicht: 225 m \/ 25 g<\/div>\n<\/div>\n<\/div>\n<div class=\"flex flex-col lg:flex-row items-start text-[15px] leading-[15px] gap-1 lg:gap-2\">\n<div class=\"flex-shrink-0 flex gap-2 items-center\">\n<div class=\"font-semibold !font-denimsb\">Wollst\u00e4rke: Lace<\/div>\n<\/div>\n<\/div>\n<div class=\"flex flex-col lg:flex-row items-start text-[15px] leading-[15px] gap-1 lg:gap-2\">\n<div class=\"font-normal\">Maschenprobe: 18-24 M auf 10cm<\/div>\n<\/div>\n<div class=\"flex flex-col lg:flex-row items-start text-[15px] leading-[15px] gap-1 lg:gap-2\">\n<div class=\"flex-shrink-0 flex gap-2 items-center\">\n<div class=\"font-semibold !font-denimsb\">Nadelst\u00e4rke: 3-5mm (US 2.5-8)<\/div>\n<\/div>\n<\/div>\n","protected":false},"featured_media":7822,"comment_status":"open","ping_status":"closed","template":"","meta":{"site-sidebar-layout":"default","site-content-layout":"","ast-site-content-layout":"default","site-content-style":"default","site-sidebar-style":"default","ast-global-header-display":"","ast-banner-title-visibility":"","ast-main-header-display":"","ast-hfb-above-header-display":"","ast-hfb-below-header-display":"","ast-hfb-mobile-header-display":"","site-post-title":"","ast-breadcrumbs-content":"","ast-featured-img":"","footer-sml-layout":"","ast-disable-related-posts":"","theme-transparent-header-meta":"default","adv-header-id-meta":"","stick-header-meta":"default","header-above-stick-meta":"","header-main-stick-meta":"","header-below-stick-meta":"","astra-migrate-meta-layouts":"set","ast-page-background-enabled":"default","ast-page-background-meta":{"desktop":{"background-color":"","background-image":"","background-repeat":"repeat","background-position":"center center","background-size":"auto","background-attachment":"scroll","background-type":"","background-media":"","overlay-type":"","overlay-color":"","overlay-opacity":"","overlay-gradient":""},"tablet":{"background-color":"","background-image":"","background-repeat":"repeat","background-position":"center center","background-size":"auto","background-attachment":"scroll","background-type":"","background-media":"","overlay-type":"","overlay-color":"","overlay-opacity":"","overlay-gradient":""},"mobile":{"background-color":"","background-image":"","background-repeat":"repeat","background-position":"center center","background-size":"auto","background-attachment":"scroll","background-type":"","background-media":"","overlay-type":"","overlay-color":"","overlay-opacity":"","overlay-gradient":""}},"ast-content-background-meta":{"desktop":{"background-color":"var(--ast-global-color-5)","background-image":"","background-repeat":"repeat","background-position":"center center","background-size":"auto","background-attachment":"scroll","background-type":"","background-media":"","overlay-type":"","overlay-color":"","overlay-opacity":"","overlay-gradient":""},"tablet":{"background-color":"var(--ast-global-color-5)","background-image":"","background-repeat":"repeat","background-position":"center center","background-size":"auto","background-attachment":"scroll","background-type":"","background-media":"","overlay-type":"","overlay-color":"","overlay-opacity":"","overlay-gradient":""},"mobile":{"background-color":"var(--ast-global-color-5)","background-image":"","background-repeat":"repeat","background-position":"center center","background-size":"auto","background-attachment":"scroll","background-type":"","background-media":"","overlay-type":"","overlay-color":"","overlay-opacity":"","overlay-gradient":""}}},"product_brand":[],"product_cat":[153],"product_tag":[],"class_list":{"0":"post-6739","1":"product","2":"type-product","3":"status-publish","4":"has-post-thumbnail","6":"product_cat-tukuwool","7":"desktop-align-center","8":"tablet-align-left","9":"mobile-align-left","10":"ast-product-gallery-layout-horizontal-slider","11":"ast-product-gallery-with-no-image","12":"ast-magnify-disabled","13":"ast-product-single-variable","14":"ast-product-tabs-layout-horizontal","16":"first","17":"instock","18":"featured","19":"shipping-taxable","20":"purchasable","21":"product-type-variable"},"yoast_head":"<!-- This site is optimized with the Yoast SEO plugin v27.4 - https:\/\/yoast.com\/product\/yoast-seo-wordpress\/ -->\n<title>Tukuwool Seide Mohair<\/title>\n<meta name=\"description\" content=\"Tukuwool Seide Mohair Garn - ein Garn dass nicht nur durch seine Kuscheligkeit besticht, sondern auch durch die besondere Sorgfalt bei der Herstellung!\" \/>\n<meta name=\"robots\" content=\"index, follow, max-snippet:-1, max-image-preview:large, max-video-preview:-1\" \/>\n<link rel=\"canonical\" href=\"https:\/\/wollorama.at\/en\/product\/tukuwool-seide-mohair\/\" \/>\n<meta property=\"og:locale\" content=\"en_GB\" \/>\n<meta property=\"og:type\" content=\"article\" \/>\n<meta property=\"og:title\" content=\"Tukuwool Seide Mohair\" \/>\n<meta property=\"og:description\" content=\"Tukuwool Seide Mohair Garn - ein Garn dass nicht nur durch seine Kuscheligkeit besticht, sondern auch durch die besondere Sorgfalt bei der Herstellung!\" \/>\n<meta property=\"og:url\" content=\"https:\/\/wollorama.at\/en\/product\/tukuwool-seide-mohair\/\" \/>\n<meta property=\"og:site_name\" content=\"Wollorama\" \/>\n<meta property=\"article:publisher\" content=\"https:\/\/facebook.com\/wollorama\" \/>\n<meta property=\"article:modified_time\" content=\"2026-03-16T19:27:02+00:00\" \/>\n<meta property=\"og:image\" content=\"https:\/\/wollorama.at\/wp-content\/uploads\/2025\/11\/2025_09_09_9999_56-rotated.jpg\" \/>\n\t<meta property=\"og:image:width\" content=\"2304\" \/>\n\t<meta property=\"og:image:height\" content=\"3456\" \/>\n\t<meta property=\"og:image:type\" content=\"image\/jpeg\" \/>\n<meta name=\"twitter:card\" content=\"summary_large_image\" \/>\n<meta name=\"twitter:label1\" content=\"Estimated reading time\" \/>\n\t<meta name=\"twitter:data1\" content=\"2 minutes\" \/>\n<script type=\"application\/ld+json\" class=\"yoast-schema-graph\">{\"@context\":\"https:\\\/\\\/schema.org\",\"@graph\":[{\"@type\":\"WebPage\",\"@id\":\"https:\\\/\\\/wollorama.at\\\/produkt\\\/tukuwool-seide-mohair\\\/\",\"url\":\"https:\\\/\\\/wollorama.at\\\/produkt\\\/tukuwool-seide-mohair\\\/\",\"name\":\"Tukuwool Seide Mohair\",\"isPartOf\":{\"@id\":\"https:\\\/\\\/wollorama.at\\\/#website\"},\"primaryImageOfPage\":{\"@id\":\"https:\\\/\\\/wollorama.at\\\/produkt\\\/tukuwool-seide-mohair\\\/#primaryimage\"},\"image\":{\"@id\":\"https:\\\/\\\/wollorama.at\\\/produkt\\\/tukuwool-seide-mohair\\\/#primaryimage\"},\"thumbnailUrl\":\"https:\\\/\\\/wollorama.at\\\/wp-content\\\/uploads\\\/2025\\\/11\\\/2025_09_09_9999_56-rotated.jpg\",\"datePublished\":\"2025-08-14T21:12:48+00:00\",\"dateModified\":\"2026-03-16T19:27:02+00:00\",\"description\":\"Tukuwool Seide Mohair Garn - ein Garn dass nicht nur durch seine Kuscheligkeit besticht, sondern auch durch die besondere Sorgfalt bei der Herstellung!\",\"breadcrumb\":{\"@id\":\"https:\\\/\\\/wollorama.at\\\/produkt\\\/tukuwool-seide-mohair\\\/#breadcrumb\"},\"inLanguage\":\"en-GB\",\"potentialAction\":[{\"@type\":\"ReadAction\",\"target\":[\"https:\\\/\\\/wollorama.at\\\/produkt\\\/tukuwool-seide-mohair\\\/\"]}]},{\"@type\":\"ImageObject\",\"inLanguage\":\"en-GB\",\"@id\":\"https:\\\/\\\/wollorama.at\\\/produkt\\\/tukuwool-seide-mohair\\\/#primaryimage\",\"url\":\"https:\\\/\\\/wollorama.at\\\/wp-content\\\/uploads\\\/2025\\\/11\\\/2025_09_09_9999_56-rotated.jpg\",\"contentUrl\":\"https:\\\/\\\/wollorama.at\\\/wp-content\\\/uploads\\\/2025\\\/11\\\/2025_09_09_9999_56-rotated.jpg\",\"width\":2304,\"height\":3456},{\"@type\":\"BreadcrumbList\",\"@id\":\"https:\\\/\\\/wollorama.at\\\/produkt\\\/tukuwool-seide-mohair\\\/#breadcrumb\",\"itemListElement\":[{\"@type\":\"ListItem\",\"position\":1,\"name\":\"Home\",\"item\":\"https:\\\/\\\/wollorama.at\\\/\"},{\"@type\":\"ListItem\",\"position\":2,\"name\":\"Shop\",\"item\":\"https:\\\/\\\/wollorama.at\\\/wollorama-onlineshop\\\/\"},{\"@type\":\"ListItem\",\"position\":3,\"name\":\"Tukuwool Seide Mohair\"}]},{\"@type\":\"WebSite\",\"@id\":\"https:\\\/\\\/wollorama.at\\\/#website\",\"url\":\"https:\\\/\\\/wollorama.at\\\/\",\"name\":\"Wollorama\",\"description\":\"Willkommen\",\"publisher\":{\"@id\":\"https:\\\/\\\/wollorama.at\\\/#organization\"},\"potentialAction\":[{\"@type\":\"SearchAction\",\"target\":{\"@type\":\"EntryPoint\",\"urlTemplate\":\"https:\\\/\\\/wollorama.at\\\/?s={search_term_string}\"},\"query-input\":{\"@type\":\"PropertyValueSpecification\",\"valueRequired\":true,\"valueName\":\"search_term_string\"}}],\"inLanguage\":\"en-GB\"},{\"@type\":\"Organization\",\"@id\":\"https:\\\/\\\/wollorama.at\\\/#organization\",\"name\":\"Wollorama\",\"url\":\"https:\\\/\\\/wollorama.at\\\/\",\"logo\":{\"@type\":\"ImageObject\",\"inLanguage\":\"en-GB\",\"@id\":\"https:\\\/\\\/wollorama.at\\\/#\\\/schema\\\/logo\\\/image\\\/\",\"url\":\"https:\\\/\\\/wollorama.at\\\/wp-content\\\/uploads\\\/2025\\\/10\\\/Woll.-rama.png\",\"contentUrl\":\"https:\\\/\\\/wollorama.at\\\/wp-content\\\/uploads\\\/2025\\\/10\\\/Woll.-rama.png\",\"width\":2281,\"height\":490,\"caption\":\"Wollorama\"},\"image\":{\"@id\":\"https:\\\/\\\/wollorama.at\\\/#\\\/schema\\\/logo\\\/image\\\/\"},\"sameAs\":[\"https:\\\/\\\/facebook.com\\\/wollorama\",\"https:\\\/\\\/at.pinterest.com\\\/wolloramashop\\\/\"]}]}<\/script>\n<!-- \/ Yoast SEO plugin. -->","yoast_head_json":{"title":"Tukuwool Silk Mohair","description":"Tukuwool Seide Mohair Garn - ein Garn dass nicht nur durch seine Kuscheligkeit besticht, sondern auch durch die besondere Sorgfalt bei der Herstellung!","robots":{"index":"index","follow":"follow","max-snippet":"max-snippet:-1","max-image-preview":"max-image-preview:large","max-video-preview":"max-video-preview:-1"},"canonical":"https:\/\/wollorama.at\/en\/product\/tukuwool-seide-mohair\/","og_locale":"en_GB","og_type":"article","og_title":"Tukuwool Seide Mohair","og_description":"Tukuwool Seide Mohair Garn - ein Garn dass nicht nur durch seine Kuscheligkeit besticht, sondern auch durch die besondere Sorgfalt bei der Herstellung!","og_url":"https:\/\/wollorama.at\/en\/product\/tukuwool-seide-mohair\/","og_site_name":"Wollorama","article_publisher":"https:\/\/facebook.com\/wollorama","article_modified_time":"2026-03-16T19:27:02+00:00","og_image":[{"width":2304,"height":3456,"url":"https:\/\/wollorama.at\/wp-content\/uploads\/2025\/11\/2025_09_09_9999_56-rotated.jpg","type":"image\/jpeg"}],"twitter_card":"summary_large_image","twitter_misc":{"Estimated reading time":"2 minutes"},"schema":{"@context":"https:\/\/schema.org","@graph":[{"@type":"WebPage","@id":"https:\/\/wollorama.at\/produkt\/tukuwool-seide-mohair\/","url":"https:\/\/wollorama.at\/produkt\/tukuwool-seide-mohair\/","name":"Tukuwool Silk Mohair","isPartOf":{"@id":"https:\/\/wollorama.at\/#website"},"primaryImageOfPage":{"@id":"https:\/\/wollorama.at\/produkt\/tukuwool-seide-mohair\/#primaryimage"},"image":{"@id":"https:\/\/wollorama.at\/produkt\/tukuwool-seide-mohair\/#primaryimage"},"thumbnailUrl":"https:\/\/wollorama.at\/wp-content\/uploads\/2025\/11\/2025_09_09_9999_56-rotated.jpg","datePublished":"2025-08-14T21:12:48+00:00","dateModified":"2026-03-16T19:27:02+00:00","description":"Tukuwool Seide Mohair Garn - ein Garn dass nicht nur durch seine Kuscheligkeit besticht, sondern auch durch die besondere Sorgfalt bei der Herstellung!","breadcrumb":{"@id":"https:\/\/wollorama.at\/produkt\/tukuwool-seide-mohair\/#breadcrumb"},"inLanguage":"en-GB","potentialAction":[{"@type":"ReadAction","target":["https:\/\/wollorama.at\/produkt\/tukuwool-seide-mohair\/"]}]},{"@type":"ImageObject","inLanguage":"en-GB","@id":"https:\/\/wollorama.at\/produkt\/tukuwool-seide-mohair\/#primaryimage","url":"https:\/\/wollorama.at\/wp-content\/uploads\/2025\/11\/2025_09_09_9999_56-rotated.jpg","contentUrl":"https:\/\/wollorama.at\/wp-content\/uploads\/2025\/11\/2025_09_09_9999_56-rotated.jpg","width":2304,"height":3456},{"@type":"BreadcrumbList","@id":"https:\/\/wollorama.at\/produkt\/tukuwool-seide-mohair\/#breadcrumb","itemListElement":[{"@type":"ListItem","position":1,"name":"Home","item":"https:\/\/wollorama.at\/"},{"@type":"ListItem","position":2,"name":"Shop","item":"https:\/\/wollorama.at\/wollorama-onlineshop\/"},{"@type":"ListItem","position":3,"name":"Tukuwool Seide Mohair"}]},{"@type":"WebSite","@id":"https:\/\/wollorama.at\/#website","url":"https:\/\/wollorama.at\/","name":"Wollorama","description":"Willkommen","publisher":{"@id":"https:\/\/wollorama.at\/#organization"},"potentialAction":[{"@type":"SearchAction","target":{"@type":"EntryPoint","urlTemplate":"https:\/\/wollorama.at\/?s={search_term_string}"},"query-input":{"@type":"PropertyValueSpecification","valueRequired":true,"valueName":"search_term_string"}}],"inLanguage":"en-GB"},{"@type":"Organization","@id":"https:\/\/wollorama.at\/#organization","name":"Wollorama","url":"https:\/\/wollorama.at\/","logo":{"@type":"ImageObject","inLanguage":"en-GB","@id":"https:\/\/wollorama.at\/#\/schema\/logo\/image\/","url":"https:\/\/wollorama.at\/wp-content\/uploads\/2025\/10\/Woll.-rama.png","contentUrl":"https:\/\/wollorama.at\/wp-content\/uploads\/2025\/10\/Woll.-rama.png","width":2281,"height":490,"caption":"Wollorama"},"image":{"@id":"https:\/\/wollorama.at\/#\/schema\/logo\/image\/"},"sameAs":["https:\/\/facebook.com\/wollorama","https:\/\/at.pinterest.com\/wolloramashop\/"]}]}},"_links":{"self":[{"href":"https:\/\/wollorama.at\/en\/wp-json\/wp\/v2\/product\/6739","targetHints":{"allow":["GET"]}}],"collection":[{"href":"https:\/\/wollorama.at\/en\/wp-json\/wp\/v2\/product"}],"about":[{"href":"https:\/\/wollorama.at\/en\/wp-json\/wp\/v2\/types\/product"}],"replies":[{"embeddable":true,"href":"https:\/\/wollorama.at\/en\/wp-json\/wp\/v2\/comments?post=6739"}],"version-history":[{"count":0,"href":"https:\/\/wollorama.at\/en\/wp-json\/wp\/v2\/product\/6739\/revisions"}],"wp:featuredmedia":[{"embeddable":true,"href":"https:\/\/wollorama.at\/en\/wp-json\/wp\/v2\/media\/7822"}],"wp:attachment":[{"href":"https:\/\/wollorama.at\/en\/wp-json\/wp\/v2\/media?parent=6739"}],"wp:term":[{"taxonomy":"product_brand","embeddable":true,"href":"https:\/\/wollorama.at\/en\/wp-json\/wp\/v2\/product_brand?post=6739"},{"taxonomy":"product_cat","embeddable":true,"href":"https:\/\/wollorama.at\/en\/wp-json\/wp\/v2\/product_cat?post=6739"},{"taxonomy":"product_tag","embeddable":true,"href":"https:\/\/wollorama.at\/en\/wp-json\/wp\/v2\/product_tag?post=6739"}],"curies":[{"name":"wp","href":"https:\/\/api.w.org\/{rel}","templated":true}]}}