{"id":6737,"date":"2025-08-14T21:05:36","date_gmt":"2025-08-14T21:05:36","guid":{"rendered":"https:\/\/wollorama.at\/?post_type=product&#038;p=6737"},"modified":"2026-04-14T02:33:53","modified_gmt":"2026-04-14T02:33:53","slug":"tukuwool-nordic-resilk","status":"publish","type":"product","link":"https:\/\/wollorama.at\/en\/product\/tukuwool-nordic-resilk\/","title":{"rendered":"Tukuwool Nordic Resilk"},"content":{"rendered":"<p data-start=\"123\" data-end=\"395\"><strong>Tukuwool Nordic ReSilk<\/strong> verbindet finnische Spinnkunst, regionale Materialien und feinen Luxus. Es besteht aus 50 % finnischer Wolle und 50 % in Finnland recycelter Seide. Das Ergebnis ist ein weiches, atmungsaktives Garn mit sanftem Fall und einer feinen Tweed-Struktur.<\/p>\n<p data-start=\"397\" data-end=\"709\">In Finnland im <strong>Wollgarnspinnverfahren<\/strong> gefertigt, ist dieses zweif\u00e4dige Garn leicht, warm und voller Leben. Der feine Seidenglanz verleiht jedem Strickst\u00fcck Tiefe. Nordic ReSilk ist ideal f\u00fcr Pullover, Cardigans, T\u00fccher und Accessoires \u2013 und wird zu 100 % lokal produziert, vom Rohstoff bis zum fertigen Kn\u00e4uel.<\/p>\n<p data-start=\"711\" data-end=\"916\">Die Herstellung ist vollst\u00e4ndig regional. Die Wolle stammt von finnischen Schafen, die <strong>Seide aus Post-Consumer-Fasern<\/strong>, recycelt innerhalb des Landes. So werden Ressourcen geschont und Wege kurz gehalten.<\/p>\n<p data-start=\"918\" data-end=\"1504\">Doch <strong>Tukuwool Nordic ReSilk<\/strong> punktet nicht nur mit Nachhaltigkeit. Es ist auch unglaublich vielseitig. Wolle w\u00e4rmt an kalten Wintertagen, w\u00e4hrend die atmungsaktive Seide f\u00fcr Tragekomfort in der \u00dcbergangszeit sorgt. Die Tweed-Struktur l\u00e4sst selbst einfache Muster lebendig wirken und verleiht deinem Projekt eine zeitlose Note. Ob strukturierter Pullover, eleganter Cardigan oder gem\u00fctliches Tuch \u2013 du erschaffst ein St\u00fcck, das im Alltag wie zu besonderen Anl\u00e4ssen passt. Mit jedem Kn\u00e4uel unterst\u00fctzt du den Erhalt lokaler Ressourcen, reduzierst Abfall und bewahrst traditionelle Handwerkskunst.<\/p>","protected":false},"excerpt":{"rendered":"<p>Zusammensetzung: 50% finnische Schafwolle, 50% recycelte Seide<\/p>\n<p>L\u00e4nge\/Gewicht: 135m\/ 50g<\/p>\n<p>Wollst\u00e4rke: DK<\/p>\n<p>Maschenprobe: 22M<\/p>\n<p>Nadelst\u00e4rke: 3.5mm (US 4)<\/p>","protected":false},"featured_media":7356,"comment_status":"open","ping_status":"closed","template":"","meta":{"site-sidebar-layout":"default","site-content-layout":"","ast-site-content-layout":"default","site-content-style":"default","site-sidebar-style":"default","ast-global-header-display":"","ast-banner-title-visibility":"","ast-main-header-display":"","ast-hfb-above-header-display":"","ast-hfb-below-header-display":"","ast-hfb-mobile-header-display":"","site-post-title":"","ast-breadcrumbs-content":"","ast-featured-img":"","footer-sml-layout":"","ast-disable-related-posts":"","theme-transparent-header-meta":"default","adv-header-id-meta":"","stick-header-meta":"default","header-above-stick-meta":"","header-main-stick-meta":"","header-below-stick-meta":"","astra-migrate-meta-layouts":"set","ast-page-background-enabled":"default","ast-page-background-meta":{"desktop":{"background-color":"","background-image":"","background-repeat":"repeat","background-position":"center center","background-size":"auto","background-attachment":"scroll","background-type":"","background-media":"","overlay-type":"","overlay-color":"","overlay-opacity":"","overlay-gradient":""},"tablet":{"background-color":"","background-image":"","background-repeat":"repeat","background-position":"center center","background-size":"auto","background-attachment":"scroll","background-type":"","background-media":"","overlay-type":"","overlay-color":"","overlay-opacity":"","overlay-gradient":""},"mobile":{"background-color":"","background-image":"","background-repeat":"repeat","background-position":"center center","background-size":"auto","background-attachment":"scroll","background-type":"","background-media":"","overlay-type":"","overlay-color":"","overlay-opacity":"","overlay-gradient":""}},"ast-content-background-meta":{"desktop":{"background-color":"var(--ast-global-color-5)","background-image":"","background-repeat":"repeat","background-position":"center center","background-size":"auto","background-attachment":"scroll","background-type":"","background-media":"","overlay-type":"","overlay-color":"","overlay-opacity":"","overlay-gradient":""},"tablet":{"background-color":"var(--ast-global-color-5)","background-image":"","background-repeat":"repeat","background-position":"center center","background-size":"auto","background-attachment":"scroll","background-type":"","background-media":"","overlay-type":"","overlay-color":"","overlay-opacity":"","overlay-gradient":""},"mobile":{"background-color":"var(--ast-global-color-5)","background-image":"","background-repeat":"repeat","background-position":"center center","background-size":"auto","background-attachment":"scroll","background-type":"","background-media":"","overlay-type":"","overlay-color":"","overlay-opacity":"","overlay-gradient":""}}},"product_brand":[],"product_cat":[153],"product_tag":[],"class_list":{"0":"post-6737","1":"product","2":"type-product","3":"status-publish","4":"has-post-thumbnail","6":"product_cat-tukuwool","7":"desktop-align-center","8":"tablet-align-left","9":"mobile-align-left","10":"ast-product-gallery-layout-horizontal-slider","11":"ast-magnify-disabled","12":"ast-product-single-variable","13":"ast-product-tabs-layout-horizontal","15":"first","16":"instock","17":"featured","18":"shipping-taxable","19":"purchasable","20":"product-type-variable"},"yoast_head":"<!-- This site is optimized with the Yoast SEO plugin v27.4 - https:\/\/yoast.com\/product\/yoast-seo-wordpress\/ -->\n<title>Tukuwool Nordic Resilk<\/title>\n<meta name=\"description\" content=\"Tukuwool Nordic Resilk \u2013 Nachhaltiges Strickgarn aus finnischer Wolle &amp; 100% recycelter Seide. Weich &amp; vielseitig: ideal f\u00fcr leichte Pullover oder T\u00fccher.\" \/>\n<meta name=\"robots\" content=\"index, follow, max-snippet:-1, max-image-preview:large, max-video-preview:-1\" \/>\n<link rel=\"canonical\" href=\"https:\/\/wollorama.at\/en\/product\/tukuwool-nordic-resilk\/\" \/>\n<meta property=\"og:locale\" content=\"en_GB\" \/>\n<meta property=\"og:type\" content=\"article\" \/>\n<meta property=\"og:title\" content=\"Tukuwool Nordic Resilk\" \/>\n<meta property=\"og:description\" content=\"Tukuwool Nordic Resilk \u2013 Nachhaltiges Strickgarn aus finnischer Wolle &amp; 100% recycelter Seide. Weich &amp; vielseitig: ideal f\u00fcr leichte Pullover oder T\u00fccher.\" \/>\n<meta property=\"og:url\" content=\"https:\/\/wollorama.at\/en\/product\/tukuwool-nordic-resilk\/\" \/>\n<meta property=\"og:site_name\" content=\"Wollorama\" \/>\n<meta property=\"article:publisher\" content=\"https:\/\/facebook.com\/wollorama\" \/>\n<meta property=\"article:modified_time\" content=\"2026-04-14T02:33:53+00:00\" \/>\n<meta property=\"og:image\" content=\"https:\/\/wollorama.at\/wp-content\/uploads\/2025\/08\/2025_10_07_9999_5-rotated.jpg\" \/>\n\t<meta property=\"og:image:width\" content=\"2304\" \/>\n\t<meta property=\"og:image:height\" content=\"3456\" \/>\n\t<meta property=\"og:image:type\" content=\"image\/jpeg\" \/>\n<meta name=\"twitter:card\" content=\"summary_large_image\" \/>\n<meta name=\"twitter:label1\" content=\"Estimated reading time\" \/>\n\t<meta name=\"twitter:data1\" content=\"2 minutes\" \/>\n<script type=\"application\/ld+json\" class=\"yoast-schema-graph\">{\"@context\":\"https:\\\/\\\/schema.org\",\"@graph\":[{\"@type\":\"WebPage\",\"@id\":\"https:\\\/\\\/wollorama.at\\\/produkt\\\/tukuwool-nordic-resilk\\\/\",\"url\":\"https:\\\/\\\/wollorama.at\\\/produkt\\\/tukuwool-nordic-resilk\\\/\",\"name\":\"Tukuwool Nordic Resilk\",\"isPartOf\":{\"@id\":\"https:\\\/\\\/wollorama.at\\\/#website\"},\"primaryImageOfPage\":{\"@id\":\"https:\\\/\\\/wollorama.at\\\/produkt\\\/tukuwool-nordic-resilk\\\/#primaryimage\"},\"image\":{\"@id\":\"https:\\\/\\\/wollorama.at\\\/produkt\\\/tukuwool-nordic-resilk\\\/#primaryimage\"},\"thumbnailUrl\":\"https:\\\/\\\/wollorama.at\\\/wp-content\\\/uploads\\\/2025\\\/08\\\/2025_10_07_9999_5-rotated.jpg\",\"datePublished\":\"2025-08-14T21:05:36+00:00\",\"dateModified\":\"2026-04-14T02:33:53+00:00\",\"description\":\"Tukuwool Nordic Resilk \u2013 Nachhaltiges Strickgarn aus finnischer Wolle & 100% recycelter Seide. Weich & vielseitig: ideal f\u00fcr leichte Pullover oder T\u00fccher.\",\"breadcrumb\":{\"@id\":\"https:\\\/\\\/wollorama.at\\\/produkt\\\/tukuwool-nordic-resilk\\\/#breadcrumb\"},\"inLanguage\":\"en-GB\",\"potentialAction\":[{\"@type\":\"ReadAction\",\"target\":[\"https:\\\/\\\/wollorama.at\\\/produkt\\\/tukuwool-nordic-resilk\\\/\"]}]},{\"@type\":\"ImageObject\",\"inLanguage\":\"en-GB\",\"@id\":\"https:\\\/\\\/wollorama.at\\\/produkt\\\/tukuwool-nordic-resilk\\\/#primaryimage\",\"url\":\"https:\\\/\\\/wollorama.at\\\/wp-content\\\/uploads\\\/2025\\\/08\\\/2025_10_07_9999_5-rotated.jpg\",\"contentUrl\":\"https:\\\/\\\/wollorama.at\\\/wp-content\\\/uploads\\\/2025\\\/08\\\/2025_10_07_9999_5-rotated.jpg\",\"width\":2304,\"height\":3456},{\"@type\":\"BreadcrumbList\",\"@id\":\"https:\\\/\\\/wollorama.at\\\/produkt\\\/tukuwool-nordic-resilk\\\/#breadcrumb\",\"itemListElement\":[{\"@type\":\"ListItem\",\"position\":1,\"name\":\"Home\",\"item\":\"https:\\\/\\\/wollorama.at\\\/\"},{\"@type\":\"ListItem\",\"position\":2,\"name\":\"Shop\",\"item\":\"https:\\\/\\\/wollorama.at\\\/wollorama-onlineshop\\\/\"},{\"@type\":\"ListItem\",\"position\":3,\"name\":\"Tukuwool Nordic Resilk\"}]},{\"@type\":\"WebSite\",\"@id\":\"https:\\\/\\\/wollorama.at\\\/#website\",\"url\":\"https:\\\/\\\/wollorama.at\\\/\",\"name\":\"Wollorama\",\"description\":\"Willkommen\",\"publisher\":{\"@id\":\"https:\\\/\\\/wollorama.at\\\/#organization\"},\"potentialAction\":[{\"@type\":\"SearchAction\",\"target\":{\"@type\":\"EntryPoint\",\"urlTemplate\":\"https:\\\/\\\/wollorama.at\\\/?s={search_term_string}\"},\"query-input\":{\"@type\":\"PropertyValueSpecification\",\"valueRequired\":true,\"valueName\":\"search_term_string\"}}],\"inLanguage\":\"en-GB\"},{\"@type\":\"Organization\",\"@id\":\"https:\\\/\\\/wollorama.at\\\/#organization\",\"name\":\"Wollorama\",\"url\":\"https:\\\/\\\/wollorama.at\\\/\",\"logo\":{\"@type\":\"ImageObject\",\"inLanguage\":\"en-GB\",\"@id\":\"https:\\\/\\\/wollorama.at\\\/#\\\/schema\\\/logo\\\/image\\\/\",\"url\":\"https:\\\/\\\/wollorama.at\\\/wp-content\\\/uploads\\\/2025\\\/10\\\/Woll.-rama.png\",\"contentUrl\":\"https:\\\/\\\/wollorama.at\\\/wp-content\\\/uploads\\\/2025\\\/10\\\/Woll.-rama.png\",\"width\":2281,\"height\":490,\"caption\":\"Wollorama\"},\"image\":{\"@id\":\"https:\\\/\\\/wollorama.at\\\/#\\\/schema\\\/logo\\\/image\\\/\"},\"sameAs\":[\"https:\\\/\\\/facebook.com\\\/wollorama\",\"https:\\\/\\\/at.pinterest.com\\\/wolloramashop\\\/\"]}]}<\/script>\n<!-- \/ Yoast SEO plugin. -->","yoast_head_json":{"title":"Tukuwool Nordic Resilk","description":"Tukuwool Nordic Resilk \u2013 Nachhaltiges Strickgarn aus finnischer Wolle & 100% recycelter Seide. Weich & vielseitig: ideal f\u00fcr leichte Pullover oder T\u00fccher.","robots":{"index":"index","follow":"follow","max-snippet":"max-snippet:-1","max-image-preview":"max-image-preview:large","max-video-preview":"max-video-preview:-1"},"canonical":"https:\/\/wollorama.at\/en\/product\/tukuwool-nordic-resilk\/","og_locale":"en_GB","og_type":"article","og_title":"Tukuwool Nordic Resilk","og_description":"Tukuwool Nordic Resilk \u2013 Nachhaltiges Strickgarn aus finnischer Wolle & 100% recycelter Seide. Weich & vielseitig: ideal f\u00fcr leichte Pullover oder T\u00fccher.","og_url":"https:\/\/wollorama.at\/en\/product\/tukuwool-nordic-resilk\/","og_site_name":"Wollorama","article_publisher":"https:\/\/facebook.com\/wollorama","article_modified_time":"2026-04-14T02:33:53+00:00","og_image":[{"width":2304,"height":3456,"url":"https:\/\/wollorama.at\/wp-content\/uploads\/2025\/08\/2025_10_07_9999_5-rotated.jpg","type":"image\/jpeg"}],"twitter_card":"summary_large_image","twitter_misc":{"Estimated reading time":"2 minutes"},"schema":{"@context":"https:\/\/schema.org","@graph":[{"@type":"WebPage","@id":"https:\/\/wollorama.at\/produkt\/tukuwool-nordic-resilk\/","url":"https:\/\/wollorama.at\/produkt\/tukuwool-nordic-resilk\/","name":"Tukuwool Nordic Resilk","isPartOf":{"@id":"https:\/\/wollorama.at\/#website"},"primaryImageOfPage":{"@id":"https:\/\/wollorama.at\/produkt\/tukuwool-nordic-resilk\/#primaryimage"},"image":{"@id":"https:\/\/wollorama.at\/produkt\/tukuwool-nordic-resilk\/#primaryimage"},"thumbnailUrl":"https:\/\/wollorama.at\/wp-content\/uploads\/2025\/08\/2025_10_07_9999_5-rotated.jpg","datePublished":"2025-08-14T21:05:36+00:00","dateModified":"2026-04-14T02:33:53+00:00","description":"Tukuwool Nordic Resilk \u2013 Nachhaltiges Strickgarn aus finnischer Wolle & 100% recycelter Seide. Weich & vielseitig: ideal f\u00fcr leichte Pullover oder T\u00fccher.","breadcrumb":{"@id":"https:\/\/wollorama.at\/produkt\/tukuwool-nordic-resilk\/#breadcrumb"},"inLanguage":"en-GB","potentialAction":[{"@type":"ReadAction","target":["https:\/\/wollorama.at\/produkt\/tukuwool-nordic-resilk\/"]}]},{"@type":"ImageObject","inLanguage":"en-GB","@id":"https:\/\/wollorama.at\/produkt\/tukuwool-nordic-resilk\/#primaryimage","url":"https:\/\/wollorama.at\/wp-content\/uploads\/2025\/08\/2025_10_07_9999_5-rotated.jpg","contentUrl":"https:\/\/wollorama.at\/wp-content\/uploads\/2025\/08\/2025_10_07_9999_5-rotated.jpg","width":2304,"height":3456},{"@type":"BreadcrumbList","@id":"https:\/\/wollorama.at\/produkt\/tukuwool-nordic-resilk\/#breadcrumb","itemListElement":[{"@type":"ListItem","position":1,"name":"Home","item":"https:\/\/wollorama.at\/"},{"@type":"ListItem","position":2,"name":"Shop","item":"https:\/\/wollorama.at\/wollorama-onlineshop\/"},{"@type":"ListItem","position":3,"name":"Tukuwool Nordic Resilk"}]},{"@type":"WebSite","@id":"https:\/\/wollorama.at\/#website","url":"https:\/\/wollorama.at\/","name":"Wollorama","description":"Willkommen","publisher":{"@id":"https:\/\/wollorama.at\/#organization"},"potentialAction":[{"@type":"SearchAction","target":{"@type":"EntryPoint","urlTemplate":"https:\/\/wollorama.at\/?s={search_term_string}"},"query-input":{"@type":"PropertyValueSpecification","valueRequired":true,"valueName":"search_term_string"}}],"inLanguage":"en-GB"},{"@type":"Organization","@id":"https:\/\/wollorama.at\/#organization","name":"Wollorama","url":"https:\/\/wollorama.at\/","logo":{"@type":"ImageObject","inLanguage":"en-GB","@id":"https:\/\/wollorama.at\/#\/schema\/logo\/image\/","url":"https:\/\/wollorama.at\/wp-content\/uploads\/2025\/10\/Woll.-rama.png","contentUrl":"https:\/\/wollorama.at\/wp-content\/uploads\/2025\/10\/Woll.-rama.png","width":2281,"height":490,"caption":"Wollorama"},"image":{"@id":"https:\/\/wollorama.at\/#\/schema\/logo\/image\/"},"sameAs":["https:\/\/facebook.com\/wollorama","https:\/\/at.pinterest.com\/wolloramashop\/"]}]}},"_links":{"self":[{"href":"https:\/\/wollorama.at\/en\/wp-json\/wp\/v2\/product\/6737","targetHints":{"allow":["GET"]}}],"collection":[{"href":"https:\/\/wollorama.at\/en\/wp-json\/wp\/v2\/product"}],"about":[{"href":"https:\/\/wollorama.at\/en\/wp-json\/wp\/v2\/types\/product"}],"replies":[{"embeddable":true,"href":"https:\/\/wollorama.at\/en\/wp-json\/wp\/v2\/comments?post=6737"}],"version-history":[{"count":0,"href":"https:\/\/wollorama.at\/en\/wp-json\/wp\/v2\/product\/6737\/revisions"}],"wp:featuredmedia":[{"embeddable":true,"href":"https:\/\/wollorama.at\/en\/wp-json\/wp\/v2\/media\/7356"}],"wp:attachment":[{"href":"https:\/\/wollorama.at\/en\/wp-json\/wp\/v2\/media?parent=6737"}],"wp:term":[{"taxonomy":"product_brand","embeddable":true,"href":"https:\/\/wollorama.at\/en\/wp-json\/wp\/v2\/product_brand?post=6737"},{"taxonomy":"product_cat","embeddable":true,"href":"https:\/\/wollorama.at\/en\/wp-json\/wp\/v2\/product_cat?post=6737"},{"taxonomy":"product_tag","embeddable":true,"href":"https:\/\/wollorama.at\/en\/wp-json\/wp\/v2\/product_tag?post=6737"}],"curies":[{"name":"wp","href":"https:\/\/api.w.org\/{rel}","templated":true}]}}