{"id":6727,"date":"2025-08-14T20:46:10","date_gmt":"2025-08-14T20:46:10","guid":{"rendered":"https:\/\/wollorama.at\/?post_type=product&#038;p=6727"},"modified":"2026-04-16T04:04:19","modified_gmt":"2026-04-16T04:04:19","slug":"tukuwool-sock","status":"publish","type":"product","link":"https:\/\/wollorama.at\/en\/product\/tukuwool-sock\/","title":{"rendered":"Tukuwool Sock"},"content":{"rendered":"<p data-start=\"67\" data-end=\"397\"><strong data-start=\"67\" data-end=\"84\">Tukuwool Sock<\/strong> wurde speziell f\u00fcr Stricker*innen entworfen, die langlebige und bequeme Socken sch\u00e4tzen. Das <strong data-start=\"178\" data-end=\"194\">woollen-spun<\/strong>-Garn aus nicht-superwash-behandelter Wolle h\u00e4lt warm und sorgt f\u00fcr hohen Tragekomfort. Die dreif\u00e4dige, fest, aber sanft verzwirnte Struktur macht das Garn leicht, lebendig und angenehm zu verstricken.<\/p>\n<p data-start=\"399\" data-end=\"613\">Das gro\u00dfz\u00fcgige 100g-Kn\u00e4uel mit <strong data-start=\"454\" data-end=\"473\">320 m Laufl\u00e4nge<\/strong> reicht f\u00fcr ein Paar Erwachsenensocken, gestrickt mit 2,5\u20133 mm Nadeln (US 1,5\u20132,5) bei einer Maschenprobe von <strong data-start=\"583\" data-end=\"610\">26\u201328 Maschen auf 10 cm<\/strong>.<\/p>\n<p data-start=\"615\" data-end=\"863\">Dieses vielseitige Sportweight-Garn eignet sich nicht nur f\u00fcr Socken, sondern auch f\u00fcr verschiedenste Strickprojekte und Strukturen. Je nach Nadelst\u00e4rke (2,50\u20133,75 mm \/ US 1,5\u20135) variiert die Maschenprobe zwischen <strong data-start=\"829\" data-end=\"860\">23 und 28 Maschen auf 10 cm<\/strong>.<\/p>\n<p data-start=\"865\" data-end=\"1062\">Tukuwool Sock wird aus <strong data-start=\"883\" data-end=\"909\">100 % finnischer Wolle<\/strong> gesponnen \u2013 \u00fcberwiegend von Finnschafen, erg\u00e4nzt durch Finnschaf-Texel-Kreuzungen. Die Wolle bewahrt ihren urspr\u00fcnglichen, nat\u00fcrlichen Griff und Duft.<\/p>\n<p data-start=\"1064\" data-end=\"1305\">F\u00fcr zus\u00e4tzliche Haltbarkeit wird <strong data-start=\"1097\" data-end=\"1131\">biologisch abbaubares Polyamid<\/strong> verwendet, das sich innerhalb von etwa f\u00fcnf Jahren in harmlose Bestandteile zersetzt \u2013 im Gegensatz zu herk\u00f6mmlichem Polyamid, das \u00fcber Jahrzehnte in der Umwelt verbleibt.<\/p>\n<p data-start=\"1307\" data-end=\"1520\">Die sorgf\u00e4ltig abgestimmte Farbpalette umfasst sowohl <strong data-start=\"1361\" data-end=\"1385\">ungef\u00e4rbte Naturt\u00f6ne<\/strong> als auch gef\u00e4rbte Nuancen auf wei\u00dfer oder grauer Basis. Ungef\u00e4rbt\u00a0<strong data-start=\"1494\" data-end=\"1505\">03 Auri<\/strong> (Naturgrau) ist im Shop erh\u00e4ltlich.<\/p>\n<p data-start=\"1522\" data-end=\"1581\"><strong data-start=\"1522\" data-end=\"1540\">Pflegehinweis:<\/strong> Handw\u00e4sche in kaltem Wasser empfohlen.<\/p>","protected":false},"excerpt":{"rendered":"<div class=\"flex flex-col lg:flex-row items-start text-[15px] leading-[15px] gap-1 lg:gap-2\">\n<div class=\"flex-shrink-0 flex gap-2 items-center\">\n<div class=\"font-semibold !font-denimsb\">Zusammensetzung: 80% Finnische Schafwolle, 20 % biologisch abbaubares Polyamid<\/div>\n<\/div>\n<\/div>\n<div class=\"flex flex-col lg:flex-row items-start text-[15px] leading-[15px] gap-1 lg:gap-2\">\n<div class=\"flex-shrink-0 flex gap-2 items-center\">\n<div class=\"font-semibold !font-denimsb\">L\u00e4nge\/ Gewicht: 320 m \/ 100 g<\/div>\n<\/div>\n<\/div>\n<div class=\"flex flex-col lg:flex-row items-start text-[15px] leading-[15px] gap-1 lg:gap-2\">\n<div class=\"flex-shrink-0 flex gap-2 items-center\">\n<div class=\"font-semibold !font-denimsb\">Wollst\u00e4rke: Sport<\/div>\n<\/div>\n<\/div>\n<div class=\"flex flex-col lg:flex-row items-start text-[15px] leading-[15px] gap-1 lg:gap-2\">\n<div class=\"flex-shrink-0 flex gap-2 items-center\">\n<div class=\"font-semibold !font-denimsb\">Maschenprobe: 23 &#8211; 28 sts<\/div>\n<\/div>\n<\/div>\n<div class=\"flex flex-col lg:flex-row items-start text-[15px] leading-[15px] gap-1 lg:gap-2\">\n<div class=\"flex-shrink-0 flex gap-2 items-center\">\n<div class=\"font-semibold !font-denimsb\">Nadelst\u00e4rke: 2.5-3.75mm (US 1.5-5)<\/div>\n<\/div>\n<\/div>\n","protected":false},"featured_media":6826,"comment_status":"open","ping_status":"closed","template":"","meta":{"site-sidebar-layout":"default","site-content-layout":"","ast-site-content-layout":"default","site-content-style":"default","site-sidebar-style":"default","ast-global-header-display":"","ast-banner-title-visibility":"","ast-main-header-display":"","ast-hfb-above-header-display":"","ast-hfb-below-header-display":"","ast-hfb-mobile-header-display":"","site-post-title":"","ast-breadcrumbs-content":"","ast-featured-img":"","footer-sml-layout":"","ast-disable-related-posts":"","theme-transparent-header-meta":"default","adv-header-id-meta":"","stick-header-meta":"default","header-above-stick-meta":"","header-main-stick-meta":"","header-below-stick-meta":"","astra-migrate-meta-layouts":"set","ast-page-background-enabled":"default","ast-page-background-meta":{"desktop":{"background-color":"","background-image":"","background-repeat":"repeat","background-position":"center center","background-size":"auto","background-attachment":"scroll","background-type":"","background-media":"","overlay-type":"","overlay-color":"","overlay-opacity":"","overlay-gradient":""},"tablet":{"background-color":"","background-image":"","background-repeat":"repeat","background-position":"center center","background-size":"auto","background-attachment":"scroll","background-type":"","background-media":"","overlay-type":"","overlay-color":"","overlay-opacity":"","overlay-gradient":""},"mobile":{"background-color":"","background-image":"","background-repeat":"repeat","background-position":"center center","background-size":"auto","background-attachment":"scroll","background-type":"","background-media":"","overlay-type":"","overlay-color":"","overlay-opacity":"","overlay-gradient":""}},"ast-content-background-meta":{"desktop":{"background-color":"var(--ast-global-color-5)","background-image":"","background-repeat":"repeat","background-position":"center center","background-size":"auto","background-attachment":"scroll","background-type":"","background-media":"","overlay-type":"","overlay-color":"","overlay-opacity":"","overlay-gradient":""},"tablet":{"background-color":"var(--ast-global-color-5)","background-image":"","background-repeat":"repeat","background-position":"center center","background-size":"auto","background-attachment":"scroll","background-type":"","background-media":"","overlay-type":"","overlay-color":"","overlay-opacity":"","overlay-gradient":""},"mobile":{"background-color":"var(--ast-global-color-5)","background-image":"","background-repeat":"repeat","background-position":"center center","background-size":"auto","background-attachment":"scroll","background-type":"","background-media":"","overlay-type":"","overlay-color":"","overlay-opacity":"","overlay-gradient":""}}},"product_brand":[],"product_cat":[153],"product_tag":[],"class_list":{"0":"post-6727","1":"product","2":"type-product","3":"status-publish","4":"has-post-thumbnail","6":"product_cat-tukuwool","7":"desktop-align-center","8":"tablet-align-left","9":"mobile-align-left","10":"ast-product-gallery-layout-horizontal-slider","11":"ast-product-gallery-with-no-image","12":"ast-magnify-disabled","13":"ast-product-single-variable","14":"ast-product-tabs-layout-horizontal","16":"first","17":"instock","18":"shipping-taxable","19":"purchasable","20":"product-type-variable"},"yoast_head":"<!-- This site is optimized with the Yoast SEO plugin v27.4 - https:\/\/yoast.com\/product\/yoast-seo-wordpress\/ -->\n<title>Tukuwool Sock<\/title>\n<meta name=\"description\" content=\"Tukuwool Sock \u2013 Robustes finnisches Sockengarn aus reiner Wolle mit biologisch abbaubarem Nylonanteil f\u00fcr Haltbarkeit. Warm &amp; atmungsaktiv!\" \/>\n<meta name=\"robots\" content=\"index, follow, max-snippet:-1, max-image-preview:large, max-video-preview:-1\" \/>\n<link rel=\"canonical\" href=\"https:\/\/wollorama.at\/en\/product\/tukuwool-sock\/\" \/>\n<meta property=\"og:locale\" content=\"en_GB\" \/>\n<meta property=\"og:type\" content=\"article\" \/>\n<meta property=\"og:title\" content=\"Tukuwool Sock\" \/>\n<meta property=\"og:description\" content=\"Tukuwool Sock \u2013 Robustes finnisches Sockengarn aus reiner Wolle mit biologisch abbaubarem Nylonanteil f\u00fcr Haltbarkeit. Warm &amp; atmungsaktiv!\" \/>\n<meta property=\"og:url\" content=\"https:\/\/wollorama.at\/en\/product\/tukuwool-sock\/\" \/>\n<meta property=\"og:site_name\" content=\"Wollorama\" \/>\n<meta property=\"article:publisher\" content=\"https:\/\/facebook.com\/wollorama\" \/>\n<meta property=\"article:modified_time\" content=\"2026-04-16T04:04:19+00:00\" \/>\n<meta property=\"og:image\" content=\"https:\/\/wollorama.at\/wp-content\/uploads\/2025\/08\/Bildschirmfoto-2025-08-14-um-15.23.25-766x1024.png\" \/>\n\t<meta property=\"og:image:width\" content=\"766\" \/>\n\t<meta property=\"og:image:height\" content=\"1024\" \/>\n\t<meta property=\"og:image:type\" content=\"image\/png\" \/>\n<meta name=\"twitter:card\" content=\"summary_large_image\" \/>\n<meta name=\"twitter:label1\" content=\"Estimated reading time\" \/>\n\t<meta name=\"twitter:data1\" content=\"2 minutes\" \/>\n<script type=\"application\/ld+json\" class=\"yoast-schema-graph\">{\"@context\":\"https:\\\/\\\/schema.org\",\"@graph\":[{\"@type\":\"WebPage\",\"@id\":\"https:\\\/\\\/wollorama.at\\\/produkt\\\/tukuwool-sock\\\/\",\"url\":\"https:\\\/\\\/wollorama.at\\\/produkt\\\/tukuwool-sock\\\/\",\"name\":\"Tukuwool Sock\",\"isPartOf\":{\"@id\":\"https:\\\/\\\/wollorama.at\\\/#website\"},\"primaryImageOfPage\":{\"@id\":\"https:\\\/\\\/wollorama.at\\\/produkt\\\/tukuwool-sock\\\/#primaryimage\"},\"image\":{\"@id\":\"https:\\\/\\\/wollorama.at\\\/produkt\\\/tukuwool-sock\\\/#primaryimage\"},\"thumbnailUrl\":\"https:\\\/\\\/wollorama.at\\\/wp-content\\\/uploads\\\/2025\\\/08\\\/Bildschirmfoto-2025-08-14-um-15.23.25.png\",\"datePublished\":\"2025-08-14T20:46:10+00:00\",\"dateModified\":\"2026-04-16T04:04:19+00:00\",\"description\":\"Tukuwool Sock \u2013 Robustes finnisches Sockengarn aus reiner Wolle mit biologisch abbaubarem Nylonanteil f\u00fcr Haltbarkeit. Warm & atmungsaktiv!\",\"breadcrumb\":{\"@id\":\"https:\\\/\\\/wollorama.at\\\/produkt\\\/tukuwool-sock\\\/#breadcrumb\"},\"inLanguage\":\"en-GB\",\"potentialAction\":[{\"@type\":\"ReadAction\",\"target\":[\"https:\\\/\\\/wollorama.at\\\/produkt\\\/tukuwool-sock\\\/\"]}]},{\"@type\":\"ImageObject\",\"inLanguage\":\"en-GB\",\"@id\":\"https:\\\/\\\/wollorama.at\\\/produkt\\\/tukuwool-sock\\\/#primaryimage\",\"url\":\"https:\\\/\\\/wollorama.at\\\/wp-content\\\/uploads\\\/2025\\\/08\\\/Bildschirmfoto-2025-08-14-um-15.23.25.png\",\"contentUrl\":\"https:\\\/\\\/wollorama.at\\\/wp-content\\\/uploads\\\/2025\\\/08\\\/Bildschirmfoto-2025-08-14-um-15.23.25.png\",\"width\":1130,\"height\":1510},{\"@type\":\"BreadcrumbList\",\"@id\":\"https:\\\/\\\/wollorama.at\\\/produkt\\\/tukuwool-sock\\\/#breadcrumb\",\"itemListElement\":[{\"@type\":\"ListItem\",\"position\":1,\"name\":\"Home\",\"item\":\"https:\\\/\\\/wollorama.at\\\/\"},{\"@type\":\"ListItem\",\"position\":2,\"name\":\"Shop\",\"item\":\"https:\\\/\\\/wollorama.at\\\/wollorama-onlineshop\\\/\"},{\"@type\":\"ListItem\",\"position\":3,\"name\":\"Tukuwool Sock\"}]},{\"@type\":\"WebSite\",\"@id\":\"https:\\\/\\\/wollorama.at\\\/#website\",\"url\":\"https:\\\/\\\/wollorama.at\\\/\",\"name\":\"Wollorama\",\"description\":\"Willkommen\",\"publisher\":{\"@id\":\"https:\\\/\\\/wollorama.at\\\/#organization\"},\"potentialAction\":[{\"@type\":\"SearchAction\",\"target\":{\"@type\":\"EntryPoint\",\"urlTemplate\":\"https:\\\/\\\/wollorama.at\\\/?s={search_term_string}\"},\"query-input\":{\"@type\":\"PropertyValueSpecification\",\"valueRequired\":true,\"valueName\":\"search_term_string\"}}],\"inLanguage\":\"en-GB\"},{\"@type\":\"Organization\",\"@id\":\"https:\\\/\\\/wollorama.at\\\/#organization\",\"name\":\"Wollorama\",\"url\":\"https:\\\/\\\/wollorama.at\\\/\",\"logo\":{\"@type\":\"ImageObject\",\"inLanguage\":\"en-GB\",\"@id\":\"https:\\\/\\\/wollorama.at\\\/#\\\/schema\\\/logo\\\/image\\\/\",\"url\":\"https:\\\/\\\/wollorama.at\\\/wp-content\\\/uploads\\\/2025\\\/10\\\/Woll.-rama.png\",\"contentUrl\":\"https:\\\/\\\/wollorama.at\\\/wp-content\\\/uploads\\\/2025\\\/10\\\/Woll.-rama.png\",\"width\":2281,\"height\":490,\"caption\":\"Wollorama\"},\"image\":{\"@id\":\"https:\\\/\\\/wollorama.at\\\/#\\\/schema\\\/logo\\\/image\\\/\"},\"sameAs\":[\"https:\\\/\\\/facebook.com\\\/wollorama\",\"https:\\\/\\\/at.pinterest.com\\\/wolloramashop\\\/\"]}]}<\/script>\n<!-- \/ Yoast SEO plugin. -->","yoast_head_json":{"title":"Tukuwool Sock","description":"Tukuwool Sock \u2013 Robustes finnisches Sockengarn aus reiner Wolle mit biologisch abbaubarem Nylonanteil f\u00fcr Haltbarkeit. Warm & atmungsaktiv!","robots":{"index":"index","follow":"follow","max-snippet":"max-snippet:-1","max-image-preview":"max-image-preview:large","max-video-preview":"max-video-preview:-1"},"canonical":"https:\/\/wollorama.at\/en\/product\/tukuwool-sock\/","og_locale":"en_GB","og_type":"article","og_title":"Tukuwool Sock","og_description":"Tukuwool Sock \u2013 Robustes finnisches Sockengarn aus reiner Wolle mit biologisch abbaubarem Nylonanteil f\u00fcr Haltbarkeit. Warm & atmungsaktiv!","og_url":"https:\/\/wollorama.at\/en\/product\/tukuwool-sock\/","og_site_name":"Wollorama","article_publisher":"https:\/\/facebook.com\/wollorama","article_modified_time":"2026-04-16T04:04:19+00:00","og_image":[{"width":766,"height":1024,"url":"https:\/\/wollorama.at\/wp-content\/uploads\/2025\/08\/Bildschirmfoto-2025-08-14-um-15.23.25-766x1024.png","type":"image\/png"}],"twitter_card":"summary_large_image","twitter_misc":{"Estimated reading time":"2 minutes"},"schema":{"@context":"https:\/\/schema.org","@graph":[{"@type":"WebPage","@id":"https:\/\/wollorama.at\/produkt\/tukuwool-sock\/","url":"https:\/\/wollorama.at\/produkt\/tukuwool-sock\/","name":"Tukuwool Sock","isPartOf":{"@id":"https:\/\/wollorama.at\/#website"},"primaryImageOfPage":{"@id":"https:\/\/wollorama.at\/produkt\/tukuwool-sock\/#primaryimage"},"image":{"@id":"https:\/\/wollorama.at\/produkt\/tukuwool-sock\/#primaryimage"},"thumbnailUrl":"https:\/\/wollorama.at\/wp-content\/uploads\/2025\/08\/Bildschirmfoto-2025-08-14-um-15.23.25.png","datePublished":"2025-08-14T20:46:10+00:00","dateModified":"2026-04-16T04:04:19+00:00","description":"Tukuwool Sock \u2013 Robustes finnisches Sockengarn aus reiner Wolle mit biologisch abbaubarem Nylonanteil f\u00fcr Haltbarkeit. Warm & atmungsaktiv!","breadcrumb":{"@id":"https:\/\/wollorama.at\/produkt\/tukuwool-sock\/#breadcrumb"},"inLanguage":"en-GB","potentialAction":[{"@type":"ReadAction","target":["https:\/\/wollorama.at\/produkt\/tukuwool-sock\/"]}]},{"@type":"ImageObject","inLanguage":"en-GB","@id":"https:\/\/wollorama.at\/produkt\/tukuwool-sock\/#primaryimage","url":"https:\/\/wollorama.at\/wp-content\/uploads\/2025\/08\/Bildschirmfoto-2025-08-14-um-15.23.25.png","contentUrl":"https:\/\/wollorama.at\/wp-content\/uploads\/2025\/08\/Bildschirmfoto-2025-08-14-um-15.23.25.png","width":1130,"height":1510},{"@type":"BreadcrumbList","@id":"https:\/\/wollorama.at\/produkt\/tukuwool-sock\/#breadcrumb","itemListElement":[{"@type":"ListItem","position":1,"name":"Home","item":"https:\/\/wollorama.at\/"},{"@type":"ListItem","position":2,"name":"Shop","item":"https:\/\/wollorama.at\/wollorama-onlineshop\/"},{"@type":"ListItem","position":3,"name":"Tukuwool Sock"}]},{"@type":"WebSite","@id":"https:\/\/wollorama.at\/#website","url":"https:\/\/wollorama.at\/","name":"Wollorama","description":"Willkommen","publisher":{"@id":"https:\/\/wollorama.at\/#organization"},"potentialAction":[{"@type":"SearchAction","target":{"@type":"EntryPoint","urlTemplate":"https:\/\/wollorama.at\/?s={search_term_string}"},"query-input":{"@type":"PropertyValueSpecification","valueRequired":true,"valueName":"search_term_string"}}],"inLanguage":"en-GB"},{"@type":"Organization","@id":"https:\/\/wollorama.at\/#organization","name":"Wollorama","url":"https:\/\/wollorama.at\/","logo":{"@type":"ImageObject","inLanguage":"en-GB","@id":"https:\/\/wollorama.at\/#\/schema\/logo\/image\/","url":"https:\/\/wollorama.at\/wp-content\/uploads\/2025\/10\/Woll.-rama.png","contentUrl":"https:\/\/wollorama.at\/wp-content\/uploads\/2025\/10\/Woll.-rama.png","width":2281,"height":490,"caption":"Wollorama"},"image":{"@id":"https:\/\/wollorama.at\/#\/schema\/logo\/image\/"},"sameAs":["https:\/\/facebook.com\/wollorama","https:\/\/at.pinterest.com\/wolloramashop\/"]}]}},"_links":{"self":[{"href":"https:\/\/wollorama.at\/en\/wp-json\/wp\/v2\/product\/6727","targetHints":{"allow":["GET"]}}],"collection":[{"href":"https:\/\/wollorama.at\/en\/wp-json\/wp\/v2\/product"}],"about":[{"href":"https:\/\/wollorama.at\/en\/wp-json\/wp\/v2\/types\/product"}],"replies":[{"embeddable":true,"href":"https:\/\/wollorama.at\/en\/wp-json\/wp\/v2\/comments?post=6727"}],"version-history":[{"count":0,"href":"https:\/\/wollorama.at\/en\/wp-json\/wp\/v2\/product\/6727\/revisions"}],"wp:featuredmedia":[{"embeddable":true,"href":"https:\/\/wollorama.at\/en\/wp-json\/wp\/v2\/media\/6826"}],"wp:attachment":[{"href":"https:\/\/wollorama.at\/en\/wp-json\/wp\/v2\/media?parent=6727"}],"wp:term":[{"taxonomy":"product_brand","embeddable":true,"href":"https:\/\/wollorama.at\/en\/wp-json\/wp\/v2\/product_brand?post=6727"},{"taxonomy":"product_cat","embeddable":true,"href":"https:\/\/wollorama.at\/en\/wp-json\/wp\/v2\/product_cat?post=6727"},{"taxonomy":"product_tag","embeddable":true,"href":"https:\/\/wollorama.at\/en\/wp-json\/wp\/v2\/product_tag?post=6727"}],"curies":[{"name":"wp","href":"https:\/\/api.w.org\/{rel}","templated":true}]}}