{"id":5638,"date":"2025-03-20T06:26:36","date_gmt":"2025-03-20T06:26:36","guid":{"rendered":"https:\/\/wollorama.at\/?post_type=product&#038;p=5638"},"modified":"2026-04-02T15:11:32","modified_gmt":"2026-04-02T15:11:32","slug":"52-weeks-of-scrap-yarn","status":"publish","type":"product","link":"https:\/\/wollorama.at\/en\/product\/52-weeks-of-scrap-yarn\/","title":{"rendered":"52 Weeks of Scrap Yarn"},"content":{"rendered":"<h3 class=\"\" data-start=\"0\" data-end=\"31\">Eine Ode an die Wollreste<\/h3>\n<p class=\"\" data-start=\"109\" data-end=\"297\">Mit <strong><em data-start=\"113\" data-end=\"137\">52 Weeks of Scrap Yarn<\/em><\/strong> ver\u00f6ffentlicht Laine ein Buch, von dem wir nicht wussten, dass wir es brauchen \u2013 und das sich als essenzieller Teil jeder Strickbuchbibliothek erweisen wird!<\/p>\n<p class=\"\" data-start=\"299\" data-end=\"480\">Tauche in deinen Garnvorrat ein, und nutze jedes Kn\u00e4uel auf kreative Weise. Selbst die kleinsten Reste finden hier ihren Platz. Sie verwandeln schlichte Designs in echte Hingucker!<\/p>\n<p class=\"\" data-start=\"482\" data-end=\"828\"><strong><em data-start=\"482\" data-end=\"529\">52 Weeks of Scrap Yarn: Projects for Crafters<\/em><\/strong> ist eine inspirierende Sammlung mit 52 Anleitungen. Die Projekte reichen von klein bis gro\u00df: Accessoires, Wohntextilien, Pullover und Strickjacken. Manche Designs bestehen komplett aus Garnresten, andere setzen sie als besondere Details ein. Neben Strickprojekten gibt es auch einige H\u00e4kelst\u00fccke.<\/p>\n<p class=\"\" data-start=\"830\" data-end=\"1024\">Mit Restgarn zu arbeiten, macht Spa\u00df, spart Geld und ist nachhaltig. Es schafft Platz im Garnvorrat und macht jedes Projekt einzigartig. So bekommt der kreative Prozess eine spielerische Note.<\/p>\n<p class=\"\" data-start=\"1026\" data-end=\"1315\"><strong><em data-start=\"1026\" data-end=\"1073\">52 Weeks of Scrap Yarn: Projects for Crafters<\/em><\/strong> ist die neueste Erg\u00e4nzung der beliebten <em data-start=\"1114\" data-end=\"1124\">52 Weeks<\/em>-Reihe von Laine Publishing. Die Anleitungen stammen von 47 talentierten Designer:innen aus aller Welt. Sie bieten einfache bis anspruchsvolle Projekte \u2013 f\u00fcr jedes Stricklevel ist etwas dabei!<\/p>\n<h3 data-start=\"739\" data-end=\"999\">Designer:innen<\/h3>\n<p data-start=\"1001\" data-end=\"1794\" data-is-last-node=\"\" data-is-only-node=\"\">Zu den Designerinnen und Designern geh\u00f6ren: Enik\u00f6 Balogh, Jona Bednjanec, Audrey Borrego, Susan Chin, Camille Desc\u00f4teaux, Jaime Dorfman (Jaime Creates), Emma Ducher, Anna Eklund, Lindsey Fowler, Nicola Furey, <a href=\"https:\/\/www.ravelry.com\/designers\/soraya-garcia\">Soraya Garc\u00eda<\/a>, Hiromi Glover, Eliza Hinkes, Rastus Hsu, Anna Husemann, Candi Jensen, Esti Juango, Veera Jussila, Meiju Kallio, Maija Kangasluoma, Faye Kennington, Jenna Kostet, Pauliina Kuunsola, Sam Lamb, Sarianna Lehtonen, Lotta H. L\u00f6thgren, Rebekka Mauser, Fa\u00efza Mebazaa, Yukie Onodera, Sara Ottosson, Paula Pereira, Louise-Anne Petit Lesellier, Eeva Rapola, Camille Romano, Megumi Shinagawa, Anna Sj\u00f6sv\u00e4rd, Lis Smith, <a href=\"https:\/\/wollorama.at\/en\/xolla-wool\/\">Elena Solier Jans\u00e0<\/a>, Mariia Sordiia, Marina Storm, Safiyyah Talley, Mar\u00eda Uzquiano, Famke van der Wal, Imke von Nathusius, Julia Wilkens, Jen Yard und Elise Young.<\/p>\n<p data-start=\"1001\" data-end=\"1794\" data-is-last-node=\"\" data-is-only-node=\"\">Alles was jetzt noch zu sagen bleibt, ist: <em><strong>An die Reste, fertig, los!<\/strong><\/em><\/p>","protected":false},"excerpt":{"rendered":"<p>Tauche ein in deinen Wollvorrat, und nutze all die liebevoll gesammelten Kn\u00e4uel und Wollreste! Diese inspirierende Sammlung enth\u00e4lt 52 Anleitungen f\u00fcr Projekte aus Restgarn, die von kleinen bis zu gr\u00f6\u00dferen Arbeiten reichen. Lass dich von der unendlichen Vielfalt verzaubern!<\/p>","protected":false},"featured_media":7364,"comment_status":"open","ping_status":"closed","template":"","meta":{"site-sidebar-layout":"default","site-content-layout":"","ast-site-content-layout":"default","site-content-style":"default","site-sidebar-style":"default","ast-global-header-display":"","ast-banner-title-visibility":"","ast-main-header-display":"","ast-hfb-above-header-display":"","ast-hfb-below-header-display":"","ast-hfb-mobile-header-display":"","site-post-title":"","ast-breadcrumbs-content":"","ast-featured-img":"","footer-sml-layout":"","ast-disable-related-posts":"","theme-transparent-header-meta":"default","adv-header-id-meta":"","stick-header-meta":"default","header-above-stick-meta":"","header-main-stick-meta":"","header-below-stick-meta":"","astra-migrate-meta-layouts":"set","ast-page-background-enabled":"default","ast-page-background-meta":{"desktop":{"background-color":"","background-image":"","background-repeat":"repeat","background-position":"center center","background-size":"auto","background-attachment":"scroll","background-type":"","background-media":"","overlay-type":"","overlay-color":"","overlay-opacity":"","overlay-gradient":""},"tablet":{"background-color":"","background-image":"","background-repeat":"repeat","background-position":"center center","background-size":"auto","background-attachment":"scroll","background-type":"","background-media":"","overlay-type":"","overlay-color":"","overlay-opacity":"","overlay-gradient":""},"mobile":{"background-color":"","background-image":"","background-repeat":"repeat","background-position":"center center","background-size":"auto","background-attachment":"scroll","background-type":"","background-media":"","overlay-type":"","overlay-color":"","overlay-opacity":"","overlay-gradient":""}},"ast-content-background-meta":{"desktop":{"background-color":"var(--ast-global-color-5)","background-image":"","background-repeat":"repeat","background-position":"center center","background-size":"auto","background-attachment":"scroll","background-type":"","background-media":"","overlay-type":"","overlay-color":"","overlay-opacity":"","overlay-gradient":""},"tablet":{"background-color":"var(--ast-global-color-5)","background-image":"","background-repeat":"repeat","background-position":"center center","background-size":"auto","background-attachment":"scroll","background-type":"","background-media":"","overlay-type":"","overlay-color":"","overlay-opacity":"","overlay-gradient":""},"mobile":{"background-color":"var(--ast-global-color-5)","background-image":"","background-repeat":"repeat","background-position":"center center","background-size":"auto","background-attachment":"scroll","background-type":"","background-media":"","overlay-type":"","overlay-color":"","overlay-opacity":"","overlay-gradient":""}}},"product_brand":[],"product_cat":[63],"product_tag":[],"class_list":{"0":"post-5638","1":"product","2":"type-product","3":"status-publish","4":"has-post-thumbnail","6":"product_cat-strickbuecher-strickmagazine-von-laine","7":"desktop-align-center","8":"tablet-align-left","9":"mobile-align-left","10":"ast-product-gallery-layout-horizontal-slider","11":"ast-magnify-disabled","12":"ast-product-tabs-layout-horizontal","14":"first","15":"instock","16":"shipping-taxable","17":"purchasable","18":"product-type-simple"},"yoast_head":"<!-- This site is optimized with the Yoast SEO plugin v27.4 - https:\/\/yoast.com\/product\/yoast-seo-wordpress\/ -->\n<title>52 Weeks of Scrap Yarn<\/title>\n<meta name=\"description\" content=\"52 Weeks of Scrap Yarn - das Buch, dass wir alle gebraucht haben. Jetzt ist es an der Zeit all deine Wollreste zusammenzutragen.\" \/>\n<meta name=\"robots\" content=\"index, follow, max-snippet:-1, max-image-preview:large, max-video-preview:-1\" \/>\n<link rel=\"canonical\" href=\"https:\/\/wollorama.at\/en\/product\/52-weeks-of-scrap-yarn\/\" \/>\n<meta property=\"og:locale\" content=\"en_GB\" \/>\n<meta property=\"og:type\" content=\"article\" \/>\n<meta property=\"og:title\" content=\"52 Weeks of Scrap Yarn | Laine Publishing\" \/>\n<meta property=\"og:description\" content=\"Tauche ein in deinen Wollvorrat, und nutze all die liebevoll gesammelten Kn\u00e4uel und Wollreste!\" \/>\n<meta property=\"og:url\" content=\"https:\/\/wollorama.at\/en\/product\/52-weeks-of-scrap-yarn\/\" \/>\n<meta property=\"og:site_name\" content=\"Wollorama\" \/>\n<meta property=\"article:publisher\" content=\"https:\/\/facebook.com\/wollorama\" \/>\n<meta property=\"article:modified_time\" content=\"2026-04-02T15:11:32+00:00\" \/>\n<meta property=\"og:image\" content=\"https:\/\/wollorama.at\/wp-content\/uploads\/2025\/03\/ScrapYarn_square_ENG_lilac.webp\" \/>\n\t<meta property=\"og:image:width\" content=\"1200\" \/>\n\t<meta property=\"og:image:height\" content=\"1200\" \/>\n\t<meta property=\"og:image:type\" content=\"image\/webp\" \/>\n<meta name=\"twitter:card\" content=\"summary_large_image\" \/>\n<meta name=\"twitter:label1\" content=\"Estimated reading time\" \/>\n\t<meta name=\"twitter:data1\" content=\"2 minutes\" \/>\n<script type=\"application\/ld+json\" class=\"yoast-schema-graph\">{\"@context\":\"https:\\\/\\\/schema.org\",\"@graph\":[{\"@type\":\"WebPage\",\"@id\":\"https:\\\/\\\/wollorama.at\\\/produkt\\\/52-weeks-of-scrap-yarn\\\/\",\"url\":\"https:\\\/\\\/wollorama.at\\\/produkt\\\/52-weeks-of-scrap-yarn\\\/\",\"name\":\"52 Weeks of Scrap Yarn\",\"isPartOf\":{\"@id\":\"https:\\\/\\\/wollorama.at\\\/#website\"},\"primaryImageOfPage\":{\"@id\":\"https:\\\/\\\/wollorama.at\\\/produkt\\\/52-weeks-of-scrap-yarn\\\/#primaryimage\"},\"image\":{\"@id\":\"https:\\\/\\\/wollorama.at\\\/produkt\\\/52-weeks-of-scrap-yarn\\\/#primaryimage\"},\"thumbnailUrl\":\"https:\\\/\\\/wollorama.at\\\/wp-content\\\/uploads\\\/2025\\\/03\\\/ScrapYarn_square_ENG_lilac.jpg\",\"datePublished\":\"2025-03-20T06:26:36+00:00\",\"dateModified\":\"2026-04-02T15:11:32+00:00\",\"description\":\"52 Weeks of Scrap Yarn - das Buch, dass wir alle gebraucht haben. Jetzt ist es an der Zeit all deine Wollreste zusammenzutragen.\",\"breadcrumb\":{\"@id\":\"https:\\\/\\\/wollorama.at\\\/produkt\\\/52-weeks-of-scrap-yarn\\\/#breadcrumb\"},\"inLanguage\":\"en-GB\",\"potentialAction\":[{\"@type\":\"ReadAction\",\"target\":[\"https:\\\/\\\/wollorama.at\\\/produkt\\\/52-weeks-of-scrap-yarn\\\/\"]}]},{\"@type\":\"ImageObject\",\"inLanguage\":\"en-GB\",\"@id\":\"https:\\\/\\\/wollorama.at\\\/produkt\\\/52-weeks-of-scrap-yarn\\\/#primaryimage\",\"url\":\"https:\\\/\\\/wollorama.at\\\/wp-content\\\/uploads\\\/2025\\\/03\\\/ScrapYarn_square_ENG_lilac.jpg\",\"contentUrl\":\"https:\\\/\\\/wollorama.at\\\/wp-content\\\/uploads\\\/2025\\\/03\\\/ScrapYarn_square_ENG_lilac.jpg\",\"width\":1200,\"height\":1200},{\"@type\":\"BreadcrumbList\",\"@id\":\"https:\\\/\\\/wollorama.at\\\/produkt\\\/52-weeks-of-scrap-yarn\\\/#breadcrumb\",\"itemListElement\":[{\"@type\":\"ListItem\",\"position\":1,\"name\":\"Home\",\"item\":\"https:\\\/\\\/wollorama.at\\\/\"},{\"@type\":\"ListItem\",\"position\":2,\"name\":\"Shop\",\"item\":\"https:\\\/\\\/wollorama.at\\\/wollorama-onlineshop\\\/\"},{\"@type\":\"ListItem\",\"position\":3,\"name\":\"52 Weeks of Scrap Yarn\"}]},{\"@type\":\"WebSite\",\"@id\":\"https:\\\/\\\/wollorama.at\\\/#website\",\"url\":\"https:\\\/\\\/wollorama.at\\\/\",\"name\":\"Wollorama\",\"description\":\"Willkommen\",\"publisher\":{\"@id\":\"https:\\\/\\\/wollorama.at\\\/#organization\"},\"potentialAction\":[{\"@type\":\"SearchAction\",\"target\":{\"@type\":\"EntryPoint\",\"urlTemplate\":\"https:\\\/\\\/wollorama.at\\\/?s={search_term_string}\"},\"query-input\":{\"@type\":\"PropertyValueSpecification\",\"valueRequired\":true,\"valueName\":\"search_term_string\"}}],\"inLanguage\":\"en-GB\"},{\"@type\":\"Organization\",\"@id\":\"https:\\\/\\\/wollorama.at\\\/#organization\",\"name\":\"Wollorama\",\"url\":\"https:\\\/\\\/wollorama.at\\\/\",\"logo\":{\"@type\":\"ImageObject\",\"inLanguage\":\"en-GB\",\"@id\":\"https:\\\/\\\/wollorama.at\\\/#\\\/schema\\\/logo\\\/image\\\/\",\"url\":\"https:\\\/\\\/wollorama.at\\\/wp-content\\\/uploads\\\/2025\\\/10\\\/Woll.-rama.png\",\"contentUrl\":\"https:\\\/\\\/wollorama.at\\\/wp-content\\\/uploads\\\/2025\\\/10\\\/Woll.-rama.png\",\"width\":2281,\"height\":490,\"caption\":\"Wollorama\"},\"image\":{\"@id\":\"https:\\\/\\\/wollorama.at\\\/#\\\/schema\\\/logo\\\/image\\\/\"},\"sameAs\":[\"https:\\\/\\\/facebook.com\\\/wollorama\",\"https:\\\/\\\/at.pinterest.com\\\/wolloramashop\\\/\"]}]}<\/script>\n<!-- \/ Yoast SEO plugin. -->","yoast_head_json":{"title":"52 Weeks of Scrap Yarn","description":"52 Weeks of Scrap Yarn - das Buch, dass wir alle gebraucht haben. Jetzt ist es an der Zeit all deine Wollreste zusammenzutragen.","robots":{"index":"index","follow":"follow","max-snippet":"max-snippet:-1","max-image-preview":"max-image-preview:large","max-video-preview":"max-video-preview:-1"},"canonical":"https:\/\/wollorama.at\/en\/product\/52-weeks-of-scrap-yarn\/","og_locale":"en_GB","og_type":"article","og_title":"52 Weeks of Scrap Yarn | Laine Publishing","og_description":"Tauche ein in deinen Wollvorrat, und nutze all die liebevoll gesammelten Kn\u00e4uel und Wollreste!","og_url":"https:\/\/wollorama.at\/en\/product\/52-weeks-of-scrap-yarn\/","og_site_name":"Wollorama","article_publisher":"https:\/\/facebook.com\/wollorama","article_modified_time":"2026-04-02T15:11:32+00:00","og_image":[{"width":1200,"height":1200,"url":"https:\/\/wollorama.at\/wp-content\/uploads\/2025\/03\/ScrapYarn_square_ENG_lilac.webp","type":"image\/webp"}],"twitter_card":"summary_large_image","twitter_misc":{"Estimated reading time":"2 minutes"},"schema":{"@context":"https:\/\/schema.org","@graph":[{"@type":"WebPage","@id":"https:\/\/wollorama.at\/produkt\/52-weeks-of-scrap-yarn\/","url":"https:\/\/wollorama.at\/produkt\/52-weeks-of-scrap-yarn\/","name":"52 Weeks of Scrap Yarn","isPartOf":{"@id":"https:\/\/wollorama.at\/#website"},"primaryImageOfPage":{"@id":"https:\/\/wollorama.at\/produkt\/52-weeks-of-scrap-yarn\/#primaryimage"},"image":{"@id":"https:\/\/wollorama.at\/produkt\/52-weeks-of-scrap-yarn\/#primaryimage"},"thumbnailUrl":"https:\/\/wollorama.at\/wp-content\/uploads\/2025\/03\/ScrapYarn_square_ENG_lilac.jpg","datePublished":"2025-03-20T06:26:36+00:00","dateModified":"2026-04-02T15:11:32+00:00","description":"52 Weeks of Scrap Yarn - das Buch, dass wir alle gebraucht haben. Jetzt ist es an der Zeit all deine Wollreste zusammenzutragen.","breadcrumb":{"@id":"https:\/\/wollorama.at\/produkt\/52-weeks-of-scrap-yarn\/#breadcrumb"},"inLanguage":"en-GB","potentialAction":[{"@type":"ReadAction","target":["https:\/\/wollorama.at\/produkt\/52-weeks-of-scrap-yarn\/"]}]},{"@type":"ImageObject","inLanguage":"en-GB","@id":"https:\/\/wollorama.at\/produkt\/52-weeks-of-scrap-yarn\/#primaryimage","url":"https:\/\/wollorama.at\/wp-content\/uploads\/2025\/03\/ScrapYarn_square_ENG_lilac.jpg","contentUrl":"https:\/\/wollorama.at\/wp-content\/uploads\/2025\/03\/ScrapYarn_square_ENG_lilac.jpg","width":1200,"height":1200},{"@type":"BreadcrumbList","@id":"https:\/\/wollorama.at\/produkt\/52-weeks-of-scrap-yarn\/#breadcrumb","itemListElement":[{"@type":"ListItem","position":1,"name":"Home","item":"https:\/\/wollorama.at\/"},{"@type":"ListItem","position":2,"name":"Shop","item":"https:\/\/wollorama.at\/wollorama-onlineshop\/"},{"@type":"ListItem","position":3,"name":"52 Weeks of Scrap Yarn"}]},{"@type":"WebSite","@id":"https:\/\/wollorama.at\/#website","url":"https:\/\/wollorama.at\/","name":"Wollorama","description":"Willkommen","publisher":{"@id":"https:\/\/wollorama.at\/#organization"},"potentialAction":[{"@type":"SearchAction","target":{"@type":"EntryPoint","urlTemplate":"https:\/\/wollorama.at\/?s={search_term_string}"},"query-input":{"@type":"PropertyValueSpecification","valueRequired":true,"valueName":"search_term_string"}}],"inLanguage":"en-GB"},{"@type":"Organization","@id":"https:\/\/wollorama.at\/#organization","name":"Wollorama","url":"https:\/\/wollorama.at\/","logo":{"@type":"ImageObject","inLanguage":"en-GB","@id":"https:\/\/wollorama.at\/#\/schema\/logo\/image\/","url":"https:\/\/wollorama.at\/wp-content\/uploads\/2025\/10\/Woll.-rama.png","contentUrl":"https:\/\/wollorama.at\/wp-content\/uploads\/2025\/10\/Woll.-rama.png","width":2281,"height":490,"caption":"Wollorama"},"image":{"@id":"https:\/\/wollorama.at\/#\/schema\/logo\/image\/"},"sameAs":["https:\/\/facebook.com\/wollorama","https:\/\/at.pinterest.com\/wolloramashop\/"]}]}},"_links":{"self":[{"href":"https:\/\/wollorama.at\/en\/wp-json\/wp\/v2\/product\/5638","targetHints":{"allow":["GET"]}}],"collection":[{"href":"https:\/\/wollorama.at\/en\/wp-json\/wp\/v2\/product"}],"about":[{"href":"https:\/\/wollorama.at\/en\/wp-json\/wp\/v2\/types\/product"}],"replies":[{"embeddable":true,"href":"https:\/\/wollorama.at\/en\/wp-json\/wp\/v2\/comments?post=5638"}],"version-history":[{"count":0,"href":"https:\/\/wollorama.at\/en\/wp-json\/wp\/v2\/product\/5638\/revisions"}],"wp:featuredmedia":[{"embeddable":true,"href":"https:\/\/wollorama.at\/en\/wp-json\/wp\/v2\/media\/7364"}],"wp:attachment":[{"href":"https:\/\/wollorama.at\/en\/wp-json\/wp\/v2\/media?parent=5638"}],"wp:term":[{"taxonomy":"product_brand","embeddable":true,"href":"https:\/\/wollorama.at\/en\/wp-json\/wp\/v2\/product_brand?post=5638"},{"taxonomy":"product_cat","embeddable":true,"href":"https:\/\/wollorama.at\/en\/wp-json\/wp\/v2\/product_cat?post=5638"},{"taxonomy":"product_tag","embeddable":true,"href":"https:\/\/wollorama.at\/en\/wp-json\/wp\/v2\/product_tag?post=5638"}],"curies":[{"name":"wp","href":"https:\/\/api.w.org\/{rel}","templated":true}]}}