{"id":5559,"date":"2025-03-19T06:15:28","date_gmt":"2025-03-19T06:15:28","guid":{"rendered":"https:\/\/wollorama.at\/?post_type=product&#038;p=5559"},"modified":"2026-03-26T19:57:14","modified_gmt":"2026-03-26T19:57:14","slug":"tete-lana-maschenmarkierer","status":"publish","type":"product","link":"https:\/\/wollorama.at\/en\/product\/tete-lana-maschenmarkierer\/","title":{"rendered":"Tete &amp; Lana Maschenmarkierer"},"content":{"rendered":"<h3 data-start=\"58\" data-end=\"130\"><strong data-start=\"58\" data-end=\"128\">Maschenmarkierer-Set von Tete &amp; Lana \u2013 Eleganz trifft Funktionalit\u00e4t<\/strong><\/h3>\n<p data-start=\"132\" data-end=\"376\">Verleihe deinem Strickprojekt einen Hauch von Eleganz mit unserem hochwertigen Maschenmarkierer-Set von <em data-start=\"236\" data-end=\"249\">Tete &amp; Lana<\/em>. Dieses Set besteht aus <strong data-start=\"274\" data-end=\"307\">f\u00fcnf Halbedelstein-Markierern<\/strong>, die nicht nur praktisch, sondern auch wundersch\u00f6n anzusehen sind.<\/p>\n<h4 data-start=\"378\" data-end=\"407\"><strong data-start=\"382\" data-end=\"405\">Das Set beinhaltet:<\/strong><\/h4>\n<p data-start=\"408\" data-end=\"708\"><strong data-start=\"410\" data-end=\"429\">4 Raglan-Marker<\/strong> \u2013 Perfekt f\u00fcr Raglan-Zunahmen und andere Markierungen in deinem Strickst\u00fcck.<br data-start=\"506\" data-end=\"509\" \/><strong data-start=\"511\" data-end=\"535\">1 Fortschrittsmarker<\/strong> \u2013 Zeigt dir auf einen Blick, wie weit du schon gekommen bist.<br data-start=\"597\" data-end=\"600\" \/><strong data-start=\"602\" data-end=\"633\">1 Beginning-of-Round-Marker<\/strong> \u2013 Ideal f\u00fcr das Markieren des Rundenanfangs bei Strickst\u00fccken in Runden.<\/p>\n<p data-start=\"710\" data-end=\"912\">Die Maschenmarkierer sind aus edlen Halbedelsteinen gefertigt und mit stabilen Metallringen oder Karabinern versehen, sodass sie leicht \u00fcber die Nadeln gleiten, ohne dein Strickprojekt zu besch\u00e4digen.<\/p>\n<h4 data-start=\"914\" data-end=\"963\"><strong data-start=\"918\" data-end=\"961\">Warum Maschenmarkierer von Tete &amp; Lana?<\/strong><\/h4>\n<p data-start=\"964\" data-end=\"1231\"><strong data-start=\"966\" data-end=\"994\">Hochwertige Materialien:<\/strong> Halbedelsteine verleihen deinen Markierern eine luxuri\u00f6se Optik.<br data-start=\"1059\" data-end=\"1062\" \/><strong data-start=\"1064\" data-end=\"1089\">Praktisch &amp; stilvoll:<\/strong> Funktionale Helfer mit einer \u00e4sthetischen Note.<br data-start=\"1137\" data-end=\"1140\" \/><strong data-start=\"1142\" data-end=\"1165\">Langlebig &amp; leicht:<\/strong> Angenehm in der Handhabung und perfekt f\u00fcr jedes Strickprojekt.<\/p>\n<p data-start=\"1233\" data-end=\"1396\">Ob f\u00fcr dich selbst oder als besonderes Geschenk f\u00fcr eine:n Strickliebhaber:in \u2013 dieses Maschenmarkierer-Set ist ein Must-Have f\u00fcr alle, die gerne mit Stil stricken!<\/p>\n<p data-start=\"1233\" data-end=\"1396\">Du findest Theres und ihre Strickprojekte und Maschenmarkierer auch auf <a href=\"https:\/\/www.instagram.com\/tete.lana\/\">Instagram<\/a>.<\/p>\n<hr \/>\n<p data-start=\"1233\" data-end=\"1396\">Wenn du dich jetzt noch fragst, warum du Maschenmarkierer verwenden solltest, dann sind hier 5 Gr\u00fcnde, warum sie n\u00fctzlich sein k\u00f6nnen:<\/p>\n<ol data-start=\"178\" data-end=\"971\">\n<li data-start=\"178\" data-end=\"341\"><strong data-start=\"181\" data-end=\"207\">Rundenanfang markieren<\/strong> \u2013 Besonders beim Stricken in Runden (z. B. bei Socken oder M\u00fctzen) hilft ein Markierer, den Beginn der Runde leicht wiederzufinden.<\/li>\n<li data-start=\"342\" data-end=\"508\"><strong data-start=\"345\" data-end=\"375\">Musterabschnitte abgrenzen<\/strong> \u2013 Wenn du ein komplexes Muster (z. B. Zopf- oder Lochmuster) strickst, kannst du Abschnitte markieren, um dich nicht zu verz\u00e4hlen.<\/li>\n<li data-start=\"509\" data-end=\"684\"><strong data-start=\"512\" data-end=\"546\">Zunahmen und Abnahmen erkennen<\/strong> \u2013 Beim Stricken von Raglan\u00e4rmeln oder anderen Konstruktionen helfen Markierer, die Stellen f\u00fcr Zunahmen oder Abnahmen leicht zu finden.<\/li>\n<li data-start=\"685\" data-end=\"794\"><strong data-start=\"688\" data-end=\"708\">Fehler vermeiden<\/strong> \u2013 Sie erleichtern das Z\u00e4hlen von Maschen und helfen, Fehler fr\u00fchzeitig zu erkennen.<\/li>\n<li data-start=\"795\" data-end=\"971\"><strong data-start=\"798\" data-end=\"829\">Design-Elemente hervorheben<\/strong> \u2013 Falls ein bestimmter Bereich besonders beachtet werden muss (z. B. f\u00fcr eine spezielle Verzierung), kannst du dort einen Markierer setzen.<\/li>\n<\/ol>\n<p>(Nat\u00fcrlich ist es wie mit vielen Aspekten beim Stricken, pers\u00f6nliche Pr\u00e4ferenz ob man mit Markierern arbeitet oder nicht.)<\/p>","protected":false},"excerpt":{"rendered":"<p>Hexagonale Ringe: Set 1-6 \/ Runde Ringe: Set 7-12<\/p>","protected":false},"featured_media":7394,"comment_status":"open","ping_status":"closed","template":"","meta":{"site-sidebar-layout":"default","site-content-layout":"","ast-site-content-layout":"default","site-content-style":"default","site-sidebar-style":"default","ast-global-header-display":"","ast-banner-title-visibility":"","ast-main-header-display":"","ast-hfb-above-header-display":"","ast-hfb-below-header-display":"","ast-hfb-mobile-header-display":"","site-post-title":"","ast-breadcrumbs-content":"","ast-featured-img":"","footer-sml-layout":"","ast-disable-related-posts":"","theme-transparent-header-meta":"default","adv-header-id-meta":"","stick-header-meta":"default","header-above-stick-meta":"","header-main-stick-meta":"","header-below-stick-meta":"","astra-migrate-meta-layouts":"set","ast-page-background-enabled":"default","ast-page-background-meta":{"desktop":{"background-color":"","background-image":"","background-repeat":"repeat","background-position":"center center","background-size":"auto","background-attachment":"scroll","background-type":"","background-media":"","overlay-type":"","overlay-color":"","overlay-opacity":"","overlay-gradient":""},"tablet":{"background-color":"","background-image":"","background-repeat":"repeat","background-position":"center center","background-size":"auto","background-attachment":"scroll","background-type":"","background-media":"","overlay-type":"","overlay-color":"","overlay-opacity":"","overlay-gradient":""},"mobile":{"background-color":"","background-image":"","background-repeat":"repeat","background-position":"center center","background-size":"auto","background-attachment":"scroll","background-type":"","background-media":"","overlay-type":"","overlay-color":"","overlay-opacity":"","overlay-gradient":""}},"ast-content-background-meta":{"desktop":{"background-color":"var(--ast-global-color-5)","background-image":"","background-repeat":"repeat","background-position":"center center","background-size":"auto","background-attachment":"scroll","background-type":"","background-media":"","overlay-type":"","overlay-color":"","overlay-opacity":"","overlay-gradient":""},"tablet":{"background-color":"var(--ast-global-color-5)","background-image":"","background-repeat":"repeat","background-position":"center center","background-size":"auto","background-attachment":"scroll","background-type":"","background-media":"","overlay-type":"","overlay-color":"","overlay-opacity":"","overlay-gradient":""},"mobile":{"background-color":"var(--ast-global-color-5)","background-image":"","background-repeat":"repeat","background-position":"center center","background-size":"auto","background-attachment":"scroll","background-type":"","background-media":"","overlay-type":"","overlay-color":"","overlay-opacity":"","overlay-gradient":""}}},"product_brand":[],"product_cat":[140],"product_tag":[],"class_list":{"0":"post-5559","1":"product","2":"type-product","3":"status-publish","4":"has-post-thumbnail","6":"product_cat-strickzubehoer","7":"product_shipping_class-langsam","8":"desktop-align-center","9":"tablet-align-left","10":"mobile-align-left","11":"ast-product-gallery-layout-horizontal-slider","12":"ast-product-gallery-with-no-image","13":"ast-magnify-disabled","14":"ast-product-single-variable","15":"ast-product-tabs-layout-horizontal","17":"first","18":"outofstock","19":"purchasable","20":"product-type-variable"},"yoast_head":"<!-- This site is optimized with the Yoast SEO plugin v27.4 - https:\/\/yoast.com\/product\/yoast-seo-wordpress\/ -->\n<title>Tete &amp; Lana Maschenmarkierer - Wollorama<\/title>\n<meta name=\"description\" content=\"Maschenmarkierer von Tete &amp; Lana verzaubern durch ihre wundersch\u00f6nen Steine und die feine Verarbeitung. Die Sets lassen Strickerherzen h\u00f6her schlagen!\" \/>\n<meta name=\"robots\" content=\"index, follow, max-snippet:-1, max-image-preview:large, max-video-preview:-1\" \/>\n<link rel=\"canonical\" href=\"https:\/\/wollorama.at\/en\/product\/tete-lana-maschenmarkierer\/\" \/>\n<meta property=\"og:locale\" content=\"en_GB\" \/>\n<meta property=\"og:type\" content=\"article\" \/>\n<meta property=\"og:title\" content=\"Tete &amp; Lana Maschenmarkierer - Wollorama\" \/>\n<meta property=\"og:description\" content=\"Maschenmarkierer von Tete &amp; Lana verzaubern durch ihre wundersch\u00f6nen Steine und die feine Verarbeitung. Die Sets lassen Strickerherzen h\u00f6her schlagen!\" \/>\n<meta property=\"og:url\" content=\"https:\/\/wollorama.at\/en\/product\/tete-lana-maschenmarkierer\/\" \/>\n<meta property=\"og:site_name\" content=\"Wollorama\" \/>\n<meta property=\"article:publisher\" content=\"https:\/\/facebook.com\/wollorama\" \/>\n<meta property=\"article:modified_time\" content=\"2026-03-26T19:57:14+00:00\" \/>\n<meta property=\"og:image\" content=\"https:\/\/wollorama.at\/wp-content\/uploads\/2025\/03\/IMG_9746.jpg\" \/>\n\t<meta property=\"og:image:width\" content=\"1125\" \/>\n\t<meta property=\"og:image:height\" content=\"1124\" \/>\n\t<meta property=\"og:image:type\" content=\"image\/jpeg\" \/>\n<meta name=\"twitter:card\" content=\"summary_large_image\" \/>\n<meta name=\"twitter:label1\" content=\"Estimated reading time\" \/>\n\t<meta name=\"twitter:data1\" content=\"2 minutes\" \/>\n<script type=\"application\/ld+json\" class=\"yoast-schema-graph\">{\"@context\":\"https:\\\/\\\/schema.org\",\"@graph\":[{\"@type\":\"WebPage\",\"@id\":\"https:\\\/\\\/wollorama.at\\\/produkt\\\/tete-lana-maschenmarkierer\\\/\",\"url\":\"https:\\\/\\\/wollorama.at\\\/produkt\\\/tete-lana-maschenmarkierer\\\/\",\"name\":\"Tete &amp; Lana Maschenmarkierer - Wollorama\",\"isPartOf\":{\"@id\":\"https:\\\/\\\/wollorama.at\\\/#website\"},\"primaryImageOfPage\":{\"@id\":\"https:\\\/\\\/wollorama.at\\\/produkt\\\/tete-lana-maschenmarkierer\\\/#primaryimage\"},\"image\":{\"@id\":\"https:\\\/\\\/wollorama.at\\\/produkt\\\/tete-lana-maschenmarkierer\\\/#primaryimage\"},\"thumbnailUrl\":\"https:\\\/\\\/wollorama.at\\\/wp-content\\\/uploads\\\/2025\\\/03\\\/IMG_9746.jpg\",\"datePublished\":\"2025-03-19T06:15:28+00:00\",\"dateModified\":\"2026-03-26T19:57:14+00:00\",\"description\":\"Maschenmarkierer von Tete & Lana verzaubern durch ihre wundersch\u00f6nen Steine und die feine Verarbeitung. Die Sets lassen Strickerherzen h\u00f6her schlagen!\",\"breadcrumb\":{\"@id\":\"https:\\\/\\\/wollorama.at\\\/produkt\\\/tete-lana-maschenmarkierer\\\/#breadcrumb\"},\"inLanguage\":\"en-GB\",\"potentialAction\":[{\"@type\":\"ReadAction\",\"target\":[\"https:\\\/\\\/wollorama.at\\\/produkt\\\/tete-lana-maschenmarkierer\\\/\"]}]},{\"@type\":\"ImageObject\",\"inLanguage\":\"en-GB\",\"@id\":\"https:\\\/\\\/wollorama.at\\\/produkt\\\/tete-lana-maschenmarkierer\\\/#primaryimage\",\"url\":\"https:\\\/\\\/wollorama.at\\\/wp-content\\\/uploads\\\/2025\\\/03\\\/IMG_9746.jpg\",\"contentUrl\":\"https:\\\/\\\/wollorama.at\\\/wp-content\\\/uploads\\\/2025\\\/03\\\/IMG_9746.jpg\",\"width\":1125,\"height\":1124},{\"@type\":\"BreadcrumbList\",\"@id\":\"https:\\\/\\\/wollorama.at\\\/produkt\\\/tete-lana-maschenmarkierer\\\/#breadcrumb\",\"itemListElement\":[{\"@type\":\"ListItem\",\"position\":1,\"name\":\"Home\",\"item\":\"https:\\\/\\\/wollorama.at\\\/\"},{\"@type\":\"ListItem\",\"position\":2,\"name\":\"Shop\",\"item\":\"https:\\\/\\\/wollorama.at\\\/wollorama-onlineshop\\\/\"},{\"@type\":\"ListItem\",\"position\":3,\"name\":\"Tete &amp; Lana Maschenmarkierer\"}]},{\"@type\":\"WebSite\",\"@id\":\"https:\\\/\\\/wollorama.at\\\/#website\",\"url\":\"https:\\\/\\\/wollorama.at\\\/\",\"name\":\"Wollorama\",\"description\":\"Willkommen\",\"publisher\":{\"@id\":\"https:\\\/\\\/wollorama.at\\\/#organization\"},\"potentialAction\":[{\"@type\":\"SearchAction\",\"target\":{\"@type\":\"EntryPoint\",\"urlTemplate\":\"https:\\\/\\\/wollorama.at\\\/?s={search_term_string}\"},\"query-input\":{\"@type\":\"PropertyValueSpecification\",\"valueRequired\":true,\"valueName\":\"search_term_string\"}}],\"inLanguage\":\"en-GB\"},{\"@type\":\"Organization\",\"@id\":\"https:\\\/\\\/wollorama.at\\\/#organization\",\"name\":\"Wollorama\",\"url\":\"https:\\\/\\\/wollorama.at\\\/\",\"logo\":{\"@type\":\"ImageObject\",\"inLanguage\":\"en-GB\",\"@id\":\"https:\\\/\\\/wollorama.at\\\/#\\\/schema\\\/logo\\\/image\\\/\",\"url\":\"https:\\\/\\\/wollorama.at\\\/wp-content\\\/uploads\\\/2025\\\/10\\\/Woll.-rama.png\",\"contentUrl\":\"https:\\\/\\\/wollorama.at\\\/wp-content\\\/uploads\\\/2025\\\/10\\\/Woll.-rama.png\",\"width\":2281,\"height\":490,\"caption\":\"Wollorama\"},\"image\":{\"@id\":\"https:\\\/\\\/wollorama.at\\\/#\\\/schema\\\/logo\\\/image\\\/\"},\"sameAs\":[\"https:\\\/\\\/facebook.com\\\/wollorama\",\"https:\\\/\\\/at.pinterest.com\\\/wolloramashop\\\/\"]}]}<\/script>\n<!-- \/ Yoast SEO plugin. -->","yoast_head_json":{"title":"Tete &amp; Lana Maschenmarkierer - Wollorama","description":"Maschenmarkierer von Tete & Lana verzaubern durch ihre wundersch\u00f6nen Steine und die feine Verarbeitung. Die Sets lassen Strickerherzen h\u00f6her schlagen!","robots":{"index":"index","follow":"follow","max-snippet":"max-snippet:-1","max-image-preview":"max-image-preview:large","max-video-preview":"max-video-preview:-1"},"canonical":"https:\/\/wollorama.at\/en\/product\/tete-lana-maschenmarkierer\/","og_locale":"en_GB","og_type":"article","og_title":"Tete &amp; Lana Maschenmarkierer - Wollorama","og_description":"Maschenmarkierer von Tete & Lana verzaubern durch ihre wundersch\u00f6nen Steine und die feine Verarbeitung. Die Sets lassen Strickerherzen h\u00f6her schlagen!","og_url":"https:\/\/wollorama.at\/en\/product\/tete-lana-maschenmarkierer\/","og_site_name":"Wollorama","article_publisher":"https:\/\/facebook.com\/wollorama","article_modified_time":"2026-03-26T19:57:14+00:00","og_image":[{"width":1125,"height":1124,"url":"https:\/\/wollorama.at\/wp-content\/uploads\/2025\/03\/IMG_9746.jpg","type":"image\/jpeg"}],"twitter_card":"summary_large_image","twitter_misc":{"Estimated reading time":"2 minutes"},"schema":{"@context":"https:\/\/schema.org","@graph":[{"@type":"WebPage","@id":"https:\/\/wollorama.at\/produkt\/tete-lana-maschenmarkierer\/","url":"https:\/\/wollorama.at\/produkt\/tete-lana-maschenmarkierer\/","name":"Tete &amp; Lana Maschenmarkierer - Wollorama","isPartOf":{"@id":"https:\/\/wollorama.at\/#website"},"primaryImageOfPage":{"@id":"https:\/\/wollorama.at\/produkt\/tete-lana-maschenmarkierer\/#primaryimage"},"image":{"@id":"https:\/\/wollorama.at\/produkt\/tete-lana-maschenmarkierer\/#primaryimage"},"thumbnailUrl":"https:\/\/wollorama.at\/wp-content\/uploads\/2025\/03\/IMG_9746.jpg","datePublished":"2025-03-19T06:15:28+00:00","dateModified":"2026-03-26T19:57:14+00:00","description":"Maschenmarkierer von Tete & Lana verzaubern durch ihre wundersch\u00f6nen Steine und die feine Verarbeitung. Die Sets lassen Strickerherzen h\u00f6her schlagen!","breadcrumb":{"@id":"https:\/\/wollorama.at\/produkt\/tete-lana-maschenmarkierer\/#breadcrumb"},"inLanguage":"en-GB","potentialAction":[{"@type":"ReadAction","target":["https:\/\/wollorama.at\/produkt\/tete-lana-maschenmarkierer\/"]}]},{"@type":"ImageObject","inLanguage":"en-GB","@id":"https:\/\/wollorama.at\/produkt\/tete-lana-maschenmarkierer\/#primaryimage","url":"https:\/\/wollorama.at\/wp-content\/uploads\/2025\/03\/IMG_9746.jpg","contentUrl":"https:\/\/wollorama.at\/wp-content\/uploads\/2025\/03\/IMG_9746.jpg","width":1125,"height":1124},{"@type":"BreadcrumbList","@id":"https:\/\/wollorama.at\/produkt\/tete-lana-maschenmarkierer\/#breadcrumb","itemListElement":[{"@type":"ListItem","position":1,"name":"Home","item":"https:\/\/wollorama.at\/"},{"@type":"ListItem","position":2,"name":"Shop","item":"https:\/\/wollorama.at\/wollorama-onlineshop\/"},{"@type":"ListItem","position":3,"name":"Tete &amp; Lana Maschenmarkierer"}]},{"@type":"WebSite","@id":"https:\/\/wollorama.at\/#website","url":"https:\/\/wollorama.at\/","name":"Wollorama","description":"Willkommen","publisher":{"@id":"https:\/\/wollorama.at\/#organization"},"potentialAction":[{"@type":"SearchAction","target":{"@type":"EntryPoint","urlTemplate":"https:\/\/wollorama.at\/?s={search_term_string}"},"query-input":{"@type":"PropertyValueSpecification","valueRequired":true,"valueName":"search_term_string"}}],"inLanguage":"en-GB"},{"@type":"Organization","@id":"https:\/\/wollorama.at\/#organization","name":"Wollorama","url":"https:\/\/wollorama.at\/","logo":{"@type":"ImageObject","inLanguage":"en-GB","@id":"https:\/\/wollorama.at\/#\/schema\/logo\/image\/","url":"https:\/\/wollorama.at\/wp-content\/uploads\/2025\/10\/Woll.-rama.png","contentUrl":"https:\/\/wollorama.at\/wp-content\/uploads\/2025\/10\/Woll.-rama.png","width":2281,"height":490,"caption":"Wollorama"},"image":{"@id":"https:\/\/wollorama.at\/#\/schema\/logo\/image\/"},"sameAs":["https:\/\/facebook.com\/wollorama","https:\/\/at.pinterest.com\/wolloramashop\/"]}]}},"_links":{"self":[{"href":"https:\/\/wollorama.at\/en\/wp-json\/wp\/v2\/product\/5559","targetHints":{"allow":["GET"]}}],"collection":[{"href":"https:\/\/wollorama.at\/en\/wp-json\/wp\/v2\/product"}],"about":[{"href":"https:\/\/wollorama.at\/en\/wp-json\/wp\/v2\/types\/product"}],"replies":[{"embeddable":true,"href":"https:\/\/wollorama.at\/en\/wp-json\/wp\/v2\/comments?post=5559"}],"version-history":[{"count":0,"href":"https:\/\/wollorama.at\/en\/wp-json\/wp\/v2\/product\/5559\/revisions"}],"wp:featuredmedia":[{"embeddable":true,"href":"https:\/\/wollorama.at\/en\/wp-json\/wp\/v2\/media\/7394"}],"wp:attachment":[{"href":"https:\/\/wollorama.at\/en\/wp-json\/wp\/v2\/media?parent=5559"}],"wp:term":[{"taxonomy":"product_brand","embeddable":true,"href":"https:\/\/wollorama.at\/en\/wp-json\/wp\/v2\/product_brand?post=5559"},{"taxonomy":"product_cat","embeddable":true,"href":"https:\/\/wollorama.at\/en\/wp-json\/wp\/v2\/product_cat?post=5559"},{"taxonomy":"product_tag","embeddable":true,"href":"https:\/\/wollorama.at\/en\/wp-json\/wp\/v2\/product_tag?post=5559"}],"curies":[{"name":"wp","href":"https:\/\/api.w.org\/{rel}","templated":true}]}}