{"id":5366,"date":"2025-02-13T19:35:42","date_gmt":"2025-02-13T19:35:42","guid":{"rendered":"https:\/\/wollorama.at\/?post_type=product&#038;p=5366"},"modified":"2026-04-16T04:01:05","modified_gmt":"2026-04-16T04:01:05","slug":"damya","status":"publish","type":"product","link":"https:\/\/wollorama.at\/en\/product\/damya\/","title":{"rendered":"Damya"},"content":{"rendered":"<h4 data-start=\"0\" data-end=\"326\">Hanf trifft auf Baumwolle<\/h4>\n<p data-start=\"0\" data-end=\"326\">Natissea Damya ist ein DK-Garn aus 100 % pflanzlichen Fasern. Es kombiniert die Widerstandsf\u00e4higkeit von Hanf mit der Weichheit von Bio-Baumwolle \u2013 f\u00fcr nachhaltiges und gesundes Stricken. Ideal f\u00fcr Cardigans, Pullover, Babykleidung und Accessoires! Atmungsaktiv, langlebig und angenehm auf der Haut \u2013 perfekt f\u00fcr warme Tage.<\/p>\n<p data-start=\"328\" data-end=\"585\">Damya gibt es in frischen Beerent\u00f6nen und gedeckten Farben \u2013 passend f\u00fcr jede Garderobe. Mathilde arbeitet eng mit franz\u00f6sischen und internationalen Designer:innen zusammen. Ihr umfangreiches Design-Portfolio inspiriert und bietet unz\u00e4hlige M\u00f6glichkeiten.<\/p>\n<h4 data-start=\"587\" data-end=\"769\">Ein Highlight<\/h4>\n<p data-start=\"587\" data-end=\"769\">Viele Designs sind mit verschiedenen Garnqualit\u00e4ten umsetzbar. Damya l\u00e4sst sich problemlos durch Lina\u00e9 ersetzen \u2013 so kannst du dein perfektes Sommerprojekt kreieren.<\/p>\n<p data-start=\"771\" data-end=\"859\" data-is-last-node=\"\" data-is-only-node=\"\">Noch auf der Suche nach dem idealen Sommertop oder Accessoire? Schau dir die <a href=\"https:\/\/natissea.com\/categorie-produit\/kits\/\">Designs<\/a> auf Mathildes Homepage an, oder h\u00fcpf r\u00fcber auf die <a href=\"https:\/\/wollorama.at\/en\/natissea\/\">Wollorama Seite zu Natissea<\/a>. Dort gibt es auch Inspirationen zu finden!<\/p>\n<h4 data-start=\"771\" data-end=\"859\">Hanf aus Frankreich<\/h4>\n<p data-start=\"771\" data-end=\"859\" data-is-last-node=\"\" data-is-only-node=\"\">Die Hanfproduktion in Frankreich, hat eine lange Tradition, und Frankreich z\u00e4hlte bis ins 19. Jdt. zum f\u00fchrenden europ\u00e4ischen Produzenten von Hanf. Nach einem Einbruch, dieses Wirtschaftszweiges in den 1960er Jahren, erlebt die Hanfherstellung und &#8211; verarbeitung in den letzten Jahren einen erneuten Aufschwung.<\/p>\n<p data-start=\"771\" data-end=\"859\" data-is-last-node=\"\" data-is-only-node=\"\">Diese Tradition, ist auch Mathilde von Natissea sehr wichtig, den durch die lokale Produktion der Fasern, k\u00f6nnen die Transportwege kurz gehalten werden. Zus\u00e4tzlich bleibt die Wertsch\u00f6pfungskette in der Region, sodass Landwirte aus verschiedenen Gegenden von ihrem Anbau profitieren k\u00f6nnen.<\/p>\n<p data-start=\"771\" data-end=\"859\" data-is-last-node=\"\" data-is-only-node=\"\">","protected":false},"excerpt":{"rendered":"<ul>\n<li>55% Hanf 45% Baumwolle<\/li>\n<li>+\/- 170 m\/100 g<\/li>\n<li>Maschenprobe nach dem Waschen: 20 Maschen\/30 Reihen<\/li>\n<li>Nadelst\u00e4rke: 4\/4.5mm<\/li>\n<\/ul>","protected":false},"featured_media":7121,"comment_status":"open","ping_status":"closed","template":"","meta":{"site-sidebar-layout":"default","site-content-layout":"","ast-site-content-layout":"default","site-content-style":"default","site-sidebar-style":"default","ast-global-header-display":"","ast-banner-title-visibility":"","ast-main-header-display":"","ast-hfb-above-header-display":"","ast-hfb-below-header-display":"","ast-hfb-mobile-header-display":"","site-post-title":"","ast-breadcrumbs-content":"","ast-featured-img":"","footer-sml-layout":"","ast-disable-related-posts":"","theme-transparent-header-meta":"default","adv-header-id-meta":"","stick-header-meta":"default","header-above-stick-meta":"","header-main-stick-meta":"","header-below-stick-meta":"","astra-migrate-meta-layouts":"set","ast-page-background-enabled":"default","ast-page-background-meta":{"desktop":{"background-color":"","background-image":"","background-repeat":"repeat","background-position":"center center","background-size":"auto","background-attachment":"scroll","background-type":"","background-media":"","overlay-type":"","overlay-color":"","overlay-opacity":"","overlay-gradient":""},"tablet":{"background-color":"","background-image":"","background-repeat":"repeat","background-position":"center center","background-size":"auto","background-attachment":"scroll","background-type":"","background-media":"","overlay-type":"","overlay-color":"","overlay-opacity":"","overlay-gradient":""},"mobile":{"background-color":"","background-image":"","background-repeat":"repeat","background-position":"center center","background-size":"auto","background-attachment":"scroll","background-type":"","background-media":"","overlay-type":"","overlay-color":"","overlay-opacity":"","overlay-gradient":""}},"ast-content-background-meta":{"desktop":{"background-color":"var(--ast-global-color-5)","background-image":"","background-repeat":"repeat","background-position":"center center","background-size":"auto","background-attachment":"scroll","background-type":"","background-media":"","overlay-type":"","overlay-color":"","overlay-opacity":"","overlay-gradient":""},"tablet":{"background-color":"var(--ast-global-color-5)","background-image":"","background-repeat":"repeat","background-position":"center center","background-size":"auto","background-attachment":"scroll","background-type":"","background-media":"","overlay-type":"","overlay-color":"","overlay-opacity":"","overlay-gradient":""},"mobile":{"background-color":"var(--ast-global-color-5)","background-image":"","background-repeat":"repeat","background-position":"center center","background-size":"auto","background-attachment":"scroll","background-type":"","background-media":"","overlay-type":"","overlay-color":"","overlay-opacity":"","overlay-gradient":""}}},"product_brand":[],"product_cat":[139],"product_tag":[],"class_list":{"0":"post-5366","1":"product","2":"type-product","3":"status-publish","4":"has-post-thumbnail","6":"product_cat-natissea-pflanzliche-fasern-aus-frankreich","7":"desktop-align-center","8":"tablet-align-left","9":"mobile-align-left","10":"ast-product-gallery-layout-horizontal-slider","11":"ast-product-gallery-with-no-image","12":"ast-magnify-disabled","13":"ast-product-single-variable","14":"ast-product-tabs-layout-horizontal","16":"first","17":"instock","18":"shipping-taxable","19":"purchasable","20":"product-type-variable"},"yoast_head":"<!-- This site is optimized with the Yoast SEO plugin v27.4 - https:\/\/yoast.com\/product\/yoast-seo-wordpress\/ -->\n<title>Damya bei Wollorama<\/title>\n<meta name=\"description\" content=\"Natissea Damya, ist das perfekte Sommergarn. 55% Hanf &amp; 45% Baumwolle, versprechen auch bei sommerlichen Temperaturen einen hohen Tragekomfort.\" \/>\n<meta name=\"robots\" content=\"index, follow, max-snippet:-1, max-image-preview:large, max-video-preview:-1\" \/>\n<link rel=\"canonical\" href=\"https:\/\/wollorama.at\/en\/product\/damya\/\" \/>\n<meta property=\"og:locale\" content=\"en_GB\" \/>\n<meta property=\"og:type\" content=\"article\" \/>\n<meta property=\"og:title\" content=\"Damya bei Wollorama\" \/>\n<meta property=\"og:description\" content=\"Natissea Damya, ist das perfekte Sommergarn. 55% Hanf &amp; 45% Baumwolle, versprechen auch bei sommerlichen Temperaturen einen hohen Tragekomfort.\" \/>\n<meta property=\"og:url\" content=\"https:\/\/wollorama.at\/en\/product\/damya\/\" \/>\n<meta property=\"og:site_name\" content=\"Wollorama\" \/>\n<meta property=\"article:publisher\" content=\"https:\/\/facebook.com\/wollorama\" \/>\n<meta property=\"article:modified_time\" content=\"2026-04-16T04:01:05+00:00\" \/>\n<meta property=\"og:image\" content=\"https:\/\/wollorama.at\/wp-content\/uploads\/2025\/02\/2025_07_22_9999_110.jpeg\" \/>\n\t<meta property=\"og:image:width\" content=\"2000\" \/>\n\t<meta property=\"og:image:height\" content=\"3000\" \/>\n\t<meta property=\"og:image:type\" content=\"image\/jpeg\" \/>\n<meta name=\"twitter:card\" content=\"summary_large_image\" \/>\n<meta name=\"twitter:label1\" content=\"Estimated reading time\" \/>\n\t<meta name=\"twitter:data1\" content=\"2 minutes\" \/>\n<script type=\"application\/ld+json\" class=\"yoast-schema-graph\">{\"@context\":\"https:\\\/\\\/schema.org\",\"@graph\":[{\"@type\":\"WebPage\",\"@id\":\"https:\\\/\\\/wollorama.at\\\/produkt\\\/damya\\\/\",\"url\":\"https:\\\/\\\/wollorama.at\\\/produkt\\\/damya\\\/\",\"name\":\"Damya bei Wollorama\",\"isPartOf\":{\"@id\":\"https:\\\/\\\/wollorama.at\\\/#website\"},\"primaryImageOfPage\":{\"@id\":\"https:\\\/\\\/wollorama.at\\\/produkt\\\/damya\\\/#primaryimage\"},\"image\":{\"@id\":\"https:\\\/\\\/wollorama.at\\\/produkt\\\/damya\\\/#primaryimage\"},\"thumbnailUrl\":\"https:\\\/\\\/wollorama.at\\\/wp-content\\\/uploads\\\/2025\\\/02\\\/2025_07_22_9999_110.jpeg\",\"datePublished\":\"2025-02-13T19:35:42+00:00\",\"dateModified\":\"2026-04-16T04:01:05+00:00\",\"description\":\"Natissea Damya, ist das perfekte Sommergarn. 55% Hanf & 45% Baumwolle, versprechen auch bei sommerlichen Temperaturen einen hohen Tragekomfort.\",\"breadcrumb\":{\"@id\":\"https:\\\/\\\/wollorama.at\\\/produkt\\\/damya\\\/#breadcrumb\"},\"inLanguage\":\"en-GB\",\"potentialAction\":[{\"@type\":\"ReadAction\",\"target\":[\"https:\\\/\\\/wollorama.at\\\/produkt\\\/damya\\\/\"]}]},{\"@type\":\"ImageObject\",\"inLanguage\":\"en-GB\",\"@id\":\"https:\\\/\\\/wollorama.at\\\/produkt\\\/damya\\\/#primaryimage\",\"url\":\"https:\\\/\\\/wollorama.at\\\/wp-content\\\/uploads\\\/2025\\\/02\\\/2025_07_22_9999_110.jpeg\",\"contentUrl\":\"https:\\\/\\\/wollorama.at\\\/wp-content\\\/uploads\\\/2025\\\/02\\\/2025_07_22_9999_110.jpeg\",\"width\":2000,\"height\":3000},{\"@type\":\"BreadcrumbList\",\"@id\":\"https:\\\/\\\/wollorama.at\\\/produkt\\\/damya\\\/#breadcrumb\",\"itemListElement\":[{\"@type\":\"ListItem\",\"position\":1,\"name\":\"Home\",\"item\":\"https:\\\/\\\/wollorama.at\\\/\"},{\"@type\":\"ListItem\",\"position\":2,\"name\":\"Shop\",\"item\":\"https:\\\/\\\/wollorama.at\\\/wollorama-onlineshop\\\/\"},{\"@type\":\"ListItem\",\"position\":3,\"name\":\"Damya\"}]},{\"@type\":\"WebSite\",\"@id\":\"https:\\\/\\\/wollorama.at\\\/#website\",\"url\":\"https:\\\/\\\/wollorama.at\\\/\",\"name\":\"Wollorama\",\"description\":\"Willkommen\",\"publisher\":{\"@id\":\"https:\\\/\\\/wollorama.at\\\/#organization\"},\"potentialAction\":[{\"@type\":\"SearchAction\",\"target\":{\"@type\":\"EntryPoint\",\"urlTemplate\":\"https:\\\/\\\/wollorama.at\\\/?s={search_term_string}\"},\"query-input\":{\"@type\":\"PropertyValueSpecification\",\"valueRequired\":true,\"valueName\":\"search_term_string\"}}],\"inLanguage\":\"en-GB\"},{\"@type\":\"Organization\",\"@id\":\"https:\\\/\\\/wollorama.at\\\/#organization\",\"name\":\"Wollorama\",\"url\":\"https:\\\/\\\/wollorama.at\\\/\",\"logo\":{\"@type\":\"ImageObject\",\"inLanguage\":\"en-GB\",\"@id\":\"https:\\\/\\\/wollorama.at\\\/#\\\/schema\\\/logo\\\/image\\\/\",\"url\":\"https:\\\/\\\/wollorama.at\\\/wp-content\\\/uploads\\\/2025\\\/10\\\/Woll.-rama.png\",\"contentUrl\":\"https:\\\/\\\/wollorama.at\\\/wp-content\\\/uploads\\\/2025\\\/10\\\/Woll.-rama.png\",\"width\":2281,\"height\":490,\"caption\":\"Wollorama\"},\"image\":{\"@id\":\"https:\\\/\\\/wollorama.at\\\/#\\\/schema\\\/logo\\\/image\\\/\"},\"sameAs\":[\"https:\\\/\\\/facebook.com\\\/wollorama\",\"https:\\\/\\\/at.pinterest.com\\\/wolloramashop\\\/\"]}]}<\/script>\n<!-- \/ Yoast SEO plugin. -->","yoast_head_json":{"title":"Damya bei Wollorama","description":"Natissea Damya, ist das perfekte Sommergarn. 55% Hanf & 45% Baumwolle, versprechen auch bei sommerlichen Temperaturen einen hohen Tragekomfort.","robots":{"index":"index","follow":"follow","max-snippet":"max-snippet:-1","max-image-preview":"max-image-preview:large","max-video-preview":"max-video-preview:-1"},"canonical":"https:\/\/wollorama.at\/en\/product\/damya\/","og_locale":"en_GB","og_type":"article","og_title":"Damya bei Wollorama","og_description":"Natissea Damya, ist das perfekte Sommergarn. 55% Hanf & 45% Baumwolle, versprechen auch bei sommerlichen Temperaturen einen hohen Tragekomfort.","og_url":"https:\/\/wollorama.at\/en\/product\/damya\/","og_site_name":"Wollorama","article_publisher":"https:\/\/facebook.com\/wollorama","article_modified_time":"2026-04-16T04:01:05+00:00","og_image":[{"width":2000,"height":3000,"url":"https:\/\/wollorama.at\/wp-content\/uploads\/2025\/02\/2025_07_22_9999_110.jpeg","type":"image\/jpeg"}],"twitter_card":"summary_large_image","twitter_misc":{"Estimated reading time":"2 minutes"},"schema":{"@context":"https:\/\/schema.org","@graph":[{"@type":"WebPage","@id":"https:\/\/wollorama.at\/produkt\/damya\/","url":"https:\/\/wollorama.at\/produkt\/damya\/","name":"Damya bei Wollorama","isPartOf":{"@id":"https:\/\/wollorama.at\/#website"},"primaryImageOfPage":{"@id":"https:\/\/wollorama.at\/produkt\/damya\/#primaryimage"},"image":{"@id":"https:\/\/wollorama.at\/produkt\/damya\/#primaryimage"},"thumbnailUrl":"https:\/\/wollorama.at\/wp-content\/uploads\/2025\/02\/2025_07_22_9999_110.jpeg","datePublished":"2025-02-13T19:35:42+00:00","dateModified":"2026-04-16T04:01:05+00:00","description":"Natissea Damya, ist das perfekte Sommergarn. 55% Hanf & 45% Baumwolle, versprechen auch bei sommerlichen Temperaturen einen hohen Tragekomfort.","breadcrumb":{"@id":"https:\/\/wollorama.at\/produkt\/damya\/#breadcrumb"},"inLanguage":"en-GB","potentialAction":[{"@type":"ReadAction","target":["https:\/\/wollorama.at\/produkt\/damya\/"]}]},{"@type":"ImageObject","inLanguage":"en-GB","@id":"https:\/\/wollorama.at\/produkt\/damya\/#primaryimage","url":"https:\/\/wollorama.at\/wp-content\/uploads\/2025\/02\/2025_07_22_9999_110.jpeg","contentUrl":"https:\/\/wollorama.at\/wp-content\/uploads\/2025\/02\/2025_07_22_9999_110.jpeg","width":2000,"height":3000},{"@type":"BreadcrumbList","@id":"https:\/\/wollorama.at\/produkt\/damya\/#breadcrumb","itemListElement":[{"@type":"ListItem","position":1,"name":"Home","item":"https:\/\/wollorama.at\/"},{"@type":"ListItem","position":2,"name":"Shop","item":"https:\/\/wollorama.at\/wollorama-onlineshop\/"},{"@type":"ListItem","position":3,"name":"Damya"}]},{"@type":"WebSite","@id":"https:\/\/wollorama.at\/#website","url":"https:\/\/wollorama.at\/","name":"Wollorama","description":"Willkommen","publisher":{"@id":"https:\/\/wollorama.at\/#organization"},"potentialAction":[{"@type":"SearchAction","target":{"@type":"EntryPoint","urlTemplate":"https:\/\/wollorama.at\/?s={search_term_string}"},"query-input":{"@type":"PropertyValueSpecification","valueRequired":true,"valueName":"search_term_string"}}],"inLanguage":"en-GB"},{"@type":"Organization","@id":"https:\/\/wollorama.at\/#organization","name":"Wollorama","url":"https:\/\/wollorama.at\/","logo":{"@type":"ImageObject","inLanguage":"en-GB","@id":"https:\/\/wollorama.at\/#\/schema\/logo\/image\/","url":"https:\/\/wollorama.at\/wp-content\/uploads\/2025\/10\/Woll.-rama.png","contentUrl":"https:\/\/wollorama.at\/wp-content\/uploads\/2025\/10\/Woll.-rama.png","width":2281,"height":490,"caption":"Wollorama"},"image":{"@id":"https:\/\/wollorama.at\/#\/schema\/logo\/image\/"},"sameAs":["https:\/\/facebook.com\/wollorama","https:\/\/at.pinterest.com\/wolloramashop\/"]}]}},"_links":{"self":[{"href":"https:\/\/wollorama.at\/en\/wp-json\/wp\/v2\/product\/5366","targetHints":{"allow":["GET"]}}],"collection":[{"href":"https:\/\/wollorama.at\/en\/wp-json\/wp\/v2\/product"}],"about":[{"href":"https:\/\/wollorama.at\/en\/wp-json\/wp\/v2\/types\/product"}],"replies":[{"embeddable":true,"href":"https:\/\/wollorama.at\/en\/wp-json\/wp\/v2\/comments?post=5366"}],"version-history":[{"count":0,"href":"https:\/\/wollorama.at\/en\/wp-json\/wp\/v2\/product\/5366\/revisions"}],"wp:featuredmedia":[{"embeddable":true,"href":"https:\/\/wollorama.at\/en\/wp-json\/wp\/v2\/media\/7121"}],"wp:attachment":[{"href":"https:\/\/wollorama.at\/en\/wp-json\/wp\/v2\/media?parent=5366"}],"wp:term":[{"taxonomy":"product_brand","embeddable":true,"href":"https:\/\/wollorama.at\/en\/wp-json\/wp\/v2\/product_brand?post=5366"},{"taxonomy":"product_cat","embeddable":true,"href":"https:\/\/wollorama.at\/en\/wp-json\/wp\/v2\/product_cat?post=5366"},{"taxonomy":"product_tag","embeddable":true,"href":"https:\/\/wollorama.at\/en\/wp-json\/wp\/v2\/product_tag?post=5366"}],"curies":[{"name":"wp","href":"https:\/\/api.w.org\/{rel}","templated":true}]}}