{"id":5165,"date":"2025-01-24T21:45:08","date_gmt":"2025-01-24T21:45:08","guid":{"rendered":"https:\/\/wollorama.at\/?post_type=product&#038;p=5165"},"modified":"2026-04-02T15:11:15","modified_gmt":"2026-04-02T15:11:15","slug":"trails-valleys-knitwear-for-family-adventures","status":"publish","type":"product","link":"https:\/\/wollorama.at\/en\/product\/trails-valleys-knitwear-for-family-adventures\/","title":{"rendered":"Trails &amp; Valleys &#8211; Knitwear for Family Adventures"},"content":{"rendered":"<p class=\"\" data-start=\"0\" data-end=\"406\"><strong><em data-start=\"0\" data-end=\"50\">Trails &amp; Valleys: Knitwear for Family Adventures<\/em><\/strong> ist eine Sammlung von 15 Strickmustern der beliebten Designerin Lindsey Fowler. Inspiriert von Familienerinnerungen, gem\u00fctlichen H\u00fctten und gut begangenen Wegen, f\u00e4ngt jedes Design W\u00e4rme und Ruhe ein. Die Kollektion ist f\u00fcr die ganze Familie gedacht. Sie enth\u00e4lt Kleidungsst\u00fccke und Accessoires in vielen Gr\u00f6\u00dfen. Jedes Muster l\u00e4sst sich leicht anpassen.<\/p>\n<p data-start=\"0\" data-end=\"406\"><!--more--><\/p>\n<p class=\"\" data-start=\"408\" data-end=\"871\">Lindsey Fowler ist bekannt f\u00fcr zug\u00e4ngliche Strickmuster, ihre Liebe zu Texturen und moderne Interpretationen klassischer Designs. Sie lebt mit ihrem Ehemann, ihren Zwillingen und zwei Katzen in Nordost-Ohio, USA. Ihr erstes Buch <strong><em data-start=\"637\" data-end=\"652\">Salt &amp; Timber<\/em><\/strong> erschien 2022 bei Laine Publishing und spiegelte das Leben an der K\u00fcste wider. <strong><em data-start=\"732\" data-end=\"750\">Trails &amp; Valleys<\/em><\/strong> setzt ihre Reise fort. Es verbindet die raue Sch\u00f6nheit der Natur mit vielseitigen Strickprojekten f\u00fcr jedes Abenteuer.<\/p>\n<p class=\"\" data-start=\"873\" data-end=\"1163\">Was gibt es Sch\u00f6neres, als die Familie in selbstgemachte Strickst\u00fccke zu kleiden? So wird jeder Ausflug \u2013 sei es zum Spielplatz oder an den Bach \u2013 zu einem kleinen Abenteuer. Genau diese Momente werden zu wertvollen Erinnerungen. Sie zeigen unseren Kindern, wie wundersch\u00f6n die Natur ist.<\/p>\n<p class=\"\" data-start=\"1165\" data-end=\"1338\">F\u00fcr die Liebsten zu stricken, ist eine wunderbare Art, Freude zu schenken. Und wenn dann jeden Tag zur Lieblingsweste gegriffen wird, h\u00fcpft das Stricker:innenherz vor Gl\u00fcck!<\/p>\n<p data-start=\"1165\" data-end=\"1338\"><strong>Projektideen f\u00fcr Modelle aus <em data-start=\"0\" data-end=\"50\">Trails &amp; Valleys: Knitwear for Family Adventures<\/em><br \/>\n<\/strong><\/p>\n<ul>\n<li data-start=\"1165\" data-end=\"1338\"><em><strong>Shelterwood Cap<\/strong><\/em>, ist eine von unten nach oben gestrickte M\u00fctze mit einem dicken, umgeschlagenen Rand und einer klar definierten Faltlinie. Das Muster enth\u00e4lt ein plastisches 3&#215;2-Rippenmuster und abgerundete Abnahmen f\u00fcr die Krone. <em>Wollvorschlag<\/em> &#8211;\u00a0 <a href=\"https:\/\/wollorama.at\/en\/product\/biches-et-buches-le-lambswool\/\"><em><strong>Le Lambswool von Biches et B\u00fbches<\/strong>\u00a0<\/em><\/a><\/li>\n<li data-start=\"1165\" data-end=\"1338\"><strong>Backcountry Beanie<\/strong>, ist eine von unten nach oben gestrickte M\u00fctze, die in Runden im 1&#215;1-Muster gearbeitet wird. Sie hat kontrastierende Streifen im umklappbaren Rand und keilf\u00f6rmige Abnahmen an der Krone. <em>Wollvorschlag<\/em> &#8211; <strong><em><a href=\"https:\/\/wollorama.at\/en\/product\/xolla-wool-pastoreta\/\">Pastoreta von Xolla Wool<\/a><\/em><\/strong><\/li>\n<\/ul>\n<p>&nbsp;<\/p>\n<p data-start=\"291\" data-end=\"582\">","protected":false},"excerpt":{"rendered":"<p>Trails &amp; Valleys: Knitwear for Family Adventures ist eine Sammlung von 15 Strickmustern der beliebten Designerin Lindsey Fowler. Inspiriert von Familienerinnerungen, gem\u00fctlichen H\u00fctten und gut begangenen Wegen, f\u00e4ngt jedes Design W\u00e4rme und Ruhe ein. Die Kollektion ist f\u00fcr die ganze Familie gedacht. Sie enth\u00e4lt Kleidungsst\u00fccke und Accessoires in vielen Gr\u00f6\u00dfen. Jedes Muster l\u00e4sst sich leicht [&hellip;]<\/p>\n","protected":false},"featured_media":7363,"comment_status":"open","ping_status":"closed","template":"","meta":{"site-sidebar-layout":"default","site-content-layout":"","ast-site-content-layout":"default","site-content-style":"default","site-sidebar-style":"default","ast-global-header-display":"","ast-banner-title-visibility":"","ast-main-header-display":"","ast-hfb-above-header-display":"","ast-hfb-below-header-display":"","ast-hfb-mobile-header-display":"","site-post-title":"","ast-breadcrumbs-content":"","ast-featured-img":"","footer-sml-layout":"","ast-disable-related-posts":"","theme-transparent-header-meta":"default","adv-header-id-meta":"","stick-header-meta":"default","header-above-stick-meta":"","header-main-stick-meta":"","header-below-stick-meta":"","astra-migrate-meta-layouts":"set","ast-page-background-enabled":"default","ast-page-background-meta":{"desktop":{"background-color":"","background-image":"","background-repeat":"repeat","background-position":"center center","background-size":"auto","background-attachment":"scroll","background-type":"","background-media":"","overlay-type":"","overlay-color":"","overlay-opacity":"","overlay-gradient":""},"tablet":{"background-color":"","background-image":"","background-repeat":"repeat","background-position":"center center","background-size":"auto","background-attachment":"scroll","background-type":"","background-media":"","overlay-type":"","overlay-color":"","overlay-opacity":"","overlay-gradient":""},"mobile":{"background-color":"","background-image":"","background-repeat":"repeat","background-position":"center center","background-size":"auto","background-attachment":"scroll","background-type":"","background-media":"","overlay-type":"","overlay-color":"","overlay-opacity":"","overlay-gradient":""}},"ast-content-background-meta":{"desktop":{"background-color":"var(--ast-global-color-5)","background-image":"","background-repeat":"repeat","background-position":"center center","background-size":"auto","background-attachment":"scroll","background-type":"","background-media":"","overlay-type":"","overlay-color":"","overlay-opacity":"","overlay-gradient":""},"tablet":{"background-color":"var(--ast-global-color-5)","background-image":"","background-repeat":"repeat","background-position":"center center","background-size":"auto","background-attachment":"scroll","background-type":"","background-media":"","overlay-type":"","overlay-color":"","overlay-opacity":"","overlay-gradient":""},"mobile":{"background-color":"var(--ast-global-color-5)","background-image":"","background-repeat":"repeat","background-position":"center center","background-size":"auto","background-attachment":"scroll","background-type":"","background-media":"","overlay-type":"","overlay-color":"","overlay-opacity":"","overlay-gradient":""}}},"product_brand":[],"product_cat":[63],"product_tag":[],"class_list":{"0":"post-5165","1":"product","2":"type-product","3":"status-publish","4":"has-post-thumbnail","6":"product_cat-strickbuecher-strickmagazine-von-laine","7":"desktop-align-center","8":"tablet-align-left","9":"mobile-align-left","10":"ast-product-gallery-layout-horizontal-slider","11":"ast-product-gallery-with-no-image","12":"ast-magnify-disabled","13":"ast-product-tabs-layout-horizontal","15":"first","16":"instock","17":"purchasable","18":"product-type-simple"},"yoast_head":"<!-- This site is optimized with the Yoast SEO plugin v27.4 - https:\/\/yoast.com\/product\/yoast-seo-wordpress\/ -->\n<title>Trails &amp; Valleys: Knitwear for Family Adventures bei Wollorama<\/title>\n<meta name=\"description\" content=\"Mit Trails &amp; Valleys: Knitwear for Family Adventures, nimmt uns Lindsey Fowler mit auf ein Abenteuer, gemacht f\u00fcr die ganze Familie.\" \/>\n<meta name=\"robots\" content=\"index, follow, max-snippet:-1, max-image-preview:large, max-video-preview:-1\" \/>\n<link rel=\"canonical\" href=\"https:\/\/wollorama.at\/en\/product\/trails-valleys-knitwear-for-family-adventures\/\" \/>\n<meta property=\"og:locale\" content=\"en_GB\" \/>\n<meta property=\"og:type\" content=\"article\" \/>\n<meta property=\"og:title\" content=\"Trails &amp; Valleys: Knitwear for Family Adventures bei Wollorama\" \/>\n<meta property=\"og:description\" content=\"Mit Trails &amp; Valleys: Knitwear for Family Adventures, nimmt uns Lindsey Fowler mit auf ein Abenteuer, gemacht f\u00fcr die ganze Familie.\" \/>\n<meta property=\"og:url\" content=\"https:\/\/wollorama.at\/en\/product\/trails-valleys-knitwear-for-family-adventures\/\" \/>\n<meta property=\"og:site_name\" content=\"Wollorama\" \/>\n<meta property=\"article:publisher\" content=\"https:\/\/facebook.com\/wollorama\" \/>\n<meta property=\"article:modified_time\" content=\"2026-04-02T15:11:15+00:00\" \/>\n<meta property=\"og:image\" content=\"https:\/\/wollorama.at\/wp-content\/uploads\/2025\/03\/TrailsValleys_some_square.webp\" \/>\n\t<meta property=\"og:image:width\" content=\"1080\" \/>\n\t<meta property=\"og:image:height\" content=\"1080\" \/>\n\t<meta property=\"og:image:type\" content=\"image\/webp\" \/>\n<meta name=\"twitter:card\" content=\"summary_large_image\" \/>\n<meta name=\"twitter:label1\" content=\"Estimated reading time\" \/>\n\t<meta name=\"twitter:data1\" content=\"2 minutes\" \/>\n<script type=\"application\/ld+json\" class=\"yoast-schema-graph\">{\"@context\":\"https:\\\/\\\/schema.org\",\"@graph\":[{\"@type\":\"WebPage\",\"@id\":\"https:\\\/\\\/wollorama.at\\\/produkt\\\/trails-valleys-knitwear-for-family-adventures\\\/\",\"url\":\"https:\\\/\\\/wollorama.at\\\/produkt\\\/trails-valleys-knitwear-for-family-adventures\\\/\",\"name\":\"Trails & Valleys: Knitwear for Family Adventures bei Wollorama\",\"isPartOf\":{\"@id\":\"https:\\\/\\\/wollorama.at\\\/#website\"},\"primaryImageOfPage\":{\"@id\":\"https:\\\/\\\/wollorama.at\\\/produkt\\\/trails-valleys-knitwear-for-family-adventures\\\/#primaryimage\"},\"image\":{\"@id\":\"https:\\\/\\\/wollorama.at\\\/produkt\\\/trails-valleys-knitwear-for-family-adventures\\\/#primaryimage\"},\"thumbnailUrl\":\"https:\\\/\\\/wollorama.at\\\/wp-content\\\/uploads\\\/2025\\\/03\\\/TrailsValleys_some_square.webp\",\"datePublished\":\"2025-01-24T21:45:08+00:00\",\"dateModified\":\"2026-04-02T15:11:15+00:00\",\"description\":\"Mit Trails & Valleys: Knitwear for Family Adventures, nimmt uns Lindsey Fowler mit auf ein Abenteuer, gemacht f\u00fcr die ganze Familie.\",\"breadcrumb\":{\"@id\":\"https:\\\/\\\/wollorama.at\\\/produkt\\\/trails-valleys-knitwear-for-family-adventures\\\/#breadcrumb\"},\"inLanguage\":\"en-GB\",\"potentialAction\":[{\"@type\":\"ReadAction\",\"target\":[\"https:\\\/\\\/wollorama.at\\\/produkt\\\/trails-valleys-knitwear-for-family-adventures\\\/\"]}]},{\"@type\":\"ImageObject\",\"inLanguage\":\"en-GB\",\"@id\":\"https:\\\/\\\/wollorama.at\\\/produkt\\\/trails-valleys-knitwear-for-family-adventures\\\/#primaryimage\",\"url\":\"https:\\\/\\\/wollorama.at\\\/wp-content\\\/uploads\\\/2025\\\/03\\\/TrailsValleys_some_square.webp\",\"contentUrl\":\"https:\\\/\\\/wollorama.at\\\/wp-content\\\/uploads\\\/2025\\\/03\\\/TrailsValleys_some_square.webp\",\"width\":1080,\"height\":1080},{\"@type\":\"BreadcrumbList\",\"@id\":\"https:\\\/\\\/wollorama.at\\\/produkt\\\/trails-valleys-knitwear-for-family-adventures\\\/#breadcrumb\",\"itemListElement\":[{\"@type\":\"ListItem\",\"position\":1,\"name\":\"Home\",\"item\":\"https:\\\/\\\/wollorama.at\\\/\"},{\"@type\":\"ListItem\",\"position\":2,\"name\":\"Shop\",\"item\":\"https:\\\/\\\/wollorama.at\\\/wollorama-onlineshop\\\/\"},{\"@type\":\"ListItem\",\"position\":3,\"name\":\"Trails &amp; Valleys &#8211; Knitwear for Family Adventures\"}]},{\"@type\":\"WebSite\",\"@id\":\"https:\\\/\\\/wollorama.at\\\/#website\",\"url\":\"https:\\\/\\\/wollorama.at\\\/\",\"name\":\"Wollorama\",\"description\":\"Willkommen\",\"publisher\":{\"@id\":\"https:\\\/\\\/wollorama.at\\\/#organization\"},\"potentialAction\":[{\"@type\":\"SearchAction\",\"target\":{\"@type\":\"EntryPoint\",\"urlTemplate\":\"https:\\\/\\\/wollorama.at\\\/?s={search_term_string}\"},\"query-input\":{\"@type\":\"PropertyValueSpecification\",\"valueRequired\":true,\"valueName\":\"search_term_string\"}}],\"inLanguage\":\"en-GB\"},{\"@type\":\"Organization\",\"@id\":\"https:\\\/\\\/wollorama.at\\\/#organization\",\"name\":\"Wollorama\",\"url\":\"https:\\\/\\\/wollorama.at\\\/\",\"logo\":{\"@type\":\"ImageObject\",\"inLanguage\":\"en-GB\",\"@id\":\"https:\\\/\\\/wollorama.at\\\/#\\\/schema\\\/logo\\\/image\\\/\",\"url\":\"https:\\\/\\\/wollorama.at\\\/wp-content\\\/uploads\\\/2025\\\/10\\\/Woll.-rama.png\",\"contentUrl\":\"https:\\\/\\\/wollorama.at\\\/wp-content\\\/uploads\\\/2025\\\/10\\\/Woll.-rama.png\",\"width\":2281,\"height\":490,\"caption\":\"Wollorama\"},\"image\":{\"@id\":\"https:\\\/\\\/wollorama.at\\\/#\\\/schema\\\/logo\\\/image\\\/\"},\"sameAs\":[\"https:\\\/\\\/facebook.com\\\/wollorama\",\"https:\\\/\\\/at.pinterest.com\\\/wolloramashop\\\/\"]}]}<\/script>\n<!-- \/ Yoast SEO plugin. -->","yoast_head_json":{"title":"Trails & Valleys: Knitwear for Family Adventures bei Wollorama","description":"Mit Trails & Valleys: Knitwear for Family Adventures, nimmt uns Lindsey Fowler mit auf ein Abenteuer, gemacht f\u00fcr die ganze Familie.","robots":{"index":"index","follow":"follow","max-snippet":"max-snippet:-1","max-image-preview":"max-image-preview:large","max-video-preview":"max-video-preview:-1"},"canonical":"https:\/\/wollorama.at\/en\/product\/trails-valleys-knitwear-for-family-adventures\/","og_locale":"en_GB","og_type":"article","og_title":"Trails & Valleys: Knitwear for Family Adventures bei Wollorama","og_description":"Mit Trails & Valleys: Knitwear for Family Adventures, nimmt uns Lindsey Fowler mit auf ein Abenteuer, gemacht f\u00fcr die ganze Familie.","og_url":"https:\/\/wollorama.at\/en\/product\/trails-valleys-knitwear-for-family-adventures\/","og_site_name":"Wollorama","article_publisher":"https:\/\/facebook.com\/wollorama","article_modified_time":"2026-04-02T15:11:15+00:00","og_image":[{"width":1080,"height":1080,"url":"https:\/\/wollorama.at\/wp-content\/uploads\/2025\/03\/TrailsValleys_some_square.webp","type":"image\/webp"}],"twitter_card":"summary_large_image","twitter_misc":{"Estimated reading time":"2 minutes"},"schema":{"@context":"https:\/\/schema.org","@graph":[{"@type":"WebPage","@id":"https:\/\/wollorama.at\/produkt\/trails-valleys-knitwear-for-family-adventures\/","url":"https:\/\/wollorama.at\/produkt\/trails-valleys-knitwear-for-family-adventures\/","name":"Trails & Valleys: Knitwear for Family Adventures bei Wollorama","isPartOf":{"@id":"https:\/\/wollorama.at\/#website"},"primaryImageOfPage":{"@id":"https:\/\/wollorama.at\/produkt\/trails-valleys-knitwear-for-family-adventures\/#primaryimage"},"image":{"@id":"https:\/\/wollorama.at\/produkt\/trails-valleys-knitwear-for-family-adventures\/#primaryimage"},"thumbnailUrl":"https:\/\/wollorama.at\/wp-content\/uploads\/2025\/03\/TrailsValleys_some_square.webp","datePublished":"2025-01-24T21:45:08+00:00","dateModified":"2026-04-02T15:11:15+00:00","description":"Mit Trails & Valleys: Knitwear for Family Adventures, nimmt uns Lindsey Fowler mit auf ein Abenteuer, gemacht f\u00fcr die ganze Familie.","breadcrumb":{"@id":"https:\/\/wollorama.at\/produkt\/trails-valleys-knitwear-for-family-adventures\/#breadcrumb"},"inLanguage":"en-GB","potentialAction":[{"@type":"ReadAction","target":["https:\/\/wollorama.at\/produkt\/trails-valleys-knitwear-for-family-adventures\/"]}]},{"@type":"ImageObject","inLanguage":"en-GB","@id":"https:\/\/wollorama.at\/produkt\/trails-valleys-knitwear-for-family-adventures\/#primaryimage","url":"https:\/\/wollorama.at\/wp-content\/uploads\/2025\/03\/TrailsValleys_some_square.webp","contentUrl":"https:\/\/wollorama.at\/wp-content\/uploads\/2025\/03\/TrailsValleys_some_square.webp","width":1080,"height":1080},{"@type":"BreadcrumbList","@id":"https:\/\/wollorama.at\/produkt\/trails-valleys-knitwear-for-family-adventures\/#breadcrumb","itemListElement":[{"@type":"ListItem","position":1,"name":"Home","item":"https:\/\/wollorama.at\/"},{"@type":"ListItem","position":2,"name":"Shop","item":"https:\/\/wollorama.at\/wollorama-onlineshop\/"},{"@type":"ListItem","position":3,"name":"Trails &amp; Valleys &#8211; Knitwear for Family Adventures"}]},{"@type":"WebSite","@id":"https:\/\/wollorama.at\/#website","url":"https:\/\/wollorama.at\/","name":"Wollorama","description":"Willkommen","publisher":{"@id":"https:\/\/wollorama.at\/#organization"},"potentialAction":[{"@type":"SearchAction","target":{"@type":"EntryPoint","urlTemplate":"https:\/\/wollorama.at\/?s={search_term_string}"},"query-input":{"@type":"PropertyValueSpecification","valueRequired":true,"valueName":"search_term_string"}}],"inLanguage":"en-GB"},{"@type":"Organization","@id":"https:\/\/wollorama.at\/#organization","name":"Wollorama","url":"https:\/\/wollorama.at\/","logo":{"@type":"ImageObject","inLanguage":"en-GB","@id":"https:\/\/wollorama.at\/#\/schema\/logo\/image\/","url":"https:\/\/wollorama.at\/wp-content\/uploads\/2025\/10\/Woll.-rama.png","contentUrl":"https:\/\/wollorama.at\/wp-content\/uploads\/2025\/10\/Woll.-rama.png","width":2281,"height":490,"caption":"Wollorama"},"image":{"@id":"https:\/\/wollorama.at\/#\/schema\/logo\/image\/"},"sameAs":["https:\/\/facebook.com\/wollorama","https:\/\/at.pinterest.com\/wolloramashop\/"]}]}},"_links":{"self":[{"href":"https:\/\/wollorama.at\/en\/wp-json\/wp\/v2\/product\/5165","targetHints":{"allow":["GET"]}}],"collection":[{"href":"https:\/\/wollorama.at\/en\/wp-json\/wp\/v2\/product"}],"about":[{"href":"https:\/\/wollorama.at\/en\/wp-json\/wp\/v2\/types\/product"}],"replies":[{"embeddable":true,"href":"https:\/\/wollorama.at\/en\/wp-json\/wp\/v2\/comments?post=5165"}],"version-history":[{"count":0,"href":"https:\/\/wollorama.at\/en\/wp-json\/wp\/v2\/product\/5165\/revisions"}],"wp:featuredmedia":[{"embeddable":true,"href":"https:\/\/wollorama.at\/en\/wp-json\/wp\/v2\/media\/7363"}],"wp:attachment":[{"href":"https:\/\/wollorama.at\/en\/wp-json\/wp\/v2\/media?parent=5165"}],"wp:term":[{"taxonomy":"product_brand","embeddable":true,"href":"https:\/\/wollorama.at\/en\/wp-json\/wp\/v2\/product_brand?post=5165"},{"taxonomy":"product_cat","embeddable":true,"href":"https:\/\/wollorama.at\/en\/wp-json\/wp\/v2\/product_cat?post=5165"},{"taxonomy":"product_tag","embeddable":true,"href":"https:\/\/wollorama.at\/en\/wp-json\/wp\/v2\/product_tag?post=5165"}],"curies":[{"name":"wp","href":"https:\/\/api.w.org\/{rel}","templated":true}]}}