{"id":5097,"date":"2024-12-31T17:51:01","date_gmt":"2024-12-31T17:51:01","guid":{"rendered":"https:\/\/wollorama.at\/?post_type=product&#038;p=5097"},"modified":"2026-04-14T02:34:48","modified_gmt":"2026-04-14T02:34:48","slug":"wollverkostungsbox","status":"publish","type":"product","link":"https:\/\/wollorama.at\/en\/product\/wollverkostungsbox\/","title":{"rendered":"Wollverkostungsbox"},"content":{"rendered":"<p>Mit unserer Wollverkostungsbox wird der Kauf von Wolle im Internet zum kreativen und entspannten Erlebnis! Die Box enth\u00e4lt 10g Minikn\u00e4uel aller verf\u00fcgbaren Marken und Qualit\u00e4ten, ideal, um neue Garnqualit\u00e4ten anzustricken, die Farben in Natura zu sehen und spannende Faserkombinationen auszuprobieren. So kannst du die Haptik, Verarbeitung und das Strickergebnis in Ruhe testen, bevor du dich f\u00fcr eine gr\u00f6\u00dfere Projektmenge entscheidest.<\/p>\n<p>Perfekt f\u00fcr alle, die gerne experimentieren und ihre Wahl sicher treffen m\u00f6chten \u2013 probieren, verlieben und gezielt bestellen!<\/p>\n<h4>Was kann in der Wollverkostungsbox sein?<\/h4>\n<p>Du kannst dir deine pers\u00f6nliche Verkostungsbox (7x10g) selbst zusammenstellen. So hast du die M\u00f6glichkeit, mit der f\u00fcr dich ansprechendesten Wolle zu arbeiten.<\/p>\n<p><em><strong>Biches et B\u00fbches<\/strong><\/em> &#8211; <a href=\"https:\/\/wollorama.at\/en\/product\/biches-et-buches-le-petit-lambswool\/\">Le Petit Lambswool<\/a>, <a href=\"https:\/\/wollorama.at\/en\/product\/biches-et-buches-le-lambswool\/\">Le Lambswool<\/a> und <a href=\"https:\/\/wollorama.at\/en\/product\/biches-et-buches-le-cashmere-lambswool\/\">Le Cashmere &amp; Lambswool<\/a><\/p>\n<p><em><strong>Gabo Wool<\/strong><\/em> &#8211; <a href=\"https:\/\/wollorama.at\/en\/product\/gabo-wool-my-time-merino\/\">My Time Merino<\/a>, <a href=\"https:\/\/wollorama.at\/en\/product\/gabo-wool-eco-baby-brushed\/\">Eco Baby Brushed<\/a> und <a href=\"https:\/\/wollorama.at\/en\/product\/gabo-wool-fog\/\">Fog<\/a><\/p>\n<p><em><strong>Xolla Wool<\/strong><\/em> &#8211; <a href=\"https:\/\/wollorama.at\/en\/product\/xolla-wool-pastoreta\/\">Pastoreta<\/a><\/p>\n<p><em><strong>Natissea<\/strong><\/em> &#8211; <a href=\"https:\/\/wollorama.at\/en\/product\/natissea-linae\/\">Lina\u00e9<\/a> und <a href=\"https:\/\/wollorama.at\/en\/product\/damya\/\">Damya<\/a><\/p>\n<hr \/>\n<h4>Ein Wort zur Maschenprobe<\/h4>\n<p>Ich sage: &#8222;Eine Maschenprobe ist der Schl\u00fcssel zu einem gelungenen Strickprojekt!&#8220; &#8211; ABER, sie zu machen kostet Zeit und Material! Vollkommen richtig, aber hier sind ein paar Gr\u00fcnde warum es die richtige Entscheidung ist, in eine Maschenprobe zu investieren:<\/p>\n<ol>\n<li><strong>Genauigkeit der Ma\u00dfe<\/strong>:<br \/>\nGarnst\u00e4rke, Nadeln und deine individuelle Strickspannung k\u00f6nnen variieren. Eine Maschenprobe hilft dir zu erkennen, ob du die angegebene Maschen- und Reihenzahl pro 10 cm erreichst. So vermeidest du ein zu gro\u00dfes oder zu kleines Endergebnis.<\/li>\n<li><strong>Material kennenlernen<\/strong>:<br \/>\nDu kannst das Verhalten des Garns testen \u2013 wie es sich anf\u00fchlt, ob es sich dehnt, wie das Muster aussieht und wie es nach dem Waschen reagiert.<\/li>\n<li><strong>Zeit- und Frustersparnis<\/strong>:<br \/>\nEine kleine Probe spart dir sp\u00e4ter viel Zeit. Ein Projekt neu zu starten, weil es nicht passt, kann m\u00fchsam und entt\u00e4uschend sein.<\/li>\n<li><strong>Flexibilit\u00e4t bei Anpassungen<\/strong>:<br \/>\nFalls deine Maschenprobe von der Anleitung abweicht, kannst du Anpassungen vornehmen, z. B. andere Nadeln verwenden oder die Anleitung leicht modifizieren.<\/li>\n<\/ol>\n<p>Eine Maschenprobe mag wie ein zus\u00e4tzlicher Schritt erscheinen, aber sie ist der erste Schritt zu einem perfekten Ergebnis \u2013 individuell angepasst und wundersch\u00f6n UND kann im Notfall auch wieder aufgetrennt werden, wenn die Wolle ausgehen sollte ;).<\/p>","protected":false},"excerpt":{"rendered":"<p>Die Wollbox kann flexibel zusammengestellt werden. Du kannst dir aus dem Sortiment 7 Qualit\u00e4ten aussuchen, die als 10g Minis in die Wollverkostungsbox wandern (Farben sind fix vorgegeben, und k\u00f6nnen leider nicht extra ausgew\u00e4hlt werden).<\/p>","protected":false},"featured_media":7399,"comment_status":"open","ping_status":"closed","template":"","meta":{"site-sidebar-layout":"default","site-content-layout":"","ast-site-content-layout":"default","site-content-style":"default","site-sidebar-style":"default","ast-global-header-display":"","ast-banner-title-visibility":"","ast-main-header-display":"","ast-hfb-above-header-display":"","ast-hfb-below-header-display":"","ast-hfb-mobile-header-display":"","site-post-title":"","ast-breadcrumbs-content":"","ast-featured-img":"","footer-sml-layout":"","ast-disable-related-posts":"","theme-transparent-header-meta":"default","adv-header-id-meta":"","stick-header-meta":"default","header-above-stick-meta":"","header-main-stick-meta":"","header-below-stick-meta":"","astra-migrate-meta-layouts":"set","ast-page-background-enabled":"default","ast-page-background-meta":{"desktop":{"background-color":"","background-image":"","background-repeat":"repeat","background-position":"center center","background-size":"auto","background-attachment":"scroll","background-type":"","background-media":"","overlay-type":"","overlay-color":"","overlay-opacity":"","overlay-gradient":""},"tablet":{"background-color":"","background-image":"","background-repeat":"repeat","background-position":"center center","background-size":"auto","background-attachment":"scroll","background-type":"","background-media":"","overlay-type":"","overlay-color":"","overlay-opacity":"","overlay-gradient":""},"mobile":{"background-color":"","background-image":"","background-repeat":"repeat","background-position":"center center","background-size":"auto","background-attachment":"scroll","background-type":"","background-media":"","overlay-type":"","overlay-color":"","overlay-opacity":"","overlay-gradient":""}},"ast-content-background-meta":{"desktop":{"background-color":"var(--ast-global-color-5)","background-image":"","background-repeat":"repeat","background-position":"center center","background-size":"auto","background-attachment":"scroll","background-type":"","background-media":"","overlay-type":"","overlay-color":"","overlay-opacity":"","overlay-gradient":""},"tablet":{"background-color":"var(--ast-global-color-5)","background-image":"","background-repeat":"repeat","background-position":"center center","background-size":"auto","background-attachment":"scroll","background-type":"","background-media":"","overlay-type":"","overlay-color":"","overlay-opacity":"","overlay-gradient":""},"mobile":{"background-color":"var(--ast-global-color-5)","background-image":"","background-repeat":"repeat","background-position":"center center","background-size":"auto","background-attachment":"scroll","background-type":"","background-media":"","overlay-type":"","overlay-color":"","overlay-opacity":"","overlay-gradient":""}}},"product_brand":[],"product_cat":[133],"product_tag":[],"class_list":{"0":"post-5097","1":"product","2":"type-product","3":"status-publish","4":"has-post-thumbnail","6":"product_cat-wollbox","7":"desktop-align-center","8":"tablet-align-left","9":"mobile-align-left","10":"ast-product-gallery-layout-horizontal-slider","11":"ast-product-gallery-with-no-image","12":"ast-magnify-disabled","13":"ast-product-tabs-layout-horizontal","15":"first","16":"instock","17":"featured","18":"shipping-taxable","19":"purchasable","20":"product-type-simple"},"yoast_head":"<!-- This site is optimized with the Yoast SEO plugin v27.4 - https:\/\/yoast.com\/product\/yoast-seo-wordpress\/ -->\n<title>Wollverkostungsbox - Wollorama<\/title>\n<meta name=\"description\" content=\"Die Wollorama Wollverkostungsbox erm\u00f6glicht dir flexibel, Wollqualit\u00e4ten aus dem Shop anzustricken. Neue Wolle zu entdecken, wird damit unglaublich einfach!\" \/>\n<meta name=\"robots\" content=\"index, follow, max-snippet:-1, max-image-preview:large, max-video-preview:-1\" \/>\n<link rel=\"canonical\" href=\"https:\/\/wollorama.at\/en\/product\/wollverkostungsbox\/\" \/>\n<meta property=\"og:locale\" content=\"en_GB\" \/>\n<meta property=\"og:type\" content=\"article\" \/>\n<meta property=\"og:title\" content=\"Wollverkostungsbox - Wollorama\" \/>\n<meta property=\"og:description\" content=\"Die Wollorama Wollverkostungsbox erm\u00f6glicht dir flexibel, Wollqualit\u00e4ten aus dem Shop anzustricken. Neue Wolle zu entdecken, wird damit unglaublich einfach!\" \/>\n<meta property=\"og:url\" content=\"https:\/\/wollorama.at\/en\/product\/wollverkostungsbox\/\" \/>\n<meta property=\"og:site_name\" content=\"Wollorama\" \/>\n<meta property=\"article:publisher\" content=\"https:\/\/facebook.com\/wollorama\" \/>\n<meta property=\"article:modified_time\" content=\"2026-04-14T02:34:48+00:00\" \/>\n<meta property=\"og:image\" content=\"https:\/\/wollorama.at\/wp-content\/uploads\/2024\/12\/Bildschirmfoto-2025-04-22-um-11.05.02.png\" \/>\n\t<meta property=\"og:image:width\" content=\"797\" \/>\n\t<meta property=\"og:image:height\" content=\"1024\" \/>\n\t<meta property=\"og:image:type\" content=\"image\/png\" \/>\n<meta name=\"twitter:card\" content=\"summary_large_image\" \/>\n<meta name=\"twitter:label1\" content=\"Estimated reading time\" \/>\n\t<meta name=\"twitter:data1\" content=\"3 minutes\" \/>\n<script type=\"application\/ld+json\" class=\"yoast-schema-graph\">{\"@context\":\"https:\\\/\\\/schema.org\",\"@graph\":[{\"@type\":\"WebPage\",\"@id\":\"https:\\\/\\\/wollorama.at\\\/produkt\\\/wollverkostungsbox\\\/\",\"url\":\"https:\\\/\\\/wollorama.at\\\/produkt\\\/wollverkostungsbox\\\/\",\"name\":\"Wollverkostungsbox - Wollorama\",\"isPartOf\":{\"@id\":\"https:\\\/\\\/wollorama.at\\\/#website\"},\"primaryImageOfPage\":{\"@id\":\"https:\\\/\\\/wollorama.at\\\/produkt\\\/wollverkostungsbox\\\/#primaryimage\"},\"image\":{\"@id\":\"https:\\\/\\\/wollorama.at\\\/produkt\\\/wollverkostungsbox\\\/#primaryimage\"},\"thumbnailUrl\":\"https:\\\/\\\/wollorama.at\\\/wp-content\\\/uploads\\\/2024\\\/12\\\/Bildschirmfoto-2025-04-22-um-11.05.02.png\",\"datePublished\":\"2024-12-31T17:51:01+00:00\",\"dateModified\":\"2026-04-14T02:34:48+00:00\",\"description\":\"Die Wollorama Wollverkostungsbox erm\u00f6glicht dir flexibel, Wollqualit\u00e4ten aus dem Shop anzustricken. Neue Wolle zu entdecken, wird damit unglaublich einfach!\",\"breadcrumb\":{\"@id\":\"https:\\\/\\\/wollorama.at\\\/produkt\\\/wollverkostungsbox\\\/#breadcrumb\"},\"inLanguage\":\"en-GB\",\"potentialAction\":[{\"@type\":\"ReadAction\",\"target\":[\"https:\\\/\\\/wollorama.at\\\/produkt\\\/wollverkostungsbox\\\/\"]}]},{\"@type\":\"ImageObject\",\"inLanguage\":\"en-GB\",\"@id\":\"https:\\\/\\\/wollorama.at\\\/produkt\\\/wollverkostungsbox\\\/#primaryimage\",\"url\":\"https:\\\/\\\/wollorama.at\\\/wp-content\\\/uploads\\\/2024\\\/12\\\/Bildschirmfoto-2025-04-22-um-11.05.02.png\",\"contentUrl\":\"https:\\\/\\\/wollorama.at\\\/wp-content\\\/uploads\\\/2024\\\/12\\\/Bildschirmfoto-2025-04-22-um-11.05.02.png\",\"width\":1140,\"height\":1464},{\"@type\":\"BreadcrumbList\",\"@id\":\"https:\\\/\\\/wollorama.at\\\/produkt\\\/wollverkostungsbox\\\/#breadcrumb\",\"itemListElement\":[{\"@type\":\"ListItem\",\"position\":1,\"name\":\"Home\",\"item\":\"https:\\\/\\\/wollorama.at\\\/\"},{\"@type\":\"ListItem\",\"position\":2,\"name\":\"Shop\",\"item\":\"https:\\\/\\\/wollorama.at\\\/wollorama-onlineshop\\\/\"},{\"@type\":\"ListItem\",\"position\":3,\"name\":\"Wollverkostungsbox\"}]},{\"@type\":\"WebSite\",\"@id\":\"https:\\\/\\\/wollorama.at\\\/#website\",\"url\":\"https:\\\/\\\/wollorama.at\\\/\",\"name\":\"Wollorama\",\"description\":\"Willkommen\",\"publisher\":{\"@id\":\"https:\\\/\\\/wollorama.at\\\/#organization\"},\"potentialAction\":[{\"@type\":\"SearchAction\",\"target\":{\"@type\":\"EntryPoint\",\"urlTemplate\":\"https:\\\/\\\/wollorama.at\\\/?s={search_term_string}\"},\"query-input\":{\"@type\":\"PropertyValueSpecification\",\"valueRequired\":true,\"valueName\":\"search_term_string\"}}],\"inLanguage\":\"en-GB\"},{\"@type\":\"Organization\",\"@id\":\"https:\\\/\\\/wollorama.at\\\/#organization\",\"name\":\"Wollorama\",\"url\":\"https:\\\/\\\/wollorama.at\\\/\",\"logo\":{\"@type\":\"ImageObject\",\"inLanguage\":\"en-GB\",\"@id\":\"https:\\\/\\\/wollorama.at\\\/#\\\/schema\\\/logo\\\/image\\\/\",\"url\":\"https:\\\/\\\/wollorama.at\\\/wp-content\\\/uploads\\\/2025\\\/10\\\/Woll.-rama.png\",\"contentUrl\":\"https:\\\/\\\/wollorama.at\\\/wp-content\\\/uploads\\\/2025\\\/10\\\/Woll.-rama.png\",\"width\":2281,\"height\":490,\"caption\":\"Wollorama\"},\"image\":{\"@id\":\"https:\\\/\\\/wollorama.at\\\/#\\\/schema\\\/logo\\\/image\\\/\"},\"sameAs\":[\"https:\\\/\\\/facebook.com\\\/wollorama\",\"https:\\\/\\\/at.pinterest.com\\\/wolloramashop\\\/\"]}]}<\/script>\n<!-- \/ Yoast SEO plugin. -->","yoast_head_json":{"title":"Wollverkostungsbox - Wollorama","description":"Die Wollorama Wollverkostungsbox erm\u00f6glicht dir flexibel, Wollqualit\u00e4ten aus dem Shop anzustricken. Neue Wolle zu entdecken, wird damit unglaublich einfach!","robots":{"index":"index","follow":"follow","max-snippet":"max-snippet:-1","max-image-preview":"max-image-preview:large","max-video-preview":"max-video-preview:-1"},"canonical":"https:\/\/wollorama.at\/en\/product\/wollverkostungsbox\/","og_locale":"en_GB","og_type":"article","og_title":"Wollverkostungsbox - Wollorama","og_description":"Die Wollorama Wollverkostungsbox erm\u00f6glicht dir flexibel, Wollqualit\u00e4ten aus dem Shop anzustricken. Neue Wolle zu entdecken, wird damit unglaublich einfach!","og_url":"https:\/\/wollorama.at\/en\/product\/wollverkostungsbox\/","og_site_name":"Wollorama","article_publisher":"https:\/\/facebook.com\/wollorama","article_modified_time":"2026-04-14T02:34:48+00:00","og_image":[{"url":"https:\/\/wollorama.at\/wp-content\/uploads\/2024\/12\/Bildschirmfoto-2025-04-22-um-11.05.02.png","width":797,"height":1024,"type":"image\/png"}],"twitter_card":"summary_large_image","twitter_misc":{"Estimated reading time":"3 minutes"},"schema":{"@context":"https:\/\/schema.org","@graph":[{"@type":"WebPage","@id":"https:\/\/wollorama.at\/produkt\/wollverkostungsbox\/","url":"https:\/\/wollorama.at\/produkt\/wollverkostungsbox\/","name":"Wollverkostungsbox - Wollorama","isPartOf":{"@id":"https:\/\/wollorama.at\/#website"},"primaryImageOfPage":{"@id":"https:\/\/wollorama.at\/produkt\/wollverkostungsbox\/#primaryimage"},"image":{"@id":"https:\/\/wollorama.at\/produkt\/wollverkostungsbox\/#primaryimage"},"thumbnailUrl":"https:\/\/wollorama.at\/wp-content\/uploads\/2024\/12\/Bildschirmfoto-2025-04-22-um-11.05.02.png","datePublished":"2024-12-31T17:51:01+00:00","dateModified":"2026-04-14T02:34:48+00:00","description":"Die Wollorama Wollverkostungsbox erm\u00f6glicht dir flexibel, Wollqualit\u00e4ten aus dem Shop anzustricken. Neue Wolle zu entdecken, wird damit unglaublich einfach!","breadcrumb":{"@id":"https:\/\/wollorama.at\/produkt\/wollverkostungsbox\/#breadcrumb"},"inLanguage":"en-GB","potentialAction":[{"@type":"ReadAction","target":["https:\/\/wollorama.at\/produkt\/wollverkostungsbox\/"]}]},{"@type":"ImageObject","inLanguage":"en-GB","@id":"https:\/\/wollorama.at\/produkt\/wollverkostungsbox\/#primaryimage","url":"https:\/\/wollorama.at\/wp-content\/uploads\/2024\/12\/Bildschirmfoto-2025-04-22-um-11.05.02.png","contentUrl":"https:\/\/wollorama.at\/wp-content\/uploads\/2024\/12\/Bildschirmfoto-2025-04-22-um-11.05.02.png","width":1140,"height":1464},{"@type":"BreadcrumbList","@id":"https:\/\/wollorama.at\/produkt\/wollverkostungsbox\/#breadcrumb","itemListElement":[{"@type":"ListItem","position":1,"name":"Home","item":"https:\/\/wollorama.at\/"},{"@type":"ListItem","position":2,"name":"Shop","item":"https:\/\/wollorama.at\/wollorama-onlineshop\/"},{"@type":"ListItem","position":3,"name":"Wollverkostungsbox"}]},{"@type":"WebSite","@id":"https:\/\/wollorama.at\/#website","url":"https:\/\/wollorama.at\/","name":"Wollorama","description":"Willkommen","publisher":{"@id":"https:\/\/wollorama.at\/#organization"},"potentialAction":[{"@type":"SearchAction","target":{"@type":"EntryPoint","urlTemplate":"https:\/\/wollorama.at\/?s={search_term_string}"},"query-input":{"@type":"PropertyValueSpecification","valueRequired":true,"valueName":"search_term_string"}}],"inLanguage":"en-GB"},{"@type":"Organization","@id":"https:\/\/wollorama.at\/#organization","name":"Wollorama","url":"https:\/\/wollorama.at\/","logo":{"@type":"ImageObject","inLanguage":"en-GB","@id":"https:\/\/wollorama.at\/#\/schema\/logo\/image\/","url":"https:\/\/wollorama.at\/wp-content\/uploads\/2025\/10\/Woll.-rama.png","contentUrl":"https:\/\/wollorama.at\/wp-content\/uploads\/2025\/10\/Woll.-rama.png","width":2281,"height":490,"caption":"Wollorama"},"image":{"@id":"https:\/\/wollorama.at\/#\/schema\/logo\/image\/"},"sameAs":["https:\/\/facebook.com\/wollorama","https:\/\/at.pinterest.com\/wolloramashop\/"]}]}},"_links":{"self":[{"href":"https:\/\/wollorama.at\/en\/wp-json\/wp\/v2\/product\/5097","targetHints":{"allow":["GET"]}}],"collection":[{"href":"https:\/\/wollorama.at\/en\/wp-json\/wp\/v2\/product"}],"about":[{"href":"https:\/\/wollorama.at\/en\/wp-json\/wp\/v2\/types\/product"}],"replies":[{"embeddable":true,"href":"https:\/\/wollorama.at\/en\/wp-json\/wp\/v2\/comments?post=5097"}],"version-history":[{"count":0,"href":"https:\/\/wollorama.at\/en\/wp-json\/wp\/v2\/product\/5097\/revisions"}],"wp:featuredmedia":[{"embeddable":true,"href":"https:\/\/wollorama.at\/en\/wp-json\/wp\/v2\/media\/7399"}],"wp:attachment":[{"href":"https:\/\/wollorama.at\/en\/wp-json\/wp\/v2\/media?parent=5097"}],"wp:term":[{"taxonomy":"product_brand","embeddable":true,"href":"https:\/\/wollorama.at\/en\/wp-json\/wp\/v2\/product_brand?post=5097"},{"taxonomy":"product_cat","embeddable":true,"href":"https:\/\/wollorama.at\/en\/wp-json\/wp\/v2\/product_cat?post=5097"},{"taxonomy":"product_tag","embeddable":true,"href":"https:\/\/wollorama.at\/en\/wp-json\/wp\/v2\/product_tag?post=5097"}],"curies":[{"name":"wp","href":"https:\/\/api.w.org\/{rel}","templated":true}]}}