{"id":2007,"date":"2024-11-17T13:04:02","date_gmt":"2024-11-17T13:04:02","guid":{"rendered":"https:\/\/wollorama.at\/?post_type=product&#038;p=2007"},"modified":"2026-04-14T02:32:23","modified_gmt":"2026-04-14T02:32:23","slug":"gabo-wool-my-time-merino","status":"publish","type":"product","link":"https:\/\/wollorama.at\/en\/product\/gabo-wool-my-time-merino\/","title":{"rendered":"My Time Merino"},"content":{"rendered":"<p>My Time Merino von Gabo Wool ist ein Non-superwash Merinogarn, das sich hervorragend einf\u00e4dig, aber auch zweif\u00e4dig verstricken l\u00e4sst. Ohne chemische Superwash-Behandlung bewahrt die Wolle ihren urspr\u00fcnglichen Charakter und ist besonders sanft zur Haut. Die Fasern bieten ein angenehmes Tragegef\u00fchl, w\u00e4hrend sie gleichzeitig atmungsaktiv und w\u00e4rmend sind \u2013 ideal f\u00fcr jedes Wetter.<\/p>\n<p>Sie l\u00e4sst sich sehr angenehm verstricken und die Verarbeitung macht sowohl mit Metall- als auch Holznadeln unglaublich viel Spass! Als ein klassisches Allroundgarn, k\u00f6nnen aus der Gabo Wool My Time Merino sowohl Pullover und Westen, aber auch f\u00fcr T\u00fccher, Hauben, Handschuhe oder Babystrick gestrickt werden.<\/p>\n<p>My Time Merino, ist auch hervorragend geeignet, um es mit einem weiteren Faden zu verstricken. Hier kann &#8222;klassisch&#8220; ein Seide\/Mohairfaden verwendet werden. Sie l\u00e4sst sich aber auch sehr sch\u00f6n mit der <a href=\"https:\/\/wollorama.at\/en\/product\/colorful-baby-brushed\/\">Colorful Baby Brushed<\/a> verstricken, die es in den passenden Farben im Shop gibt!<\/p>\n<p><strong>Lass dich inspirieren!<\/strong><br \/>\nEntdecke wundersch\u00f6ne Designs und kreative Strickideen, die perfekt zu dieser Wolle passen.<\/p>\n<p><a href=\"https:\/\/wollorama.at\/en\/gabo-wool\/\">Klicke hier<\/a>, um Inspirationen und Designhighlights f\u00fcr <em>My Time Merino<\/em> zu entdecken, oder st\u00f6bere durch die Projekte auf <a href=\"https:\/\/www.ravelry.com\/yarns\/library\/gabo-wool-my-time-merino\/projects\">Ravelry<\/a>.<\/p>\n<hr \/>\n<p><strong>ZUSAMMENSETZUNG<\/strong>: 100% Merinowolle (20,5 microns) NON-SUPERWASH<\/p>\n<p><strong>GEWICHT<\/strong>: 50g<\/p>\n<p><strong>LAUFL\u00c4NGE<\/strong>: 230m<\/p>\n<p><strong>MASCHENPROBE<\/strong>: 32 Maschen x 42 Reihen f\u00fcr 10x10cm<\/p>\n<p><strong>VORGESCHLAGENE NADELST\u00c4RKE<\/strong>: 2,5 &#8211; 3mm<\/p>\n<p><strong>WOLLST\u00c4RKE<\/strong>: Fingering\/ Sockenwollst\u00e4rke<\/p>\n<p>Da diese Wolle nicht superwash-behandelt ist, sollte sie mit Liebe und Sorgfalt von Hand gewaschen werden. Dies unterst\u00fctzt nicht nur die Langlebigkeit deines Strickst\u00fccks, sondern auch die Umweltfreundlichkeit des Materials.<\/p>\n<p>&nbsp;<\/p>","protected":false},"excerpt":{"rendered":"<p>50g\/230m<\/p>\n<p>100% non-superwash Merinowolle<\/p>\n<p>&nbsp;<\/p>","protected":false},"featured_media":7402,"comment_status":"open","ping_status":"closed","template":"","meta":{"site-sidebar-layout":"default","site-content-layout":"","ast-site-content-layout":"default","site-content-style":"default","site-sidebar-style":"default","ast-global-header-display":"","ast-banner-title-visibility":"","ast-main-header-display":"","ast-hfb-above-header-display":"","ast-hfb-below-header-display":"","ast-hfb-mobile-header-display":"","site-post-title":"","ast-breadcrumbs-content":"","ast-featured-img":"","footer-sml-layout":"","ast-disable-related-posts":"","theme-transparent-header-meta":"default","adv-header-id-meta":"","stick-header-meta":"default","header-above-stick-meta":"","header-main-stick-meta":"","header-below-stick-meta":"","astra-migrate-meta-layouts":"set","ast-page-background-enabled":"default","ast-page-background-meta":{"desktop":{"background-color":"","background-image":"","background-repeat":"repeat","background-position":"center center","background-size":"auto","background-attachment":"scroll","background-type":"","background-media":"","overlay-type":"","overlay-color":"","overlay-opacity":"","overlay-gradient":""},"tablet":{"background-color":"","background-image":"","background-repeat":"repeat","background-position":"center center","background-size":"auto","background-attachment":"scroll","background-type":"","background-media":"","overlay-type":"","overlay-color":"","overlay-opacity":"","overlay-gradient":""},"mobile":{"background-color":"","background-image":"","background-repeat":"repeat","background-position":"center center","background-size":"auto","background-attachment":"scroll","background-type":"","background-media":"","overlay-type":"","overlay-color":"","overlay-opacity":"","overlay-gradient":""}},"ast-content-background-meta":{"desktop":{"background-color":"var(--ast-global-color-5)","background-image":"","background-repeat":"repeat","background-position":"center center","background-size":"auto","background-attachment":"scroll","background-type":"","background-media":"","overlay-type":"","overlay-color":"","overlay-opacity":"","overlay-gradient":""},"tablet":{"background-color":"var(--ast-global-color-5)","background-image":"","background-repeat":"repeat","background-position":"center center","background-size":"auto","background-attachment":"scroll","background-type":"","background-media":"","overlay-type":"","overlay-color":"","overlay-opacity":"","overlay-gradient":""},"mobile":{"background-color":"var(--ast-global-color-5)","background-image":"","background-repeat":"repeat","background-position":"center center","background-size":"auto","background-attachment":"scroll","background-type":"","background-media":"","overlay-type":"","overlay-color":"","overlay-opacity":"","overlay-gradient":""}}},"product_brand":[],"product_cat":[70],"product_tag":[],"class_list":{"0":"post-2007","1":"product","2":"type-product","3":"status-publish","4":"has-post-thumbnail","6":"product_cat-grossartige-wolle-von-gabo-wool","7":"desktop-align-center","8":"tablet-align-left","9":"mobile-align-left","10":"ast-product-gallery-layout-horizontal-slider","11":"ast-product-gallery-with-no-image","12":"ast-magnify-disabled","13":"ast-product-single-variable","14":"ast-product-tabs-layout-horizontal","16":"first","17":"instock","18":"shipping-taxable","19":"purchasable","20":"product-type-variable"},"yoast_head":"<!-- This site is optimized with the Yoast SEO plugin v27.4 - https:\/\/yoast.com\/product\/yoast-seo-wordpress\/ -->\n<title>Gabo Wool - My Time Merino - Wollorama<\/title>\n<meta name=\"description\" content=\"My Time Merino von Gabo Wool ist 100% Merinowolle (non-superwash), erh\u00e4ltlich in den Farben des Regenbogens. 230m\/50g bieten unendliche M\u00f6glichkeiten.\" \/>\n<meta name=\"robots\" content=\"index, follow, max-snippet:-1, max-image-preview:large, max-video-preview:-1\" \/>\n<link rel=\"canonical\" href=\"https:\/\/wollorama.at\/en\/product\/gabo-wool-my-time-merino\/\" \/>\n<meta property=\"og:locale\" content=\"en_GB\" \/>\n<meta property=\"og:type\" content=\"article\" \/>\n<meta property=\"og:title\" content=\"Gabo Wool My Time Merino\" \/>\n<meta property=\"og:description\" content=\"My Time Merino von Gabo Wool ist 100% Merinowolle (non-superwash), erh\u00e4ltlich in den Farben des Regenbogens. 230m\/50g bieten unendliche M\u00f6glichkeiten.\" \/>\n<meta property=\"og:url\" content=\"https:\/\/wollorama.at\/en\/product\/gabo-wool-my-time-merino\/\" \/>\n<meta property=\"og:site_name\" content=\"Wollorama\" \/>\n<meta property=\"article:publisher\" content=\"https:\/\/facebook.com\/wollorama\" \/>\n<meta property=\"article:modified_time\" content=\"2026-04-14T02:32:23+00:00\" \/>\n<meta property=\"og:image\" content=\"https:\/\/wollorama.at\/wp-content\/uploads\/2024\/11\/PM007568-kwadrat-S.jpg\" \/>\n\t<meta property=\"og:image:width\" content=\"1024\" \/>\n\t<meta property=\"og:image:height\" content=\"1024\" \/>\n\t<meta property=\"og:image:type\" content=\"image\/jpeg\" \/>\n<meta name=\"twitter:card\" content=\"summary_large_image\" \/>\n<meta name=\"twitter:label1\" content=\"Estimated reading time\" \/>\n\t<meta name=\"twitter:data1\" content=\"2 minutes\" \/>\n<script type=\"application\/ld+json\" class=\"yoast-schema-graph\">{\"@context\":\"https:\\\/\\\/schema.org\",\"@graph\":[{\"@type\":\"WebPage\",\"@id\":\"https:\\\/\\\/wollorama.at\\\/produkt\\\/gabo-wool-my-time-merino\\\/\",\"url\":\"https:\\\/\\\/wollorama.at\\\/produkt\\\/gabo-wool-my-time-merino\\\/\",\"name\":\"Gabo Wool - My Time Merino - Wollorama\",\"isPartOf\":{\"@id\":\"https:\\\/\\\/wollorama.at\\\/#website\"},\"primaryImageOfPage\":{\"@id\":\"https:\\\/\\\/wollorama.at\\\/produkt\\\/gabo-wool-my-time-merino\\\/#primaryimage\"},\"image\":{\"@id\":\"https:\\\/\\\/wollorama.at\\\/produkt\\\/gabo-wool-my-time-merino\\\/#primaryimage\"},\"thumbnailUrl\":\"https:\\\/\\\/wollorama.at\\\/wp-content\\\/uploads\\\/2024\\\/11\\\/PM007568-kwadrat-S.jpg\",\"datePublished\":\"2024-11-17T13:04:02+00:00\",\"dateModified\":\"2026-04-14T02:32:23+00:00\",\"description\":\"My Time Merino von Gabo Wool ist 100% Merinowolle (non-superwash), erh\u00e4ltlich in den Farben des Regenbogens. 230m\\\/50g bieten unendliche M\u00f6glichkeiten.\",\"breadcrumb\":{\"@id\":\"https:\\\/\\\/wollorama.at\\\/produkt\\\/gabo-wool-my-time-merino\\\/#breadcrumb\"},\"inLanguage\":\"en-GB\",\"potentialAction\":[{\"@type\":\"ReadAction\",\"target\":[\"https:\\\/\\\/wollorama.at\\\/produkt\\\/gabo-wool-my-time-merino\\\/\"]}]},{\"@type\":\"ImageObject\",\"inLanguage\":\"en-GB\",\"@id\":\"https:\\\/\\\/wollorama.at\\\/produkt\\\/gabo-wool-my-time-merino\\\/#primaryimage\",\"url\":\"https:\\\/\\\/wollorama.at\\\/wp-content\\\/uploads\\\/2024\\\/11\\\/PM007568-kwadrat-S.jpg\",\"contentUrl\":\"https:\\\/\\\/wollorama.at\\\/wp-content\\\/uploads\\\/2024\\\/11\\\/PM007568-kwadrat-S.jpg\",\"width\":2000,\"height\":2000},{\"@type\":\"BreadcrumbList\",\"@id\":\"https:\\\/\\\/wollorama.at\\\/produkt\\\/gabo-wool-my-time-merino\\\/#breadcrumb\",\"itemListElement\":[{\"@type\":\"ListItem\",\"position\":1,\"name\":\"Home\",\"item\":\"https:\\\/\\\/wollorama.at\\\/\"},{\"@type\":\"ListItem\",\"position\":2,\"name\":\"Shop\",\"item\":\"https:\\\/\\\/wollorama.at\\\/wollorama-onlineshop\\\/\"},{\"@type\":\"ListItem\",\"position\":3,\"name\":\"My Time Merino\"}]},{\"@type\":\"WebSite\",\"@id\":\"https:\\\/\\\/wollorama.at\\\/#website\",\"url\":\"https:\\\/\\\/wollorama.at\\\/\",\"name\":\"Wollorama\",\"description\":\"Willkommen\",\"publisher\":{\"@id\":\"https:\\\/\\\/wollorama.at\\\/#organization\"},\"potentialAction\":[{\"@type\":\"SearchAction\",\"target\":{\"@type\":\"EntryPoint\",\"urlTemplate\":\"https:\\\/\\\/wollorama.at\\\/?s={search_term_string}\"},\"query-input\":{\"@type\":\"PropertyValueSpecification\",\"valueRequired\":true,\"valueName\":\"search_term_string\"}}],\"inLanguage\":\"en-GB\"},{\"@type\":\"Organization\",\"@id\":\"https:\\\/\\\/wollorama.at\\\/#organization\",\"name\":\"Wollorama\",\"url\":\"https:\\\/\\\/wollorama.at\\\/\",\"logo\":{\"@type\":\"ImageObject\",\"inLanguage\":\"en-GB\",\"@id\":\"https:\\\/\\\/wollorama.at\\\/#\\\/schema\\\/logo\\\/image\\\/\",\"url\":\"https:\\\/\\\/wollorama.at\\\/wp-content\\\/uploads\\\/2025\\\/10\\\/Woll.-rama.png\",\"contentUrl\":\"https:\\\/\\\/wollorama.at\\\/wp-content\\\/uploads\\\/2025\\\/10\\\/Woll.-rama.png\",\"width\":2281,\"height\":490,\"caption\":\"Wollorama\"},\"image\":{\"@id\":\"https:\\\/\\\/wollorama.at\\\/#\\\/schema\\\/logo\\\/image\\\/\"},\"sameAs\":[\"https:\\\/\\\/facebook.com\\\/wollorama\",\"https:\\\/\\\/at.pinterest.com\\\/wolloramashop\\\/\"]}]}<\/script>\n<!-- \/ Yoast SEO plugin. -->","yoast_head_json":{"title":"Gabo Wool - My Time Merino - Wollorama","description":"My Time Merino von Gabo Wool ist 100% Merinowolle (non-superwash), erh\u00e4ltlich in den Farben des Regenbogens. 230m\/50g bieten unendliche M\u00f6glichkeiten.","robots":{"index":"index","follow":"follow","max-snippet":"max-snippet:-1","max-image-preview":"max-image-preview:large","max-video-preview":"max-video-preview:-1"},"canonical":"https:\/\/wollorama.at\/en\/product\/gabo-wool-my-time-merino\/","og_locale":"en_GB","og_type":"article","og_title":"Gabo Wool My Time Merino","og_description":"My Time Merino von Gabo Wool ist 100% Merinowolle (non-superwash), erh\u00e4ltlich in den Farben des Regenbogens. 230m\/50g bieten unendliche M\u00f6glichkeiten.","og_url":"https:\/\/wollorama.at\/en\/product\/gabo-wool-my-time-merino\/","og_site_name":"Wollorama","article_publisher":"https:\/\/facebook.com\/wollorama","article_modified_time":"2026-04-14T02:32:23+00:00","og_image":[{"url":"https:\/\/wollorama.at\/wp-content\/uploads\/2024\/11\/PM007568-kwadrat-S.jpg","width":1024,"height":1024,"type":"image\/jpeg"}],"twitter_card":"summary_large_image","twitter_misc":{"Estimated reading time":"2 minutes"},"schema":{"@context":"https:\/\/schema.org","@graph":[{"@type":"WebPage","@id":"https:\/\/wollorama.at\/produkt\/gabo-wool-my-time-merino\/","url":"https:\/\/wollorama.at\/produkt\/gabo-wool-my-time-merino\/","name":"Gabo Wool - My Time Merino - Wollorama","isPartOf":{"@id":"https:\/\/wollorama.at\/#website"},"primaryImageOfPage":{"@id":"https:\/\/wollorama.at\/produkt\/gabo-wool-my-time-merino\/#primaryimage"},"image":{"@id":"https:\/\/wollorama.at\/produkt\/gabo-wool-my-time-merino\/#primaryimage"},"thumbnailUrl":"https:\/\/wollorama.at\/wp-content\/uploads\/2024\/11\/PM007568-kwadrat-S.jpg","datePublished":"2024-11-17T13:04:02+00:00","dateModified":"2026-04-14T02:32:23+00:00","description":"My Time Merino von Gabo Wool ist 100% Merinowolle (non-superwash), erh\u00e4ltlich in den Farben des Regenbogens. 230m\/50g bieten unendliche M\u00f6glichkeiten.","breadcrumb":{"@id":"https:\/\/wollorama.at\/produkt\/gabo-wool-my-time-merino\/#breadcrumb"},"inLanguage":"en-GB","potentialAction":[{"@type":"ReadAction","target":["https:\/\/wollorama.at\/produkt\/gabo-wool-my-time-merino\/"]}]},{"@type":"ImageObject","inLanguage":"en-GB","@id":"https:\/\/wollorama.at\/produkt\/gabo-wool-my-time-merino\/#primaryimage","url":"https:\/\/wollorama.at\/wp-content\/uploads\/2024\/11\/PM007568-kwadrat-S.jpg","contentUrl":"https:\/\/wollorama.at\/wp-content\/uploads\/2024\/11\/PM007568-kwadrat-S.jpg","width":2000,"height":2000},{"@type":"BreadcrumbList","@id":"https:\/\/wollorama.at\/produkt\/gabo-wool-my-time-merino\/#breadcrumb","itemListElement":[{"@type":"ListItem","position":1,"name":"Home","item":"https:\/\/wollorama.at\/"},{"@type":"ListItem","position":2,"name":"Shop","item":"https:\/\/wollorama.at\/wollorama-onlineshop\/"},{"@type":"ListItem","position":3,"name":"My Time Merino"}]},{"@type":"WebSite","@id":"https:\/\/wollorama.at\/#website","url":"https:\/\/wollorama.at\/","name":"Wollorama","description":"Willkommen","publisher":{"@id":"https:\/\/wollorama.at\/#organization"},"potentialAction":[{"@type":"SearchAction","target":{"@type":"EntryPoint","urlTemplate":"https:\/\/wollorama.at\/?s={search_term_string}"},"query-input":{"@type":"PropertyValueSpecification","valueRequired":true,"valueName":"search_term_string"}}],"inLanguage":"en-GB"},{"@type":"Organization","@id":"https:\/\/wollorama.at\/#organization","name":"Wollorama","url":"https:\/\/wollorama.at\/","logo":{"@type":"ImageObject","inLanguage":"en-GB","@id":"https:\/\/wollorama.at\/#\/schema\/logo\/image\/","url":"https:\/\/wollorama.at\/wp-content\/uploads\/2025\/10\/Woll.-rama.png","contentUrl":"https:\/\/wollorama.at\/wp-content\/uploads\/2025\/10\/Woll.-rama.png","width":2281,"height":490,"caption":"Wollorama"},"image":{"@id":"https:\/\/wollorama.at\/#\/schema\/logo\/image\/"},"sameAs":["https:\/\/facebook.com\/wollorama","https:\/\/at.pinterest.com\/wolloramashop\/"]}]}},"_links":{"self":[{"href":"https:\/\/wollorama.at\/en\/wp-json\/wp\/v2\/product\/2007","targetHints":{"allow":["GET"]}}],"collection":[{"href":"https:\/\/wollorama.at\/en\/wp-json\/wp\/v2\/product"}],"about":[{"href":"https:\/\/wollorama.at\/en\/wp-json\/wp\/v2\/types\/product"}],"replies":[{"embeddable":true,"href":"https:\/\/wollorama.at\/en\/wp-json\/wp\/v2\/comments?post=2007"}],"version-history":[{"count":0,"href":"https:\/\/wollorama.at\/en\/wp-json\/wp\/v2\/product\/2007\/revisions"}],"wp:featuredmedia":[{"embeddable":true,"href":"https:\/\/wollorama.at\/en\/wp-json\/wp\/v2\/media\/7402"}],"wp:attachment":[{"href":"https:\/\/wollorama.at\/en\/wp-json\/wp\/v2\/media?parent=2007"}],"wp:term":[{"taxonomy":"product_brand","embeddable":true,"href":"https:\/\/wollorama.at\/en\/wp-json\/wp\/v2\/product_brand?post=2007"},{"taxonomy":"product_cat","embeddable":true,"href":"https:\/\/wollorama.at\/en\/wp-json\/wp\/v2\/product_cat?post=2007"},{"taxonomy":"product_tag","embeddable":true,"href":"https:\/\/wollorama.at\/en\/wp-json\/wp\/v2\/product_tag?post=2007"}],"curies":[{"name":"wp","href":"https:\/\/api.w.org\/{rel}","templated":true}]}}