{"id":1993,"date":"2024-11-17T09:54:05","date_gmt":"2024-11-17T09:54:05","guid":{"rendered":"https:\/\/wollorama.at\/?post_type=product&#038;p=1993"},"modified":"2026-04-05T20:51:40","modified_gmt":"2026-04-05T20:51:40","slug":"gabo-wool-colorful-baby-brushed","status":"publish","type":"product","link":"https:\/\/wollorama.at\/en\/product\/gabo-wool-colorful-baby-brushed\/","title":{"rendered":"Colorful Baby Brushed"},"content":{"rendered":"<p><strong>Colorful Baby Brushed<\/strong> von GABO WOOL bringt Farbe und Weichheit in deine Strickprojekte! Diese Wolle ist die farbenfrohe Erg\u00e4nzung zur beliebten <a href=\"https:\/\/wollorama.at\/en\/product\/eco-baby-brushed-von-gabo-wool\/\">Eco Baby Brushed<\/a> und zeichnet sich durch ihre besondere Zartheit und Atmungsaktivit\u00e4t aus.<\/p>\n<p><strong>Sanft, weich und vielseitig &#8211; <\/strong>Colorful Baby Brushed f\u00fchlt sich wunderbar weich an und ist ideal f\u00fcr zarte, hautnahe Kleidungsst\u00fccke. Zus\u00e4tzlich dazu, l\u00e4sst die lebendige Farbpalette keine W\u00fcnsche offen und macht jedes Projekt zu einem &#8222;Nur noch eine Reihe&#8220;-Projekt!<\/p>\n<p>Mit ihrem exklusiven Look passt diese Wolle hervorragend zu aktuellen Modetrends. Strickst\u00fccke aus Colorful Baby Brushed wirken edel und modern. Ob mit einem Faden oder zwei F\u00e4den verarbeitet, die M\u00f6glichkeiten sind grenzenlos. Sie kann auch hervorragend mit der <a href=\"https:\/\/wollorama.at\/en\/product\/gabo-wool-my-time-merino\/\">My Time Merino<\/a> kombiniert werden, und bietet so eine tolle Alternative zur &#8222;klassischen&#8220; Seide\/Mohair-Variante.<\/p>\n<p>Entdecke die Vielseitigkeit und die lebendige Farbwelt von Colorful Baby Brushed und bringe deine Strickideen zum Leuchten!<\/p>\n<p><strong>Auf der Suche nach Inspiration?<\/strong><\/p>\n<p><a href=\"https:\/\/wollorama.at\/en\/gabo-wool\/\">Klicke hier<\/a>, um Inspirationen und Designhighlights f\u00fcr <em>Colorful Baby Brushed<\/em> zu entdecken, oder st\u00f6bere durch die Projekte anderer Stricker:innen auf <a href=\"https:\/\/www.ravelry.com\/yarns\/library\/gabo-wool-colorful-baby-brushed\/projects\">Ravelry<\/a>.<\/p>\n<hr \/>\n<p><strong style=\"font-weight: bolder; font-family: Montserrat, sans-serif; font-size: 16px; font-style: normal; letter-spacing: normal; text-align: start; text-indent: 0px; text-transform: none; text-decoration: none;\">ZUSAMMENSETZUNG:<\/strong><span style=\"font-family: Montserrat, sans-serif; font-size: 16px; font-style: normal; font-weight: 400; letter-spacing: normal; text-align: start; text-indent: 0px; text-transform: none; text-decoration: none; float: none;\"><span class=\"Apple-converted-space\">\u00a0<\/span><\/span><span style=\"font-family: Montserrat, sans-serif; font-size: 16px; font-style: normal; font-weight: 400; letter-spacing: normal; text-align: start; text-indent: 0px; text-transform: none; text-decoration: none; float: none;\">100% Alpaka (22 mic.<\/span>)<\/p>\n<p><strong>GEWICHT<\/strong>:\u00a050 g<\/p>\n<p><strong>LAUFL\u00c4NGE<\/strong>: 200 Meter<\/p>\n<p><strong>MASCHENPROBE<\/strong>:\u00a010\u00d710 cm mit 17 Maschen x 23 Reihen<\/p>\n<p><strong>WOLLST\u00c4RKE<\/strong>:\u00a0ARAN<\/p>\n<p><strong>VORGESCHLAGENE NADELST\u00c4RKEN<\/strong>:\u00a04.0-5.5 mm<\/p>\n<p>Da Alpaka per se nicht superwash-behandelt ist, sollte sie mit Liebe und Sorgfalt von Hand gewaschen werden. Dies unterst\u00fctzt die Langlebigkeit deines Strickst\u00fccks.<\/p>","protected":false},"excerpt":{"rendered":"<p>50g\/ 200m (Fingering\/ Sockenwollst\u00e4rke) &#8211; 100% Alpaka<\/p>\n<p><strong>Hinweis<\/strong>: Bei neu eingetroffenen Farben mussten die Preise an die Herstellerpreise angepasst werden!<\/p>","protected":false},"featured_media":7310,"comment_status":"open","ping_status":"closed","template":"","meta":{"site-sidebar-layout":"default","site-content-layout":"","ast-site-content-layout":"default","site-content-style":"default","site-sidebar-style":"default","ast-global-header-display":"","ast-banner-title-visibility":"","ast-main-header-display":"","ast-hfb-above-header-display":"","ast-hfb-below-header-display":"","ast-hfb-mobile-header-display":"","site-post-title":"","ast-breadcrumbs-content":"","ast-featured-img":"","footer-sml-layout":"","ast-disable-related-posts":"","theme-transparent-header-meta":"default","adv-header-id-meta":"","stick-header-meta":"default","header-above-stick-meta":"","header-main-stick-meta":"","header-below-stick-meta":"","astra-migrate-meta-layouts":"set","ast-page-background-enabled":"default","ast-page-background-meta":{"desktop":{"background-color":"","background-image":"","background-repeat":"repeat","background-position":"center center","background-size":"auto","background-attachment":"scroll","background-type":"","background-media":"","overlay-type":"","overlay-color":"","overlay-opacity":"","overlay-gradient":""},"tablet":{"background-color":"","background-image":"","background-repeat":"repeat","background-position":"center center","background-size":"auto","background-attachment":"scroll","background-type":"","background-media":"","overlay-type":"","overlay-color":"","overlay-opacity":"","overlay-gradient":""},"mobile":{"background-color":"","background-image":"","background-repeat":"repeat","background-position":"center center","background-size":"auto","background-attachment":"scroll","background-type":"","background-media":"","overlay-type":"","overlay-color":"","overlay-opacity":"","overlay-gradient":""}},"ast-content-background-meta":{"desktop":{"background-color":"var(--ast-global-color-5)","background-image":"","background-repeat":"repeat","background-position":"center center","background-size":"auto","background-attachment":"scroll","background-type":"","background-media":"","overlay-type":"","overlay-color":"","overlay-opacity":"","overlay-gradient":""},"tablet":{"background-color":"var(--ast-global-color-5)","background-image":"","background-repeat":"repeat","background-position":"center center","background-size":"auto","background-attachment":"scroll","background-type":"","background-media":"","overlay-type":"","overlay-color":"","overlay-opacity":"","overlay-gradient":""},"mobile":{"background-color":"var(--ast-global-color-5)","background-image":"","background-repeat":"repeat","background-position":"center center","background-size":"auto","background-attachment":"scroll","background-type":"","background-media":"","overlay-type":"","overlay-color":"","overlay-opacity":"","overlay-gradient":""}}},"product_brand":[],"product_cat":[70],"product_tag":[],"class_list":{"0":"post-1993","1":"product","2":"type-product","3":"status-publish","4":"has-post-thumbnail","6":"product_cat-grossartige-wolle-von-gabo-wool","7":"desktop-align-center","8":"tablet-align-left","9":"mobile-align-left","10":"ast-product-gallery-layout-horizontal-slider","11":"ast-product-gallery-with-no-image","12":"ast-magnify-disabled","13":"ast-product-single-variable","14":"ast-product-tabs-layout-horizontal","16":"first","17":"instock","18":"shipping-taxable","19":"purchasable","20":"product-type-variable"},"yoast_head":"<!-- This site is optimized with the Yoast SEO plugin v27.4 - https:\/\/yoast.com\/product\/yoast-seo-wordpress\/ -->\n<title>Gabo Wool - Colorful Baby Brushed - Wollorama<\/title>\n<meta name=\"description\" content=\"Colorful Baby Brushed von Gabo Wool, ist die farbenfrohe Variante von Eco Baby Brushed. 100% Alpaka-Garn mit 200m auf 50g.\" \/>\n<meta name=\"robots\" content=\"index, follow, max-snippet:-1, max-image-preview:large, max-video-preview:-1\" \/>\n<link rel=\"canonical\" href=\"https:\/\/wollorama.at\/en\/product\/gabo-wool-colorful-baby-brushed\/\" \/>\n<meta property=\"og:locale\" content=\"en_GB\" \/>\n<meta property=\"og:type\" content=\"article\" \/>\n<meta property=\"og:title\" content=\"Gabo Wool - Colorful Baby Brushed - Wollorama\" \/>\n<meta property=\"og:description\" content=\"Colorful Baby Brushed von Gabo Wool, ist die farbenfrohe Variante von Eco Baby Brushed. 100% Alpaka-Garn mit 200m auf 50g.\" \/>\n<meta property=\"og:url\" content=\"https:\/\/wollorama.at\/en\/product\/gabo-wool-colorful-baby-brushed\/\" \/>\n<meta property=\"og:site_name\" content=\"Wollorama\" \/>\n<meta property=\"article:publisher\" content=\"https:\/\/facebook.com\/wollorama\" \/>\n<meta property=\"article:modified_time\" content=\"2026-04-05T20:51:40+00:00\" \/>\n<meta property=\"og:image\" content=\"https:\/\/wollorama.at\/wp-content\/uploads\/2024\/11\/2025_10_14_9999_38-rotated.jpg\" \/>\n\t<meta property=\"og:image:width\" content=\"2304\" \/>\n\t<meta property=\"og:image:height\" content=\"3456\" \/>\n\t<meta property=\"og:image:type\" content=\"image\/jpeg\" \/>\n<meta name=\"twitter:card\" content=\"summary_large_image\" \/>\n<meta name=\"twitter:label1\" content=\"Estimated reading time\" \/>\n\t<meta name=\"twitter:data1\" content=\"2 minutes\" \/>\n<script type=\"application\/ld+json\" class=\"yoast-schema-graph\">{\"@context\":\"https:\\\/\\\/schema.org\",\"@graph\":[{\"@type\":\"WebPage\",\"@id\":\"https:\\\/\\\/wollorama.at\\\/produkt\\\/gabo-wool-colorful-baby-brushed\\\/\",\"url\":\"https:\\\/\\\/wollorama.at\\\/produkt\\\/gabo-wool-colorful-baby-brushed\\\/\",\"name\":\"Gabo Wool - Colorful Baby Brushed - Wollorama\",\"isPartOf\":{\"@id\":\"https:\\\/\\\/wollorama.at\\\/#website\"},\"primaryImageOfPage\":{\"@id\":\"https:\\\/\\\/wollorama.at\\\/produkt\\\/gabo-wool-colorful-baby-brushed\\\/#primaryimage\"},\"image\":{\"@id\":\"https:\\\/\\\/wollorama.at\\\/produkt\\\/gabo-wool-colorful-baby-brushed\\\/#primaryimage\"},\"thumbnailUrl\":\"https:\\\/\\\/wollorama.at\\\/wp-content\\\/uploads\\\/2024\\\/11\\\/2025_10_14_9999_38-rotated.jpg\",\"datePublished\":\"2024-11-17T09:54:05+00:00\",\"dateModified\":\"2026-04-05T20:51:40+00:00\",\"description\":\"Colorful Baby Brushed von Gabo Wool, ist die farbenfrohe Variante von Eco Baby Brushed. 100% Alpaka-Garn mit 200m auf 50g.\",\"breadcrumb\":{\"@id\":\"https:\\\/\\\/wollorama.at\\\/produkt\\\/gabo-wool-colorful-baby-brushed\\\/#breadcrumb\"},\"inLanguage\":\"en-GB\",\"potentialAction\":[{\"@type\":\"ReadAction\",\"target\":[\"https:\\\/\\\/wollorama.at\\\/produkt\\\/gabo-wool-colorful-baby-brushed\\\/\"]}]},{\"@type\":\"ImageObject\",\"inLanguage\":\"en-GB\",\"@id\":\"https:\\\/\\\/wollorama.at\\\/produkt\\\/gabo-wool-colorful-baby-brushed\\\/#primaryimage\",\"url\":\"https:\\\/\\\/wollorama.at\\\/wp-content\\\/uploads\\\/2024\\\/11\\\/2025_10_14_9999_38-rotated.jpg\",\"contentUrl\":\"https:\\\/\\\/wollorama.at\\\/wp-content\\\/uploads\\\/2024\\\/11\\\/2025_10_14_9999_38-rotated.jpg\",\"width\":2304,\"height\":3456},{\"@type\":\"BreadcrumbList\",\"@id\":\"https:\\\/\\\/wollorama.at\\\/produkt\\\/gabo-wool-colorful-baby-brushed\\\/#breadcrumb\",\"itemListElement\":[{\"@type\":\"ListItem\",\"position\":1,\"name\":\"Home\",\"item\":\"https:\\\/\\\/wollorama.at\\\/\"},{\"@type\":\"ListItem\",\"position\":2,\"name\":\"Shop\",\"item\":\"https:\\\/\\\/wollorama.at\\\/wollorama-onlineshop\\\/\"},{\"@type\":\"ListItem\",\"position\":3,\"name\":\"Colorful Baby Brushed\"}]},{\"@type\":\"WebSite\",\"@id\":\"https:\\\/\\\/wollorama.at\\\/#website\",\"url\":\"https:\\\/\\\/wollorama.at\\\/\",\"name\":\"Wollorama\",\"description\":\"Willkommen\",\"publisher\":{\"@id\":\"https:\\\/\\\/wollorama.at\\\/#organization\"},\"potentialAction\":[{\"@type\":\"SearchAction\",\"target\":{\"@type\":\"EntryPoint\",\"urlTemplate\":\"https:\\\/\\\/wollorama.at\\\/?s={search_term_string}\"},\"query-input\":{\"@type\":\"PropertyValueSpecification\",\"valueRequired\":true,\"valueName\":\"search_term_string\"}}],\"inLanguage\":\"en-GB\"},{\"@type\":\"Organization\",\"@id\":\"https:\\\/\\\/wollorama.at\\\/#organization\",\"name\":\"Wollorama\",\"url\":\"https:\\\/\\\/wollorama.at\\\/\",\"logo\":{\"@type\":\"ImageObject\",\"inLanguage\":\"en-GB\",\"@id\":\"https:\\\/\\\/wollorama.at\\\/#\\\/schema\\\/logo\\\/image\\\/\",\"url\":\"https:\\\/\\\/wollorama.at\\\/wp-content\\\/uploads\\\/2025\\\/10\\\/Woll.-rama.png\",\"contentUrl\":\"https:\\\/\\\/wollorama.at\\\/wp-content\\\/uploads\\\/2025\\\/10\\\/Woll.-rama.png\",\"width\":2281,\"height\":490,\"caption\":\"Wollorama\"},\"image\":{\"@id\":\"https:\\\/\\\/wollorama.at\\\/#\\\/schema\\\/logo\\\/image\\\/\"},\"sameAs\":[\"https:\\\/\\\/facebook.com\\\/wollorama\",\"https:\\\/\\\/at.pinterest.com\\\/wolloramashop\\\/\"]}]}<\/script>\n<!-- \/ Yoast SEO plugin. -->","yoast_head_json":{"title":"Gabo Wool - Colorful Baby Brushed - Wollorama","description":"Colorful Baby Brushed von Gabo Wool, ist die farbenfrohe Variante von Eco Baby Brushed. 100% Alpaka-Garn mit 200m auf 50g.","robots":{"index":"index","follow":"follow","max-snippet":"max-snippet:-1","max-image-preview":"max-image-preview:large","max-video-preview":"max-video-preview:-1"},"canonical":"https:\/\/wollorama.at\/en\/product\/gabo-wool-colorful-baby-brushed\/","og_locale":"en_GB","og_type":"article","og_title":"Gabo Wool - Colorful Baby Brushed - Wollorama","og_description":"Colorful Baby Brushed von Gabo Wool, ist die farbenfrohe Variante von Eco Baby Brushed. 100% Alpaka-Garn mit 200m auf 50g.","og_url":"https:\/\/wollorama.at\/en\/product\/gabo-wool-colorful-baby-brushed\/","og_site_name":"Wollorama","article_publisher":"https:\/\/facebook.com\/wollorama","article_modified_time":"2026-04-05T20:51:40+00:00","og_image":[{"width":2304,"height":3456,"url":"https:\/\/wollorama.at\/wp-content\/uploads\/2024\/11\/2025_10_14_9999_38-rotated.jpg","type":"image\/jpeg"}],"twitter_card":"summary_large_image","twitter_misc":{"Estimated reading time":"2 minutes"},"schema":{"@context":"https:\/\/schema.org","@graph":[{"@type":"WebPage","@id":"https:\/\/wollorama.at\/produkt\/gabo-wool-colorful-baby-brushed\/","url":"https:\/\/wollorama.at\/produkt\/gabo-wool-colorful-baby-brushed\/","name":"Gabo Wool - Colorful Baby Brushed - Wollorama","isPartOf":{"@id":"https:\/\/wollorama.at\/#website"},"primaryImageOfPage":{"@id":"https:\/\/wollorama.at\/produkt\/gabo-wool-colorful-baby-brushed\/#primaryimage"},"image":{"@id":"https:\/\/wollorama.at\/produkt\/gabo-wool-colorful-baby-brushed\/#primaryimage"},"thumbnailUrl":"https:\/\/wollorama.at\/wp-content\/uploads\/2024\/11\/2025_10_14_9999_38-rotated.jpg","datePublished":"2024-11-17T09:54:05+00:00","dateModified":"2026-04-05T20:51:40+00:00","description":"Colorful Baby Brushed von Gabo Wool, ist die farbenfrohe Variante von Eco Baby Brushed. 100% Alpaka-Garn mit 200m auf 50g.","breadcrumb":{"@id":"https:\/\/wollorama.at\/produkt\/gabo-wool-colorful-baby-brushed\/#breadcrumb"},"inLanguage":"en-GB","potentialAction":[{"@type":"ReadAction","target":["https:\/\/wollorama.at\/produkt\/gabo-wool-colorful-baby-brushed\/"]}]},{"@type":"ImageObject","inLanguage":"en-GB","@id":"https:\/\/wollorama.at\/produkt\/gabo-wool-colorful-baby-brushed\/#primaryimage","url":"https:\/\/wollorama.at\/wp-content\/uploads\/2024\/11\/2025_10_14_9999_38-rotated.jpg","contentUrl":"https:\/\/wollorama.at\/wp-content\/uploads\/2024\/11\/2025_10_14_9999_38-rotated.jpg","width":2304,"height":3456},{"@type":"BreadcrumbList","@id":"https:\/\/wollorama.at\/produkt\/gabo-wool-colorful-baby-brushed\/#breadcrumb","itemListElement":[{"@type":"ListItem","position":1,"name":"Home","item":"https:\/\/wollorama.at\/"},{"@type":"ListItem","position":2,"name":"Shop","item":"https:\/\/wollorama.at\/wollorama-onlineshop\/"},{"@type":"ListItem","position":3,"name":"Colorful Baby Brushed"}]},{"@type":"WebSite","@id":"https:\/\/wollorama.at\/#website","url":"https:\/\/wollorama.at\/","name":"Wollorama","description":"Willkommen","publisher":{"@id":"https:\/\/wollorama.at\/#organization"},"potentialAction":[{"@type":"SearchAction","target":{"@type":"EntryPoint","urlTemplate":"https:\/\/wollorama.at\/?s={search_term_string}"},"query-input":{"@type":"PropertyValueSpecification","valueRequired":true,"valueName":"search_term_string"}}],"inLanguage":"en-GB"},{"@type":"Organization","@id":"https:\/\/wollorama.at\/#organization","name":"Wollorama","url":"https:\/\/wollorama.at\/","logo":{"@type":"ImageObject","inLanguage":"en-GB","@id":"https:\/\/wollorama.at\/#\/schema\/logo\/image\/","url":"https:\/\/wollorama.at\/wp-content\/uploads\/2025\/10\/Woll.-rama.png","contentUrl":"https:\/\/wollorama.at\/wp-content\/uploads\/2025\/10\/Woll.-rama.png","width":2281,"height":490,"caption":"Wollorama"},"image":{"@id":"https:\/\/wollorama.at\/#\/schema\/logo\/image\/"},"sameAs":["https:\/\/facebook.com\/wollorama","https:\/\/at.pinterest.com\/wolloramashop\/"]}]}},"_links":{"self":[{"href":"https:\/\/wollorama.at\/en\/wp-json\/wp\/v2\/product\/1993","targetHints":{"allow":["GET"]}}],"collection":[{"href":"https:\/\/wollorama.at\/en\/wp-json\/wp\/v2\/product"}],"about":[{"href":"https:\/\/wollorama.at\/en\/wp-json\/wp\/v2\/types\/product"}],"replies":[{"embeddable":true,"href":"https:\/\/wollorama.at\/en\/wp-json\/wp\/v2\/comments?post=1993"}],"version-history":[{"count":0,"href":"https:\/\/wollorama.at\/en\/wp-json\/wp\/v2\/product\/1993\/revisions"}],"wp:featuredmedia":[{"embeddable":true,"href":"https:\/\/wollorama.at\/en\/wp-json\/wp\/v2\/media\/7310"}],"wp:attachment":[{"href":"https:\/\/wollorama.at\/en\/wp-json\/wp\/v2\/media?parent=1993"}],"wp:term":[{"taxonomy":"product_brand","embeddable":true,"href":"https:\/\/wollorama.at\/en\/wp-json\/wp\/v2\/product_brand?post=1993"},{"taxonomy":"product_cat","embeddable":true,"href":"https:\/\/wollorama.at\/en\/wp-json\/wp\/v2\/product_cat?post=1993"},{"taxonomy":"product_tag","embeddable":true,"href":"https:\/\/wollorama.at\/en\/wp-json\/wp\/v2\/product_tag?post=1993"}],"curies":[{"name":"wp","href":"https:\/\/api.w.org\/{rel}","templated":true}]}}