{"id":1984,"date":"2024-11-17T09:32:27","date_gmt":"2024-11-17T09:32:27","guid":{"rendered":"https:\/\/wollorama.at\/?post_type=product&#038;p=1984"},"modified":"2026-04-02T16:59:49","modified_gmt":"2026-04-02T16:59:49","slug":"gabo-wool-eco-baby-brushed","status":"publish","type":"product","link":"https:\/\/wollorama.at\/en\/product\/gabo-wool-eco-baby-brushed\/","title":{"rendered":"Eco Baby Brushed"},"content":{"rendered":"<p><strong>Gabo Wool Eco Baby Brushed<\/strong> ist ein ungef\u00e4rbtes 100%iges Alpakagarn, das durch seine nat\u00fcrlichen Farbt\u00f6ne und seine au\u00dfergew\u00f6hnliche Qualit\u00e4t besticht. Diese Wolle bringt die pure Sch\u00f6nheit der Natur in deine Strickprojekte und ist perfekt f\u00fcr alle, die Wert auf Nachhaltigkeit und Authentizit\u00e4t legen.<\/p>\n<p>Die Palette der nat\u00fcrlichen Farben reicht von warmen Beiget\u00f6nen \u00fcber kr\u00e4ftiges Braun bis hin zu sanften Grauschattierungen. Diese erdigen T\u00f6ne spiegeln die Vielfalt und Eleganz der Alpakafasern wider. Dabei kommt man in der Herstellun ohne chemische Behandlung aus. Jedes Kn\u00e4uel ist ein Unikat, das die nat\u00fcrliche Sch\u00f6nheit der Alpaka-Wolle zur Geltung bringt.<\/p>\n<p><strong>Weich, leicht und vielseitig &#8211; <\/strong>Gabo Wool Eco Baby Brushed ist wunderbar weich und zart zur Haut, was es ideal f\u00fcr Projekte macht, die direkt auf der Haut getragen werden. Mit seinen 200 Metern auf 50 Gramm ist es zudem \u00e4u\u00dferst ergiebig. Es l\u00e4sst sich sowohl solo verarbeiten als auch perfekt als Beilaufgarn (f\u00fcr z.B. <a href=\"https:\/\/wollorama.at\/en\/product\/gabo-wool-my-time-merino\/\">My Time Merino<\/a>) einsetzen, um anderen Garnen ein fluffiges Volumen und eine luxuri\u00f6se Textur zu verleihen.<\/p>\n<p><strong>Noch auf der Suche nach dem perfekten Projekt f\u00fcr diese Wolle?<\/strong><\/p>\n<p><a href=\"https:\/\/wollorama.at\/en\/gabo-wool\/\">Klicke hier<\/a>, um Inspirationen und Designhighlights f\u00fcr <em>Eco Baby Brushed<\/em> zu entdecken, oder st\u00f6bere durch die Projekte auf <a href=\"https:\/\/www.ravelry.com\/yarns\/library\/gabo-wool-eco-baby-brushed\">Ravelry<\/a>.<\/p>\n<hr \/>\n<p><strong style=\"font-weight: bolder; font-family: Montserrat, sans-serif; font-size: 16px; font-style: normal; letter-spacing: normal; text-align: start; text-indent: 0px; text-transform: none; text-decoration: none;\">ZUSAMMENSETZUNG:<\/strong><span style=\"font-family: Montserrat, sans-serif; font-size: 16px; font-style: normal; font-weight: 400; letter-spacing: normal; text-align: start; text-indent: 0px; text-transform: none; text-decoration: none; float: none;\"><span class=\"Apple-converted-space\">\u00a0<\/span><\/span><span style=\"font-family: Montserrat, sans-serif; font-size: 16px; font-style: normal; font-weight: 400; letter-spacing: normal; text-align: start; text-indent: 0px; text-transform: none; text-decoration: none; float: none;\">100% Alpaka (22 mic.<\/span>)<\/p>\n<p><strong>GEWICHT<\/strong>: 50g<br \/>\n<strong>LAUFL\u00c4NGE<\/strong>: 200 Meter<br \/>\n<strong>MASCHENPROBE<\/strong>:\u00a010\u00d710 cm mit 17 Maschen x 23 Reihen<br \/>\n<strong>WOLLST\u00c4RKE<\/strong>:\u00a0ARAN<br \/>\n<strong>VORGESCHLAGENE NADELST\u00c4RKEN<\/strong>: 4,0-5,5 mm<\/p>\n<p>Alpakawolle ist per se nicht superwash-behandelt ist, sollte sie mit Liebe und Sorgfalt von Hand gewaschen werden. Dies unterst\u00fctzt die Langlebigkeit deines Strickst\u00fccks.<\/p>","protected":false},"excerpt":{"rendered":"<p>50g\/ 200m (Fingering\/ Sockenwollst\u00e4rke) &#8211; 100% Alpaka<\/p>\n<p><strong>Hinweis:<\/strong> Die neue Lieferung Eco Baby Brushed musste an den Preis des Herstellers angepasst werden!<\/p>","protected":false},"featured_media":7406,"comment_status":"open","ping_status":"closed","template":"","meta":{"site-sidebar-layout":"default","site-content-layout":"","ast-site-content-layout":"default","site-content-style":"default","site-sidebar-style":"default","ast-global-header-display":"","ast-banner-title-visibility":"","ast-main-header-display":"","ast-hfb-above-header-display":"","ast-hfb-below-header-display":"","ast-hfb-mobile-header-display":"","site-post-title":"","ast-breadcrumbs-content":"","ast-featured-img":"","footer-sml-layout":"","ast-disable-related-posts":"","theme-transparent-header-meta":"default","adv-header-id-meta":"","stick-header-meta":"default","header-above-stick-meta":"","header-main-stick-meta":"","header-below-stick-meta":"","astra-migrate-meta-layouts":"set","ast-page-background-enabled":"default","ast-page-background-meta":{"desktop":{"background-color":"","background-image":"","background-repeat":"repeat","background-position":"center center","background-size":"auto","background-attachment":"scroll","background-type":"","background-media":"","overlay-type":"","overlay-color":"","overlay-opacity":"","overlay-gradient":""},"tablet":{"background-color":"","background-image":"","background-repeat":"repeat","background-position":"center center","background-size":"auto","background-attachment":"scroll","background-type":"","background-media":"","overlay-type":"","overlay-color":"","overlay-opacity":"","overlay-gradient":""},"mobile":{"background-color":"","background-image":"","background-repeat":"repeat","background-position":"center center","background-size":"auto","background-attachment":"scroll","background-type":"","background-media":"","overlay-type":"","overlay-color":"","overlay-opacity":"","overlay-gradient":""}},"ast-content-background-meta":{"desktop":{"background-color":"var(--ast-global-color-5)","background-image":"","background-repeat":"repeat","background-position":"center center","background-size":"auto","background-attachment":"scroll","background-type":"","background-media":"","overlay-type":"","overlay-color":"","overlay-opacity":"","overlay-gradient":""},"tablet":{"background-color":"var(--ast-global-color-5)","background-image":"","background-repeat":"repeat","background-position":"center center","background-size":"auto","background-attachment":"scroll","background-type":"","background-media":"","overlay-type":"","overlay-color":"","overlay-opacity":"","overlay-gradient":""},"mobile":{"background-color":"var(--ast-global-color-5)","background-image":"","background-repeat":"repeat","background-position":"center center","background-size":"auto","background-attachment":"scroll","background-type":"","background-media":"","overlay-type":"","overlay-color":"","overlay-opacity":"","overlay-gradient":""}}},"product_brand":[],"product_cat":[70],"product_tag":[],"class_list":{"0":"post-1984","1":"product","2":"type-product","3":"status-publish","4":"has-post-thumbnail","6":"product_cat-grossartige-wolle-von-gabo-wool","7":"desktop-align-center","8":"tablet-align-left","9":"mobile-align-left","10":"ast-product-gallery-layout-horizontal-slider","11":"ast-product-gallery-with-no-image","12":"ast-magnify-disabled","13":"ast-product-single-variable","14":"ast-product-tabs-layout-horizontal","16":"first","17":"instock","18":"shipping-taxable","19":"purchasable","20":"product-type-variable"},"yoast_head":"<!-- This site is optimized with the Yoast SEO plugin v27.4 - https:\/\/yoast.com\/product\/yoast-seo-wordpress\/ -->\n<title>Gabo Wool - Eco Baby Brushed - Wollorama<\/title>\n<meta name=\"description\" content=\"Eco Baby Brushed von Gabo Wool ist ein wunderbar weiches ungef\u00e4rbtes Alpakagarn Verwende es alleine oder als Beilaufgarn (200m\/50g)!\" \/>\n<meta name=\"robots\" content=\"index, follow, max-snippet:-1, max-image-preview:large, max-video-preview:-1\" \/>\n<link rel=\"canonical\" href=\"https:\/\/wollorama.at\/en\/product\/gabo-wool-eco-baby-brushed\/\" \/>\n<meta property=\"og:locale\" content=\"en_GB\" \/>\n<meta property=\"og:type\" content=\"article\" \/>\n<meta property=\"og:title\" content=\"Gabo Wool - Eco Baby Brushed - Wollorama\" \/>\n<meta property=\"og:description\" content=\"Eco Baby Brushed von Gabo Wool ist ein wunderbar weiches ungef\u00e4rbtes Alpakagarn Verwende es alleine oder als Beilaufgarn (200m\/50g)!\" \/>\n<meta property=\"og:url\" content=\"https:\/\/wollorama.at\/en\/product\/gabo-wool-eco-baby-brushed\/\" \/>\n<meta property=\"og:site_name\" content=\"Wollorama\" \/>\n<meta property=\"article:publisher\" content=\"https:\/\/facebook.com\/wollorama\" \/>\n<meta property=\"article:modified_time\" content=\"2026-04-02T16:59:49+00:00\" \/>\n<meta property=\"og:image\" content=\"https:\/\/wollorama.at\/wp-content\/uploads\/2024\/11\/IMG_8549.jpg\" \/>\n\t<meta property=\"og:image:width\" content=\"1125\" \/>\n\t<meta property=\"og:image:height\" content=\"1211\" \/>\n\t<meta property=\"og:image:type\" content=\"image\/jpeg\" \/>\n<meta name=\"twitter:card\" content=\"summary_large_image\" \/>\n<meta name=\"twitter:label1\" content=\"Estimated reading time\" \/>\n\t<meta name=\"twitter:data1\" content=\"2 minutes\" \/>\n<script type=\"application\/ld+json\" class=\"yoast-schema-graph\">{\"@context\":\"https:\\\/\\\/schema.org\",\"@graph\":[{\"@type\":\"WebPage\",\"@id\":\"https:\\\/\\\/wollorama.at\\\/produkt\\\/gabo-wool-eco-baby-brushed\\\/\",\"url\":\"https:\\\/\\\/wollorama.at\\\/produkt\\\/gabo-wool-eco-baby-brushed\\\/\",\"name\":\"Gabo Wool - Eco Baby Brushed - Wollorama\",\"isPartOf\":{\"@id\":\"https:\\\/\\\/wollorama.at\\\/#website\"},\"primaryImageOfPage\":{\"@id\":\"https:\\\/\\\/wollorama.at\\\/produkt\\\/gabo-wool-eco-baby-brushed\\\/#primaryimage\"},\"image\":{\"@id\":\"https:\\\/\\\/wollorama.at\\\/produkt\\\/gabo-wool-eco-baby-brushed\\\/#primaryimage\"},\"thumbnailUrl\":\"https:\\\/\\\/wollorama.at\\\/wp-content\\\/uploads\\\/2024\\\/11\\\/IMG_8549.jpg\",\"datePublished\":\"2024-11-17T09:32:27+00:00\",\"dateModified\":\"2026-04-02T16:59:49+00:00\",\"description\":\"Eco Baby Brushed von Gabo Wool ist ein wunderbar weiches ungef\u00e4rbtes Alpakagarn Verwende es alleine oder als Beilaufgarn (200m\\\/50g)!\",\"breadcrumb\":{\"@id\":\"https:\\\/\\\/wollorama.at\\\/produkt\\\/gabo-wool-eco-baby-brushed\\\/#breadcrumb\"},\"inLanguage\":\"en-GB\",\"potentialAction\":[{\"@type\":\"ReadAction\",\"target\":[\"https:\\\/\\\/wollorama.at\\\/produkt\\\/gabo-wool-eco-baby-brushed\\\/\"]}]},{\"@type\":\"ImageObject\",\"inLanguage\":\"en-GB\",\"@id\":\"https:\\\/\\\/wollorama.at\\\/produkt\\\/gabo-wool-eco-baby-brushed\\\/#primaryimage\",\"url\":\"https:\\\/\\\/wollorama.at\\\/wp-content\\\/uploads\\\/2024\\\/11\\\/IMG_8549.jpg\",\"contentUrl\":\"https:\\\/\\\/wollorama.at\\\/wp-content\\\/uploads\\\/2024\\\/11\\\/IMG_8549.jpg\",\"width\":1125,\"height\":1211},{\"@type\":\"BreadcrumbList\",\"@id\":\"https:\\\/\\\/wollorama.at\\\/produkt\\\/gabo-wool-eco-baby-brushed\\\/#breadcrumb\",\"itemListElement\":[{\"@type\":\"ListItem\",\"position\":1,\"name\":\"Home\",\"item\":\"https:\\\/\\\/wollorama.at\\\/\"},{\"@type\":\"ListItem\",\"position\":2,\"name\":\"Shop\",\"item\":\"https:\\\/\\\/wollorama.at\\\/wollorama-onlineshop\\\/\"},{\"@type\":\"ListItem\",\"position\":3,\"name\":\"Eco Baby Brushed\"}]},{\"@type\":\"WebSite\",\"@id\":\"https:\\\/\\\/wollorama.at\\\/#website\",\"url\":\"https:\\\/\\\/wollorama.at\\\/\",\"name\":\"Wollorama\",\"description\":\"Willkommen\",\"publisher\":{\"@id\":\"https:\\\/\\\/wollorama.at\\\/#organization\"},\"potentialAction\":[{\"@type\":\"SearchAction\",\"target\":{\"@type\":\"EntryPoint\",\"urlTemplate\":\"https:\\\/\\\/wollorama.at\\\/?s={search_term_string}\"},\"query-input\":{\"@type\":\"PropertyValueSpecification\",\"valueRequired\":true,\"valueName\":\"search_term_string\"}}],\"inLanguage\":\"en-GB\"},{\"@type\":\"Organization\",\"@id\":\"https:\\\/\\\/wollorama.at\\\/#organization\",\"name\":\"Wollorama\",\"url\":\"https:\\\/\\\/wollorama.at\\\/\",\"logo\":{\"@type\":\"ImageObject\",\"inLanguage\":\"en-GB\",\"@id\":\"https:\\\/\\\/wollorama.at\\\/#\\\/schema\\\/logo\\\/image\\\/\",\"url\":\"https:\\\/\\\/wollorama.at\\\/wp-content\\\/uploads\\\/2025\\\/10\\\/Woll.-rama.png\",\"contentUrl\":\"https:\\\/\\\/wollorama.at\\\/wp-content\\\/uploads\\\/2025\\\/10\\\/Woll.-rama.png\",\"width\":2281,\"height\":490,\"caption\":\"Wollorama\"},\"image\":{\"@id\":\"https:\\\/\\\/wollorama.at\\\/#\\\/schema\\\/logo\\\/image\\\/\"},\"sameAs\":[\"https:\\\/\\\/facebook.com\\\/wollorama\",\"https:\\\/\\\/at.pinterest.com\\\/wolloramashop\\\/\"]}]}<\/script>\n<!-- \/ Yoast SEO plugin. -->","yoast_head_json":{"title":"Gabo Wool - Eco Baby Brushed - Wollorama","description":"Eco Baby Brushed von Gabo Wool ist ein wunderbar weiches ungef\u00e4rbtes Alpakagarn Verwende es alleine oder als Beilaufgarn (200m\/50g)!","robots":{"index":"index","follow":"follow","max-snippet":"max-snippet:-1","max-image-preview":"max-image-preview:large","max-video-preview":"max-video-preview:-1"},"canonical":"https:\/\/wollorama.at\/en\/product\/gabo-wool-eco-baby-brushed\/","og_locale":"en_GB","og_type":"article","og_title":"Gabo Wool - Eco Baby Brushed - Wollorama","og_description":"Eco Baby Brushed von Gabo Wool ist ein wunderbar weiches ungef\u00e4rbtes Alpakagarn Verwende es alleine oder als Beilaufgarn (200m\/50g)!","og_url":"https:\/\/wollorama.at\/en\/product\/gabo-wool-eco-baby-brushed\/","og_site_name":"Wollorama","article_publisher":"https:\/\/facebook.com\/wollorama","article_modified_time":"2026-04-02T16:59:49+00:00","og_image":[{"width":1125,"height":1211,"url":"https:\/\/wollorama.at\/wp-content\/uploads\/2024\/11\/IMG_8549.jpg","type":"image\/jpeg"}],"twitter_card":"summary_large_image","twitter_misc":{"Estimated reading time":"2 minutes"},"schema":{"@context":"https:\/\/schema.org","@graph":[{"@type":"WebPage","@id":"https:\/\/wollorama.at\/produkt\/gabo-wool-eco-baby-brushed\/","url":"https:\/\/wollorama.at\/produkt\/gabo-wool-eco-baby-brushed\/","name":"Gabo Wool - Eco Baby Brushed - Wollorama","isPartOf":{"@id":"https:\/\/wollorama.at\/#website"},"primaryImageOfPage":{"@id":"https:\/\/wollorama.at\/produkt\/gabo-wool-eco-baby-brushed\/#primaryimage"},"image":{"@id":"https:\/\/wollorama.at\/produkt\/gabo-wool-eco-baby-brushed\/#primaryimage"},"thumbnailUrl":"https:\/\/wollorama.at\/wp-content\/uploads\/2024\/11\/IMG_8549.jpg","datePublished":"2024-11-17T09:32:27+00:00","dateModified":"2026-04-02T16:59:49+00:00","description":"Eco Baby Brushed von Gabo Wool ist ein wunderbar weiches ungef\u00e4rbtes Alpakagarn Verwende es alleine oder als Beilaufgarn (200m\/50g)!","breadcrumb":{"@id":"https:\/\/wollorama.at\/produkt\/gabo-wool-eco-baby-brushed\/#breadcrumb"},"inLanguage":"en-GB","potentialAction":[{"@type":"ReadAction","target":["https:\/\/wollorama.at\/produkt\/gabo-wool-eco-baby-brushed\/"]}]},{"@type":"ImageObject","inLanguage":"en-GB","@id":"https:\/\/wollorama.at\/produkt\/gabo-wool-eco-baby-brushed\/#primaryimage","url":"https:\/\/wollorama.at\/wp-content\/uploads\/2024\/11\/IMG_8549.jpg","contentUrl":"https:\/\/wollorama.at\/wp-content\/uploads\/2024\/11\/IMG_8549.jpg","width":1125,"height":1211},{"@type":"BreadcrumbList","@id":"https:\/\/wollorama.at\/produkt\/gabo-wool-eco-baby-brushed\/#breadcrumb","itemListElement":[{"@type":"ListItem","position":1,"name":"Home","item":"https:\/\/wollorama.at\/"},{"@type":"ListItem","position":2,"name":"Shop","item":"https:\/\/wollorama.at\/wollorama-onlineshop\/"},{"@type":"ListItem","position":3,"name":"Eco Baby Brushed"}]},{"@type":"WebSite","@id":"https:\/\/wollorama.at\/#website","url":"https:\/\/wollorama.at\/","name":"Wollorama","description":"Willkommen","publisher":{"@id":"https:\/\/wollorama.at\/#organization"},"potentialAction":[{"@type":"SearchAction","target":{"@type":"EntryPoint","urlTemplate":"https:\/\/wollorama.at\/?s={search_term_string}"},"query-input":{"@type":"PropertyValueSpecification","valueRequired":true,"valueName":"search_term_string"}}],"inLanguage":"en-GB"},{"@type":"Organization","@id":"https:\/\/wollorama.at\/#organization","name":"Wollorama","url":"https:\/\/wollorama.at\/","logo":{"@type":"ImageObject","inLanguage":"en-GB","@id":"https:\/\/wollorama.at\/#\/schema\/logo\/image\/","url":"https:\/\/wollorama.at\/wp-content\/uploads\/2025\/10\/Woll.-rama.png","contentUrl":"https:\/\/wollorama.at\/wp-content\/uploads\/2025\/10\/Woll.-rama.png","width":2281,"height":490,"caption":"Wollorama"},"image":{"@id":"https:\/\/wollorama.at\/#\/schema\/logo\/image\/"},"sameAs":["https:\/\/facebook.com\/wollorama","https:\/\/at.pinterest.com\/wolloramashop\/"]}]}},"_links":{"self":[{"href":"https:\/\/wollorama.at\/en\/wp-json\/wp\/v2\/product\/1984","targetHints":{"allow":["GET"]}}],"collection":[{"href":"https:\/\/wollorama.at\/en\/wp-json\/wp\/v2\/product"}],"about":[{"href":"https:\/\/wollorama.at\/en\/wp-json\/wp\/v2\/types\/product"}],"replies":[{"embeddable":true,"href":"https:\/\/wollorama.at\/en\/wp-json\/wp\/v2\/comments?post=1984"}],"version-history":[{"count":0,"href":"https:\/\/wollorama.at\/en\/wp-json\/wp\/v2\/product\/1984\/revisions"}],"wp:featuredmedia":[{"embeddable":true,"href":"https:\/\/wollorama.at\/en\/wp-json\/wp\/v2\/media\/7406"}],"wp:attachment":[{"href":"https:\/\/wollorama.at\/en\/wp-json\/wp\/v2\/media?parent=1984"}],"wp:term":[{"taxonomy":"product_brand","embeddable":true,"href":"https:\/\/wollorama.at\/en\/wp-json\/wp\/v2\/product_brand?post=1984"},{"taxonomy":"product_cat","embeddable":true,"href":"https:\/\/wollorama.at\/en\/wp-json\/wp\/v2\/product_cat?post=1984"},{"taxonomy":"product_tag","embeddable":true,"href":"https:\/\/wollorama.at\/en\/wp-json\/wp\/v2\/product_tag?post=1984"}],"curies":[{"name":"wp","href":"https:\/\/api.w.org\/{rel}","templated":true}]}}