{"id":1973,"date":"2024-11-17T09:13:17","date_gmt":"2024-11-17T09:13:17","guid":{"rendered":"https:\/\/wollorama.at\/?post_type=product&#038;p=1973"},"modified":"2026-04-16T04:01:20","modified_gmt":"2026-04-16T04:01:20","slug":"gabo-wool-fog","status":"publish","type":"product","link":"https:\/\/wollorama.at\/en\/product\/gabo-wool-fog\/","title":{"rendered":"Fog"},"content":{"rendered":"<p>Der Name <strong>Fog<\/strong> (englisch f\u00fcr \u201eNebel\u201c) ist bei diesem Garn nicht zuf\u00e4llig gew\u00e4hlt: Es verk\u00f6rpert genau das, was man mit Nebel verbindet \u2013 eine zarte, leichte und umh\u00fcllende Beschaffenheit. Dieses besondere Kettengarn (auch \u201eChainette-Garn\u201c genannt) begeistert durch seine Struktur und Haptik.<\/p>\n<p>Gabo Wool Fog besteht aus einem feinen Baumwolltunnel, in den Alpaka- und Merinofasern eingeblasen werden. Diese besondere Verarbeitung sorgt f\u00fcr eine einzigartige Mischung aus Stabilit\u00e4t und Weichheit. Das Garn ist dadurch nicht nur leicht, sondern auch flauschig und volumin\u00f6s, ohne schwer zu wirken. Es kombiniert die Vorteile verschiedener Materialien in einer perfekten Balance:<\/p>\n<p>Mit einer Laufl\u00e4nge von 125m auf 50g ist Fog angenehm ergiebig und ideal f\u00fcr Projekte, die ein leichtes, aber dennoch w\u00e4rmendes Garn erfordern.\u00a0 Gabo Wool Fog ist ideal f\u00fcr Kleidungsst\u00fccke und Accessoires, die leicht und kuschelig sein sollen, aber auch moderne Eleganz ausstrahlen:<\/p>\n<p><strong>Lass dich inspirieren!<\/strong><br \/>\nEntdecke wundersch\u00f6ne Designs und kreative Strickideen, die perfekt zu dieser Wolle passen.<\/p>\n<p><a href=\"https:\/\/wollorama.at\/en\/gabo-wool\/\">Klicke hier<\/a>, um Inspirationen und Designhighlights f\u00fcr <em>Fog<\/em> zu entdecken, oder st\u00f6bere durch die Projekte auf <a href=\"https:\/\/www.ravelry.com\/yarns\/library\/gabo-wool-fog\/projects\">Ravelry<\/a>.<\/p>\n<hr \/>\n<p><strong>ZUSAMMENSETZUNG:<\/strong><\/p>\n<ul>\n<li>44% Pima Baumwolle<\/li>\n<li>28% Baby Alpaka<\/li>\n<li>28% Merino Wolle<\/li>\n<\/ul>\n<p style=\"font-family: Montserrat, sans-serif; font-size: 16px; font-style: normal; font-weight: 400; letter-spacing: normal; text-align: start; text-indent: 0px; text-transform: none; text-decoration: none;\"><strong style=\"font-weight: bolder;\">GEWICHT:<\/strong><span class=\"Apple-converted-space\">\u00a0<\/span>50g<\/p>\n<p style=\"font-family: Montserrat, sans-serif; font-size: 16px; font-style: normal; font-weight: 400; letter-spacing: normal; text-align: start; text-indent: 0px; text-transform: none; text-decoration: none;\"><strong style=\"font-weight: bolder;\">LAUFL\u00c4NGE:<\/strong><span class=\"Apple-converted-space\">\u00a0<\/span>\u00a0125 Meter<\/p>\n<p style=\"font-family: Montserrat, sans-serif; font-size: 16px; font-style: normal; font-weight: 400; letter-spacing: normal; text-align: start; text-indent: 0px; text-transform: none; text-decoration: none;\"><strong style=\"font-weight: bolder;\">MASCHENPROBE:<\/strong><span class=\"Apple-converted-space\">\u00a0<\/span>16 Maschen x 24 Reihen f\u00fcr 10x10cm<\/p>\n<p style=\"font-family: Montserrat, sans-serif; font-size: 16px; font-style: normal; font-weight: 400; letter-spacing: normal; text-align: start; text-indent: 0px; text-transform: none; text-decoration: none;\"><strong style=\"font-weight: bolder;\">WOLLST\u00c4RKE:<\/strong><span class=\"Apple-converted-space\">\u00a0<\/span>Worsted\/Aran<\/p>\n<p style=\"font-family: Montserrat, sans-serif; font-size: 16px; font-style: normal; font-weight: 400; letter-spacing: normal; text-align: start; text-indent: 0px; text-transform: none; text-decoration: none;\"><strong style=\"font-weight: bolder;\">VORGESCHLAGENE NADELGR\u00d6SSEN:<\/strong><span class=\"Apple-converted-space\">\u00a0<\/span>4,0-6,0 mm<\/p>\n<p>Das fertige Strickst\u00fcck sollte mit Liebe und Sorgfalt von Hand gewaschen werden. Dies unterst\u00fctzt die Langlebigkeit deines Strickst\u00fccks.<\/p>","protected":false},"excerpt":{"rendered":"<p>44% Pima Baumwolle, 28% Baby Alpaka, 28% Merino Wolle<\/p>\n<p>125m\/50g<\/p>","protected":false},"featured_media":7276,"comment_status":"open","ping_status":"closed","template":"","meta":{"site-sidebar-layout":"default","site-content-layout":"","ast-site-content-layout":"default","site-content-style":"default","site-sidebar-style":"default","ast-global-header-display":"","ast-banner-title-visibility":"","ast-main-header-display":"","ast-hfb-above-header-display":"","ast-hfb-below-header-display":"","ast-hfb-mobile-header-display":"","site-post-title":"","ast-breadcrumbs-content":"","ast-featured-img":"","footer-sml-layout":"","ast-disable-related-posts":"","theme-transparent-header-meta":"default","adv-header-id-meta":"","stick-header-meta":"default","header-above-stick-meta":"","header-main-stick-meta":"","header-below-stick-meta":"","astra-migrate-meta-layouts":"set","ast-page-background-enabled":"default","ast-page-background-meta":{"desktop":{"background-color":"","background-image":"","background-repeat":"repeat","background-position":"center center","background-size":"auto","background-attachment":"scroll","background-type":"","background-media":"","overlay-type":"","overlay-color":"","overlay-opacity":"","overlay-gradient":""},"tablet":{"background-color":"","background-image":"","background-repeat":"repeat","background-position":"center center","background-size":"auto","background-attachment":"scroll","background-type":"","background-media":"","overlay-type":"","overlay-color":"","overlay-opacity":"","overlay-gradient":""},"mobile":{"background-color":"","background-image":"","background-repeat":"repeat","background-position":"center center","background-size":"auto","background-attachment":"scroll","background-type":"","background-media":"","overlay-type":"","overlay-color":"","overlay-opacity":"","overlay-gradient":""}},"ast-content-background-meta":{"desktop":{"background-color":"var(--ast-global-color-5)","background-image":"","background-repeat":"repeat","background-position":"center center","background-size":"auto","background-attachment":"scroll","background-type":"","background-media":"","overlay-type":"","overlay-color":"","overlay-opacity":"","overlay-gradient":""},"tablet":{"background-color":"var(--ast-global-color-5)","background-image":"","background-repeat":"repeat","background-position":"center center","background-size":"auto","background-attachment":"scroll","background-type":"","background-media":"","overlay-type":"","overlay-color":"","overlay-opacity":"","overlay-gradient":""},"mobile":{"background-color":"var(--ast-global-color-5)","background-image":"","background-repeat":"repeat","background-position":"center center","background-size":"auto","background-attachment":"scroll","background-type":"","background-media":"","overlay-type":"","overlay-color":"","overlay-opacity":"","overlay-gradient":""}}},"product_brand":[],"product_cat":[70],"product_tag":[],"class_list":{"0":"post-1973","1":"product","2":"type-product","3":"status-publish","4":"has-post-thumbnail","6":"product_cat-grossartige-wolle-von-gabo-wool","7":"desktop-align-center","8":"tablet-align-left","9":"mobile-align-left","10":"ast-product-gallery-layout-horizontal-slider","11":"ast-product-gallery-with-no-image","12":"ast-magnify-disabled","13":"ast-product-single-variable","14":"ast-product-tabs-layout-horizontal","16":"first","17":"instock","18":"shipping-taxable","19":"purchasable","20":"product-type-variable"},"yoast_head":"<!-- This site is optimized with the Yoast SEO plugin v27.4 - https:\/\/yoast.com\/product\/yoast-seo-wordpress\/ -->\n<title>Gabo Wool - Fog - Wollorama<\/title>\n<meta name=\"description\" content=\"Fog von Gabo Wool ist ein Chainettegarn, das aus Baumwolle, Alpaka und Merino besteht. Durch die Herstellungsart ist es leicht und super flauschig.\" \/>\n<meta name=\"robots\" content=\"index, follow, max-snippet:-1, max-image-preview:large, max-video-preview:-1\" \/>\n<link rel=\"canonical\" href=\"https:\/\/wollorama.at\/en\/product\/gabo-wool-fog\/\" \/>\n<meta property=\"og:locale\" content=\"en_GB\" \/>\n<meta property=\"og:type\" content=\"article\" \/>\n<meta property=\"og:title\" content=\"Gabo Wool - Fog - Wollorama\" \/>\n<meta property=\"og:description\" content=\"Fog von Gabo Wool ist ein Chainettegarn, das aus Baumwolle, Alpaka und Merino besteht. Durch die Herstellungsart ist es leicht und super flauschig.\" \/>\n<meta property=\"og:url\" content=\"https:\/\/wollorama.at\/en\/product\/gabo-wool-fog\/\" \/>\n<meta property=\"og:site_name\" content=\"Wollorama\" \/>\n<meta property=\"article:publisher\" content=\"https:\/\/facebook.com\/wollorama\" \/>\n<meta property=\"article:modified_time\" content=\"2026-04-16T04:01:20+00:00\" \/>\n<meta property=\"og:image\" content=\"https:\/\/wollorama.at\/wp-content\/uploads\/2024\/11\/Bildschirmfoto-2025-10-06-um-11.25.27.png\" \/>\n\t<meta property=\"og:image:width\" content=\"1136\" \/>\n\t<meta property=\"og:image:height\" content=\"848\" \/>\n\t<meta property=\"og:image:type\" content=\"image\/png\" \/>\n<meta name=\"twitter:card\" content=\"summary_large_image\" \/>\n<meta name=\"twitter:label1\" content=\"Estimated reading time\" \/>\n\t<meta name=\"twitter:data1\" content=\"2 minutes\" \/>\n<script type=\"application\/ld+json\" class=\"yoast-schema-graph\">{\"@context\":\"https:\\\/\\\/schema.org\",\"@graph\":[{\"@type\":\"WebPage\",\"@id\":\"https:\\\/\\\/wollorama.at\\\/produkt\\\/gabo-wool-fog\\\/\",\"url\":\"https:\\\/\\\/wollorama.at\\\/produkt\\\/gabo-wool-fog\\\/\",\"name\":\"Gabo Wool - Fog - Wollorama\",\"isPartOf\":{\"@id\":\"https:\\\/\\\/wollorama.at\\\/#website\"},\"primaryImageOfPage\":{\"@id\":\"https:\\\/\\\/wollorama.at\\\/produkt\\\/gabo-wool-fog\\\/#primaryimage\"},\"image\":{\"@id\":\"https:\\\/\\\/wollorama.at\\\/produkt\\\/gabo-wool-fog\\\/#primaryimage\"},\"thumbnailUrl\":\"https:\\\/\\\/wollorama.at\\\/wp-content\\\/uploads\\\/2024\\\/11\\\/Bildschirmfoto-2025-10-06-um-11.25.27.png\",\"datePublished\":\"2024-11-17T09:13:17+00:00\",\"dateModified\":\"2026-04-16T04:01:20+00:00\",\"description\":\"Fog von Gabo Wool ist ein Chainettegarn, das aus Baumwolle, Alpaka und Merino besteht. Durch die Herstellungsart ist es leicht und super flauschig.\",\"breadcrumb\":{\"@id\":\"https:\\\/\\\/wollorama.at\\\/produkt\\\/gabo-wool-fog\\\/#breadcrumb\"},\"inLanguage\":\"en-GB\",\"potentialAction\":[{\"@type\":\"ReadAction\",\"target\":[\"https:\\\/\\\/wollorama.at\\\/produkt\\\/gabo-wool-fog\\\/\"]}]},{\"@type\":\"ImageObject\",\"inLanguage\":\"en-GB\",\"@id\":\"https:\\\/\\\/wollorama.at\\\/produkt\\\/gabo-wool-fog\\\/#primaryimage\",\"url\":\"https:\\\/\\\/wollorama.at\\\/wp-content\\\/uploads\\\/2024\\\/11\\\/Bildschirmfoto-2025-10-06-um-11.25.27.png\",\"contentUrl\":\"https:\\\/\\\/wollorama.at\\\/wp-content\\\/uploads\\\/2024\\\/11\\\/Bildschirmfoto-2025-10-06-um-11.25.27.png\",\"width\":1136,\"height\":848},{\"@type\":\"BreadcrumbList\",\"@id\":\"https:\\\/\\\/wollorama.at\\\/produkt\\\/gabo-wool-fog\\\/#breadcrumb\",\"itemListElement\":[{\"@type\":\"ListItem\",\"position\":1,\"name\":\"Home\",\"item\":\"https:\\\/\\\/wollorama.at\\\/\"},{\"@type\":\"ListItem\",\"position\":2,\"name\":\"Shop\",\"item\":\"https:\\\/\\\/wollorama.at\\\/wollorama-onlineshop\\\/\"},{\"@type\":\"ListItem\",\"position\":3,\"name\":\"Fog\"}]},{\"@type\":\"WebSite\",\"@id\":\"https:\\\/\\\/wollorama.at\\\/#website\",\"url\":\"https:\\\/\\\/wollorama.at\\\/\",\"name\":\"Wollorama\",\"description\":\"Willkommen\",\"publisher\":{\"@id\":\"https:\\\/\\\/wollorama.at\\\/#organization\"},\"potentialAction\":[{\"@type\":\"SearchAction\",\"target\":{\"@type\":\"EntryPoint\",\"urlTemplate\":\"https:\\\/\\\/wollorama.at\\\/?s={search_term_string}\"},\"query-input\":{\"@type\":\"PropertyValueSpecification\",\"valueRequired\":true,\"valueName\":\"search_term_string\"}}],\"inLanguage\":\"en-GB\"},{\"@type\":\"Organization\",\"@id\":\"https:\\\/\\\/wollorama.at\\\/#organization\",\"name\":\"Wollorama\",\"url\":\"https:\\\/\\\/wollorama.at\\\/\",\"logo\":{\"@type\":\"ImageObject\",\"inLanguage\":\"en-GB\",\"@id\":\"https:\\\/\\\/wollorama.at\\\/#\\\/schema\\\/logo\\\/image\\\/\",\"url\":\"https:\\\/\\\/wollorama.at\\\/wp-content\\\/uploads\\\/2025\\\/10\\\/Woll.-rama.png\",\"contentUrl\":\"https:\\\/\\\/wollorama.at\\\/wp-content\\\/uploads\\\/2025\\\/10\\\/Woll.-rama.png\",\"width\":2281,\"height\":490,\"caption\":\"Wollorama\"},\"image\":{\"@id\":\"https:\\\/\\\/wollorama.at\\\/#\\\/schema\\\/logo\\\/image\\\/\"},\"sameAs\":[\"https:\\\/\\\/facebook.com\\\/wollorama\",\"https:\\\/\\\/at.pinterest.com\\\/wolloramashop\\\/\"]}]}<\/script>\n<!-- \/ Yoast SEO plugin. -->","yoast_head_json":{"title":"Gabo Wool - Fog - Wollorama","description":"Fog von Gabo Wool ist ein Chainettegarn, das aus Baumwolle, Alpaka und Merino besteht. Durch die Herstellungsart ist es leicht und super flauschig.","robots":{"index":"index","follow":"follow","max-snippet":"max-snippet:-1","max-image-preview":"max-image-preview:large","max-video-preview":"max-video-preview:-1"},"canonical":"https:\/\/wollorama.at\/en\/product\/gabo-wool-fog\/","og_locale":"en_GB","og_type":"article","og_title":"Gabo Wool - Fog - Wollorama","og_description":"Fog von Gabo Wool ist ein Chainettegarn, das aus Baumwolle, Alpaka und Merino besteht. Durch die Herstellungsart ist es leicht und super flauschig.","og_url":"https:\/\/wollorama.at\/en\/product\/gabo-wool-fog\/","og_site_name":"Wollorama","article_publisher":"https:\/\/facebook.com\/wollorama","article_modified_time":"2026-04-16T04:01:20+00:00","og_image":[{"width":1136,"height":848,"url":"https:\/\/wollorama.at\/wp-content\/uploads\/2024\/11\/Bildschirmfoto-2025-10-06-um-11.25.27.png","type":"image\/png"}],"twitter_card":"summary_large_image","twitter_misc":{"Estimated reading time":"2 minutes"},"schema":{"@context":"https:\/\/schema.org","@graph":[{"@type":"WebPage","@id":"https:\/\/wollorama.at\/produkt\/gabo-wool-fog\/","url":"https:\/\/wollorama.at\/produkt\/gabo-wool-fog\/","name":"Gabo Wool - Fog - Wollorama","isPartOf":{"@id":"https:\/\/wollorama.at\/#website"},"primaryImageOfPage":{"@id":"https:\/\/wollorama.at\/produkt\/gabo-wool-fog\/#primaryimage"},"image":{"@id":"https:\/\/wollorama.at\/produkt\/gabo-wool-fog\/#primaryimage"},"thumbnailUrl":"https:\/\/wollorama.at\/wp-content\/uploads\/2024\/11\/Bildschirmfoto-2025-10-06-um-11.25.27.png","datePublished":"2024-11-17T09:13:17+00:00","dateModified":"2026-04-16T04:01:20+00:00","description":"Fog von Gabo Wool ist ein Chainettegarn, das aus Baumwolle, Alpaka und Merino besteht. Durch die Herstellungsart ist es leicht und super flauschig.","breadcrumb":{"@id":"https:\/\/wollorama.at\/produkt\/gabo-wool-fog\/#breadcrumb"},"inLanguage":"en-GB","potentialAction":[{"@type":"ReadAction","target":["https:\/\/wollorama.at\/produkt\/gabo-wool-fog\/"]}]},{"@type":"ImageObject","inLanguage":"en-GB","@id":"https:\/\/wollorama.at\/produkt\/gabo-wool-fog\/#primaryimage","url":"https:\/\/wollorama.at\/wp-content\/uploads\/2024\/11\/Bildschirmfoto-2025-10-06-um-11.25.27.png","contentUrl":"https:\/\/wollorama.at\/wp-content\/uploads\/2024\/11\/Bildschirmfoto-2025-10-06-um-11.25.27.png","width":1136,"height":848},{"@type":"BreadcrumbList","@id":"https:\/\/wollorama.at\/produkt\/gabo-wool-fog\/#breadcrumb","itemListElement":[{"@type":"ListItem","position":1,"name":"Home","item":"https:\/\/wollorama.at\/"},{"@type":"ListItem","position":2,"name":"Shop","item":"https:\/\/wollorama.at\/wollorama-onlineshop\/"},{"@type":"ListItem","position":3,"name":"Fog"}]},{"@type":"WebSite","@id":"https:\/\/wollorama.at\/#website","url":"https:\/\/wollorama.at\/","name":"Wollorama","description":"Willkommen","publisher":{"@id":"https:\/\/wollorama.at\/#organization"},"potentialAction":[{"@type":"SearchAction","target":{"@type":"EntryPoint","urlTemplate":"https:\/\/wollorama.at\/?s={search_term_string}"},"query-input":{"@type":"PropertyValueSpecification","valueRequired":true,"valueName":"search_term_string"}}],"inLanguage":"en-GB"},{"@type":"Organization","@id":"https:\/\/wollorama.at\/#organization","name":"Wollorama","url":"https:\/\/wollorama.at\/","logo":{"@type":"ImageObject","inLanguage":"en-GB","@id":"https:\/\/wollorama.at\/#\/schema\/logo\/image\/","url":"https:\/\/wollorama.at\/wp-content\/uploads\/2025\/10\/Woll.-rama.png","contentUrl":"https:\/\/wollorama.at\/wp-content\/uploads\/2025\/10\/Woll.-rama.png","width":2281,"height":490,"caption":"Wollorama"},"image":{"@id":"https:\/\/wollorama.at\/#\/schema\/logo\/image\/"},"sameAs":["https:\/\/facebook.com\/wollorama","https:\/\/at.pinterest.com\/wolloramashop\/"]}]}},"_links":{"self":[{"href":"https:\/\/wollorama.at\/en\/wp-json\/wp\/v2\/product\/1973","targetHints":{"allow":["GET"]}}],"collection":[{"href":"https:\/\/wollorama.at\/en\/wp-json\/wp\/v2\/product"}],"about":[{"href":"https:\/\/wollorama.at\/en\/wp-json\/wp\/v2\/types\/product"}],"replies":[{"embeddable":true,"href":"https:\/\/wollorama.at\/en\/wp-json\/wp\/v2\/comments?post=1973"}],"version-history":[{"count":0,"href":"https:\/\/wollorama.at\/en\/wp-json\/wp\/v2\/product\/1973\/revisions"}],"wp:featuredmedia":[{"embeddable":true,"href":"https:\/\/wollorama.at\/en\/wp-json\/wp\/v2\/media\/7276"}],"wp:attachment":[{"href":"https:\/\/wollorama.at\/en\/wp-json\/wp\/v2\/media?parent=1973"}],"wp:term":[{"taxonomy":"product_brand","embeddable":true,"href":"https:\/\/wollorama.at\/en\/wp-json\/wp\/v2\/product_brand?post=1973"},{"taxonomy":"product_cat","embeddable":true,"href":"https:\/\/wollorama.at\/en\/wp-json\/wp\/v2\/product_cat?post=1973"},{"taxonomy":"product_tag","embeddable":true,"href":"https:\/\/wollorama.at\/en\/wp-json\/wp\/v2\/product_tag?post=1973"}],"curies":[{"name":"wp","href":"https:\/\/api.w.org\/{rel}","templated":true}]}}