{"id":1968,"date":"2024-11-10T20:30:19","date_gmt":"2024-11-10T20:30:19","guid":{"rendered":"https:\/\/wollorama.at\/?post_type=product&#038;p=1968"},"modified":"2025-10-17T05:53:34","modified_gmt":"2025-10-17T05:53:34","slug":"52-weeks-of-accessories","status":"publish","type":"product","link":"https:\/\/wollorama.at\/en\/product\/52-weeks-of-accessories\/","title":{"rendered":"Laine 52 Weeks of Accessories"},"content":{"rendered":"<p>52 Weeks of Accessories ist die bisher vielseitigste Kollektion von Laine Publishing: mit einem Mix aus verschiedenen Accessoires von Hauben und F\u00e4ustlingen bis hin zu Schals, T\u00fccher und Socken sowie verschiedenen Techniken und Texturen. Dank ihrer geringen Gr\u00f6\u00dfe sind die Accessoires schnell und kosteng\u00fcnstig herzustellen. Sie bieten eine hervorragende M\u00f6glichkeit, Neues auszuprobieren oder mit besonderer Wolle zu spielen.\u00a0 Die fertigen St\u00fccke eignen sich auch perfekt als Geschenke, vorallem f\u00fcr die Weihnachtszeit!<\/p>\n<div class=\"flex max-w-full flex-col flex-grow\">\n<div class=\"min-h-8 text-message flex w-full flex-col items-end gap-2 whitespace-normal break-words text-start [.text-message+&amp;]:mt-5\" dir=\"auto\" data-message-author-role=\"assistant\" data-message-id=\"32b58065-9f10-4ef0-972d-bc116bc54552\" data-message-model-slug=\"gpt-4o\">\n<div class=\"flex w-full flex-col gap-1 empty:hidden first:pt-[3px]\">\n<div class=\"markdown prose w-full break-words dark:prose-invert light\">\n<p>Jedes Projekt \u00fcberzeugt mit durchdachten Details und klaren Anleitungen, die Strickbegeisterte aller Erfahrungsstufen mitrei\u00dfen. Die Mischung aus traditionellem Handwerk und modernen, zeitlosen Designs inspiriert immer wieder aufs Neue. Hochwertige Fotografien und eine liebevolle Gestaltung ziehen die Leser*innen in ihren Bann. Das Buch, wie gewohnt in klassischer Laine-Qualit\u00e4t, wird zum Highlight in jeder Strickbibliothek.<\/p>\n<p>Die Kollektion bietet f\u00fcr jeden Anlass und jede Jahreszeit das perfekte Accessoire. Ob schnelle Zwischendurch-Projekte oder anspruchsvolle Herausforderungen \u2013 hier findet sich f\u00fcr jeden Geschmack etwas. Neben klassischen Modellen laden au\u00dfergew\u00f6hnliche Designs dazu ein, eigene Ideen umzusetzen und kreativ zu experimentieren.<\/p>\n<\/div>\n<\/div>\n<\/div>\n<\/div>\n<p>Die Anleitungen stammen von den folgenden Designer:innen: Jenny Ansah, Paulina Castell Guti\u00e9rrez , Susan Chin, Elena Dimchevska, Nele Druyts, Anna Eklund, Jaana Etula, Bel\u00e9n Fern\u00e1ndez, Lindsey Fowler, Lily Kate France, <a href=\"https:\/\/www.ravelry.com\/designers\/soraya-garcia\">Soraya Garc\u00eda<\/a>, Izabela Grzybek, \u00c9milie Hallet, Jonna Helin, Karen S. Henderson, Rastus Hsu, Tiina Huhtaniemi, <a href=\"https:\/\/www.ravelry.com\/designers\/anna-husemann\">Anna Husemann<\/a>, Joona H\u00f6ri, Nabita Jouret, Pauliina Kuunsola, Kaori Katsurada, Keiko Kikuno, Thien-Kieu Lam, Lisa Lang &amp; Isabella Heinz, Sarah-Ann Larouche, Sarianna Lehtonen, Eli Leistad, Pauliina Leisti, Fa\u00efza Mebazaa, Maral Mokri, Heli Rajavaara, Marie R\u00e9gnier, Marina Skua, Jeanette Sloan, Lis Smith, Elena Solier Jans\u00e0, <a href=\"https:\/\/www.ravelry.com\/designers\/susanne-sommer\">Susanne Sommer<\/a>, Florence Spurling, Jill Tamminen, Thea Vesterby, Maaike van Geijn, Anke von Ahrentschildt, Kajsa Vuorela, Julia Wilkens, Martha Wissing and Veera V\u00e4lim\u00e4ki.<\/p>\n<p>Verwende <a href=\"https:\/\/wollorama.at\/produkt\/le-petit-lambswool-von-biches-et-buches\/\">Le Petit Lambswool<\/a> z.B. f\u00fcr ein Colorworkprojekt aus dem Buch!<\/p>\n<p>&nbsp;<\/p>\n","protected":false},"excerpt":{"rendered":"<p>52 vielseitige Designs f\u00fcr Kopf bis Fuss von Designerinnen wie, Lily Kate France, Soraya Garcia, Anna Husemann, Marina Skua, Veera V\u00e4lim\u00e4ki. uvm.<\/p>","protected":false},"featured_media":7422,"comment_status":"open","ping_status":"closed","template":"","meta":{"site-sidebar-layout":"default","site-content-layout":"","ast-site-content-layout":"default","site-content-style":"default","site-sidebar-style":"default","ast-global-header-display":"","ast-banner-title-visibility":"","ast-main-header-display":"","ast-hfb-above-header-display":"","ast-hfb-below-header-display":"","ast-hfb-mobile-header-display":"","site-post-title":"","ast-breadcrumbs-content":"","ast-featured-img":"","footer-sml-layout":"","ast-disable-related-posts":"","theme-transparent-header-meta":"default","adv-header-id-meta":"","stick-header-meta":"default","header-above-stick-meta":"","header-main-stick-meta":"","header-below-stick-meta":"","astra-migrate-meta-layouts":"set","ast-page-background-enabled":"default","ast-page-background-meta":{"desktop":{"background-color":"","background-image":"","background-repeat":"repeat","background-position":"center center","background-size":"auto","background-attachment":"scroll","background-type":"","background-media":"","overlay-type":"","overlay-color":"","overlay-opacity":"","overlay-gradient":""},"tablet":{"background-color":"","background-image":"","background-repeat":"repeat","background-position":"center center","background-size":"auto","background-attachment":"scroll","background-type":"","background-media":"","overlay-type":"","overlay-color":"","overlay-opacity":"","overlay-gradient":""},"mobile":{"background-color":"","background-image":"","background-repeat":"repeat","background-position":"center center","background-size":"auto","background-attachment":"scroll","background-type":"","background-media":"","overlay-type":"","overlay-color":"","overlay-opacity":"","overlay-gradient":""}},"ast-content-background-meta":{"desktop":{"background-color":"var(--ast-global-color-5)","background-image":"","background-repeat":"repeat","background-position":"center center","background-size":"auto","background-attachment":"scroll","background-type":"","background-media":"","overlay-type":"","overlay-color":"","overlay-opacity":"","overlay-gradient":""},"tablet":{"background-color":"var(--ast-global-color-5)","background-image":"","background-repeat":"repeat","background-position":"center center","background-size":"auto","background-attachment":"scroll","background-type":"","background-media":"","overlay-type":"","overlay-color":"","overlay-opacity":"","overlay-gradient":""},"mobile":{"background-color":"var(--ast-global-color-5)","background-image":"","background-repeat":"repeat","background-position":"center center","background-size":"auto","background-attachment":"scroll","background-type":"","background-media":"","overlay-type":"","overlay-color":"","overlay-opacity":"","overlay-gradient":""}}},"product_brand":[],"product_cat":[63],"product_tag":[132,130,131,129],"class_list":{"0":"post-1968","1":"product","2":"type-product","3":"status-publish","4":"has-post-thumbnail","6":"product_cat-strickbuecher-strickmagazine-von-laine","7":"product_tag-52-weeks-of","8":"product_tag-accessoires","9":"product_tag-laine","10":"product_tag-strickbuch","11":"desktop-align-center","12":"tablet-align-left","13":"mobile-align-left","14":"ast-product-gallery-layout-horizontal-slider","15":"ast-magnify-disabled","16":"ast-product-tabs-layout-horizontal","18":"first","19":"instock","20":"shipping-taxable","21":"purchasable","22":"product-type-simple"},"yoast_head":"<!-- This site is optimized with the Yoast SEO plugin v27.4 - https:\/\/yoast.com\/product\/yoast-seo-wordpress\/ -->\n<title>52 Weeks of Accessories - Wollorama<\/title>\n<meta name=\"description\" content=\"52 Weeks of Accessoires - ist ein weiteres, vielseitiges Buch von Laine Publishing. Dieses Mal mit dem Fokus auf Hauben, F\u00e4ustlingen, Schals und Socken.\" \/>\n<meta name=\"robots\" content=\"index, follow, max-snippet:-1, max-image-preview:large, max-video-preview:-1\" \/>\n<link rel=\"canonical\" href=\"https:\/\/wollorama.at\/en\/product\/52-weeks-of-accessories\/\" \/>\n<meta property=\"og:locale\" content=\"en_GB\" \/>\n<meta property=\"og:type\" content=\"article\" \/>\n<meta property=\"og:title\" content=\"52 Weeks of Accessories - Wollorama\" \/>\n<meta property=\"og:description\" content=\"52 Weeks of Accessoires - ist ein weiteres, vielseitiges Buch von Laine Publishing. Dieses Mal mit dem Fokus auf Hauben, F\u00e4ustlingen, Schals und Socken.\" \/>\n<meta property=\"og:url\" content=\"https:\/\/wollorama.at\/en\/product\/52-weeks-of-accessories\/\" \/>\n<meta property=\"og:site_name\" content=\"Wollorama\" \/>\n<meta property=\"article:publisher\" content=\"https:\/\/facebook.com\/wollorama\" \/>\n<meta property=\"article:modified_time\" content=\"2025-10-17T05:53:34+00:00\" \/>\n<meta property=\"og:image\" content=\"https:\/\/wollorama.at\/wp-content\/uploads\/2024\/11\/52WOA_cover_lowres.webp\" \/>\n\t<meta property=\"og:image:width\" content=\"1006\" \/>\n\t<meta property=\"og:image:height\" content=\"1304\" \/>\n\t<meta property=\"og:image:type\" content=\"image\/webp\" \/>\n<meta name=\"twitter:card\" content=\"summary_large_image\" \/>\n<meta name=\"twitter:label1\" content=\"Estimated reading time\" \/>\n\t<meta name=\"twitter:data1\" content=\"2 minutes\" \/>\n<script type=\"application\/ld+json\" class=\"yoast-schema-graph\">{\"@context\":\"https:\\\/\\\/schema.org\",\"@graph\":[{\"@type\":\"WebPage\",\"@id\":\"https:\\\/\\\/wollorama.at\\\/produkt\\\/52-weeks-of-accessories\\\/\",\"url\":\"https:\\\/\\\/wollorama.at\\\/produkt\\\/52-weeks-of-accessories\\\/\",\"name\":\"52 Weeks of Accessories - Wollorama\",\"isPartOf\":{\"@id\":\"https:\\\/\\\/wollorama.at\\\/#website\"},\"primaryImageOfPage\":{\"@id\":\"https:\\\/\\\/wollorama.at\\\/produkt\\\/52-weeks-of-accessories\\\/#primaryimage\"},\"image\":{\"@id\":\"https:\\\/\\\/wollorama.at\\\/produkt\\\/52-weeks-of-accessories\\\/#primaryimage\"},\"thumbnailUrl\":\"https:\\\/\\\/wollorama.at\\\/wp-content\\\/uploads\\\/2024\\\/11\\\/52WOA_cover_lowres.webp\",\"datePublished\":\"2024-11-10T20:30:19+00:00\",\"dateModified\":\"2025-10-17T05:53:34+00:00\",\"description\":\"52 Weeks of Accessoires - ist ein weiteres, vielseitiges Buch von Laine Publishing. Dieses Mal mit dem Fokus auf Hauben, F\u00e4ustlingen, Schals und Socken.\",\"breadcrumb\":{\"@id\":\"https:\\\/\\\/wollorama.at\\\/produkt\\\/52-weeks-of-accessories\\\/#breadcrumb\"},\"inLanguage\":\"en-GB\",\"potentialAction\":[{\"@type\":\"ReadAction\",\"target\":[\"https:\\\/\\\/wollorama.at\\\/produkt\\\/52-weeks-of-accessories\\\/\"]}]},{\"@type\":\"ImageObject\",\"inLanguage\":\"en-GB\",\"@id\":\"https:\\\/\\\/wollorama.at\\\/produkt\\\/52-weeks-of-accessories\\\/#primaryimage\",\"url\":\"https:\\\/\\\/wollorama.at\\\/wp-content\\\/uploads\\\/2024\\\/11\\\/52WOA_cover_lowres.webp\",\"contentUrl\":\"https:\\\/\\\/wollorama.at\\\/wp-content\\\/uploads\\\/2024\\\/11\\\/52WOA_cover_lowres.webp\",\"width\":1006,\"height\":1304},{\"@type\":\"BreadcrumbList\",\"@id\":\"https:\\\/\\\/wollorama.at\\\/produkt\\\/52-weeks-of-accessories\\\/#breadcrumb\",\"itemListElement\":[{\"@type\":\"ListItem\",\"position\":1,\"name\":\"Home\",\"item\":\"https:\\\/\\\/wollorama.at\\\/\"},{\"@type\":\"ListItem\",\"position\":2,\"name\":\"Shop\",\"item\":\"https:\\\/\\\/wollorama.at\\\/wollorama-onlineshop\\\/\"},{\"@type\":\"ListItem\",\"position\":3,\"name\":\"Laine 52 Weeks of Accessories\"}]},{\"@type\":\"WebSite\",\"@id\":\"https:\\\/\\\/wollorama.at\\\/#website\",\"url\":\"https:\\\/\\\/wollorama.at\\\/\",\"name\":\"Wollorama\",\"description\":\"Willkommen\",\"publisher\":{\"@id\":\"https:\\\/\\\/wollorama.at\\\/#organization\"},\"potentialAction\":[{\"@type\":\"SearchAction\",\"target\":{\"@type\":\"EntryPoint\",\"urlTemplate\":\"https:\\\/\\\/wollorama.at\\\/?s={search_term_string}\"},\"query-input\":{\"@type\":\"PropertyValueSpecification\",\"valueRequired\":true,\"valueName\":\"search_term_string\"}}],\"inLanguage\":\"en-GB\"},{\"@type\":\"Organization\",\"@id\":\"https:\\\/\\\/wollorama.at\\\/#organization\",\"name\":\"Wollorama\",\"url\":\"https:\\\/\\\/wollorama.at\\\/\",\"logo\":{\"@type\":\"ImageObject\",\"inLanguage\":\"en-GB\",\"@id\":\"https:\\\/\\\/wollorama.at\\\/#\\\/schema\\\/logo\\\/image\\\/\",\"url\":\"https:\\\/\\\/wollorama.at\\\/wp-content\\\/uploads\\\/2025\\\/10\\\/Woll.-rama.png\",\"contentUrl\":\"https:\\\/\\\/wollorama.at\\\/wp-content\\\/uploads\\\/2025\\\/10\\\/Woll.-rama.png\",\"width\":2281,\"height\":490,\"caption\":\"Wollorama\"},\"image\":{\"@id\":\"https:\\\/\\\/wollorama.at\\\/#\\\/schema\\\/logo\\\/image\\\/\"},\"sameAs\":[\"https:\\\/\\\/facebook.com\\\/wollorama\",\"https:\\\/\\\/at.pinterest.com\\\/wolloramashop\\\/\"]}]}<\/script>\n<!-- \/ Yoast SEO plugin. -->","yoast_head_json":{"title":"52 Weeks of Accessories - Wollorama","description":"52 Weeks of Accessoires - ist ein weiteres, vielseitiges Buch von Laine Publishing. Dieses Mal mit dem Fokus auf Hauben, F\u00e4ustlingen, Schals und Socken.","robots":{"index":"index","follow":"follow","max-snippet":"max-snippet:-1","max-image-preview":"max-image-preview:large","max-video-preview":"max-video-preview:-1"},"canonical":"https:\/\/wollorama.at\/en\/product\/52-weeks-of-accessories\/","og_locale":"en_GB","og_type":"article","og_title":"52 Weeks of Accessories - Wollorama","og_description":"52 Weeks of Accessoires - ist ein weiteres, vielseitiges Buch von Laine Publishing. Dieses Mal mit dem Fokus auf Hauben, F\u00e4ustlingen, Schals und Socken.","og_url":"https:\/\/wollorama.at\/en\/product\/52-weeks-of-accessories\/","og_site_name":"Wollorama","article_publisher":"https:\/\/facebook.com\/wollorama","article_modified_time":"2025-10-17T05:53:34+00:00","og_image":[{"width":1006,"height":1304,"url":"https:\/\/wollorama.at\/wp-content\/uploads\/2024\/11\/52WOA_cover_lowres.webp","type":"image\/webp"}],"twitter_card":"summary_large_image","twitter_misc":{"Estimated reading time":"2 minutes"},"schema":{"@context":"https:\/\/schema.org","@graph":[{"@type":"WebPage","@id":"https:\/\/wollorama.at\/produkt\/52-weeks-of-accessories\/","url":"https:\/\/wollorama.at\/produkt\/52-weeks-of-accessories\/","name":"52 Weeks of Accessories - Wollorama","isPartOf":{"@id":"https:\/\/wollorama.at\/#website"},"primaryImageOfPage":{"@id":"https:\/\/wollorama.at\/produkt\/52-weeks-of-accessories\/#primaryimage"},"image":{"@id":"https:\/\/wollorama.at\/produkt\/52-weeks-of-accessories\/#primaryimage"},"thumbnailUrl":"https:\/\/wollorama.at\/wp-content\/uploads\/2024\/11\/52WOA_cover_lowres.webp","datePublished":"2024-11-10T20:30:19+00:00","dateModified":"2025-10-17T05:53:34+00:00","description":"52 Weeks of Accessoires - ist ein weiteres, vielseitiges Buch von Laine Publishing. Dieses Mal mit dem Fokus auf Hauben, F\u00e4ustlingen, Schals und Socken.","breadcrumb":{"@id":"https:\/\/wollorama.at\/produkt\/52-weeks-of-accessories\/#breadcrumb"},"inLanguage":"en-GB","potentialAction":[{"@type":"ReadAction","target":["https:\/\/wollorama.at\/produkt\/52-weeks-of-accessories\/"]}]},{"@type":"ImageObject","inLanguage":"en-GB","@id":"https:\/\/wollorama.at\/produkt\/52-weeks-of-accessories\/#primaryimage","url":"https:\/\/wollorama.at\/wp-content\/uploads\/2024\/11\/52WOA_cover_lowres.webp","contentUrl":"https:\/\/wollorama.at\/wp-content\/uploads\/2024\/11\/52WOA_cover_lowres.webp","width":1006,"height":1304},{"@type":"BreadcrumbList","@id":"https:\/\/wollorama.at\/produkt\/52-weeks-of-accessories\/#breadcrumb","itemListElement":[{"@type":"ListItem","position":1,"name":"Home","item":"https:\/\/wollorama.at\/"},{"@type":"ListItem","position":2,"name":"Shop","item":"https:\/\/wollorama.at\/wollorama-onlineshop\/"},{"@type":"ListItem","position":3,"name":"Laine 52 Weeks of Accessories"}]},{"@type":"WebSite","@id":"https:\/\/wollorama.at\/#website","url":"https:\/\/wollorama.at\/","name":"Wollorama","description":"Willkommen","publisher":{"@id":"https:\/\/wollorama.at\/#organization"},"potentialAction":[{"@type":"SearchAction","target":{"@type":"EntryPoint","urlTemplate":"https:\/\/wollorama.at\/?s={search_term_string}"},"query-input":{"@type":"PropertyValueSpecification","valueRequired":true,"valueName":"search_term_string"}}],"inLanguage":"en-GB"},{"@type":"Organization","@id":"https:\/\/wollorama.at\/#organization","name":"Wollorama","url":"https:\/\/wollorama.at\/","logo":{"@type":"ImageObject","inLanguage":"en-GB","@id":"https:\/\/wollorama.at\/#\/schema\/logo\/image\/","url":"https:\/\/wollorama.at\/wp-content\/uploads\/2025\/10\/Woll.-rama.png","contentUrl":"https:\/\/wollorama.at\/wp-content\/uploads\/2025\/10\/Woll.-rama.png","width":2281,"height":490,"caption":"Wollorama"},"image":{"@id":"https:\/\/wollorama.at\/#\/schema\/logo\/image\/"},"sameAs":["https:\/\/facebook.com\/wollorama","https:\/\/at.pinterest.com\/wolloramashop\/"]}]}},"_links":{"self":[{"href":"https:\/\/wollorama.at\/en\/wp-json\/wp\/v2\/product\/1968","targetHints":{"allow":["GET"]}}],"collection":[{"href":"https:\/\/wollorama.at\/en\/wp-json\/wp\/v2\/product"}],"about":[{"href":"https:\/\/wollorama.at\/en\/wp-json\/wp\/v2\/types\/product"}],"replies":[{"embeddable":true,"href":"https:\/\/wollorama.at\/en\/wp-json\/wp\/v2\/comments?post=1968"}],"version-history":[{"count":0,"href":"https:\/\/wollorama.at\/en\/wp-json\/wp\/v2\/product\/1968\/revisions"}],"wp:featuredmedia":[{"embeddable":true,"href":"https:\/\/wollorama.at\/en\/wp-json\/wp\/v2\/media\/7422"}],"wp:attachment":[{"href":"https:\/\/wollorama.at\/en\/wp-json\/wp\/v2\/media?parent=1968"}],"wp:term":[{"taxonomy":"product_brand","embeddable":true,"href":"https:\/\/wollorama.at\/en\/wp-json\/wp\/v2\/product_brand?post=1968"},{"taxonomy":"product_cat","embeddable":true,"href":"https:\/\/wollorama.at\/en\/wp-json\/wp\/v2\/product_cat?post=1968"},{"taxonomy":"product_tag","embeddable":true,"href":"https:\/\/wollorama.at\/en\/wp-json\/wp\/v2\/product_tag?post=1968"}],"curies":[{"name":"wp","href":"https:\/\/api.w.org\/{rel}","templated":true}]}}