{"id":1844,"date":"2024-11-05T13:40:18","date_gmt":"2024-11-05T13:40:18","guid":{"rendered":"https:\/\/wollorama.at\/product\/knits-to-wear-effortless-patterns-by-kutovakika\/"},"modified":"2026-04-02T15:10:56","modified_gmt":"2026-04-02T15:10:56","slug":"knits-to-wear-effortless-patterns-by-kutovakika","status":"publish","type":"product","link":"https:\/\/wollorama.at\/en\/product\/knits-to-wear-effortless-patterns-by-kutovakika\/","title":{"rendered":"Knits to Wear &#8211; Effortless patterns by Kutovakika"},"content":{"rendered":"<div class=\"flex max-w-full flex-col flex-grow\">\n<div class=\"min-h-8 text-message flex w-full flex-col items-end gap-2 whitespace-normal break-words text-start [.text-message+&amp;]:mt-5\" dir=\"auto\" data-message-author-role=\"assistant\" data-message-id=\"f4736568-b75a-48db-894b-ae5f6c17fc53\" data-message-model-slug=\"gpt-4o\">\n<div class=\"flex w-full flex-col gap-1 empty:hidden first:pt-[3px]\">\n<div class=\"markdown prose w-full break-words dark:prose-invert light\">\n<p>Mit <strong>&#8222;Knits to Wear &#8211; Effortless Patterns by Kutovakika&#8220;<\/strong> pr\u00e4sentiert Veronika Lindberg (@Kutovakika auf <a href=\"https:\/\/www.instagram.com\/kutovakika\/\">Instagram<\/a> und <a href=\"https:\/\/www.youtube.com\/c\/Kutovakika\">Youtube<\/a>) eine beeindruckende Kollektion von <strong>17 vielseitigen Strickmodellen<\/strong>, die nicht nur wundersch\u00f6n anzusehen sind, sondern sich auch m\u00fchelos in den Alltag integrieren lassen. Diese Designs sind gemacht, um getragen zu werden \u2013 und zwar jeden Tag! Ob du es l\u00e4ssig oder elegant magst, die Auswahl an Modellen bietet f\u00fcr jeden Anlass das Passende.<\/p>\n<h4><strong>L\u00e4ssige Eleganz f\u00fcr jede Gelegenheit<\/strong><\/h4>\n<p>Die Strickst\u00fccke sind so entworfen, dass sie deinen individuellen Stil unterstreichen. Ziehe einen gem\u00fctlichen Pullover \u00fcber, wenn du dich mit deiner besten Freundin auf einen Kaffee triffst, oder w\u00e4hle einen edlen Cardigan, der perfekt zu einem schicken Abendessen passt. Die Designs bestechen durch ihre schlichte Eleganz und durchdachte Details, die sie zu zeitlosen Begleitern machen.<\/p>\n<p>Veronika Lindberg legt gro\u00dfen Wert darauf, dass der Strickprozess genauso viel Freude bereitet, wie das Tragen der fertigen Modelle. Jedes Design ist sorgf\u00e4ltig ausgearbeitet, und bietet sowohl erfahrenen Stricker:<em>innen als auch Einsteiger:<\/em>innen ein lohnendes Erlebnis. Die Anleitungen sind klar und zug\u00e4nglich, sodass der Spa\u00df beim Stricken garantiert ist.<\/p>\n<h4><strong>Vielseitigkeit, die begeistert<\/strong><\/h4>\n<p>Von kuscheligen Pullovern und leichten Westen bis hin zu schicken Tops und praktischen Accessoires \u2013 diese Kollektion bietet eine beeindruckende Bandbreite an Modellen. Dabei ist jedes St\u00fcck so gestaltet, dass es sich nahtlos in deine Garderobe einf\u00fcgt und sich wunderbar kombinieren l\u00e4sst.<\/p>\n<p>&#8222;Knits to Wear &#8211; Effortless Patterns by Kutovakika&#8220; ist mehr als nur ein Strickbuch &#8211; Es ist eine Einladung, mit Freude und Kreativit\u00e4t St\u00fccke zu erschaffen, die zu einem festen Bestandteil deines Alltags werden. Die Designs vereinen Komfort und Stil, sodass du dich in jedem Moment wohlf\u00fchlst \u2013 sei es zu Hause, bei der Arbeit oder in deiner Freizeit.<\/p>\n<p><strong>Lust gleich loszulegen?<\/strong><\/p>\n<p><em><strong>Projektidee<\/strong><\/em> &#8211; Limoncello Cardigan<\/p>\n<p><em><strong>Wollvorschlag<\/strong><\/em> &#8211; Gabo Wool Fog. <a href=\"https:\/\/wollorama.at\/produkt\/gabo-wool-fog\/\">Hier<\/a> gehts zur Farbauswahl!<\/p>\n<\/div>\n<\/div>\n<\/div>\n<\/div>\n","protected":false},"excerpt":{"rendered":"<p>Mit &#8222;Knits to Wear &#8211; Effortless Patterns by Kutovakika&#8220; pr\u00e4sentiert Veronika Lindberg (@Kutovakika auf Instagram und Youtube) eine beeindruckende Kollektion von 17 vielseitigen Strickmodellen, die nicht nur wundersch\u00f6n anzusehen sind, sondern sich auch m\u00fchelos in den Alltag integrieren lassen. Diese Designs sind gemacht, um getragen zu werden \u2013 und zwar jeden Tag! Ob du es [&hellip;]<\/p>\n","protected":false},"featured_media":7430,"comment_status":"closed","ping_status":"closed","template":"","meta":{"site-sidebar-layout":"default","site-content-layout":"","ast-site-content-layout":"default","site-content-style":"default","site-sidebar-style":"default","ast-global-header-display":"","ast-banner-title-visibility":"","ast-main-header-display":"","ast-hfb-above-header-display":"","ast-hfb-below-header-display":"","ast-hfb-mobile-header-display":"","site-post-title":"","ast-breadcrumbs-content":"","ast-featured-img":"","footer-sml-layout":"","ast-disable-related-posts":"","theme-transparent-header-meta":"default","adv-header-id-meta":"","stick-header-meta":"default","header-above-stick-meta":"","header-main-stick-meta":"","header-below-stick-meta":"","astra-migrate-meta-layouts":"set","ast-page-background-enabled":"default","ast-page-background-meta":{"desktop":{"background-color":"","background-image":"","background-repeat":"repeat","background-position":"center center","background-size":"auto","background-attachment":"scroll","background-type":"","background-media":"","overlay-type":"","overlay-color":"","overlay-opacity":"","overlay-gradient":""},"tablet":{"background-color":"","background-image":"","background-repeat":"repeat","background-position":"center center","background-size":"auto","background-attachment":"scroll","background-type":"","background-media":"","overlay-type":"","overlay-color":"","overlay-opacity":"","overlay-gradient":""},"mobile":{"background-color":"","background-image":"","background-repeat":"repeat","background-position":"center center","background-size":"auto","background-attachment":"scroll","background-type":"","background-media":"","overlay-type":"","overlay-color":"","overlay-opacity":"","overlay-gradient":""}},"ast-content-background-meta":{"desktop":{"background-color":"var(--ast-global-color-5)","background-image":"","background-repeat":"repeat","background-position":"center center","background-size":"auto","background-attachment":"scroll","background-type":"","background-media":"","overlay-type":"","overlay-color":"","overlay-opacity":"","overlay-gradient":""},"tablet":{"background-color":"var(--ast-global-color-5)","background-image":"","background-repeat":"repeat","background-position":"center center","background-size":"auto","background-attachment":"scroll","background-type":"","background-media":"","overlay-type":"","overlay-color":"","overlay-opacity":"","overlay-gradient":""},"mobile":{"background-color":"var(--ast-global-color-5)","background-image":"","background-repeat":"repeat","background-position":"center center","background-size":"auto","background-attachment":"scroll","background-type":"","background-media":"","overlay-type":"","overlay-color":"","overlay-opacity":"","overlay-gradient":""}}},"product_brand":[],"product_cat":[63],"product_tag":[],"class_list":{"0":"post-1844","1":"product","2":"type-product","3":"status-publish","4":"has-post-thumbnail","6":"product_cat-strickbuecher-strickmagazine-von-laine","7":"desktop-align-center","8":"tablet-align-left","9":"mobile-align-left","10":"ast-product-gallery-layout-horizontal-slider","11":"ast-product-gallery-with-no-image","12":"ast-magnify-disabled","13":"ast-product-tabs-layout-horizontal","15":"first","16":"instock","17":"shipping-taxable","18":"purchasable","19":"product-type-simple"},"yoast_head":"<!-- This site is optimized with the Yoast SEO plugin v27.4 - https:\/\/yoast.com\/product\/yoast-seo-wordpress\/ -->\n<title>Knits to Wear - Effortless Patterns by Kutovakika - Wollorama<\/title>\n<meta name=\"description\" content=\"Knits to Wear ist das neue und hei\u00df ersehnte Buch von Veronika Lindberg aka Kutovakika. Von l\u00e4ssig bis elegant, Veronikas Strickdesigns verzaubern einfach.\" \/>\n<meta name=\"robots\" content=\"index, follow, max-snippet:-1, max-image-preview:large, max-video-preview:-1\" \/>\n<link rel=\"canonical\" href=\"https:\/\/wollorama.at\/en\/product\/knits-to-wear-effortless-patterns-by-kutovakika\/\" \/>\n<meta property=\"og:locale\" content=\"en_GB\" \/>\n<meta property=\"og:type\" content=\"article\" \/>\n<meta property=\"og:title\" content=\"Knits to Wear - Effortless Patterns by Kutovakika - Wollorama\" \/>\n<meta property=\"og:description\" content=\"Knits to Wear ist das neue und hei\u00df ersehnte Buch von Veronika Lindberg aka Kutovakika. Von l\u00e4ssig bis elegant, Veronikas Strickdesigns verzaubern einfach.\" \/>\n<meta property=\"og:url\" content=\"https:\/\/wollorama.at\/en\/product\/knits-to-wear-effortless-patterns-by-kutovakika\/\" \/>\n<meta property=\"og:site_name\" content=\"Wollorama\" \/>\n<meta property=\"article:publisher\" content=\"https:\/\/facebook.com\/wollorama\" \/>\n<meta property=\"article:modified_time\" content=\"2026-04-02T15:10:56+00:00\" \/>\n<meta property=\"og:image\" content=\"https:\/\/wollorama.at\/wp-content\/uploads\/2024\/11\/KnitstoWear_square_green.jpg\" \/>\n\t<meta property=\"og:image:width\" content=\"1080\" \/>\n\t<meta property=\"og:image:height\" content=\"1080\" \/>\n\t<meta property=\"og:image:type\" content=\"image\/jpeg\" \/>\n<meta name=\"twitter:card\" content=\"summary_large_image\" \/>\n<meta name=\"twitter:label1\" content=\"Estimated reading time\" \/>\n\t<meta name=\"twitter:data1\" content=\"2 minutes\" \/>\n<script type=\"application\/ld+json\" class=\"yoast-schema-graph\">{\"@context\":\"https:\\\/\\\/schema.org\",\"@graph\":[{\"@type\":\"WebPage\",\"@id\":\"https:\\\/\\\/wollorama.at\\\/produkt\\\/knits-to-wear-effortless-patterns-by-kutovakika\\\/\",\"url\":\"https:\\\/\\\/wollorama.at\\\/produkt\\\/knits-to-wear-effortless-patterns-by-kutovakika\\\/\",\"name\":\"Knits to Wear - Effortless Patterns by Kutovakika - Wollorama\",\"isPartOf\":{\"@id\":\"https:\\\/\\\/wollorama.at\\\/#website\"},\"primaryImageOfPage\":{\"@id\":\"https:\\\/\\\/wollorama.at\\\/produkt\\\/knits-to-wear-effortless-patterns-by-kutovakika\\\/#primaryimage\"},\"image\":{\"@id\":\"https:\\\/\\\/wollorama.at\\\/produkt\\\/knits-to-wear-effortless-patterns-by-kutovakika\\\/#primaryimage\"},\"thumbnailUrl\":\"https:\\\/\\\/wollorama.at\\\/wp-content\\\/uploads\\\/2024\\\/11\\\/KnitstoWear_square_green.jpg\",\"datePublished\":\"2024-11-05T13:40:18+00:00\",\"dateModified\":\"2026-04-02T15:10:56+00:00\",\"description\":\"Knits to Wear ist das neue und hei\u00df ersehnte Buch von Veronika Lindberg aka Kutovakika. Von l\u00e4ssig bis elegant, Veronikas Strickdesigns verzaubern einfach.\",\"breadcrumb\":{\"@id\":\"https:\\\/\\\/wollorama.at\\\/produkt\\\/knits-to-wear-effortless-patterns-by-kutovakika\\\/#breadcrumb\"},\"inLanguage\":\"en-GB\",\"potentialAction\":[{\"@type\":\"ReadAction\",\"target\":[\"https:\\\/\\\/wollorama.at\\\/produkt\\\/knits-to-wear-effortless-patterns-by-kutovakika\\\/\"]}]},{\"@type\":\"ImageObject\",\"inLanguage\":\"en-GB\",\"@id\":\"https:\\\/\\\/wollorama.at\\\/produkt\\\/knits-to-wear-effortless-patterns-by-kutovakika\\\/#primaryimage\",\"url\":\"https:\\\/\\\/wollorama.at\\\/wp-content\\\/uploads\\\/2024\\\/11\\\/KnitstoWear_square_green.jpg\",\"contentUrl\":\"https:\\\/\\\/wollorama.at\\\/wp-content\\\/uploads\\\/2024\\\/11\\\/KnitstoWear_square_green.jpg\",\"width\":1080,\"height\":1080},{\"@type\":\"BreadcrumbList\",\"@id\":\"https:\\\/\\\/wollorama.at\\\/produkt\\\/knits-to-wear-effortless-patterns-by-kutovakika\\\/#breadcrumb\",\"itemListElement\":[{\"@type\":\"ListItem\",\"position\":1,\"name\":\"Home\",\"item\":\"https:\\\/\\\/wollorama.at\\\/\"},{\"@type\":\"ListItem\",\"position\":2,\"name\":\"Shop\",\"item\":\"https:\\\/\\\/wollorama.at\\\/wollorama-onlineshop\\\/\"},{\"@type\":\"ListItem\",\"position\":3,\"name\":\"Knits to Wear &#8211; Effortless patterns by Kutovakika\"}]},{\"@type\":\"WebSite\",\"@id\":\"https:\\\/\\\/wollorama.at\\\/#website\",\"url\":\"https:\\\/\\\/wollorama.at\\\/\",\"name\":\"Wollorama\",\"description\":\"Willkommen\",\"publisher\":{\"@id\":\"https:\\\/\\\/wollorama.at\\\/#organization\"},\"potentialAction\":[{\"@type\":\"SearchAction\",\"target\":{\"@type\":\"EntryPoint\",\"urlTemplate\":\"https:\\\/\\\/wollorama.at\\\/?s={search_term_string}\"},\"query-input\":{\"@type\":\"PropertyValueSpecification\",\"valueRequired\":true,\"valueName\":\"search_term_string\"}}],\"inLanguage\":\"en-GB\"},{\"@type\":\"Organization\",\"@id\":\"https:\\\/\\\/wollorama.at\\\/#organization\",\"name\":\"Wollorama\",\"url\":\"https:\\\/\\\/wollorama.at\\\/\",\"logo\":{\"@type\":\"ImageObject\",\"inLanguage\":\"en-GB\",\"@id\":\"https:\\\/\\\/wollorama.at\\\/#\\\/schema\\\/logo\\\/image\\\/\",\"url\":\"https:\\\/\\\/wollorama.at\\\/wp-content\\\/uploads\\\/2025\\\/10\\\/Woll.-rama.png\",\"contentUrl\":\"https:\\\/\\\/wollorama.at\\\/wp-content\\\/uploads\\\/2025\\\/10\\\/Woll.-rama.png\",\"width\":2281,\"height\":490,\"caption\":\"Wollorama\"},\"image\":{\"@id\":\"https:\\\/\\\/wollorama.at\\\/#\\\/schema\\\/logo\\\/image\\\/\"},\"sameAs\":[\"https:\\\/\\\/facebook.com\\\/wollorama\",\"https:\\\/\\\/at.pinterest.com\\\/wolloramashop\\\/\"]}]}<\/script>\n<!-- \/ Yoast SEO plugin. -->","yoast_head_json":{"title":"Knits to Wear - Effortless Patterns by Kutovakika - Wollorama","description":"Knits to Wear ist das neue und hei\u00df ersehnte Buch von Veronika Lindberg aka Kutovakika. Von l\u00e4ssig bis elegant, Veronikas Strickdesigns verzaubern einfach.","robots":{"index":"index","follow":"follow","max-snippet":"max-snippet:-1","max-image-preview":"max-image-preview:large","max-video-preview":"max-video-preview:-1"},"canonical":"https:\/\/wollorama.at\/en\/product\/knits-to-wear-effortless-patterns-by-kutovakika\/","og_locale":"en_GB","og_type":"article","og_title":"Knits to Wear - Effortless Patterns by Kutovakika - Wollorama","og_description":"Knits to Wear ist das neue und hei\u00df ersehnte Buch von Veronika Lindberg aka Kutovakika. Von l\u00e4ssig bis elegant, Veronikas Strickdesigns verzaubern einfach.","og_url":"https:\/\/wollorama.at\/en\/product\/knits-to-wear-effortless-patterns-by-kutovakika\/","og_site_name":"Wollorama","article_publisher":"https:\/\/facebook.com\/wollorama","article_modified_time":"2026-04-02T15:10:56+00:00","og_image":[{"width":1080,"height":1080,"url":"https:\/\/wollorama.at\/wp-content\/uploads\/2024\/11\/KnitstoWear_square_green.jpg","type":"image\/jpeg"}],"twitter_card":"summary_large_image","twitter_misc":{"Estimated reading time":"2 minutes"},"schema":{"@context":"https:\/\/schema.org","@graph":[{"@type":"WebPage","@id":"https:\/\/wollorama.at\/produkt\/knits-to-wear-effortless-patterns-by-kutovakika\/","url":"https:\/\/wollorama.at\/produkt\/knits-to-wear-effortless-patterns-by-kutovakika\/","name":"Knits to Wear - Effortless Patterns by Kutovakika - Wollorama","isPartOf":{"@id":"https:\/\/wollorama.at\/#website"},"primaryImageOfPage":{"@id":"https:\/\/wollorama.at\/produkt\/knits-to-wear-effortless-patterns-by-kutovakika\/#primaryimage"},"image":{"@id":"https:\/\/wollorama.at\/produkt\/knits-to-wear-effortless-patterns-by-kutovakika\/#primaryimage"},"thumbnailUrl":"https:\/\/wollorama.at\/wp-content\/uploads\/2024\/11\/KnitstoWear_square_green.jpg","datePublished":"2024-11-05T13:40:18+00:00","dateModified":"2026-04-02T15:10:56+00:00","description":"Knits to Wear ist das neue und hei\u00df ersehnte Buch von Veronika Lindberg aka Kutovakika. Von l\u00e4ssig bis elegant, Veronikas Strickdesigns verzaubern einfach.","breadcrumb":{"@id":"https:\/\/wollorama.at\/produkt\/knits-to-wear-effortless-patterns-by-kutovakika\/#breadcrumb"},"inLanguage":"en-GB","potentialAction":[{"@type":"ReadAction","target":["https:\/\/wollorama.at\/produkt\/knits-to-wear-effortless-patterns-by-kutovakika\/"]}]},{"@type":"ImageObject","inLanguage":"en-GB","@id":"https:\/\/wollorama.at\/produkt\/knits-to-wear-effortless-patterns-by-kutovakika\/#primaryimage","url":"https:\/\/wollorama.at\/wp-content\/uploads\/2024\/11\/KnitstoWear_square_green.jpg","contentUrl":"https:\/\/wollorama.at\/wp-content\/uploads\/2024\/11\/KnitstoWear_square_green.jpg","width":1080,"height":1080},{"@type":"BreadcrumbList","@id":"https:\/\/wollorama.at\/produkt\/knits-to-wear-effortless-patterns-by-kutovakika\/#breadcrumb","itemListElement":[{"@type":"ListItem","position":1,"name":"Home","item":"https:\/\/wollorama.at\/"},{"@type":"ListItem","position":2,"name":"Shop","item":"https:\/\/wollorama.at\/wollorama-onlineshop\/"},{"@type":"ListItem","position":3,"name":"Knits to Wear &#8211; Effortless patterns by Kutovakika"}]},{"@type":"WebSite","@id":"https:\/\/wollorama.at\/#website","url":"https:\/\/wollorama.at\/","name":"Wollorama","description":"Willkommen","publisher":{"@id":"https:\/\/wollorama.at\/#organization"},"potentialAction":[{"@type":"SearchAction","target":{"@type":"EntryPoint","urlTemplate":"https:\/\/wollorama.at\/?s={search_term_string}"},"query-input":{"@type":"PropertyValueSpecification","valueRequired":true,"valueName":"search_term_string"}}],"inLanguage":"en-GB"},{"@type":"Organization","@id":"https:\/\/wollorama.at\/#organization","name":"Wollorama","url":"https:\/\/wollorama.at\/","logo":{"@type":"ImageObject","inLanguage":"en-GB","@id":"https:\/\/wollorama.at\/#\/schema\/logo\/image\/","url":"https:\/\/wollorama.at\/wp-content\/uploads\/2025\/10\/Woll.-rama.png","contentUrl":"https:\/\/wollorama.at\/wp-content\/uploads\/2025\/10\/Woll.-rama.png","width":2281,"height":490,"caption":"Wollorama"},"image":{"@id":"https:\/\/wollorama.at\/#\/schema\/logo\/image\/"},"sameAs":["https:\/\/facebook.com\/wollorama","https:\/\/at.pinterest.com\/wolloramashop\/"]}]}},"_links":{"self":[{"href":"https:\/\/wollorama.at\/en\/wp-json\/wp\/v2\/product\/1844","targetHints":{"allow":["GET"]}}],"collection":[{"href":"https:\/\/wollorama.at\/en\/wp-json\/wp\/v2\/product"}],"about":[{"href":"https:\/\/wollorama.at\/en\/wp-json\/wp\/v2\/types\/product"}],"replies":[{"embeddable":true,"href":"https:\/\/wollorama.at\/en\/wp-json\/wp\/v2\/comments?post=1844"}],"version-history":[{"count":0,"href":"https:\/\/wollorama.at\/en\/wp-json\/wp\/v2\/product\/1844\/revisions"}],"wp:featuredmedia":[{"embeddable":true,"href":"https:\/\/wollorama.at\/en\/wp-json\/wp\/v2\/media\/7430"}],"wp:attachment":[{"href":"https:\/\/wollorama.at\/en\/wp-json\/wp\/v2\/media?parent=1844"}],"wp:term":[{"taxonomy":"product_brand","embeddable":true,"href":"https:\/\/wollorama.at\/en\/wp-json\/wp\/v2\/product_brand?post=1844"},{"taxonomy":"product_cat","embeddable":true,"href":"https:\/\/wollorama.at\/en\/wp-json\/wp\/v2\/product_cat?post=1844"},{"taxonomy":"product_tag","embeddable":true,"href":"https:\/\/wollorama.at\/en\/wp-json\/wp\/v2\/product_tag?post=1844"}],"curies":[{"name":"wp","href":"https:\/\/api.w.org\/{rel}","templated":true}]}}