{"id":1546,"date":"2024-09-09T19:52:50","date_gmt":"2024-09-09T19:52:50","guid":{"rendered":"https:\/\/wollorama.at\/?post_type=product&#038;p=1546"},"modified":"2026-04-10T09:02:05","modified_gmt":"2026-04-10T09:02:05","slug":"biches-et-buches-le-cashmere-lambswool","status":"publish","type":"product","link":"https:\/\/wollorama.at\/en\/product\/biches-et-buches-le-cashmere-lambswool\/","title":{"rendered":"Le Cashmere &amp; Lambswool"},"content":{"rendered":"<div class=\"flex max-w-full flex-col flex-grow\">\n<div class=\"min-h-8 text-message flex w-full flex-col items-end gap-2 whitespace-normal break-words text-start [.text-message+&amp;]:mt-5\" dir=\"auto\" data-message-author-role=\"assistant\" data-message-id=\"cb8f2ca1-d7da-4826-bf1f-ed87ed86cad4\" data-message-model-slug=\"gpt-4o\">\n<div class=\"flex w-full flex-col gap-1 empty:hidden first:pt-[3px]\">\n<div class=\"markdown prose w-full break-words dark:prose-invert light\">\n<p><strong>Le Cashmere &amp; Lambswool<\/strong> stammt aus dem Hause Biches et B\u00fbches, einer Marke, die f\u00fcr ihre hochwertige und sorgf\u00e4ltig ausgew\u00e4hlte Wolle bekannt ist. Dieses Garn vereint das Beste aus zwei Welten: 12,5 % feinstes Kaschmir und Lammwolle, die von der ersten Schur des Schafs stammt. Diese einzigartige Kombination sorgt f\u00fcr ein Garn, das durch seine luxuri\u00f6se Weichheit, W\u00e4rme und Eleganz besticht.<\/p>\n<p><strong>Biches et B\u00fbches<\/strong> hat mit Le Cashmere &amp; Lambswool ein Garn geschaffen, das ideal f\u00fcr alle ist, die bei ihren Strickprojekten das gewisse Extra suchen. Die Kombination aus Kaschmir und Lammwolle erzeugt St\u00fccke, die nicht nur edel aussehen, sondern auch ein besonderes Tragegef\u00fchl bieten. Egal ob kuschelige Pullover, leichte T\u00fccher, elegante Westen oder warme Accessoires wie M\u00fctzen und Schals \u2013 dieses Garn macht jedes Projekt zu etwas ganz Besonderem.<\/p>\n<p>Dank seiner weichen, geschmeidigen Struktur gleitet das Garn m\u00fchelos \u00fcber die Nadeln. Es l\u00e4sst sich sowohl in einfachen als auch in anspruchsvolleren Mustern hervorragend verarbeiten. Damit kannst du jede Technik \u2013 ob Zopfmuster, Lace oder glatt rechts \u2013 perfekt zur Geltung bringen.<\/p>\n<h4><strong>Ein Hauch von Luxus f\u00fcr jeden Tag<\/strong><\/h4>\n<p>Ob du dich selbst mit einem edlen Strickst\u00fcck verw\u00f6hnen m\u00f6chtest, oder ein besonderes Geschenk f\u00fcr einen lieben Menschen suchst \u2013 Biches et B\u00fbches Le Cashmere &amp; Lambswool ist die ideale Wahl. Seine zeitlose Eleganz und herausragende Qualit\u00e4t machen es zu einem unverzichtbaren Garn f\u00fcr alle, die das Besondere lieben.<\/p>\n<p><strong>Auf der Suche nach Inspiration?<\/strong><br \/>\nEntdecke wundersch\u00f6ne Designs und kreative Strickideen, die perfekt zu dieser Wolle passen.<\/p>\n<p><a href=\"https:\/\/wollorama.at\/biches-et-buches\/\">Klicke hier<\/a>, um Inspirationen und Designhighlights f\u00fcr <em>Le Cashmere &amp; Lambswool<\/em> zu entdecken, oder st\u00f6bere durch die Projekte auf <a href=\"https:\/\/www.ravelry.com\/yarns\/library\/biches--buches-le-cashmere--lambswool\/projects\">Ravelry<\/a>.<\/p>\n<hr \/>\n<\/div>\n<\/div>\n<\/div>\n<\/div>\n<hr \/>\n<p>Jedes Kn\u00e4uel hat ca. 50g, mit einer ungef\u00e4hren Laufl\u00e4nge von 248m.<\/p>\n<p>Mit Stricknadeln von 3 &#8211; 3,5mm ergibt sich eine Maschenprobe von ca. 22-24 M. und 32 R. auf 10cm.<\/p>\n<p>Handw\u00e4sche empfohlen &#8211; Flach aufgelegt trocknen lassen<\/p>\n<p>&nbsp;<\/p>\n","protected":false},"excerpt":{"rendered":"<div class=\"product-meta_table-cell\">\n<div>50g\/248m (Fingering\/ Sockenwollst\u00e4rke)<\/div>\n<div>87,5% Wolle &amp; 12,5% Kaschmir<\/div>\n<\/div>\n<p>&nbsp;<\/p>","protected":false},"featured_media":7124,"comment_status":"open","ping_status":"closed","template":"","meta":{"site-sidebar-layout":"default","site-content-layout":"","ast-site-content-layout":"default","site-content-style":"default","site-sidebar-style":"default","ast-global-header-display":"","ast-banner-title-visibility":"","ast-main-header-display":"","ast-hfb-above-header-display":"","ast-hfb-below-header-display":"","ast-hfb-mobile-header-display":"","site-post-title":"","ast-breadcrumbs-content":"","ast-featured-img":"","footer-sml-layout":"","ast-disable-related-posts":"","theme-transparent-header-meta":"default","adv-header-id-meta":"","stick-header-meta":"default","header-above-stick-meta":"","header-main-stick-meta":"","header-below-stick-meta":"","astra-migrate-meta-layouts":"set","ast-page-background-enabled":"default","ast-page-background-meta":{"desktop":{"background-color":"","background-image":"","background-repeat":"repeat","background-position":"center center","background-size":"auto","background-attachment":"scroll","background-type":"","background-media":"","overlay-type":"","overlay-color":"","overlay-opacity":"","overlay-gradient":""},"tablet":{"background-color":"","background-image":"","background-repeat":"repeat","background-position":"center center","background-size":"auto","background-attachment":"scroll","background-type":"","background-media":"","overlay-type":"","overlay-color":"","overlay-opacity":"","overlay-gradient":""},"mobile":{"background-color":"","background-image":"","background-repeat":"repeat","background-position":"center center","background-size":"auto","background-attachment":"scroll","background-type":"","background-media":"","overlay-type":"","overlay-color":"","overlay-opacity":"","overlay-gradient":""}},"ast-content-background-meta":{"desktop":{"background-color":"var(--ast-global-color-5)","background-image":"","background-repeat":"repeat","background-position":"center center","background-size":"auto","background-attachment":"scroll","background-type":"","background-media":"","overlay-type":"","overlay-color":"","overlay-opacity":"","overlay-gradient":""},"tablet":{"background-color":"var(--ast-global-color-5)","background-image":"","background-repeat":"repeat","background-position":"center center","background-size":"auto","background-attachment":"scroll","background-type":"","background-media":"","overlay-type":"","overlay-color":"","overlay-opacity":"","overlay-gradient":""},"mobile":{"background-color":"var(--ast-global-color-5)","background-image":"","background-repeat":"repeat","background-position":"center center","background-size":"auto","background-attachment":"scroll","background-type":"","background-media":"","overlay-type":"","overlay-color":"","overlay-opacity":"","overlay-gradient":""}}},"product_brand":[],"product_cat":[72],"product_tag":[],"class_list":{"0":"post-1546","1":"product","2":"type-product","3":"status-publish","4":"has-post-thumbnail","6":"product_cat-wunderbare-wolle-von-biches-et-buches","7":"desktop-align-center","8":"tablet-align-left","9":"mobile-align-left","10":"ast-product-gallery-layout-horizontal-slider","11":"ast-product-gallery-with-no-image","12":"ast-magnify-disabled","13":"ast-product-single-variable","14":"ast-product-tabs-layout-horizontal","16":"first","17":"instock","18":"shipping-taxable","19":"purchasable","20":"product-type-variable"},"yoast_head":"<!-- This site is optimized with the Yoast SEO plugin v27.4 - https:\/\/yoast.com\/product\/yoast-seo-wordpress\/ -->\n<title>Biches et B\u00fbches Le Cashmere &amp; Lambswool - Wollorama<\/title>\n<meta name=\"description\" content=\"Mit Biches et B\u00fbches Le Cashmere &amp; Lambswool kommt ein Hauch Luxus ins Spiel, und kann trotzdem perfekt mit Le Petit Lambswool kombiniert werden.\" \/>\n<meta name=\"robots\" content=\"index, follow, max-snippet:-1, max-image-preview:large, max-video-preview:-1\" \/>\n<link rel=\"canonical\" href=\"https:\/\/wollorama.at\/en\/product\/biches-et-buches-le-cashmere-lambswool\/\" \/>\n<meta property=\"og:locale\" content=\"en_GB\" \/>\n<meta property=\"og:type\" content=\"article\" \/>\n<meta property=\"og:title\" content=\"Le Cashmere &amp; Lambswool\" \/>\n<meta property=\"og:description\" content=\"Mit Biches et B\u00fbches Le Cashmere &amp; Lambswool kommt ein Hauch Luxus ins Spiel, und kann trotzdem perfekt mit Le Petit Lambswool kombiniert werden.\" \/>\n<meta property=\"og:url\" content=\"https:\/\/wollorama.at\/en\/product\/biches-et-buches-le-cashmere-lambswool\/\" \/>\n<meta property=\"og:site_name\" content=\"Wollorama\" \/>\n<meta property=\"article:publisher\" content=\"https:\/\/facebook.com\/wollorama\" \/>\n<meta property=\"article:modified_time\" content=\"2026-04-10T09:02:05+00:00\" \/>\n<meta property=\"og:image\" content=\"https:\/\/wollorama.at\/wp-content\/uploads\/2024\/09\/LeCashmereLambswool.webp\" \/>\n\t<meta property=\"og:image:width\" content=\"1104\" \/>\n\t<meta property=\"og:image:height\" content=\"1114\" \/>\n\t<meta property=\"og:image:type\" content=\"image\/webp\" \/>\n<meta name=\"twitter:card\" content=\"summary_large_image\" \/>\n<meta name=\"twitter:label1\" content=\"Estimated reading time\" \/>\n\t<meta name=\"twitter:data1\" content=\"2 minutes\" \/>\n<script type=\"application\/ld+json\" class=\"yoast-schema-graph\">{\"@context\":\"https:\\\/\\\/schema.org\",\"@graph\":[{\"@type\":\"WebPage\",\"@id\":\"https:\\\/\\\/wollorama.at\\\/produkt\\\/biches-et-buches-le-cashmere-lambswool\\\/\",\"url\":\"https:\\\/\\\/wollorama.at\\\/produkt\\\/biches-et-buches-le-cashmere-lambswool\\\/\",\"name\":\"Biches et B\u00fbches Le Cashmere & Lambswool - Wollorama\",\"isPartOf\":{\"@id\":\"https:\\\/\\\/wollorama.at\\\/#website\"},\"primaryImageOfPage\":{\"@id\":\"https:\\\/\\\/wollorama.at\\\/produkt\\\/biches-et-buches-le-cashmere-lambswool\\\/#primaryimage\"},\"image\":{\"@id\":\"https:\\\/\\\/wollorama.at\\\/produkt\\\/biches-et-buches-le-cashmere-lambswool\\\/#primaryimage\"},\"thumbnailUrl\":\"https:\\\/\\\/wollorama.at\\\/wp-content\\\/uploads\\\/2024\\\/09\\\/Bildschirmfoto-2025-04-13-um-22.28.03.png\",\"datePublished\":\"2024-09-09T19:52:50+00:00\",\"dateModified\":\"2026-04-10T09:02:05+00:00\",\"description\":\"Mit Biches et B\u00fbches Le Cashmere & Lambswool kommt ein Hauch Luxus ins Spiel, und kann trotzdem perfekt mit Le Petit Lambswool kombiniert werden.\",\"breadcrumb\":{\"@id\":\"https:\\\/\\\/wollorama.at\\\/produkt\\\/biches-et-buches-le-cashmere-lambswool\\\/#breadcrumb\"},\"inLanguage\":\"en-GB\",\"potentialAction\":[{\"@type\":\"ReadAction\",\"target\":[\"https:\\\/\\\/wollorama.at\\\/produkt\\\/biches-et-buches-le-cashmere-lambswool\\\/\"]}]},{\"@type\":\"ImageObject\",\"inLanguage\":\"en-GB\",\"@id\":\"https:\\\/\\\/wollorama.at\\\/produkt\\\/biches-et-buches-le-cashmere-lambswool\\\/#primaryimage\",\"url\":\"https:\\\/\\\/wollorama.at\\\/wp-content\\\/uploads\\\/2024\\\/09\\\/Bildschirmfoto-2025-04-13-um-22.28.03.png\",\"contentUrl\":\"https:\\\/\\\/wollorama.at\\\/wp-content\\\/uploads\\\/2024\\\/09\\\/Bildschirmfoto-2025-04-13-um-22.28.03.png\",\"width\":954,\"height\":1054},{\"@type\":\"BreadcrumbList\",\"@id\":\"https:\\\/\\\/wollorama.at\\\/produkt\\\/biches-et-buches-le-cashmere-lambswool\\\/#breadcrumb\",\"itemListElement\":[{\"@type\":\"ListItem\",\"position\":1,\"name\":\"Home\",\"item\":\"https:\\\/\\\/wollorama.at\\\/\"},{\"@type\":\"ListItem\",\"position\":2,\"name\":\"Shop\",\"item\":\"https:\\\/\\\/wollorama.at\\\/wollorama-onlineshop\\\/\"},{\"@type\":\"ListItem\",\"position\":3,\"name\":\"Le Cashmere &amp; Lambswool\"}]},{\"@type\":\"WebSite\",\"@id\":\"https:\\\/\\\/wollorama.at\\\/#website\",\"url\":\"https:\\\/\\\/wollorama.at\\\/\",\"name\":\"Wollorama\",\"description\":\"Willkommen\",\"publisher\":{\"@id\":\"https:\\\/\\\/wollorama.at\\\/#organization\"},\"potentialAction\":[{\"@type\":\"SearchAction\",\"target\":{\"@type\":\"EntryPoint\",\"urlTemplate\":\"https:\\\/\\\/wollorama.at\\\/?s={search_term_string}\"},\"query-input\":{\"@type\":\"PropertyValueSpecification\",\"valueRequired\":true,\"valueName\":\"search_term_string\"}}],\"inLanguage\":\"en-GB\"},{\"@type\":\"Organization\",\"@id\":\"https:\\\/\\\/wollorama.at\\\/#organization\",\"name\":\"Wollorama\",\"url\":\"https:\\\/\\\/wollorama.at\\\/\",\"logo\":{\"@type\":\"ImageObject\",\"inLanguage\":\"en-GB\",\"@id\":\"https:\\\/\\\/wollorama.at\\\/#\\\/schema\\\/logo\\\/image\\\/\",\"url\":\"https:\\\/\\\/wollorama.at\\\/wp-content\\\/uploads\\\/2025\\\/10\\\/Woll.-rama.png\",\"contentUrl\":\"https:\\\/\\\/wollorama.at\\\/wp-content\\\/uploads\\\/2025\\\/10\\\/Woll.-rama.png\",\"width\":2281,\"height\":490,\"caption\":\"Wollorama\"},\"image\":{\"@id\":\"https:\\\/\\\/wollorama.at\\\/#\\\/schema\\\/logo\\\/image\\\/\"},\"sameAs\":[\"https:\\\/\\\/facebook.com\\\/wollorama\",\"https:\\\/\\\/at.pinterest.com\\\/wolloramashop\\\/\"]}]}<\/script>\n<!-- \/ Yoast SEO plugin. -->","yoast_head_json":{"title":"Biches et B\u00fbches Le Cashmere & Lambswool - Wollorama","description":"Mit Biches et B\u00fbches Le Cashmere & Lambswool kommt ein Hauch Luxus ins Spiel, und kann trotzdem perfekt mit Le Petit Lambswool kombiniert werden.","robots":{"index":"index","follow":"follow","max-snippet":"max-snippet:-1","max-image-preview":"max-image-preview:large","max-video-preview":"max-video-preview:-1"},"canonical":"https:\/\/wollorama.at\/en\/product\/biches-et-buches-le-cashmere-lambswool\/","og_locale":"en_GB","og_type":"article","og_title":"Le Cashmere & Lambswool","og_description":"Mit Biches et B\u00fbches Le Cashmere & Lambswool kommt ein Hauch Luxus ins Spiel, und kann trotzdem perfekt mit Le Petit Lambswool kombiniert werden.","og_url":"https:\/\/wollorama.at\/en\/product\/biches-et-buches-le-cashmere-lambswool\/","og_site_name":"Wollorama","article_publisher":"https:\/\/facebook.com\/wollorama","article_modified_time":"2026-04-10T09:02:05+00:00","og_image":[{"width":1104,"height":1114,"url":"https:\/\/wollorama.at\/wp-content\/uploads\/2024\/09\/LeCashmereLambswool.webp","type":"image\/webp"}],"twitter_card":"summary_large_image","twitter_misc":{"Estimated reading time":"2 minutes"},"schema":{"@context":"https:\/\/schema.org","@graph":[{"@type":"WebPage","@id":"https:\/\/wollorama.at\/produkt\/biches-et-buches-le-cashmere-lambswool\/","url":"https:\/\/wollorama.at\/produkt\/biches-et-buches-le-cashmere-lambswool\/","name":"Biches et B\u00fbches Le Cashmere & Lambswool - Wollorama","isPartOf":{"@id":"https:\/\/wollorama.at\/#website"},"primaryImageOfPage":{"@id":"https:\/\/wollorama.at\/produkt\/biches-et-buches-le-cashmere-lambswool\/#primaryimage"},"image":{"@id":"https:\/\/wollorama.at\/produkt\/biches-et-buches-le-cashmere-lambswool\/#primaryimage"},"thumbnailUrl":"https:\/\/wollorama.at\/wp-content\/uploads\/2024\/09\/Bildschirmfoto-2025-04-13-um-22.28.03.png","datePublished":"2024-09-09T19:52:50+00:00","dateModified":"2026-04-10T09:02:05+00:00","description":"Mit Biches et B\u00fbches Le Cashmere & Lambswool kommt ein Hauch Luxus ins Spiel, und kann trotzdem perfekt mit Le Petit Lambswool kombiniert werden.","breadcrumb":{"@id":"https:\/\/wollorama.at\/produkt\/biches-et-buches-le-cashmere-lambswool\/#breadcrumb"},"inLanguage":"en-GB","potentialAction":[{"@type":"ReadAction","target":["https:\/\/wollorama.at\/produkt\/biches-et-buches-le-cashmere-lambswool\/"]}]},{"@type":"ImageObject","inLanguage":"en-GB","@id":"https:\/\/wollorama.at\/produkt\/biches-et-buches-le-cashmere-lambswool\/#primaryimage","url":"https:\/\/wollorama.at\/wp-content\/uploads\/2024\/09\/Bildschirmfoto-2025-04-13-um-22.28.03.png","contentUrl":"https:\/\/wollorama.at\/wp-content\/uploads\/2024\/09\/Bildschirmfoto-2025-04-13-um-22.28.03.png","width":954,"height":1054},{"@type":"BreadcrumbList","@id":"https:\/\/wollorama.at\/produkt\/biches-et-buches-le-cashmere-lambswool\/#breadcrumb","itemListElement":[{"@type":"ListItem","position":1,"name":"Home","item":"https:\/\/wollorama.at\/"},{"@type":"ListItem","position":2,"name":"Shop","item":"https:\/\/wollorama.at\/wollorama-onlineshop\/"},{"@type":"ListItem","position":3,"name":"Le Cashmere &amp; Lambswool"}]},{"@type":"WebSite","@id":"https:\/\/wollorama.at\/#website","url":"https:\/\/wollorama.at\/","name":"Wollorama","description":"Willkommen","publisher":{"@id":"https:\/\/wollorama.at\/#organization"},"potentialAction":[{"@type":"SearchAction","target":{"@type":"EntryPoint","urlTemplate":"https:\/\/wollorama.at\/?s={search_term_string}"},"query-input":{"@type":"PropertyValueSpecification","valueRequired":true,"valueName":"search_term_string"}}],"inLanguage":"en-GB"},{"@type":"Organization","@id":"https:\/\/wollorama.at\/#organization","name":"Wollorama","url":"https:\/\/wollorama.at\/","logo":{"@type":"ImageObject","inLanguage":"en-GB","@id":"https:\/\/wollorama.at\/#\/schema\/logo\/image\/","url":"https:\/\/wollorama.at\/wp-content\/uploads\/2025\/10\/Woll.-rama.png","contentUrl":"https:\/\/wollorama.at\/wp-content\/uploads\/2025\/10\/Woll.-rama.png","width":2281,"height":490,"caption":"Wollorama"},"image":{"@id":"https:\/\/wollorama.at\/#\/schema\/logo\/image\/"},"sameAs":["https:\/\/facebook.com\/wollorama","https:\/\/at.pinterest.com\/wolloramashop\/"]}]}},"_links":{"self":[{"href":"https:\/\/wollorama.at\/en\/wp-json\/wp\/v2\/product\/1546","targetHints":{"allow":["GET"]}}],"collection":[{"href":"https:\/\/wollorama.at\/en\/wp-json\/wp\/v2\/product"}],"about":[{"href":"https:\/\/wollorama.at\/en\/wp-json\/wp\/v2\/types\/product"}],"replies":[{"embeddable":true,"href":"https:\/\/wollorama.at\/en\/wp-json\/wp\/v2\/comments?post=1546"}],"version-history":[{"count":0,"href":"https:\/\/wollorama.at\/en\/wp-json\/wp\/v2\/product\/1546\/revisions"}],"wp:featuredmedia":[{"embeddable":true,"href":"https:\/\/wollorama.at\/en\/wp-json\/wp\/v2\/media\/7124"}],"wp:attachment":[{"href":"https:\/\/wollorama.at\/en\/wp-json\/wp\/v2\/media?parent=1546"}],"wp:term":[{"taxonomy":"product_brand","embeddable":true,"href":"https:\/\/wollorama.at\/en\/wp-json\/wp\/v2\/product_brand?post=1546"},{"taxonomy":"product_cat","embeddable":true,"href":"https:\/\/wollorama.at\/en\/wp-json\/wp\/v2\/product_cat?post=1546"},{"taxonomy":"product_tag","embeddable":true,"href":"https:\/\/wollorama.at\/en\/wp-json\/wp\/v2\/product_tag?post=1546"}],"curies":[{"name":"wp","href":"https:\/\/api.w.org\/{rel}","templated":true}]}}