{"id":1522,"date":"2024-09-09T19:36:47","date_gmt":"2024-09-09T19:36:47","guid":{"rendered":"https:\/\/wollorama.at\/?post_type=product&#038;p=1522"},"modified":"2026-04-02T16:59:11","modified_gmt":"2026-04-02T16:59:11","slug":"biches-et-buches-le-petit-lambswool","status":"publish","type":"product","link":"https:\/\/wollorama.at\/en\/product\/biches-et-buches-le-petit-lambswool\/","title":{"rendered":"Le Petit Lambswool"},"content":{"rendered":"<p>Wenn man an Biches et B\u00fbches denkt, kommt einem sofort <strong>Le Petit Lambswool<\/strong> in den Sinn \u2013 und das aus gutem Grund. Dieses Garn hat sich einen festen Platz in den Herzen der Strickgemeinschaft erobert. Es \u00fcberzeugt durch seine nat\u00fcrliche Sch\u00f6nheit, Vielseitigkeit und herausragende Qualit\u00e4t. Le Petit Lambswool ist ein Garn in Sockenwollst\u00e4rke, das aus reiner britischer Lammwolle hergestellt wird. Die Fasern sind leicht rustikal, verleihen den Projekten jedoch einen authentischen Charakter. Das Garn ist dabei angenehm zu verarbeiten, und bietet ein au\u00dfergew\u00f6hnliches Strickerlebnis.<\/p>\n<p>Die Ergebnisse sprechen f\u00fcr sich: Strickst\u00fccke aus dieser Wolle sind <strong>warm, langlebig und atmungsaktiv<\/strong> \u2013 perfekt f\u00fcr Kleidungsst\u00fccke und Accessoires. Ob f\u00fcr fein gestrickte Pullover, leichte Cardigans oder detaillierte Accessoires wie T\u00fccher oder M\u00fctzen, dieses Garn ist so vielseitig wie deine kreativen Ideen. Die Farbpalette von Biches et B\u00fbches l\u00e4sst sich wunderbar harmonisch. Ob du gedeckte T\u00f6ne bevorzugst oder mit Kontrasten spielen m\u00f6chtest, die M\u00f6glichkeiten sind endlos.<\/p>\n<p>Wenn du das Strickerlebnis und die Haptik von Le Petit Lambswool noch weiter verfeinern m\u00f6chtest, ist die Kombination mit <a href=\"https:\/\/wollorama.at\/en\/product\/le-cashmere-lambswool-von-biches-et-buches\/\">Le Cashmere &amp; Lambswool<\/a> ideal. Dieses Garn f\u00fcgt deinen Projekten eine zarte, luxuri\u00f6se Weichheit hinzu \u2013 besonders gesch\u00e4tzt bei Colorwork-Pullovern, Schals oder anderen St\u00fccken, die direkt auf der Haut getragen werden.<\/p>\n<p><strong>Lass dich inspirieren!<\/strong><br \/>\nEntdecke wundersch\u00f6ne Designs und kreative Strickideen, die perfekt zu dieser Wolle passen.<\/p>\n<p><a href=\"https:\/\/wollorama.at\/en\/biches-et-buches\/\">Klicke hier<\/a>, um Inspirationen und Designhighlights f\u00fcr <em>Le Petit Lambswool<\/em> zu entdecken, oder st\u00f6bere durch die Projekte auf <a href=\"https:\/\/www.ravelry.com\/yarns\/library\/biches--buches-le-petit-lambswool\/projects\">Ravelry<\/a> (mehr als 6000 Projekte).<\/p>\n<hr \/>\n<p>Jedes Kn\u00e4uel hat ca. 50g mit einer ungef\u00e4hren Laufl\u00e4nge von 248m.<\/p>\n<p>Mit Stricknadeln von 3 &#8211; 3,5mm ergibt sich eine Maschenprobe von ca. 22-24 M. und 32 R. auf 10cm.<\/p>\n<p>Handw\u00e4sche empfohlen &#8211; Flach aufgelegt trocknen lassen<\/p>\n<p>&nbsp;<\/p>","protected":false},"excerpt":{"rendered":"<p>50g\/248m (Fingering\/ Sockenwollst\u00e4rke)<\/p>\n<p>100% Lammwolle<\/p>\n<p>&nbsp;<\/p>","protected":false},"featured_media":6329,"comment_status":"open","ping_status":"closed","template":"","meta":{"site-sidebar-layout":"default","site-content-layout":"","ast-site-content-layout":"default","site-content-style":"default","site-sidebar-style":"default","ast-global-header-display":"","ast-banner-title-visibility":"","ast-main-header-display":"","ast-hfb-above-header-display":"","ast-hfb-below-header-display":"","ast-hfb-mobile-header-display":"","site-post-title":"","ast-breadcrumbs-content":"","ast-featured-img":"","footer-sml-layout":"","ast-disable-related-posts":"","theme-transparent-header-meta":"default","adv-header-id-meta":"","stick-header-meta":"default","header-above-stick-meta":"","header-main-stick-meta":"","header-below-stick-meta":"","astra-migrate-meta-layouts":"set","ast-page-background-enabled":"default","ast-page-background-meta":{"desktop":{"background-color":"","background-image":"","background-repeat":"repeat","background-position":"center center","background-size":"auto","background-attachment":"scroll","background-type":"","background-media":"","overlay-type":"","overlay-color":"","overlay-opacity":"","overlay-gradient":""},"tablet":{"background-color":"","background-image":"","background-repeat":"repeat","background-position":"center center","background-size":"auto","background-attachment":"scroll","background-type":"","background-media":"","overlay-type":"","overlay-color":"","overlay-opacity":"","overlay-gradient":""},"mobile":{"background-color":"","background-image":"","background-repeat":"repeat","background-position":"center center","background-size":"auto","background-attachment":"scroll","background-type":"","background-media":"","overlay-type":"","overlay-color":"","overlay-opacity":"","overlay-gradient":""}},"ast-content-background-meta":{"desktop":{"background-color":"var(--ast-global-color-5)","background-image":"","background-repeat":"repeat","background-position":"center center","background-size":"auto","background-attachment":"scroll","background-type":"","background-media":"","overlay-type":"","overlay-color":"","overlay-opacity":"","overlay-gradient":""},"tablet":{"background-color":"var(--ast-global-color-5)","background-image":"","background-repeat":"repeat","background-position":"center center","background-size":"auto","background-attachment":"scroll","background-type":"","background-media":"","overlay-type":"","overlay-color":"","overlay-opacity":"","overlay-gradient":""},"mobile":{"background-color":"var(--ast-global-color-5)","background-image":"","background-repeat":"repeat","background-position":"center center","background-size":"auto","background-attachment":"scroll","background-type":"","background-media":"","overlay-type":"","overlay-color":"","overlay-opacity":"","overlay-gradient":""}}},"product_brand":[],"product_cat":[72],"product_tag":[],"class_list":{"0":"post-1522","1":"product","2":"type-product","3":"status-publish","4":"has-post-thumbnail","6":"product_cat-wunderbare-wolle-von-biches-et-buches","7":"desktop-align-center","8":"tablet-align-left","9":"mobile-align-left","10":"ast-product-gallery-layout-horizontal-slider","11":"ast-product-gallery-with-no-image","12":"ast-magnify-disabled","13":"ast-product-single-variable","14":"ast-product-tabs-layout-horizontal","16":"first","17":"instock","18":"shipping-taxable","19":"purchasable","20":"product-type-variable"},"yoast_head":"<!-- This site is optimized with the Yoast SEO plugin v27.4 - https:\/\/yoast.com\/product\/yoast-seo-wordpress\/ -->\n<title>Le Petit Lambswool - Wollorama<\/title>\n<meta name=\"description\" content=\"Biches et B\u00fbches ist bekannt f\u00fcr Le Petit Lambswool. Jene Wolle die bei der ersten Schur des Schafs erhalten wird. Mit 248m auf 50g ist es sehr vielseitig.\" \/>\n<meta name=\"robots\" content=\"index, follow, max-snippet:-1, max-image-preview:large, max-video-preview:-1\" \/>\n<link rel=\"canonical\" href=\"https:\/\/wollorama.at\/en\/product\/biches-et-buches-le-petit-lambswool\/\" \/>\n<meta property=\"og:locale\" content=\"en_GB\" \/>\n<meta property=\"og:type\" content=\"article\" \/>\n<meta property=\"og:title\" content=\"Le Petit Lambswool - Wollorama\" \/>\n<meta property=\"og:description\" content=\"Biches et B\u00fbches ist bekannt f\u00fcr Le Petit Lambswool. Jene Wolle die bei der ersten Schur des Schafs erhalten wird. Mit 248m auf 50g ist es sehr vielseitig.\" \/>\n<meta property=\"og:url\" content=\"https:\/\/wollorama.at\/en\/product\/biches-et-buches-le-petit-lambswool\/\" \/>\n<meta property=\"og:site_name\" content=\"Wollorama\" \/>\n<meta property=\"article:publisher\" content=\"https:\/\/facebook.com\/wollorama\" \/>\n<meta property=\"article:modified_time\" content=\"2026-04-02T16:59:11+00:00\" \/>\n<meta property=\"og:image\" content=\"https:\/\/wollorama.at\/wp-content\/uploads\/2024\/09\/LePetitLambswool.webp\" \/>\n\t<meta property=\"og:image:width\" content=\"1134\" \/>\n\t<meta property=\"og:image:height\" content=\"1104\" \/>\n\t<meta property=\"og:image:type\" content=\"image\/webp\" \/>\n<meta name=\"twitter:card\" content=\"summary_large_image\" \/>\n<meta name=\"twitter:label1\" content=\"Estimated reading time\" \/>\n\t<meta name=\"twitter:data1\" content=\"2 minutes\" \/>\n<script type=\"application\/ld+json\" class=\"yoast-schema-graph\">{\"@context\":\"https:\\\/\\\/schema.org\",\"@graph\":[{\"@type\":\"WebPage\",\"@id\":\"https:\\\/\\\/wollorama.at\\\/produkt\\\/biches-et-buches-le-petit-lambswool\\\/\",\"url\":\"https:\\\/\\\/wollorama.at\\\/produkt\\\/biches-et-buches-le-petit-lambswool\\\/\",\"name\":\"Le Petit Lambswool - Wollorama\",\"isPartOf\":{\"@id\":\"https:\\\/\\\/wollorama.at\\\/#website\"},\"primaryImageOfPage\":{\"@id\":\"https:\\\/\\\/wollorama.at\\\/produkt\\\/biches-et-buches-le-petit-lambswool\\\/#primaryimage\"},\"image\":{\"@id\":\"https:\\\/\\\/wollorama.at\\\/produkt\\\/biches-et-buches-le-petit-lambswool\\\/#primaryimage\"},\"thumbnailUrl\":\"https:\\\/\\\/wollorama.at\\\/wp-content\\\/uploads\\\/2024\\\/09\\\/LePetitLambswool.webp\",\"datePublished\":\"2024-09-09T19:36:47+00:00\",\"dateModified\":\"2026-04-02T16:59:11+00:00\",\"description\":\"Biches et B\u00fbches ist bekannt f\u00fcr Le Petit Lambswool. Jene Wolle die bei der ersten Schur des Schafs erhalten wird. Mit 248m auf 50g ist es sehr vielseitig.\",\"breadcrumb\":{\"@id\":\"https:\\\/\\\/wollorama.at\\\/produkt\\\/biches-et-buches-le-petit-lambswool\\\/#breadcrumb\"},\"inLanguage\":\"en-GB\",\"potentialAction\":[{\"@type\":\"ReadAction\",\"target\":[\"https:\\\/\\\/wollorama.at\\\/produkt\\\/biches-et-buches-le-petit-lambswool\\\/\"]}]},{\"@type\":\"ImageObject\",\"inLanguage\":\"en-GB\",\"@id\":\"https:\\\/\\\/wollorama.at\\\/produkt\\\/biches-et-buches-le-petit-lambswool\\\/#primaryimage\",\"url\":\"https:\\\/\\\/wollorama.at\\\/wp-content\\\/uploads\\\/2024\\\/09\\\/LePetitLambswool.webp\",\"contentUrl\":\"https:\\\/\\\/wollorama.at\\\/wp-content\\\/uploads\\\/2024\\\/09\\\/LePetitLambswool.webp\",\"width\":1134,\"height\":1104},{\"@type\":\"BreadcrumbList\",\"@id\":\"https:\\\/\\\/wollorama.at\\\/produkt\\\/biches-et-buches-le-petit-lambswool\\\/#breadcrumb\",\"itemListElement\":[{\"@type\":\"ListItem\",\"position\":1,\"name\":\"Home\",\"item\":\"https:\\\/\\\/wollorama.at\\\/\"},{\"@type\":\"ListItem\",\"position\":2,\"name\":\"Shop\",\"item\":\"https:\\\/\\\/wollorama.at\\\/wollorama-onlineshop\\\/\"},{\"@type\":\"ListItem\",\"position\":3,\"name\":\"Le Petit Lambswool\"}]},{\"@type\":\"WebSite\",\"@id\":\"https:\\\/\\\/wollorama.at\\\/#website\",\"url\":\"https:\\\/\\\/wollorama.at\\\/\",\"name\":\"Wollorama\",\"description\":\"Willkommen\",\"publisher\":{\"@id\":\"https:\\\/\\\/wollorama.at\\\/#organization\"},\"potentialAction\":[{\"@type\":\"SearchAction\",\"target\":{\"@type\":\"EntryPoint\",\"urlTemplate\":\"https:\\\/\\\/wollorama.at\\\/?s={search_term_string}\"},\"query-input\":{\"@type\":\"PropertyValueSpecification\",\"valueRequired\":true,\"valueName\":\"search_term_string\"}}],\"inLanguage\":\"en-GB\"},{\"@type\":\"Organization\",\"@id\":\"https:\\\/\\\/wollorama.at\\\/#organization\",\"name\":\"Wollorama\",\"url\":\"https:\\\/\\\/wollorama.at\\\/\",\"logo\":{\"@type\":\"ImageObject\",\"inLanguage\":\"en-GB\",\"@id\":\"https:\\\/\\\/wollorama.at\\\/#\\\/schema\\\/logo\\\/image\\\/\",\"url\":\"https:\\\/\\\/wollorama.at\\\/wp-content\\\/uploads\\\/2025\\\/10\\\/Woll.-rama.png\",\"contentUrl\":\"https:\\\/\\\/wollorama.at\\\/wp-content\\\/uploads\\\/2025\\\/10\\\/Woll.-rama.png\",\"width\":2281,\"height\":490,\"caption\":\"Wollorama\"},\"image\":{\"@id\":\"https:\\\/\\\/wollorama.at\\\/#\\\/schema\\\/logo\\\/image\\\/\"},\"sameAs\":[\"https:\\\/\\\/facebook.com\\\/wollorama\",\"https:\\\/\\\/at.pinterest.com\\\/wolloramashop\\\/\"]}]}<\/script>\n<!-- \/ Yoast SEO plugin. -->","yoast_head_json":{"title":"Le Petit Lambswool - Wollorama","description":"Biches et B\u00fbches ist bekannt f\u00fcr Le Petit Lambswool. Jene Wolle die bei der ersten Schur des Schafs erhalten wird. Mit 248m auf 50g ist es sehr vielseitig.","robots":{"index":"index","follow":"follow","max-snippet":"max-snippet:-1","max-image-preview":"max-image-preview:large","max-video-preview":"max-video-preview:-1"},"canonical":"https:\/\/wollorama.at\/en\/product\/biches-et-buches-le-petit-lambswool\/","og_locale":"en_GB","og_type":"article","og_title":"Le Petit Lambswool - Wollorama","og_description":"Biches et B\u00fbches ist bekannt f\u00fcr Le Petit Lambswool. Jene Wolle die bei der ersten Schur des Schafs erhalten wird. Mit 248m auf 50g ist es sehr vielseitig.","og_url":"https:\/\/wollorama.at\/en\/product\/biches-et-buches-le-petit-lambswool\/","og_site_name":"Wollorama","article_publisher":"https:\/\/facebook.com\/wollorama","article_modified_time":"2026-04-02T16:59:11+00:00","og_image":[{"width":1134,"height":1104,"url":"https:\/\/wollorama.at\/wp-content\/uploads\/2024\/09\/LePetitLambswool.webp","type":"image\/webp"}],"twitter_card":"summary_large_image","twitter_misc":{"Estimated reading time":"2 minutes"},"schema":{"@context":"https:\/\/schema.org","@graph":[{"@type":"WebPage","@id":"https:\/\/wollorama.at\/produkt\/biches-et-buches-le-petit-lambswool\/","url":"https:\/\/wollorama.at\/produkt\/biches-et-buches-le-petit-lambswool\/","name":"Le Petit Lambswool - Wollorama","isPartOf":{"@id":"https:\/\/wollorama.at\/#website"},"primaryImageOfPage":{"@id":"https:\/\/wollorama.at\/produkt\/biches-et-buches-le-petit-lambswool\/#primaryimage"},"image":{"@id":"https:\/\/wollorama.at\/produkt\/biches-et-buches-le-petit-lambswool\/#primaryimage"},"thumbnailUrl":"https:\/\/wollorama.at\/wp-content\/uploads\/2024\/09\/LePetitLambswool.webp","datePublished":"2024-09-09T19:36:47+00:00","dateModified":"2026-04-02T16:59:11+00:00","description":"Biches et B\u00fbches ist bekannt f\u00fcr Le Petit Lambswool. Jene Wolle die bei der ersten Schur des Schafs erhalten wird. Mit 248m auf 50g ist es sehr vielseitig.","breadcrumb":{"@id":"https:\/\/wollorama.at\/produkt\/biches-et-buches-le-petit-lambswool\/#breadcrumb"},"inLanguage":"en-GB","potentialAction":[{"@type":"ReadAction","target":["https:\/\/wollorama.at\/produkt\/biches-et-buches-le-petit-lambswool\/"]}]},{"@type":"ImageObject","inLanguage":"en-GB","@id":"https:\/\/wollorama.at\/produkt\/biches-et-buches-le-petit-lambswool\/#primaryimage","url":"https:\/\/wollorama.at\/wp-content\/uploads\/2024\/09\/LePetitLambswool.webp","contentUrl":"https:\/\/wollorama.at\/wp-content\/uploads\/2024\/09\/LePetitLambswool.webp","width":1134,"height":1104},{"@type":"BreadcrumbList","@id":"https:\/\/wollorama.at\/produkt\/biches-et-buches-le-petit-lambswool\/#breadcrumb","itemListElement":[{"@type":"ListItem","position":1,"name":"Home","item":"https:\/\/wollorama.at\/"},{"@type":"ListItem","position":2,"name":"Shop","item":"https:\/\/wollorama.at\/wollorama-onlineshop\/"},{"@type":"ListItem","position":3,"name":"Le Petit Lambswool"}]},{"@type":"WebSite","@id":"https:\/\/wollorama.at\/#website","url":"https:\/\/wollorama.at\/","name":"Wollorama","description":"Willkommen","publisher":{"@id":"https:\/\/wollorama.at\/#organization"},"potentialAction":[{"@type":"SearchAction","target":{"@type":"EntryPoint","urlTemplate":"https:\/\/wollorama.at\/?s={search_term_string}"},"query-input":{"@type":"PropertyValueSpecification","valueRequired":true,"valueName":"search_term_string"}}],"inLanguage":"en-GB"},{"@type":"Organization","@id":"https:\/\/wollorama.at\/#organization","name":"Wollorama","url":"https:\/\/wollorama.at\/","logo":{"@type":"ImageObject","inLanguage":"en-GB","@id":"https:\/\/wollorama.at\/#\/schema\/logo\/image\/","url":"https:\/\/wollorama.at\/wp-content\/uploads\/2025\/10\/Woll.-rama.png","contentUrl":"https:\/\/wollorama.at\/wp-content\/uploads\/2025\/10\/Woll.-rama.png","width":2281,"height":490,"caption":"Wollorama"},"image":{"@id":"https:\/\/wollorama.at\/#\/schema\/logo\/image\/"},"sameAs":["https:\/\/facebook.com\/wollorama","https:\/\/at.pinterest.com\/wolloramashop\/"]}]}},"_links":{"self":[{"href":"https:\/\/wollorama.at\/en\/wp-json\/wp\/v2\/product\/1522","targetHints":{"allow":["GET"]}}],"collection":[{"href":"https:\/\/wollorama.at\/en\/wp-json\/wp\/v2\/product"}],"about":[{"href":"https:\/\/wollorama.at\/en\/wp-json\/wp\/v2\/types\/product"}],"replies":[{"embeddable":true,"href":"https:\/\/wollorama.at\/en\/wp-json\/wp\/v2\/comments?post=1522"}],"version-history":[{"count":0,"href":"https:\/\/wollorama.at\/en\/wp-json\/wp\/v2\/product\/1522\/revisions"}],"wp:featuredmedia":[{"embeddable":true,"href":"https:\/\/wollorama.at\/en\/wp-json\/wp\/v2\/media\/6329"}],"wp:attachment":[{"href":"https:\/\/wollorama.at\/en\/wp-json\/wp\/v2\/media?parent=1522"}],"wp:term":[{"taxonomy":"product_brand","embeddable":true,"href":"https:\/\/wollorama.at\/en\/wp-json\/wp\/v2\/product_brand?post=1522"},{"taxonomy":"product_cat","embeddable":true,"href":"https:\/\/wollorama.at\/en\/wp-json\/wp\/v2\/product_cat?post=1522"},{"taxonomy":"product_tag","embeddable":true,"href":"https:\/\/wollorama.at\/en\/wp-json\/wp\/v2\/product_tag?post=1522"}],"curies":[{"name":"wp","href":"https:\/\/api.w.org\/{rel}","templated":true}]}}