{"id":1423,"date":"2024-11-05T19:05:39","date_gmt":"2024-11-05T19:05:39","guid":{"rendered":"https:\/\/wollorama.at\/?post_type=product&#038;p=1423"},"modified":"2026-03-22T21:42:40","modified_gmt":"2026-03-22T21:42:40","slug":"biches-et-buches-le-lambswool","status":"publish","type":"product","link":"https:\/\/wollorama.at\/en\/product\/biches-et-buches-le-lambswool\/","title":{"rendered":"Le Lambswool"},"content":{"rendered":"<p><strong>Biches et B\u00fbches Le Lambswool<\/strong> ist die perfekte Wahl f\u00fcr alle, die auf der Suche nach einem Garn sind, das Eleganz, Vielseitigkeit und Qualit\u00e4t vereint. Als die \u201egro\u00dfe Schwester\u201c von <a href=\"https:\/\/wollorama.at\/en\/product\/biches-et-buches-le-petit-lambswool\/\">Le Petit Lambswool<\/a> bietet es eine \u00e4hnliche zeitlose Sch\u00f6nheit. Mit seinem kr\u00e4ftigeren DK (Double Knitting) Charakter,\u00a0 kann es in einer Vielzahl von Strickprojekten seine volle St\u00e4rke entfalten.<\/p>\n<p>Dieses Garn besticht durch seinen angenehmen Griff, der das Verstricken zu einem wahren Vergn\u00fcgen machen. Dank seiner hervorragenden Eigenschaften gleitet es leicht \u00fcber die Nadeln, sodass das Arbeiten damit entspannend und flie\u00dfend ist. Gleichzeitig verleiht es den fertigen Projekten eine nat\u00fcrliche Struktur.<\/p>\n<p>Le Lambswool ist ein wahrer Allrounder, der f\u00fcr unterschiedlichste Strickvorhaben verwendet werden kann.<\/p>\n<ul>\n<li><strong>Pullover und Westen:<\/strong> Das Garn sorgt f\u00fcr warme, langlebige und dennoch leichte Kleidungsst\u00fccke, die sich angenehm tragen lassen.<\/li>\n<li><strong>T\u00fccher und Schals:<\/strong> Dank seiner Laufl\u00e4nge und Struktur entfaltet Le Lambswool in Accessoires wie T\u00fcchern und Schals seine ganze Eleganz und Raffinesse.<\/li>\n<li><strong>M\u00fctzen und Handschuhe:<\/strong> F\u00fcr kleine Projekte, die Stil und W\u00e4rme vereinen, ist dieses Garn ideal.<\/li>\n<li><strong>Colorwork und Texturen:<\/strong> Biches et B\u00fbches Le Lambswool bringt die Sch\u00f6nheit von Zopfmustern, Fair-Isle-Designs und anderen Stricktechniken besonders gut zur Geltung.<\/li>\n<\/ul>\n<h4><strong>Nat\u00fcrlich, zeitlos, besonders<\/strong><\/h4>\n<p>Le Lambswool wird aus feinster Lammwolle hergestellt und steht f\u00fcr Qualit\u00e4t, die du sp\u00fcren kannst. Es vereint die Weichheit und W\u00e4rme der Wolle mit einer Langlebigkeit, die dein Strickst\u00fcck f\u00fcr lange Zeit zu einem Favoriten in deiner Garderobe macht. Entdecke die Vielseitigkeit von Le Lambswool und lass deiner Kreativit\u00e4t freien Lauf \u2013 f\u00fcr Strickst\u00fccke, die begeistern und f\u00fcr lange Zeit Freude bereiten!<\/p>\n<p><strong>Lass dich inspirieren!<\/strong><br \/>\nEntdecke wundersch\u00f6ne Designs und kreative Strickideen, die perfekt zu dieser Wolle passen.<\/p>\n<p><a href=\"https:\/\/wollorama.at\/en\/biches-et-buches\/\">Klicke hier<\/a>, um Inspirationen und Designhighlights f\u00fcr <em>Le Lambswool<\/em> zu entdecken, oder st\u00f6bere durch die Projekte auf <a href=\"https:\/\/www.ravelry.com\/yarns\/library\/biches--buches-le-lambswool\/projects\">Ravelry<\/a>.<\/p>\n<hr \/>\n<p>170m\/50g<\/p>\n<p>Mit Stricknadeln von 4 &#8211; 4,5 mm ergibt sich eine Maschenprobe von ca. 19-21 M. und 24-26 R. auf 10cm<\/p>\n<p>Handw\u00e4sche empfohlen &#8211; Flach aufgelegt trocknen lassen<\/p>\n<p>&nbsp;<\/p>","protected":false},"excerpt":{"rendered":"<p>50g\/170m (DK)<\/p>\n<p>100% Lammwolle<\/p>\n<p>&nbsp;<\/p>","protected":false},"featured_media":7428,"comment_status":"open","ping_status":"closed","template":"","meta":{"site-sidebar-layout":"default","site-content-layout":"","ast-site-content-layout":"default","site-content-style":"default","site-sidebar-style":"default","ast-global-header-display":"","ast-banner-title-visibility":"","ast-main-header-display":"","ast-hfb-above-header-display":"","ast-hfb-below-header-display":"","ast-hfb-mobile-header-display":"","site-post-title":"","ast-breadcrumbs-content":"","ast-featured-img":"","footer-sml-layout":"","ast-disable-related-posts":"","theme-transparent-header-meta":"default","adv-header-id-meta":"","stick-header-meta":"default","header-above-stick-meta":"","header-main-stick-meta":"","header-below-stick-meta":"","astra-migrate-meta-layouts":"set","ast-page-background-enabled":"default","ast-page-background-meta":{"desktop":{"background-color":"","background-image":"","background-repeat":"repeat","background-position":"center center","background-size":"auto","background-attachment":"scroll","background-type":"","background-media":"","overlay-type":"","overlay-color":"","overlay-opacity":"","overlay-gradient":""},"tablet":{"background-color":"","background-image":"","background-repeat":"repeat","background-position":"center center","background-size":"auto","background-attachment":"scroll","background-type":"","background-media":"","overlay-type":"","overlay-color":"","overlay-opacity":"","overlay-gradient":""},"mobile":{"background-color":"","background-image":"","background-repeat":"repeat","background-position":"center center","background-size":"auto","background-attachment":"scroll","background-type":"","background-media":"","overlay-type":"","overlay-color":"","overlay-opacity":"","overlay-gradient":""}},"ast-content-background-meta":{"desktop":{"background-color":"var(--ast-global-color-5)","background-image":"","background-repeat":"repeat","background-position":"center center","background-size":"auto","background-attachment":"scroll","background-type":"","background-media":"","overlay-type":"","overlay-color":"","overlay-opacity":"","overlay-gradient":""},"tablet":{"background-color":"var(--ast-global-color-5)","background-image":"","background-repeat":"repeat","background-position":"center center","background-size":"auto","background-attachment":"scroll","background-type":"","background-media":"","overlay-type":"","overlay-color":"","overlay-opacity":"","overlay-gradient":""},"mobile":{"background-color":"var(--ast-global-color-5)","background-image":"","background-repeat":"repeat","background-position":"center center","background-size":"auto","background-attachment":"scroll","background-type":"","background-media":"","overlay-type":"","overlay-color":"","overlay-opacity":"","overlay-gradient":""}}},"product_brand":[],"product_cat":[72],"product_tag":[],"class_list":{"0":"post-1423","1":"product","2":"type-product","3":"status-publish","4":"has-post-thumbnail","6":"product_cat-wunderbare-wolle-von-biches-et-buches","7":"desktop-align-center","8":"tablet-align-left","9":"mobile-align-left","10":"ast-product-gallery-layout-horizontal-slider","11":"ast-product-gallery-with-no-image","12":"ast-magnify-disabled","13":"ast-product-single-variable","14":"ast-product-tabs-layout-horizontal","16":"first","17":"instock","18":"shipping-taxable","19":"purchasable","20":"product-type-variable"},"yoast_head":"<!-- This site is optimized with the Yoast SEO plugin v27.4 - https:\/\/yoast.com\/product\/yoast-seo-wordpress\/ -->\n<title>Biches et B\u00fbches Le Lambswool - Wollorama<\/title>\n<meta name=\"description\" content=\"Biches et B\u00fbches Le Lambswool ist die gro\u00dfe Schwester von Le Petit Lambswool. Mit 170m auf 50g ist es unglaublich vielseitig.\" \/>\n<meta name=\"robots\" content=\"index, follow, max-snippet:-1, max-image-preview:large, max-video-preview:-1\" \/>\n<link rel=\"canonical\" href=\"https:\/\/wollorama.at\/en\/product\/biches-et-buches-le-lambswool\/\" \/>\n<meta property=\"og:locale\" content=\"en_GB\" \/>\n<meta property=\"og:type\" content=\"article\" \/>\n<meta property=\"og:title\" content=\"Biches et B\u00fbches Le Lambswool - Wollorama\" \/>\n<meta property=\"og:description\" content=\"Biches et B\u00fbches Le Lambswool ist die gro\u00dfe Schwester von Le Petit Lambswool. Mit 170m auf 50g ist es unglaublich vielseitig.\" \/>\n<meta property=\"og:url\" content=\"https:\/\/wollorama.at\/en\/product\/biches-et-buches-le-lambswool\/\" \/>\n<meta property=\"og:site_name\" content=\"Wollorama\" \/>\n<meta property=\"article:publisher\" content=\"https:\/\/facebook.com\/wollorama\" \/>\n<meta property=\"article:modified_time\" content=\"2026-03-22T21:42:40+00:00\" \/>\n<meta property=\"og:image\" content=\"https:\/\/wollorama.at\/wp-content\/uploads\/2024\/11\/2025_10_03_9999_13-rotated.jpg\" \/>\n\t<meta property=\"og:image:width\" content=\"2304\" \/>\n\t<meta property=\"og:image:height\" content=\"3456\" \/>\n\t<meta property=\"og:image:type\" content=\"image\/jpeg\" \/>\n<meta name=\"twitter:card\" content=\"summary_large_image\" \/>\n<meta name=\"twitter:label1\" content=\"Estimated reading time\" \/>\n\t<meta name=\"twitter:data1\" content=\"2 minutes\" \/>\n<script type=\"application\/ld+json\" class=\"yoast-schema-graph\">{\"@context\":\"https:\\\/\\\/schema.org\",\"@graph\":[{\"@type\":\"WebPage\",\"@id\":\"https:\\\/\\\/wollorama.at\\\/produkt\\\/biches-et-buches-le-lambswool\\\/\",\"url\":\"https:\\\/\\\/wollorama.at\\\/produkt\\\/biches-et-buches-le-lambswool\\\/\",\"name\":\"Biches et B\u00fbches Le Lambswool - Wollorama\",\"isPartOf\":{\"@id\":\"https:\\\/\\\/wollorama.at\\\/#website\"},\"primaryImageOfPage\":{\"@id\":\"https:\\\/\\\/wollorama.at\\\/produkt\\\/biches-et-buches-le-lambswool\\\/#primaryimage\"},\"image\":{\"@id\":\"https:\\\/\\\/wollorama.at\\\/produkt\\\/biches-et-buches-le-lambswool\\\/#primaryimage\"},\"thumbnailUrl\":\"https:\\\/\\\/wollorama.at\\\/wp-content\\\/uploads\\\/2024\\\/11\\\/2025_10_03_9999_13-rotated.jpg\",\"datePublished\":\"2024-11-05T19:05:39+00:00\",\"dateModified\":\"2026-03-22T21:42:40+00:00\",\"description\":\"Biches et B\u00fbches Le Lambswool ist die gro\u00dfe Schwester von Le Petit Lambswool. Mit 170m auf 50g ist es unglaublich vielseitig.\",\"breadcrumb\":{\"@id\":\"https:\\\/\\\/wollorama.at\\\/produkt\\\/biches-et-buches-le-lambswool\\\/#breadcrumb\"},\"inLanguage\":\"en-GB\",\"potentialAction\":[{\"@type\":\"ReadAction\",\"target\":[\"https:\\\/\\\/wollorama.at\\\/produkt\\\/biches-et-buches-le-lambswool\\\/\"]}]},{\"@type\":\"ImageObject\",\"inLanguage\":\"en-GB\",\"@id\":\"https:\\\/\\\/wollorama.at\\\/produkt\\\/biches-et-buches-le-lambswool\\\/#primaryimage\",\"url\":\"https:\\\/\\\/wollorama.at\\\/wp-content\\\/uploads\\\/2024\\\/11\\\/2025_10_03_9999_13-rotated.jpg\",\"contentUrl\":\"https:\\\/\\\/wollorama.at\\\/wp-content\\\/uploads\\\/2024\\\/11\\\/2025_10_03_9999_13-rotated.jpg\",\"width\":2304,\"height\":3456},{\"@type\":\"BreadcrumbList\",\"@id\":\"https:\\\/\\\/wollorama.at\\\/produkt\\\/biches-et-buches-le-lambswool\\\/#breadcrumb\",\"itemListElement\":[{\"@type\":\"ListItem\",\"position\":1,\"name\":\"Home\",\"item\":\"https:\\\/\\\/wollorama.at\\\/\"},{\"@type\":\"ListItem\",\"position\":2,\"name\":\"Shop\",\"item\":\"https:\\\/\\\/wollorama.at\\\/wollorama-onlineshop\\\/\"},{\"@type\":\"ListItem\",\"position\":3,\"name\":\"Le Lambswool\"}]},{\"@type\":\"WebSite\",\"@id\":\"https:\\\/\\\/wollorama.at\\\/#website\",\"url\":\"https:\\\/\\\/wollorama.at\\\/\",\"name\":\"Wollorama\",\"description\":\"Willkommen\",\"publisher\":{\"@id\":\"https:\\\/\\\/wollorama.at\\\/#organization\"},\"potentialAction\":[{\"@type\":\"SearchAction\",\"target\":{\"@type\":\"EntryPoint\",\"urlTemplate\":\"https:\\\/\\\/wollorama.at\\\/?s={search_term_string}\"},\"query-input\":{\"@type\":\"PropertyValueSpecification\",\"valueRequired\":true,\"valueName\":\"search_term_string\"}}],\"inLanguage\":\"en-GB\"},{\"@type\":\"Organization\",\"@id\":\"https:\\\/\\\/wollorama.at\\\/#organization\",\"name\":\"Wollorama\",\"url\":\"https:\\\/\\\/wollorama.at\\\/\",\"logo\":{\"@type\":\"ImageObject\",\"inLanguage\":\"en-GB\",\"@id\":\"https:\\\/\\\/wollorama.at\\\/#\\\/schema\\\/logo\\\/image\\\/\",\"url\":\"https:\\\/\\\/wollorama.at\\\/wp-content\\\/uploads\\\/2025\\\/10\\\/Woll.-rama.png\",\"contentUrl\":\"https:\\\/\\\/wollorama.at\\\/wp-content\\\/uploads\\\/2025\\\/10\\\/Woll.-rama.png\",\"width\":2281,\"height\":490,\"caption\":\"Wollorama\"},\"image\":{\"@id\":\"https:\\\/\\\/wollorama.at\\\/#\\\/schema\\\/logo\\\/image\\\/\"},\"sameAs\":[\"https:\\\/\\\/facebook.com\\\/wollorama\",\"https:\\\/\\\/at.pinterest.com\\\/wolloramashop\\\/\"]}]}<\/script>\n<!-- \/ Yoast SEO plugin. -->","yoast_head_json":{"title":"Biches et B\u00fbches Le Lambswool - Wollorama","description":"Biches et B\u00fbches Le Lambswool ist die gro\u00dfe Schwester von Le Petit Lambswool. Mit 170m auf 50g ist es unglaublich vielseitig.","robots":{"index":"index","follow":"follow","max-snippet":"max-snippet:-1","max-image-preview":"max-image-preview:large","max-video-preview":"max-video-preview:-1"},"canonical":"https:\/\/wollorama.at\/en\/product\/biches-et-buches-le-lambswool\/","og_locale":"en_GB","og_type":"article","og_title":"Biches et B\u00fbches Le Lambswool - Wollorama","og_description":"Biches et B\u00fbches Le Lambswool ist die gro\u00dfe Schwester von Le Petit Lambswool. Mit 170m auf 50g ist es unglaublich vielseitig.","og_url":"https:\/\/wollorama.at\/en\/product\/biches-et-buches-le-lambswool\/","og_site_name":"Wollorama","article_publisher":"https:\/\/facebook.com\/wollorama","article_modified_time":"2026-03-22T21:42:40+00:00","og_image":[{"width":2304,"height":3456,"url":"https:\/\/wollorama.at\/wp-content\/uploads\/2024\/11\/2025_10_03_9999_13-rotated.jpg","type":"image\/jpeg"}],"twitter_card":"summary_large_image","twitter_misc":{"Estimated reading time":"2 minutes"},"schema":{"@context":"https:\/\/schema.org","@graph":[{"@type":"WebPage","@id":"https:\/\/wollorama.at\/produkt\/biches-et-buches-le-lambswool\/","url":"https:\/\/wollorama.at\/produkt\/biches-et-buches-le-lambswool\/","name":"Biches et B\u00fbches Le Lambswool - Wollorama","isPartOf":{"@id":"https:\/\/wollorama.at\/#website"},"primaryImageOfPage":{"@id":"https:\/\/wollorama.at\/produkt\/biches-et-buches-le-lambswool\/#primaryimage"},"image":{"@id":"https:\/\/wollorama.at\/produkt\/biches-et-buches-le-lambswool\/#primaryimage"},"thumbnailUrl":"https:\/\/wollorama.at\/wp-content\/uploads\/2024\/11\/2025_10_03_9999_13-rotated.jpg","datePublished":"2024-11-05T19:05:39+00:00","dateModified":"2026-03-22T21:42:40+00:00","description":"Biches et B\u00fbches Le Lambswool ist die gro\u00dfe Schwester von Le Petit Lambswool. Mit 170m auf 50g ist es unglaublich vielseitig.","breadcrumb":{"@id":"https:\/\/wollorama.at\/produkt\/biches-et-buches-le-lambswool\/#breadcrumb"},"inLanguage":"en-GB","potentialAction":[{"@type":"ReadAction","target":["https:\/\/wollorama.at\/produkt\/biches-et-buches-le-lambswool\/"]}]},{"@type":"ImageObject","inLanguage":"en-GB","@id":"https:\/\/wollorama.at\/produkt\/biches-et-buches-le-lambswool\/#primaryimage","url":"https:\/\/wollorama.at\/wp-content\/uploads\/2024\/11\/2025_10_03_9999_13-rotated.jpg","contentUrl":"https:\/\/wollorama.at\/wp-content\/uploads\/2024\/11\/2025_10_03_9999_13-rotated.jpg","width":2304,"height":3456},{"@type":"BreadcrumbList","@id":"https:\/\/wollorama.at\/produkt\/biches-et-buches-le-lambswool\/#breadcrumb","itemListElement":[{"@type":"ListItem","position":1,"name":"Home","item":"https:\/\/wollorama.at\/"},{"@type":"ListItem","position":2,"name":"Shop","item":"https:\/\/wollorama.at\/wollorama-onlineshop\/"},{"@type":"ListItem","position":3,"name":"Le Lambswool"}]},{"@type":"WebSite","@id":"https:\/\/wollorama.at\/#website","url":"https:\/\/wollorama.at\/","name":"Wollorama","description":"Willkommen","publisher":{"@id":"https:\/\/wollorama.at\/#organization"},"potentialAction":[{"@type":"SearchAction","target":{"@type":"EntryPoint","urlTemplate":"https:\/\/wollorama.at\/?s={search_term_string}"},"query-input":{"@type":"PropertyValueSpecification","valueRequired":true,"valueName":"search_term_string"}}],"inLanguage":"en-GB"},{"@type":"Organization","@id":"https:\/\/wollorama.at\/#organization","name":"Wollorama","url":"https:\/\/wollorama.at\/","logo":{"@type":"ImageObject","inLanguage":"en-GB","@id":"https:\/\/wollorama.at\/#\/schema\/logo\/image\/","url":"https:\/\/wollorama.at\/wp-content\/uploads\/2025\/10\/Woll.-rama.png","contentUrl":"https:\/\/wollorama.at\/wp-content\/uploads\/2025\/10\/Woll.-rama.png","width":2281,"height":490,"caption":"Wollorama"},"image":{"@id":"https:\/\/wollorama.at\/#\/schema\/logo\/image\/"},"sameAs":["https:\/\/facebook.com\/wollorama","https:\/\/at.pinterest.com\/wolloramashop\/"]}]}},"_links":{"self":[{"href":"https:\/\/wollorama.at\/en\/wp-json\/wp\/v2\/product\/1423","targetHints":{"allow":["GET"]}}],"collection":[{"href":"https:\/\/wollorama.at\/en\/wp-json\/wp\/v2\/product"}],"about":[{"href":"https:\/\/wollorama.at\/en\/wp-json\/wp\/v2\/types\/product"}],"replies":[{"embeddable":true,"href":"https:\/\/wollorama.at\/en\/wp-json\/wp\/v2\/comments?post=1423"}],"version-history":[{"count":0,"href":"https:\/\/wollorama.at\/en\/wp-json\/wp\/v2\/product\/1423\/revisions"}],"wp:featuredmedia":[{"embeddable":true,"href":"https:\/\/wollorama.at\/en\/wp-json\/wp\/v2\/media\/7428"}],"wp:attachment":[{"href":"https:\/\/wollorama.at\/en\/wp-json\/wp\/v2\/media?parent=1423"}],"wp:term":[{"taxonomy":"product_brand","embeddable":true,"href":"https:\/\/wollorama.at\/en\/wp-json\/wp\/v2\/product_brand?post=1423"},{"taxonomy":"product_cat","embeddable":true,"href":"https:\/\/wollorama.at\/en\/wp-json\/wp\/v2\/product_cat?post=1423"},{"taxonomy":"product_tag","embeddable":true,"href":"https:\/\/wollorama.at\/en\/wp-json\/wp\/v2\/product_tag?post=1423"}],"curies":[{"name":"wp","href":"https:\/\/api.w.org\/{rel}","templated":true}]}}