{"id":6725,"date":"2025-11-28T07:15:01","date_gmt":"2025-11-28T07:15:01","guid":{"rendered":"https:\/\/wollorama.at\/?page_id=6725"},"modified":"2025-11-28T07:17:16","modified_gmt":"2025-11-28T07:17:16","slug":"tukuwool-finnische-wolle-der-extraklasse","status":"publish","type":"page","link":"https:\/\/wollorama.at\/en\/tukuwool-finnische-wolle-der-extraklasse\/","title":{"rendered":"Tukuwool"},"content":{"rendered":"<div data-elementor-type=\"wp-page\" data-elementor-id=\"6725\" class=\"elementor elementor-6725\" data-elementor-post-type=\"page\">\n\t\t\t\t<div class=\"elementor-element elementor-element-00b0ab4 e-flex e-con-boxed e-con e-parent\" data-id=\"00b0ab4\" data-element_type=\"container\" data-e-type=\"container\">\n\t\t\t\t\t<div class=\"e-con-inner\">\n\t\t\t\t<div class=\"elementor-element elementor-element-a31e7ab elementor-widget elementor-widget-heading\" data-id=\"a31e7ab\" data-element_type=\"widget\" data-e-type=\"widget\" data-widget_type=\"heading.default\">\n\t\t\t\t<div class=\"elementor-widget-container\">\n\t\t\t\t\t<h2 class=\"elementor-heading-title elementor-size-default\">Entdecke Tukuwool - die Wolle mit dem gewissen Etwas<\/h2>\t\t\t\t<\/div>\n\t\t\t\t<\/div>\n\t\t\t\t\t<\/div>\n\t\t\t\t<\/div>\n\t\t<div class=\"elementor-element elementor-element-472548e e-flex e-con-boxed e-con e-parent\" data-id=\"472548e\" data-element_type=\"container\" data-e-type=\"container\">\n\t\t\t\t\t<div class=\"e-con-inner\">\n\t\t<div class=\"elementor-element elementor-element-112c478 e-grid e-con-full e-con e-child\" data-id=\"112c478\" data-element_type=\"container\" data-e-type=\"container\">\n\t\t\t\t<div class=\"elementor-element elementor-element-62b4d34 elementor-widget elementor-widget-text-editor\" data-id=\"62b4d34\" data-element_type=\"widget\" data-e-type=\"widget\" data-widget_type=\"text-editor.default\">\n\t\t\t\t<div class=\"elementor-widget-container\">\n\t\t\t\t\t\t\t\t\t<p>Seinen Ursprung hat Tukuwool 2014, als der Wunsch Wolle herzustellen aus einem Hobby entstand.<\/p><p>2016 wurde Tukuwool von Tiina gekauft, die auch das bekannte Wollgesch\u00e4ft Tittiiyi leitet, \u00fcbernommen. Von dort weg hat sich Tukuwool \u00fcber die letzten 9 Jahre fest in der Branche verwurzelt, und setzt durch Materialwahl und Produktionsentscheidungen starke Akzente im Bereich der Nachhaltigkeit, Ressourcennutzung, dem Tierwohl und der Wertsch\u00f6pfungskette.<\/p><p>Tukuwool steht f\u00fcr authentische, unbehandelte (non-superwash) Wolle aus Finnland &#8211; urspr\u00fcnglich, robust und zugleich \u00fcberraschend weich und angenehm zu tragen.<\/p><p>Die Marke verbindet das traditionell verankerte Wissen um Wolle und deren Herstellung mit modernem Bewusstsein f\u00fcr das Tier, den Menschen &amp; den Planeten.<\/p>\t\t\t\t\t\t\t\t<\/div>\n\t\t\t\t<\/div>\n\t\t\t\t<div class=\"elementor-element elementor-element-154cb7b elementor-widget elementor-widget-image\" data-id=\"154cb7b\" data-element_type=\"widget\" data-e-type=\"widget\" data-widget_type=\"image.default\">\n\t\t\t\t<div class=\"elementor-widget-container\">\n\t\t\t\t\t\t\t\t\t\t\t\t\t\t\t<img fetchpriority=\"high\" decoding=\"async\" width=\"683\" height=\"1024\" src=\"https:\/\/wollorama.at\/wp-content\/uploads\/2025\/11\/2025_09_09_9999_56-rotated.jpg\" class=\"attachment-large size-large wp-image-7822\" alt=\"\" srcset=\"https:\/\/wollorama.at\/wp-content\/uploads\/2025\/11\/2025_09_09_9999_56-rotated.jpg 2304w, https:\/\/wollorama.at\/wp-content\/uploads\/2025\/11\/2025_09_09_9999_56-200x300.jpg 200w, https:\/\/wollorama.at\/wp-content\/uploads\/2025\/11\/2025_09_09_9999_56-600x900.jpg 600w, https:\/\/wollorama.at\/wp-content\/uploads\/2025\/11\/2025_09_09_9999_56-64x96.jpg 64w\" sizes=\"(max-width: 683px) 100vw, 683px\" loading=\"eager\" \/>\t\t\t\t\t\t\t\t\t\t\t\t\t\t\t<\/div>\n\t\t\t\t<\/div>\n\t\t\t\t<\/div>\n\t\t\t\t\t<\/div>\n\t\t\t\t<\/div>\n\t\t<div class=\"elementor-element elementor-element-bb4c207 e-flex e-con-boxed e-con e-parent\" data-id=\"bb4c207\" data-element_type=\"container\" data-e-type=\"container\">\n\t\t\t\t\t<div class=\"e-con-inner\">\n\t\t\t\t<div class=\"woocommerce elementor-element elementor-element-6fe2cfa elementor-pagination-type-bullets elementor-arrows-position-inside elementor-pagination-position-outside elementor-widget elementor-widget-loop-carousel\" data-id=\"6fe2cfa\" data-element_type=\"widget\" data-e-type=\"widget\" data-settings=\"{&quot;_skin&quot;:&quot;product&quot;,&quot;template_id&quot;:&quot;7700&quot;,&quot;slides_to_show&quot;:&quot;3&quot;,&quot;slides_to_show_tablet&quot;:&quot;2&quot;,&quot;slides_to_show_mobile&quot;:&quot;1&quot;,&quot;slides_to_scroll&quot;:&quot;1&quot;,&quot;edit_handle_selector&quot;:&quot;.elementor-loop-container&quot;,&quot;speed&quot;:500,&quot;arrows&quot;:&quot;yes&quot;,&quot;pagination&quot;:&quot;bullets&quot;,&quot;image_spacing_custom&quot;:{&quot;unit&quot;:&quot;px&quot;,&quot;size&quot;:10,&quot;sizes&quot;:[]},&quot;image_spacing_custom_tablet&quot;:{&quot;unit&quot;:&quot;px&quot;,&quot;size&quot;:&quot;&quot;,&quot;sizes&quot;:[]},&quot;image_spacing_custom_mobile&quot;:{&quot;unit&quot;:&quot;px&quot;,&quot;size&quot;:&quot;&quot;,&quot;sizes&quot;:[]}}\" data-widget_type=\"loop-carousel.product\">\n\t\t\t\t<div class=\"elementor-widget-container\">\n\t\t\t\t\t\t\t<div class=\"e-loop-nothing-found-message\">\n\t\t<\/div>\n\t\t\t\t\t\t<\/div>\n\t\t\t\t<\/div>\n\t\t\t\t\t<\/div>\n\t\t\t\t<\/div>\n\t\t\t\t<\/div>","protected":false},"excerpt":{"rendered":"<p>Entdecke Tukuwool &#8211; die Wolle mit dem gewissen Etwas Seinen Ursprung hat Tukuwool 2014, als der Wunsch Wolle herzustellen aus einem Hobby entstand. 2016 wurde Tukuwool von Tiina gekauft, die auch das bekannte Wollgesch\u00e4ft Tittiiyi leitet, \u00fcbernommen. Von dort weg hat sich Tukuwool \u00fcber die letzten 9 Jahre fest in der Branche verwurzelt, und setzt [&hellip;]<\/p>\n","protected":false},"author":1,"featured_media":7820,"parent":0,"menu_order":0,"comment_status":"closed","ping_status":"closed","template":"","meta":{"site-sidebar-layout":"no-sidebar","site-content-layout":"page-builder","ast-site-content-layout":"full-width-container","site-content-style":"default","site-sidebar-style":"default","ast-global-header-display":"","ast-banner-title-visibility":"","ast-main-header-display":"","ast-hfb-above-header-display":"","ast-hfb-below-header-display":"","ast-hfb-mobile-header-display":"","site-post-title":"disabled","ast-breadcrumbs-content":"","ast-featured-img":"disabled","footer-sml-layout":"","ast-disable-related-posts":"","theme-transparent-header-meta":"","adv-header-id-meta":"","stick-header-meta":"","header-above-stick-meta":"","header-main-stick-meta":"","header-below-stick-meta":"","astra-migrate-meta-layouts":"set","ast-page-background-enabled":"default","ast-page-background-meta":{"desktop":{"background-color":"","background-image":"","background-repeat":"repeat","background-position":"center center","background-size":"auto","background-attachment":"scroll","background-type":"","background-media":"","overlay-type":"","overlay-color":"","overlay-opacity":"","overlay-gradient":""},"tablet":{"background-color":"","background-image":"","background-repeat":"repeat","background-position":"center center","background-size":"auto","background-attachment":"scroll","background-type":"","background-media":"","overlay-type":"","overlay-color":"","overlay-opacity":"","overlay-gradient":""},"mobile":{"background-color":"","background-image":"","background-repeat":"repeat","background-position":"center center","background-size":"auto","background-attachment":"scroll","background-type":"","background-media":"","overlay-type":"","overlay-color":"","overlay-opacity":"","overlay-gradient":""}},"ast-content-background-meta":{"desktop":{"background-color":"var(--ast-global-color-5)","background-image":"","background-repeat":"repeat","background-position":"center center","background-size":"auto","background-attachment":"scroll","background-type":"","background-media":"","overlay-type":"","overlay-color":"","overlay-opacity":"","overlay-gradient":""},"tablet":{"background-color":"var(--ast-global-color-5)","background-image":"","background-repeat":"repeat","background-position":"center center","background-size":"auto","background-attachment":"scroll","background-type":"","background-media":"","overlay-type":"","overlay-color":"","overlay-opacity":"","overlay-gradient":""},"mobile":{"background-color":"var(--ast-global-color-5)","background-image":"","background-repeat":"repeat","background-position":"center center","background-size":"auto","background-attachment":"scroll","background-type":"","background-media":"","overlay-type":"","overlay-color":"","overlay-opacity":"","overlay-gradient":""}},"footnotes":""},"class_list":["post-6725","page","type-page","status-publish","has-post-thumbnail","hentry"],"yoast_head":"<!-- This site is optimized with the Yoast SEO plugin v27.4 - https:\/\/yoast.com\/product\/yoast-seo-wordpress\/ -->\n<title>Tukuwool - Wollorama<\/title>\n<meta name=\"description\" content=\"Tukuwool - finnische Wolle der Extraklasse, mit Blick auf Nachhaltigkeit, Recycling &amp; Tierwohl. Ein Strickerlebnis der besonderen Art!\" \/>\n<meta name=\"robots\" content=\"index, follow, max-snippet:-1, max-image-preview:large, max-video-preview:-1\" \/>\n<link rel=\"canonical\" href=\"https:\/\/wollorama.at\/en\/tukuwool-finnische-wolle-der-extraklasse\/\" \/>\n<meta property=\"og:locale\" content=\"en_GB\" \/>\n<meta property=\"og:type\" content=\"article\" \/>\n<meta property=\"og:title\" content=\"Tukuwool - Wollorama\" \/>\n<meta property=\"og:description\" content=\"Tukuwool - finnische Wolle der Extraklasse, mit Blick auf Nachhaltigkeit, Recycling &amp; Tierwohl. Ein Strickerlebnis der besonderen Art!\" \/>\n<meta property=\"og:url\" content=\"https:\/\/wollorama.at\/en\/tukuwool-finnische-wolle-der-extraklasse\/\" \/>\n<meta property=\"og:site_name\" content=\"Wollorama\" \/>\n<meta property=\"article:publisher\" content=\"https:\/\/facebook.com\/wollorama\" \/>\n<meta property=\"article:modified_time\" content=\"2025-11-28T07:17:16+00:00\" \/>\n<meta property=\"og:image\" content=\"https:\/\/wollorama.at\/wp-content\/uploads\/2025\/11\/2025_09_09_9999_34-rotated.jpg\" \/>\n\t<meta property=\"og:image:width\" content=\"2304\" \/>\n\t<meta property=\"og:image:height\" content=\"3456\" \/>\n\t<meta property=\"og:image:type\" content=\"image\/jpeg\" \/>\n<meta name=\"twitter:card\" content=\"summary_large_image\" \/>\n<meta name=\"twitter:label1\" content=\"Estimated reading time\" \/>\n\t<meta name=\"twitter:data1\" content=\"1 minute\" \/>\n<script type=\"application\/ld+json\" class=\"yoast-schema-graph\">{\"@context\":\"https:\\\/\\\/schema.org\",\"@graph\":[{\"@type\":\"WebPage\",\"@id\":\"https:\\\/\\\/wollorama.at\\\/tukuwool-finnische-wolle-der-extraklasse\\\/\",\"url\":\"https:\\\/\\\/wollorama.at\\\/tukuwool-finnische-wolle-der-extraklasse\\\/\",\"name\":\"Tukuwool - Wollorama\",\"isPartOf\":{\"@id\":\"https:\\\/\\\/wollorama.at\\\/#website\"},\"primaryImageOfPage\":{\"@id\":\"https:\\\/\\\/wollorama.at\\\/tukuwool-finnische-wolle-der-extraklasse\\\/#primaryimage\"},\"image\":{\"@id\":\"https:\\\/\\\/wollorama.at\\\/tukuwool-finnische-wolle-der-extraklasse\\\/#primaryimage\"},\"thumbnailUrl\":\"https:\\\/\\\/wollorama.at\\\/wp-content\\\/uploads\\\/2025\\\/11\\\/2025_09_09_9999_34-rotated.jpg\",\"datePublished\":\"2025-11-28T07:15:01+00:00\",\"dateModified\":\"2025-11-28T07:17:16+00:00\",\"description\":\"Tukuwool - finnische Wolle der Extraklasse, mit Blick auf Nachhaltigkeit, Recycling & Tierwohl. Ein Strickerlebnis der besonderen Art!\",\"breadcrumb\":{\"@id\":\"https:\\\/\\\/wollorama.at\\\/tukuwool-finnische-wolle-der-extraklasse\\\/#breadcrumb\"},\"inLanguage\":\"en-GB\",\"potentialAction\":[{\"@type\":\"ReadAction\",\"target\":[\"https:\\\/\\\/wollorama.at\\\/tukuwool-finnische-wolle-der-extraklasse\\\/\"]}]},{\"@type\":\"ImageObject\",\"inLanguage\":\"en-GB\",\"@id\":\"https:\\\/\\\/wollorama.at\\\/tukuwool-finnische-wolle-der-extraklasse\\\/#primaryimage\",\"url\":\"https:\\\/\\\/wollorama.at\\\/wp-content\\\/uploads\\\/2025\\\/11\\\/2025_09_09_9999_34-rotated.jpg\",\"contentUrl\":\"https:\\\/\\\/wollorama.at\\\/wp-content\\\/uploads\\\/2025\\\/11\\\/2025_09_09_9999_34-rotated.jpg\",\"width\":2304,\"height\":3456},{\"@type\":\"BreadcrumbList\",\"@id\":\"https:\\\/\\\/wollorama.at\\\/tukuwool-finnische-wolle-der-extraklasse\\\/#breadcrumb\",\"itemListElement\":[{\"@type\":\"ListItem\",\"position\":1,\"name\":\"Home\",\"item\":\"https:\\\/\\\/wollorama.at\\\/\"},{\"@type\":\"ListItem\",\"position\":2,\"name\":\"Tukuwool\"}]},{\"@type\":\"WebSite\",\"@id\":\"https:\\\/\\\/wollorama.at\\\/#website\",\"url\":\"https:\\\/\\\/wollorama.at\\\/\",\"name\":\"Wollorama\",\"description\":\"Willkommen\",\"publisher\":{\"@id\":\"https:\\\/\\\/wollorama.at\\\/#organization\"},\"potentialAction\":[{\"@type\":\"SearchAction\",\"target\":{\"@type\":\"EntryPoint\",\"urlTemplate\":\"https:\\\/\\\/wollorama.at\\\/?s={search_term_string}\"},\"query-input\":{\"@type\":\"PropertyValueSpecification\",\"valueRequired\":true,\"valueName\":\"search_term_string\"}}],\"inLanguage\":\"en-GB\"},{\"@type\":\"Organization\",\"@id\":\"https:\\\/\\\/wollorama.at\\\/#organization\",\"name\":\"Wollorama\",\"url\":\"https:\\\/\\\/wollorama.at\\\/\",\"logo\":{\"@type\":\"ImageObject\",\"inLanguage\":\"en-GB\",\"@id\":\"https:\\\/\\\/wollorama.at\\\/#\\\/schema\\\/logo\\\/image\\\/\",\"url\":\"https:\\\/\\\/wollorama.at\\\/wp-content\\\/uploads\\\/2025\\\/10\\\/Woll.-rama.png\",\"contentUrl\":\"https:\\\/\\\/wollorama.at\\\/wp-content\\\/uploads\\\/2025\\\/10\\\/Woll.-rama.png\",\"width\":2281,\"height\":490,\"caption\":\"Wollorama\"},\"image\":{\"@id\":\"https:\\\/\\\/wollorama.at\\\/#\\\/schema\\\/logo\\\/image\\\/\"},\"sameAs\":[\"https:\\\/\\\/facebook.com\\\/wollorama\",\"https:\\\/\\\/at.pinterest.com\\\/wolloramashop\\\/\"]}]}<\/script>\n<!-- \/ Yoast SEO plugin. -->","yoast_head_json":{"title":"Tukuwool - Wollorama","description":"Tukuwool - finnische Wolle der Extraklasse, mit Blick auf Nachhaltigkeit, Recycling & Tierwohl. Ein Strickerlebnis der besonderen Art!","robots":{"index":"index","follow":"follow","max-snippet":"max-snippet:-1","max-image-preview":"max-image-preview:large","max-video-preview":"max-video-preview:-1"},"canonical":"https:\/\/wollorama.at\/en\/tukuwool-finnische-wolle-der-extraklasse\/","og_locale":"en_GB","og_type":"article","og_title":"Tukuwool - Wollorama","og_description":"Tukuwool - finnische Wolle der Extraklasse, mit Blick auf Nachhaltigkeit, Recycling & Tierwohl. Ein Strickerlebnis der besonderen Art!","og_url":"https:\/\/wollorama.at\/en\/tukuwool-finnische-wolle-der-extraklasse\/","og_site_name":"Wollorama","article_publisher":"https:\/\/facebook.com\/wollorama","article_modified_time":"2025-11-28T07:17:16+00:00","og_image":[{"width":2304,"height":3456,"url":"https:\/\/wollorama.at\/wp-content\/uploads\/2025\/11\/2025_09_09_9999_34-rotated.jpg","type":"image\/jpeg"}],"twitter_card":"summary_large_image","twitter_misc":{"Estimated reading time":"1 minute"},"schema":{"@context":"https:\/\/schema.org","@graph":[{"@type":"WebPage","@id":"https:\/\/wollorama.at\/tukuwool-finnische-wolle-der-extraklasse\/","url":"https:\/\/wollorama.at\/tukuwool-finnische-wolle-der-extraklasse\/","name":"Tukuwool - Wollorama","isPartOf":{"@id":"https:\/\/wollorama.at\/#website"},"primaryImageOfPage":{"@id":"https:\/\/wollorama.at\/tukuwool-finnische-wolle-der-extraklasse\/#primaryimage"},"image":{"@id":"https:\/\/wollorama.at\/tukuwool-finnische-wolle-der-extraklasse\/#primaryimage"},"thumbnailUrl":"https:\/\/wollorama.at\/wp-content\/uploads\/2025\/11\/2025_09_09_9999_34-rotated.jpg","datePublished":"2025-11-28T07:15:01+00:00","dateModified":"2025-11-28T07:17:16+00:00","description":"Tukuwool - finnische Wolle der Extraklasse, mit Blick auf Nachhaltigkeit, Recycling & Tierwohl. Ein Strickerlebnis der besonderen Art!","breadcrumb":{"@id":"https:\/\/wollorama.at\/tukuwool-finnische-wolle-der-extraklasse\/#breadcrumb"},"inLanguage":"en-GB","potentialAction":[{"@type":"ReadAction","target":["https:\/\/wollorama.at\/tukuwool-finnische-wolle-der-extraklasse\/"]}]},{"@type":"ImageObject","inLanguage":"en-GB","@id":"https:\/\/wollorama.at\/tukuwool-finnische-wolle-der-extraklasse\/#primaryimage","url":"https:\/\/wollorama.at\/wp-content\/uploads\/2025\/11\/2025_09_09_9999_34-rotated.jpg","contentUrl":"https:\/\/wollorama.at\/wp-content\/uploads\/2025\/11\/2025_09_09_9999_34-rotated.jpg","width":2304,"height":3456},{"@type":"BreadcrumbList","@id":"https:\/\/wollorama.at\/tukuwool-finnische-wolle-der-extraklasse\/#breadcrumb","itemListElement":[{"@type":"ListItem","position":1,"name":"Home","item":"https:\/\/wollorama.at\/"},{"@type":"ListItem","position":2,"name":"Tukuwool"}]},{"@type":"WebSite","@id":"https:\/\/wollorama.at\/#website","url":"https:\/\/wollorama.at\/","name":"Wollorama","description":"Willkommen","publisher":{"@id":"https:\/\/wollorama.at\/#organization"},"potentialAction":[{"@type":"SearchAction","target":{"@type":"EntryPoint","urlTemplate":"https:\/\/wollorama.at\/?s={search_term_string}"},"query-input":{"@type":"PropertyValueSpecification","valueRequired":true,"valueName":"search_term_string"}}],"inLanguage":"en-GB"},{"@type":"Organization","@id":"https:\/\/wollorama.at\/#organization","name":"Wollorama","url":"https:\/\/wollorama.at\/","logo":{"@type":"ImageObject","inLanguage":"en-GB","@id":"https:\/\/wollorama.at\/#\/schema\/logo\/image\/","url":"https:\/\/wollorama.at\/wp-content\/uploads\/2025\/10\/Woll.-rama.png","contentUrl":"https:\/\/wollorama.at\/wp-content\/uploads\/2025\/10\/Woll.-rama.png","width":2281,"height":490,"caption":"Wollorama"},"image":{"@id":"https:\/\/wollorama.at\/#\/schema\/logo\/image\/"},"sameAs":["https:\/\/facebook.com\/wollorama","https:\/\/at.pinterest.com\/wolloramashop\/"]}]}},"_links":{"self":[{"href":"https:\/\/wollorama.at\/en\/wp-json\/wp\/v2\/pages\/6725","targetHints":{"allow":["GET"]}}],"collection":[{"href":"https:\/\/wollorama.at\/en\/wp-json\/wp\/v2\/pages"}],"about":[{"href":"https:\/\/wollorama.at\/en\/wp-json\/wp\/v2\/types\/page"}],"author":[{"embeddable":true,"href":"https:\/\/wollorama.at\/en\/wp-json\/wp\/v2\/users\/1"}],"replies":[{"embeddable":true,"href":"https:\/\/wollorama.at\/en\/wp-json\/wp\/v2\/comments?post=6725"}],"version-history":[{"count":0,"href":"https:\/\/wollorama.at\/en\/wp-json\/wp\/v2\/pages\/6725\/revisions"}],"wp:featuredmedia":[{"embeddable":true,"href":"https:\/\/wollorama.at\/en\/wp-json\/wp\/v2\/media\/7820"}],"wp:attachment":[{"href":"https:\/\/wollorama.at\/en\/wp-json\/wp\/v2\/media?parent=6725"}],"curies":[{"name":"wp","href":"https:\/\/api.w.org\/{rel}","templated":true}]}}