{"id":4716,"date":"2024-12-03T10:56:05","date_gmt":"2024-12-03T10:56:05","guid":{"rendered":"https:\/\/wollorama.at\/?page_id=4716"},"modified":"2025-04-29T19:11:23","modified_gmt":"2025-04-29T19:11:23","slug":"neuigkeiten-aus-der-strickwelt","status":"publish","type":"page","link":"https:\/\/wollorama.at\/en\/neuigkeiten-aus-der-strickwelt\/","title":{"rendered":"News from the Knitting World"},"content":{"rendered":"<div data-elementor-type=\"wp-page\" data-elementor-id=\"4716\" class=\"elementor elementor-4716\" data-elementor-post-type=\"page\">\n\t\t\t\t<div class=\"elementor-element elementor-element-2dd4299 e-flex e-con-boxed e-con e-parent\" data-id=\"2dd4299\" data-element_type=\"container\" data-e-type=\"container\">\n\t\t\t\t\t<div class=\"e-con-inner\">\n\t\t\t\t<div class=\"elementor-element elementor-element-d285434 elementor-widget elementor-widget-heading\" data-id=\"d285434\" data-element_type=\"widget\" data-e-type=\"widget\" data-widget_type=\"heading.default\">\n\t\t\t\t<div class=\"elementor-widget-container\">\n\t\t\t\t\t<h2 class=\"elementor-heading-title elementor-size-default\">News from the Knitting World<\/h2>\t\t\t\t<\/div>\n\t\t\t\t<\/div>\n\t\t\t\t\t<\/div>\n\t\t\t\t<\/div>\n\t\t<div class=\"elementor-element elementor-element-6905f0d e-flex e-con-boxed e-con e-parent\" data-id=\"6905f0d\" data-element_type=\"container\" data-e-type=\"container\">\n\t\t\t\t\t<div class=\"e-con-inner\">\n\t\t\t\t<div class=\"elementor-element elementor-element-e2a6690 elementor-widget-divider--view-line elementor-widget elementor-widget-divider\" data-id=\"e2a6690\" data-element_type=\"widget\" data-e-type=\"widget\" data-widget_type=\"divider.default\">\n\t\t\t\t<div class=\"elementor-widget-container\">\n\t\t\t\t\t\t\t<div class=\"elementor-divider\">\n\t\t\t<span class=\"elementor-divider-separator\">\n\t\t\t\t\t\t<\/span>\n\t\t<\/div>\n\t\t\t\t\t\t<\/div>\n\t\t\t\t<\/div>\n\t\t\t\t\t<\/div>\n\t\t\t\t<\/div>\n\t\t<div class=\"elementor-element elementor-element-750bf97 e-flex e-con-boxed e-con e-parent\" data-id=\"750bf97\" data-element_type=\"container\" data-e-type=\"container\">\n\t\t\t\t\t<div class=\"e-con-inner\">\n\t\t\t\t<div class=\"elementor-element elementor-element-44e120c elementor-grid-2 elementor-grid-tablet-2 elementor-grid-mobile-1 elementor-posts--thumbnail-top elementor-card-shadow-yes elementor-posts__hover-gradient elementor-widget elementor-widget-posts\" data-id=\"44e120c\" data-element_type=\"widget\" data-e-type=\"widget\" data-settings=\"{&quot;cards_columns&quot;:&quot;2&quot;,&quot;cards_columns_tablet&quot;:&quot;2&quot;,&quot;cards_columns_mobile&quot;:&quot;1&quot;,&quot;cards_row_gap&quot;:{&quot;unit&quot;:&quot;px&quot;,&quot;size&quot;:35,&quot;sizes&quot;:[]},&quot;cards_row_gap_tablet&quot;:{&quot;unit&quot;:&quot;px&quot;,&quot;size&quot;:&quot;&quot;,&quot;sizes&quot;:[]},&quot;cards_row_gap_mobile&quot;:{&quot;unit&quot;:&quot;px&quot;,&quot;size&quot;:&quot;&quot;,&quot;sizes&quot;:[]}}\" data-widget_type=\"posts.cards\">\n\t\t\t\t<div class=\"elementor-widget-container\">\n\t\t\t\t\t\t\t<div class=\"elementor-posts-container elementor-posts elementor-posts--skin-cards elementor-grid\" role=\"list\">\n\t\t\t\t<article class=\"elementor-post elementor-grid-item post-6681 post type-post status-publish format-standard has-post-thumbnail hentry category-uncategorized\" role=\"listitem\">\n\t\t\t<div class=\"elementor-post__card\">\n\t\t\t\t<a class=\"elementor-post__thumbnail__link\" href=\"https:\/\/wollorama.at\/en\/pflanzenfasern-im-vergleich\/\" tabindex=\"-1\" ><div class=\"elementor-post__thumbnail\"><img decoding=\"async\" width=\"300\" height=\"158\" src=\"https:\/\/wollorama.at\/wp-content\/uploads\/2026\/03\/Ivory-Orange-Aesthetic-Minimal-Workbook-Cover-1200-x-360-px-300x158.png\" class=\"attachment-medium size-medium wp-image-8055\" alt=\"\" srcset=\"https:\/\/wollorama.at\/wp-content\/uploads\/2026\/03\/Ivory-Orange-Aesthetic-Minimal-Workbook-Cover-1200-x-360-px-300x158.png 300w, https:\/\/wollorama.at\/wp-content\/uploads\/2026\/03\/Ivory-Orange-Aesthetic-Minimal-Workbook-Cover-1200-x-360-px-600x315.png 600w, https:\/\/wollorama.at\/wp-content\/uploads\/2026\/03\/Ivory-Orange-Aesthetic-Minimal-Workbook-Cover-1200-x-360-px-64x34.png 64w, https:\/\/wollorama.at\/wp-content\/uploads\/2026\/03\/Ivory-Orange-Aesthetic-Minimal-Workbook-Cover-1200-x-360-px.png 1200w\" sizes=\"(max-width: 300px) 100vw, 300px\" loading=\"eager\" \/><\/div><\/a>\n\t\t\t\t<div class=\"elementor-post__badge\">Uncategorized<\/div>\n\t\t\t\t<div class=\"elementor-post__text\">\n\t\t\t\t<h3 class=\"elementor-post__title\">\n\t\t\t<a href=\"https:\/\/wollorama.at\/en\/pflanzenfasern-im-vergleich\/\" >\n\t\t\t\tLeicht, luftig, vegan: pflanzliche Fasern im Vergleich\t\t\t<\/a>\n\t\t<\/h3>\n\t\t\t\t<div class=\"elementor-post__excerpt\">\n\t\t\t<p>Wer gerne mit nat\u00fcrlichen Materialien strickt oder h\u00e4kelt, st\u00f6\u00dft fr\u00fcher<\/p>\n\t\t<\/div>\n\t\t\n\t\t<a class=\"elementor-post__read-more\" href=\"https:\/\/wollorama.at\/en\/pflanzenfasern-im-vergleich\/\" aria-label=\"Read more about Leicht, luftig, vegan: pflanzliche Fasern im Vergleich\" tabindex=\"-1\" >\n\t\t\tWeiterlesen \u00bb\t\t<\/a>\n\n\t\t\t\t<\/div>\n\t\t\t\t<div class=\"elementor-post__meta-data\">\n\t\t\t\t\t<span class=\"elementor-post-date\">\n\t\t\t22. March 2026\t\t<\/span>\n\t\t\t\t<span class=\"elementor-post-avatar\">\n\t\t\tNo Comments\t\t<\/span>\n\t\t\t\t<\/div>\n\t\t\t\t\t<\/div>\n\t\t<\/article>\n\t\t\t\t<article class=\"elementor-post elementor-grid-item post-6895 post type-post status-publish format-standard has-post-thumbnail hentry category-materialkunde\" role=\"listitem\">\n\t\t\t<div class=\"elementor-post__card\">\n\t\t\t\t<a class=\"elementor-post__thumbnail__link\" href=\"https:\/\/wollorama.at\/en\/von-gots-bis-rws-was-wollstandards-wirklich-bedeuten\/\" tabindex=\"-1\" ><div class=\"elementor-post__thumbnail\"><img fetchpriority=\"high\" decoding=\"async\" width=\"300\" height=\"200\" src=\"https:\/\/wollorama.at\/wp-content\/uploads\/2025\/09\/alpaca-4357188_1920-300x200.jpg\" class=\"attachment-medium size-medium wp-image-7018\" alt=\"Alpakas auf einer Weide\" srcset=\"https:\/\/wollorama.at\/wp-content\/uploads\/2025\/09\/alpaca-4357188_1920-300x200.jpg 300w, https:\/\/wollorama.at\/wp-content\/uploads\/2025\/09\/alpaca-4357188_1920-600x400.jpg 600w, https:\/\/wollorama.at\/wp-content\/uploads\/2025\/09\/alpaca-4357188_1920-64x43.jpg 64w, https:\/\/wollorama.at\/wp-content\/uploads\/2025\/09\/alpaca-4357188_1920.jpg 1920w\" sizes=\"(max-width: 300px) 100vw, 300px\" loading=\"eager\" \/><\/div><\/a>\n\t\t\t\t<div class=\"elementor-post__badge\">Materialkunde<\/div>\n\t\t\t\t<div class=\"elementor-post__text\">\n\t\t\t\t<h3 class=\"elementor-post__title\">\n\t\t\t<a href=\"https:\/\/wollorama.at\/en\/von-gots-bis-rws-was-wollstandards-wirklich-bedeuten\/\" >\n\t\t\t\tVon GOTS bis RWS &#8211; Was Wollstandards wirklich bedeuten\t\t\t<\/a>\n\t\t<\/h3>\n\t\t\t\t<div class=\"elementor-post__excerpt\">\n\t\t\t<p>Warum Zertifikate &amp; Standards in der Wollwelt so wichtig sind<\/p>\n\t\t<\/div>\n\t\t\n\t\t<a class=\"elementor-post__read-more\" href=\"https:\/\/wollorama.at\/en\/von-gots-bis-rws-was-wollstandards-wirklich-bedeuten\/\" aria-label=\"Read more about Von GOTS bis RWS &#8211; Was Wollstandards wirklich bedeuten\" tabindex=\"-1\" >\n\t\t\tWeiterlesen \u00bb\t\t<\/a>\n\n\t\t\t\t<\/div>\n\t\t\t\t<div class=\"elementor-post__meta-data\">\n\t\t\t\t\t<span class=\"elementor-post-date\">\n\t\t\t5. September 2025\t\t<\/span>\n\t\t\t\t<span class=\"elementor-post-avatar\">\n\t\t\tNo Comments\t\t<\/span>\n\t\t\t\t<\/div>\n\t\t\t\t\t<\/div>\n\t\t<\/article>\n\t\t\t\t<article class=\"elementor-post elementor-grid-item post-6883 post type-post status-publish format-standard has-post-thumbnail hentry category-materialkunde\" role=\"listitem\">\n\t\t\t<div class=\"elementor-post__card\">\n\t\t\t\t<a class=\"elementor-post__thumbnail__link\" href=\"https:\/\/wollorama.at\/en\/was-ist-nonsuperwash-wolle-ein-leitfaden\/\" tabindex=\"-1\" ><div class=\"elementor-post__thumbnail\"><img decoding=\"async\" width=\"200\" height=\"300\" src=\"https:\/\/wollorama.at\/wp-content\/uploads\/2025\/08\/IMG_1211-200x300.jpg\" class=\"attachment-medium size-medium wp-image-6886\" alt=\"Finnschaf mit L\u00e4mmern\" srcset=\"https:\/\/wollorama.at\/wp-content\/uploads\/2025\/08\/IMG_1211-200x300.jpg 200w, https:\/\/wollorama.at\/wp-content\/uploads\/2025\/08\/IMG_1211-683x1024.jpg 683w, https:\/\/wollorama.at\/wp-content\/uploads\/2025\/08\/IMG_1211-768x1152.jpg 768w, https:\/\/wollorama.at\/wp-content\/uploads\/2025\/08\/IMG_1211-1024x1536.jpg 1024w, https:\/\/wollorama.at\/wp-content\/uploads\/2025\/08\/IMG_1211-600x900.jpg 600w, https:\/\/wollorama.at\/wp-content\/uploads\/2025\/08\/IMG_1211-64x96.jpg 64w, https:\/\/wollorama.at\/wp-content\/uploads\/2025\/08\/IMG_1211.jpg 1280w\" sizes=\"(max-width: 200px) 100vw, 200px\" loading=\"eager\" \/><\/div><\/a>\n\t\t\t\t<div class=\"elementor-post__badge\">Materialkunde<\/div>\n\t\t\t\t<div class=\"elementor-post__text\">\n\t\t\t\t<h3 class=\"elementor-post__title\">\n\t\t\t<a href=\"https:\/\/wollorama.at\/en\/was-ist-nonsuperwash-wolle-ein-leitfaden\/\" >\n\t\t\t\tWas ist Nonsuperwash-Wolle? Ein Leitfaden f\u00fcr Stricker:innen\t\t\t<\/a>\n\t\t<\/h3>\n\t\t\t\t<div class=\"elementor-post__excerpt\">\n\t\t\t<p>Wolle geh\u00f6rt seit Jahrhunderten zu den wichtigsten Textilfasern \u00fcberhaupt. Sie<\/p>\n\t\t<\/div>\n\t\t\n\t\t<a class=\"elementor-post__read-more\" href=\"https:\/\/wollorama.at\/en\/was-ist-nonsuperwash-wolle-ein-leitfaden\/\" aria-label=\"Read more about Was ist Nonsuperwash-Wolle? Ein Leitfaden f\u00fcr Stricker:innen\" tabindex=\"-1\" >\n\t\t\tWeiterlesen \u00bb\t\t<\/a>\n\n\t\t\t\t<\/div>\n\t\t\t\t<div class=\"elementor-post__meta-data\">\n\t\t\t\t\t<span class=\"elementor-post-date\">\n\t\t\t20. August 2025\t\t<\/span>\n\t\t\t\t<span class=\"elementor-post-avatar\">\n\t\t\tNo Comments\t\t<\/span>\n\t\t\t\t<\/div>\n\t\t\t\t\t<\/div>\n\t\t<\/article>\n\t\t\t\t<article class=\"elementor-post elementor-grid-item post-6694 post type-post status-publish format-standard has-post-thumbnail hentry category-beitrag\" role=\"listitem\">\n\t\t\t<div class=\"elementor-post__card\">\n\t\t\t\t<a class=\"elementor-post__thumbnail__link\" href=\"https:\/\/wollorama.at\/en\/wenn-die-maschenpause-ruft-dein-sommer-quiz-rund-ums-stricken\/\" tabindex=\"-1\" ><div class=\"elementor-post__thumbnail\"><img decoding=\"async\" width=\"169\" height=\"300\" src=\"https:\/\/wollorama.at\/wp-content\/uploads\/2025\/06\/IMG_0500-169x300.jpg\" class=\"attachment-medium size-medium wp-image-7780\" alt=\"\" srcset=\"https:\/\/wollorama.at\/wp-content\/uploads\/2025\/06\/IMG_0500-169x300.jpg 169w, https:\/\/wollorama.at\/wp-content\/uploads\/2025\/06\/IMG_0500-600x1067.jpg 600w, https:\/\/wollorama.at\/wp-content\/uploads\/2025\/06\/IMG_0500-64x114.jpg 64w, https:\/\/wollorama.at\/wp-content\/uploads\/2025\/06\/IMG_0500.jpg 1080w\" sizes=\"(max-width: 169px) 100vw, 169px\" loading=\"eager\" \/><\/div><\/a>\n\t\t\t\t<div class=\"elementor-post__badge\">Beitrag<\/div>\n\t\t\t\t<div class=\"elementor-post__text\">\n\t\t\t\t<h3 class=\"elementor-post__title\">\n\t\t\t<a href=\"https:\/\/wollorama.at\/en\/wenn-die-maschenpause-ruft-dein-sommer-quiz-rund-ums-stricken\/\" >\n\t\t\t\tWenn die Maschenpause ruft: Dein Sommer-Quiz rund ums Stricken!\t\t\t<\/a>\n\t\t<\/h3>\n\t\t\t\t<div class=\"elementor-post__excerpt\">\n\t\t\t<p>Die Temperaturen steigen, die Sonne brennt \u2013 und pl\u00f6tzlich f\u00fchlt<\/p>\n\t\t<\/div>\n\t\t\n\t\t<a class=\"elementor-post__read-more\" href=\"https:\/\/wollorama.at\/en\/wenn-die-maschenpause-ruft-dein-sommer-quiz-rund-ums-stricken\/\" aria-label=\"Read more about Wenn die Maschenpause ruft: Dein Sommer-Quiz rund ums Stricken!\" tabindex=\"-1\" >\n\t\t\tWeiterlesen \u00bb\t\t<\/a>\n\n\t\t\t\t<\/div>\n\t\t\t\t<div class=\"elementor-post__meta-data\">\n\t\t\t\t\t<span class=\"elementor-post-date\">\n\t\t\t28. June 2025\t\t<\/span>\n\t\t\t\t<span class=\"elementor-post-avatar\">\n\t\t\t4 Comments\t\t<\/span>\n\t\t\t\t<\/div>\n\t\t\t\t\t<\/div>\n\t\t<\/article>\n\t\t\t\t<article class=\"elementor-post elementor-grid-item post-6500 post type-post status-publish format-standard has-post-thumbnail hentry category-wollgespraeche\" role=\"listitem\">\n\t\t\t<div class=\"elementor-post__card\">\n\t\t\t\t<a class=\"elementor-post__thumbnail__link\" href=\"https:\/\/wollorama.at\/en\/stash-or-not-to-stash\/\" tabindex=\"-1\" ><div class=\"elementor-post__thumbnail\"><img decoding=\"async\" width=\"214\" height=\"300\" src=\"https:\/\/wollorama.at\/wp-content\/uploads\/2025\/04\/StashBild-214x300.webp\" class=\"attachment-medium size-medium wp-image-6506\" alt=\"\" srcset=\"https:\/\/wollorama.at\/wp-content\/uploads\/2025\/04\/StashBild-214x300.webp 214w, https:\/\/wollorama.at\/wp-content\/uploads\/2025\/04\/StashBild-730x1024.webp 730w, https:\/\/wollorama.at\/wp-content\/uploads\/2025\/04\/StashBild-768x1077.webp 768w, https:\/\/wollorama.at\/wp-content\/uploads\/2025\/04\/StashBild-600x841.webp 600w, https:\/\/wollorama.at\/wp-content\/uploads\/2025\/04\/StashBild-64x90.webp 64w, https:\/\/wollorama.at\/wp-content\/uploads\/2025\/04\/StashBild.webp 1090w\" sizes=\"(max-width: 214px) 100vw, 214px\" loading=\"eager\" \/><\/div><\/a>\n\t\t\t\t<div class=\"elementor-post__badge\">Wollgespr\u00e4che<\/div>\n\t\t\t\t<div class=\"elementor-post__text\">\n\t\t\t\t<h3 class=\"elementor-post__title\">\n\t\t\t<a href=\"https:\/\/wollorama.at\/en\/stash-or-not-to-stash\/\" >\n\t\t\t\tStash or not to stash\t\t\t<\/a>\n\t\t<\/h3>\n\t\t\t\t<div class=\"elementor-post__excerpt\">\n\t\t\t<p>Wolle kaufen, ist ein anerkanntes Hobby f\u00fcr sich selbst. Der wachsende Wollvorrat, spaltet jedoch die Strickgeister. Bist du Team &#8222;Wollvorrat&#8220; oder Team &#8222;Projektbezogen kaufen&#8220;. Im Beitrag gibt es Pro&#8217;s und Con&#8217;s f\u00fcr beide F\u00e4lle! <\/p>\n\t\t<\/div>\n\t\t\n\t\t<a class=\"elementor-post__read-more\" href=\"https:\/\/wollorama.at\/en\/stash-or-not-to-stash\/\" aria-label=\"Read more about Stash or not to stash\" tabindex=\"-1\" >\n\t\t\tWeiterlesen \u00bb\t\t<\/a>\n\n\t\t\t\t<\/div>\n\t\t\t\t<div class=\"elementor-post__meta-data\">\n\t\t\t\t\t<span class=\"elementor-post-date\">\n\t\t\t28. April 2025\t\t<\/span>\n\t\t\t\t<span class=\"elementor-post-avatar\">\n\t\t\tNo Comments\t\t<\/span>\n\t\t\t\t<\/div>\n\t\t\t\t\t<\/div>\n\t\t<\/article>\n\t\t\t\t<article class=\"elementor-post elementor-grid-item post-6053 post type-post status-publish format-standard has-post-thumbnail hentry category-wollgespraeche\" role=\"listitem\">\n\t\t\t<div class=\"elementor-post__card\">\n\t\t\t\t<a class=\"elementor-post__thumbnail__link\" href=\"https:\/\/wollorama.at\/en\/wollreste-verwerten\/\" tabindex=\"-1\" ><div class=\"elementor-post__thumbnail\"><img decoding=\"async\" width=\"234\" height=\"300\" src=\"https:\/\/wollorama.at\/wp-content\/uploads\/2024\/12\/Bildschirmfoto-2025-04-22-um-11.05.02-234x300.png\" class=\"attachment-medium size-medium wp-image-7399\" alt=\"\" srcset=\"https:\/\/wollorama.at\/wp-content\/uploads\/2024\/12\/Bildschirmfoto-2025-04-22-um-11.05.02-234x300.png 234w, https:\/\/wollorama.at\/wp-content\/uploads\/2024\/12\/Bildschirmfoto-2025-04-22-um-11.05.02-600x771.png 600w, https:\/\/wollorama.at\/wp-content\/uploads\/2024\/12\/Bildschirmfoto-2025-04-22-um-11.05.02-64x82.png 64w, https:\/\/wollorama.at\/wp-content\/uploads\/2024\/12\/Bildschirmfoto-2025-04-22-um-11.05.02.png 1140w\" sizes=\"(max-width: 234px) 100vw, 234px\" loading=\"eager\" \/><\/div><\/a>\n\t\t\t\t<div class=\"elementor-post__badge\">Wollgespr\u00e4che<\/div>\n\t\t\t\t<div class=\"elementor-post__text\">\n\t\t\t\t<h3 class=\"elementor-post__title\">\n\t\t\t<a href=\"https:\/\/wollorama.at\/en\/wollreste-verwerten\/\" >\n\t\t\t\tWollreste verwerten \u2013 Ideen f\u00fcr Zero-Waste-Stricken\t\t\t<\/a>\n\t\t<\/h3>\n\t\t\t\t<div class=\"elementor-post__excerpt\">\n\t\t\t<p>Mit der Zeit sammeln sich Wollreste an \u2013 selbst wenn<\/p>\n\t\t<\/div>\n\t\t\n\t\t<a class=\"elementor-post__read-more\" href=\"https:\/\/wollorama.at\/en\/wollreste-verwerten\/\" aria-label=\"Read more about Wollreste verwerten \u2013 Ideen f\u00fcr Zero-Waste-Stricken\" tabindex=\"-1\" >\n\t\t\tWeiterlesen \u00bb\t\t<\/a>\n\n\t\t\t\t<\/div>\n\t\t\t\t<div class=\"elementor-post__meta-data\">\n\t\t\t\t\t<span class=\"elementor-post-date\">\n\t\t\t28. April 2025\t\t<\/span>\n\t\t\t\t<span class=\"elementor-post-avatar\">\n\t\t\tNo Comments\t\t<\/span>\n\t\t\t\t<\/div>\n\t\t\t\t\t<\/div>\n\t\t<\/article>\n\t\t\t\t<\/div>\n\t\t\n\t\t\t\t\t\t<\/div>\n\t\t\t\t<\/div>\n\t\t\t\t\t<\/div>\n\t\t\t\t<\/div>\n\t\t\t\t<\/div>","protected":false},"excerpt":{"rendered":"<p>News from the Knitting World<\/p>","protected":false},"author":1,"featured_media":0,"parent":0,"menu_order":0,"comment_status":"closed","ping_status":"closed","template":"","meta":{"site-sidebar-layout":"no-sidebar","site-content-layout":"page-builder","ast-site-content-layout":"full-width-container","site-content-style":"default","site-sidebar-style":"default","ast-global-header-display":"","ast-banner-title-visibility":"","ast-main-header-display":"","ast-hfb-above-header-display":"","ast-hfb-below-header-display":"","ast-hfb-mobile-header-display":"","site-post-title":"disabled","ast-breadcrumbs-content":"","ast-featured-img":"disabled","footer-sml-layout":"","ast-disable-related-posts":"","theme-transparent-header-meta":"","adv-header-id-meta":"","stick-header-meta":"","header-above-stick-meta":"","header-main-stick-meta":"","header-below-stick-meta":"","astra-migrate-meta-layouts":"set","ast-page-background-enabled":"default","ast-page-background-meta":{"desktop":{"background-color":"","background-image":"","background-repeat":"repeat","background-position":"center center","background-size":"auto","background-attachment":"scroll","background-type":"","background-media":"","overlay-type":"","overlay-color":"","overlay-opacity":"","overlay-gradient":""},"tablet":{"background-color":"","background-image":"","background-repeat":"repeat","background-position":"center center","background-size":"auto","background-attachment":"scroll","background-type":"","background-media":"","overlay-type":"","overlay-color":"","overlay-opacity":"","overlay-gradient":""},"mobile":{"background-color":"","background-image":"","background-repeat":"repeat","background-position":"center center","background-size":"auto","background-attachment":"scroll","background-type":"","background-media":"","overlay-type":"","overlay-color":"","overlay-opacity":"","overlay-gradient":""}},"ast-content-background-meta":{"desktop":{"background-color":"var(--ast-global-color-5)","background-image":"","background-repeat":"repeat","background-position":"center center","background-size":"auto","background-attachment":"scroll","background-type":"","background-media":"","overlay-type":"","overlay-color":"","overlay-opacity":"","overlay-gradient":""},"tablet":{"background-color":"var(--ast-global-color-5)","background-image":"","background-repeat":"repeat","background-position":"center center","background-size":"auto","background-attachment":"scroll","background-type":"","background-media":"","overlay-type":"","overlay-color":"","overlay-opacity":"","overlay-gradient":""},"mobile":{"background-color":"var(--ast-global-color-5)","background-image":"","background-repeat":"repeat","background-position":"center center","background-size":"auto","background-attachment":"scroll","background-type":"","background-media":"","overlay-type":"","overlay-color":"","overlay-opacity":"","overlay-gradient":""}},"footnotes":""},"class_list":["post-4716","page","type-page","status-publish","hentry"],"yoast_head":"<!-- This site is optimized with the Yoast SEO plugin v27.4 - https:\/\/yoast.com\/product\/yoast-seo-wordpress\/ -->\n<title>Neuigkeiten aus der Strickwelt - Wollorama<\/title>\n<meta name=\"description\" content=\"Neuigkeiten aus der Strickwelt, ist der Blog, in dem sich alles um die Themen Wolle, Stricken, Strickanleitungen, uvm. dreht!\" \/>\n<meta name=\"robots\" content=\"index, follow, max-snippet:-1, max-image-preview:large, max-video-preview:-1\" \/>\n<link rel=\"canonical\" href=\"https:\/\/wollorama.at\/en\/neuigkeiten-aus-der-strickwelt\/\" \/>\n<meta property=\"og:locale\" content=\"en_GB\" \/>\n<meta property=\"og:type\" content=\"article\" \/>\n<meta property=\"og:title\" content=\"Neuigkeiten aus der Strickwelt - Wollorama\" \/>\n<meta property=\"og:description\" content=\"Neuigkeiten aus der Strickwelt, ist der Blog, in dem sich alles um die Themen Wolle, Stricken, Strickanleitungen, uvm. dreht!\" \/>\n<meta property=\"og:url\" content=\"https:\/\/wollorama.at\/en\/neuigkeiten-aus-der-strickwelt\/\" \/>\n<meta property=\"og:site_name\" content=\"Wollorama\" \/>\n<meta property=\"article:publisher\" content=\"https:\/\/facebook.com\/wollorama\" \/>\n<meta property=\"article:modified_time\" content=\"2025-04-29T19:11:23+00:00\" \/>\n<meta name=\"twitter:card\" content=\"summary_large_image\" \/>\n<meta name=\"twitter:label1\" content=\"Estimated reading time\" \/>\n\t<meta name=\"twitter:data1\" content=\"3 minutes\" \/>\n<script type=\"application\/ld+json\" class=\"yoast-schema-graph\">{\"@context\":\"https:\\\/\\\/schema.org\",\"@graph\":[{\"@type\":\"WebPage\",\"@id\":\"https:\\\/\\\/wollorama.at\\\/neuigkeiten-aus-der-strickwelt\\\/\",\"url\":\"https:\\\/\\\/wollorama.at\\\/neuigkeiten-aus-der-strickwelt\\\/\",\"name\":\"Neuigkeiten aus der Strickwelt - Wollorama\",\"isPartOf\":{\"@id\":\"https:\\\/\\\/wollorama.at\\\/#website\"},\"datePublished\":\"2024-12-03T10:56:05+00:00\",\"dateModified\":\"2025-04-29T19:11:23+00:00\",\"description\":\"Neuigkeiten aus der Strickwelt, ist der Blog, in dem sich alles um die Themen Wolle, Stricken, Strickanleitungen, uvm. dreht!\",\"breadcrumb\":{\"@id\":\"https:\\\/\\\/wollorama.at\\\/neuigkeiten-aus-der-strickwelt\\\/#breadcrumb\"},\"inLanguage\":\"en-GB\",\"potentialAction\":[{\"@type\":\"ReadAction\",\"target\":[\"https:\\\/\\\/wollorama.at\\\/neuigkeiten-aus-der-strickwelt\\\/\"]}]},{\"@type\":\"BreadcrumbList\",\"@id\":\"https:\\\/\\\/wollorama.at\\\/neuigkeiten-aus-der-strickwelt\\\/#breadcrumb\",\"itemListElement\":[{\"@type\":\"ListItem\",\"position\":1,\"name\":\"Home\",\"item\":\"https:\\\/\\\/wollorama.at\\\/\"},{\"@type\":\"ListItem\",\"position\":2,\"name\":\"Neuigkeiten aus der Strickwelt\"}]},{\"@type\":\"WebSite\",\"@id\":\"https:\\\/\\\/wollorama.at\\\/#website\",\"url\":\"https:\\\/\\\/wollorama.at\\\/\",\"name\":\"Wollorama\",\"description\":\"Willkommen\",\"publisher\":{\"@id\":\"https:\\\/\\\/wollorama.at\\\/#organization\"},\"potentialAction\":[{\"@type\":\"SearchAction\",\"target\":{\"@type\":\"EntryPoint\",\"urlTemplate\":\"https:\\\/\\\/wollorama.at\\\/?s={search_term_string}\"},\"query-input\":{\"@type\":\"PropertyValueSpecification\",\"valueRequired\":true,\"valueName\":\"search_term_string\"}}],\"inLanguage\":\"en-GB\"},{\"@type\":\"Organization\",\"@id\":\"https:\\\/\\\/wollorama.at\\\/#organization\",\"name\":\"Wollorama\",\"url\":\"https:\\\/\\\/wollorama.at\\\/\",\"logo\":{\"@type\":\"ImageObject\",\"inLanguage\":\"en-GB\",\"@id\":\"https:\\\/\\\/wollorama.at\\\/#\\\/schema\\\/logo\\\/image\\\/\",\"url\":\"https:\\\/\\\/wollorama.at\\\/wp-content\\\/uploads\\\/2025\\\/10\\\/Woll.-rama.png\",\"contentUrl\":\"https:\\\/\\\/wollorama.at\\\/wp-content\\\/uploads\\\/2025\\\/10\\\/Woll.-rama.png\",\"width\":2281,\"height\":490,\"caption\":\"Wollorama\"},\"image\":{\"@id\":\"https:\\\/\\\/wollorama.at\\\/#\\\/schema\\\/logo\\\/image\\\/\"},\"sameAs\":[\"https:\\\/\\\/facebook.com\\\/wollorama\",\"https:\\\/\\\/at.pinterest.com\\\/wolloramashop\\\/\"]}]}<\/script>\n<!-- \/ Yoast SEO plugin. -->","yoast_head_json":{"title":"Neuigkeiten aus der Strickwelt - Wollorama","description":"Neuigkeiten aus der Strickwelt, ist der Blog, in dem sich alles um die Themen Wolle, Stricken, Strickanleitungen, uvm. dreht!","robots":{"index":"index","follow":"follow","max-snippet":"max-snippet:-1","max-image-preview":"max-image-preview:large","max-video-preview":"max-video-preview:-1"},"canonical":"https:\/\/wollorama.at\/en\/neuigkeiten-aus-der-strickwelt\/","og_locale":"en_GB","og_type":"article","og_title":"Neuigkeiten aus der Strickwelt - Wollorama","og_description":"Neuigkeiten aus der Strickwelt, ist der Blog, in dem sich alles um die Themen Wolle, Stricken, Strickanleitungen, uvm. dreht!","og_url":"https:\/\/wollorama.at\/en\/neuigkeiten-aus-der-strickwelt\/","og_site_name":"Wollorama","article_publisher":"https:\/\/facebook.com\/wollorama","article_modified_time":"2025-04-29T19:11:23+00:00","twitter_card":"summary_large_image","twitter_misc":{"Estimated reading time":"3 minutes"},"schema":{"@context":"https:\/\/schema.org","@graph":[{"@type":"WebPage","@id":"https:\/\/wollorama.at\/neuigkeiten-aus-der-strickwelt\/","url":"https:\/\/wollorama.at\/neuigkeiten-aus-der-strickwelt\/","name":"Neuigkeiten aus der Strickwelt - Wollorama","isPartOf":{"@id":"https:\/\/wollorama.at\/#website"},"datePublished":"2024-12-03T10:56:05+00:00","dateModified":"2025-04-29T19:11:23+00:00","description":"Neuigkeiten aus der Strickwelt, ist der Blog, in dem sich alles um die Themen Wolle, Stricken, Strickanleitungen, uvm. dreht!","breadcrumb":{"@id":"https:\/\/wollorama.at\/neuigkeiten-aus-der-strickwelt\/#breadcrumb"},"inLanguage":"en-GB","potentialAction":[{"@type":"ReadAction","target":["https:\/\/wollorama.at\/neuigkeiten-aus-der-strickwelt\/"]}]},{"@type":"BreadcrumbList","@id":"https:\/\/wollorama.at\/neuigkeiten-aus-der-strickwelt\/#breadcrumb","itemListElement":[{"@type":"ListItem","position":1,"name":"Home","item":"https:\/\/wollorama.at\/"},{"@type":"ListItem","position":2,"name":"Neuigkeiten aus der Strickwelt"}]},{"@type":"WebSite","@id":"https:\/\/wollorama.at\/#website","url":"https:\/\/wollorama.at\/","name":"Wollorama","description":"Willkommen","publisher":{"@id":"https:\/\/wollorama.at\/#organization"},"potentialAction":[{"@type":"SearchAction","target":{"@type":"EntryPoint","urlTemplate":"https:\/\/wollorama.at\/?s={search_term_string}"},"query-input":{"@type":"PropertyValueSpecification","valueRequired":true,"valueName":"search_term_string"}}],"inLanguage":"en-GB"},{"@type":"Organization","@id":"https:\/\/wollorama.at\/#organization","name":"Wollorama","url":"https:\/\/wollorama.at\/","logo":{"@type":"ImageObject","inLanguage":"en-GB","@id":"https:\/\/wollorama.at\/#\/schema\/logo\/image\/","url":"https:\/\/wollorama.at\/wp-content\/uploads\/2025\/10\/Woll.-rama.png","contentUrl":"https:\/\/wollorama.at\/wp-content\/uploads\/2025\/10\/Woll.-rama.png","width":2281,"height":490,"caption":"Wollorama"},"image":{"@id":"https:\/\/wollorama.at\/#\/schema\/logo\/image\/"},"sameAs":["https:\/\/facebook.com\/wollorama","https:\/\/at.pinterest.com\/wolloramashop\/"]}]}},"_links":{"self":[{"href":"https:\/\/wollorama.at\/en\/wp-json\/wp\/v2\/pages\/4716","targetHints":{"allow":["GET"]}}],"collection":[{"href":"https:\/\/wollorama.at\/en\/wp-json\/wp\/v2\/pages"}],"about":[{"href":"https:\/\/wollorama.at\/en\/wp-json\/wp\/v2\/types\/page"}],"author":[{"embeddable":true,"href":"https:\/\/wollorama.at\/en\/wp-json\/wp\/v2\/users\/1"}],"replies":[{"embeddable":true,"href":"https:\/\/wollorama.at\/en\/wp-json\/wp\/v2\/comments?post=4716"}],"version-history":[{"count":0,"href":"https:\/\/wollorama.at\/en\/wp-json\/wp\/v2\/pages\/4716\/revisions"}],"wp:attachment":[{"href":"https:\/\/wollorama.at\/en\/wp-json\/wp\/v2\/media?parent=4716"}],"curies":[{"name":"wp","href":"https:\/\/api.w.org\/{rel}","templated":true}]}}