{"id":23,"date":"2024-10-17T10:38:19","date_gmt":"2024-10-17T10:38:19","guid":{"rendered":"https:\/\/wollorama.at\/?page_id=23"},"modified":"2024-10-22T09:01:31","modified_gmt":"2024-10-22T09:01:31","slug":"datenschutzerklaerung","status":"publish","type":"page","link":"https:\/\/wollorama.at\/en\/datenschutzerklaerung\/","title":{"rendered":"Datenschutzerkl\u00e4rung"},"content":{"rendered":"<div data-elementor-type=\"wp-page\" data-elementor-id=\"23\" class=\"elementor elementor-23\" data-elementor-post-type=\"page\">\n\t\t\t\t<div class=\"elementor-element elementor-element-2b3b6a2c e-flex e-con-boxed e-con e-parent\" data-id=\"2b3b6a2c\" data-element_type=\"container\" data-e-type=\"container\">\n\t\t\t\t\t<div class=\"e-con-inner\">\n\t\t\t\t<div class=\"elementor-element elementor-element-22510a1a elementor-widget elementor-widget-text-editor\" data-id=\"22510a1a\" data-element_type=\"widget\" data-e-type=\"widget\" data-widget_type=\"text-editor.default\">\n\t\t\t\t<div class=\"elementor-widget-container\">\n\t\t\t\t\t\t\t\t\t<p>Wir freuen uns, dass Sie unseren Onlineshop besuchen und bedanken uns f\u00fcr Ihr Interesse. Der Schutz Ihrer pers\u00f6nlichen Daten ist uns ein wichtiges Anliegen. Nachfolgend informieren wir Sie \u00fcber den Umgang mit Ihren Daten im Rahmen der Nutzung unseres Onlineshops.<\/p>\n<h3>1. <strong>Verantwortlicher<\/strong><\/h3>\n<p>Der Verantwortliche f\u00fcr die Datenverarbeitung im Sinne der DSGVO ist:<\/p>\n<p><strong>DI Stefanie Taibl<\/strong><br \/>Gr\u00fcnnergasse 16, 2000 Stockerau<br \/>info@wollorama.at<br \/>0043 680 2213918<br \/><br \/><\/p>\n<h3>2. <strong>Erhebung und Speicherung personenbezogener Daten sowie Art und Zweck von deren Verwendung<\/strong><\/h3>\n<h4>a) Beim Besuch unserer Website<\/h4>\n<p>Beim Aufrufen unserer Website werden durch den auf Ihrem Endger\u00e4t zum Einsatz kommenden Browser automatisch Informationen an den Server unserer Website gesendet. Diese Informationen werden tempor\u00e4r in einem sog. Logfile gespeichert. Folgende Informationen werden dabei ohne Ihr Zutun erfasst und bis zur automatisierten L\u00f6schung gespeichert:<\/p>\n<ul>\n<li>IP-Adresse des anfragenden Rechners<\/li>\n<li>Datum und Uhrzeit des Zugriffs<\/li>\n<li>Name und URL der abgerufenen Datei<\/li>\n<li>Website, von der aus der Zugriff erfolgt (Referrer-URL)<\/li>\n<li>Verwendeter Browser und ggf. das Betriebssystem Ihres Rechners sowie der Name Ihres Access-Providers<\/li>\n<\/ul>\n<p>Die genannten Daten werden von uns zu folgenden Zwecken verarbeitet:<\/p>\n<ul>\n<li>Gew\u00e4hrleistung eines reibungslosen Verbindungsaufbaus der Website<\/li>\n<li>Gew\u00e4hrleistung einer komfortablen Nutzung unserer Website<\/li>\n<li>Auswertung der Systemsicherheit und -stabilit\u00e4t<\/li>\n<li>Weitere administrative Zwecke<\/li>\n<\/ul>\n<p>Die Rechtsgrundlage f\u00fcr die Datenverarbeitung ist Art. 6 Abs. 1 S. 1 lit. f DSGVO. Unser berechtigtes Interesse folgt aus den oben aufgelisteten Zwecken zur Datenerhebung.<\/p>\n<h4>b) Bei der Registrierung f\u00fcr unseren Newsletter<\/h4>\n<p>Sofern Sie nach Art. 6 Abs. 1 S. 1 lit. a DSGVO ausdr\u00fccklich eingewilligt haben, verwenden wir Ihre E-Mail-Adresse daf\u00fcr, Ihnen regelm\u00e4\u00dfig unseren Newsletter zu \u00fcbersenden. F\u00fcr den Empfang des Newsletters ist die Angabe einer E-Mail-Adresse ausreichend.<\/p>\n<p>Die Abmeldung ist jederzeit m\u00f6glich, zum Beispiel \u00fcber einen Link am Ende eines jeden Newsletters. Alternativ k\u00f6nnen Sie Ihren Abmeldewunsch gerne auch jederzeit an <strong>info@wollorama.at<\/strong> per E-Mail senden.<\/p>\n<h4>c) Bei Bestellungen in unserem Onlineshop<\/h4>\n<p>Bei der Bestellung in unserem Onlineshop erheben wir folgende Daten:<\/p>\n<ul>\n<li>Name, Vorname<\/li>\n<li>Rechnungs- und Lieferadresse<\/li>\n<li>E-Mail-Adresse<\/li>\n<li>Telefonnummer<\/li>\n<li>Zahlungsinformationen (z.B. Kreditkartendaten)<\/li>\n<\/ul>\n<p>Die Datenverarbeitung erfolgt zum Zweck der Abwicklung Ihrer Bestellung und basiert auf Art. 6 Abs. 1 lit. b DSGVO (Erf\u00fcllung eines Vertrages).<\/p>\n<h3>3. <strong>Weitergabe von Daten an Dritte<\/strong><\/h3>\n<p>Eine \u00dcbermittlung Ihrer pers\u00f6nlichen Daten an Dritte zu anderen als den im Folgenden aufgef\u00fchrten Zwecken findet nicht statt. Wir geben Ihre pers\u00f6nlichen Daten nur an Dritte weiter, wenn:<\/p>\n<ul>\n<li>Sie Ihre nach Art. 6 Abs. 1 S. 1 lit. a DSGVO ausdr\u00fcckliche Einwilligung dazu erteilt haben<\/li>\n<li>Die Weitergabe nach Art. 6 Abs. 1 S. 1 lit. b DSGVO f\u00fcr die Abwicklung von Vertragsverh\u00e4ltnissen mit Ihnen erforderlich ist (z.B. Zahlungsabwickler)<\/li>\n<li>F\u00fcr den Fall, dass f\u00fcr die Weitergabe nach Art. 6 Abs. 1 S. 1 lit. c DSGVO eine gesetzliche Verpflichtung besteht<\/li>\n<li>Die Weitergabe nach Art. 6 Abs. 1 S. 1 lit. f DSGVO zur Wahrung berechtigter Interessen erforderlich ist<\/li>\n<\/ul>\n<h3>4. <strong>Cookies<\/strong><\/h3>\n<p>Unsere Website verwendet Cookies. Cookies sind kleine Dateien, die Ihr Browser automatisch erstellt und die auf Ihrem Endger\u00e4t (Laptop, Tablet, Smartphone o.\u00e4.) gespeichert werden, wenn Sie unsere Seite besuchen. Cookies richten auf Ihrem Endger\u00e4t keinen Schaden an, enthalten keine Viren, Trojaner oder sonstige Schadsoftware.<\/p>\n<h3>5. <strong>Betroffenenrechte<\/strong><\/h3>\n<p>Sie haben das Recht:<\/p>\n<ul>\n<li>Gem\u00e4\u00df Art. 15 DSGVO Auskunft \u00fcber Ihre von uns verarbeiteten personenbezogenen Daten zu verlangen.<\/li>\n<li>Gem\u00e4\u00df Art. 16 DSGVO unverz\u00fcglich die Berichtigung unrichtiger oder Vervollst\u00e4ndigung Ihrer bei uns gespeicherten personenbezogenen Daten zu verlangen.<\/li>\n<li>Gem\u00e4\u00df Art. 17 DSGVO die L\u00f6schung Ihrer bei uns gespeicherten personenbezogenen Daten zu verlangen.<\/li>\n<li>Gem\u00e4\u00df Art. 18 DSGVO die Einschr\u00e4nkung der Verarbeitung Ihrer personenbezogenen Daten zu verlangen.<\/li>\n<li>Gem\u00e4\u00df Art. 20 DSGVO Ihre personenbezogenen Daten in einem strukturierten, g\u00e4ngigen und maschinenlesbaren Format zu erhalten oder die \u00dcbermittlung an einen anderen Verantwortlichen zu verlangen.<\/li>\n<\/ul>\n<p>Zur Aus\u00fcbung Ihrer Rechte wenden Sie sich bitte an:<br \/><strong>info@wollorama.at<\/strong><\/p>\n<h3>6. <strong>Datensicherheit<\/strong><\/h3>\n<p>Wir verwenden innerhalb des Website-Besuchs das verbreitete SSL-Verfahren (Secure Socket Layer) in Verbindung mit der jeweils h\u00f6chsten Verschl\u00fcsselungsstufe.<\/p>\n<h3>7. <strong>\u00c4nderungen dieser Datenschutzerkl\u00e4rung<\/strong><\/h3>\n<p>Wir behalten uns vor, diese Datenschutzerkl\u00e4rung bei Bedarf anzupassen.<\/p>\n\t\t\t\t\t\t\t\t<\/div>\n\t\t\t\t<\/div>\n\t\t\t\t\t<\/div>\n\t\t\t\t<\/div>\n\t\t\t\t<\/div>","protected":false},"excerpt":{"rendered":"<p>Wir freuen uns, dass Sie unseren Onlineshop besuchen und bedanken uns f\u00fcr Ihr Interesse. Der Schutz Ihrer pers\u00f6nlichen Daten ist uns ein wichtiges Anliegen. Nachfolgend informieren wir Sie \u00fcber den Umgang mit Ihren Daten im Rahmen der Nutzung unseres Onlineshops. 1. Verantwortlicher Der Verantwortliche f\u00fcr die Datenverarbeitung im Sinne der DSGVO ist: DI Stefanie TaiblGr\u00fcnnergasse [&hellip;]<\/p>\n","protected":false},"author":1,"featured_media":0,"parent":0,"menu_order":0,"comment_status":"closed","ping_status":"closed","template":"","meta":{"site-sidebar-layout":"default","site-content-layout":"","ast-site-content-layout":"default","site-content-style":"default","site-sidebar-style":"default","ast-global-header-display":"","ast-banner-title-visibility":"","ast-main-header-display":"","ast-hfb-above-header-display":"","ast-hfb-below-header-display":"","ast-hfb-mobile-header-display":"","site-post-title":"","ast-breadcrumbs-content":"","ast-featured-img":"","footer-sml-layout":"","ast-disable-related-posts":"","theme-transparent-header-meta":"","adv-header-id-meta":"","stick-header-meta":"","header-above-stick-meta":"","header-main-stick-meta":"","header-below-stick-meta":"","astra-migrate-meta-layouts":"set","ast-page-background-enabled":"default","ast-page-background-meta":{"desktop":{"background-color":"","background-image":"","background-repeat":"repeat","background-position":"center center","background-size":"auto","background-attachment":"scroll","background-type":"","background-media":"","overlay-type":"","overlay-color":"","overlay-opacity":"","overlay-gradient":""},"tablet":{"background-color":"","background-image":"","background-repeat":"repeat","background-position":"center center","background-size":"auto","background-attachment":"scroll","background-type":"","background-media":"","overlay-type":"","overlay-color":"","overlay-opacity":"","overlay-gradient":""},"mobile":{"background-color":"","background-image":"","background-repeat":"repeat","background-position":"center center","background-size":"auto","background-attachment":"scroll","background-type":"","background-media":"","overlay-type":"","overlay-color":"","overlay-opacity":"","overlay-gradient":""}},"ast-content-background-meta":{"desktop":{"background-color":"var(--ast-global-color-5)","background-image":"","background-repeat":"repeat","background-position":"center center","background-size":"auto","background-attachment":"scroll","background-type":"","background-media":"","overlay-type":"","overlay-color":"","overlay-opacity":"","overlay-gradient":""},"tablet":{"background-color":"var(--ast-global-color-5)","background-image":"","background-repeat":"repeat","background-position":"center center","background-size":"auto","background-attachment":"scroll","background-type":"","background-media":"","overlay-type":"","overlay-color":"","overlay-opacity":"","overlay-gradient":""},"mobile":{"background-color":"var(--ast-global-color-5)","background-image":"","background-repeat":"repeat","background-position":"center center","background-size":"auto","background-attachment":"scroll","background-type":"","background-media":"","overlay-type":"","overlay-color":"","overlay-opacity":"","overlay-gradient":""}},"footnotes":""},"class_list":["post-23","page","type-page","status-publish","hentry"],"yoast_head":"<!-- This site is optimized with the Yoast SEO plugin v27.4 - https:\/\/yoast.com\/product\/yoast-seo-wordpress\/ -->\n<title>Datenschutzerkl\u00e4rung - Wollorama<\/title>\n<meta name=\"robots\" content=\"index, follow, max-snippet:-1, max-image-preview:large, max-video-preview:-1\" \/>\n<link rel=\"canonical\" href=\"https:\/\/wollorama.at\/en\/datenschutzerklaerung\/\" \/>\n<meta property=\"og:locale\" content=\"en_GB\" \/>\n<meta property=\"og:type\" content=\"article\" \/>\n<meta property=\"og:title\" content=\"Datenschutzerkl\u00e4rung - Wollorama\" \/>\n<meta property=\"og:description\" content=\"Wir freuen uns, dass Sie unseren Onlineshop besuchen und bedanken uns f\u00fcr Ihr Interesse. Der Schutz Ihrer pers\u00f6nlichen Daten ist uns ein wichtiges Anliegen. Nachfolgend informieren wir Sie \u00fcber den Umgang mit Ihren Daten im Rahmen der Nutzung unseres Onlineshops. 1. Verantwortlicher Der Verantwortliche f\u00fcr die Datenverarbeitung im Sinne der DSGVO ist: DI Stefanie TaiblGr\u00fcnnergasse [&hellip;]\" \/>\n<meta property=\"og:url\" content=\"https:\/\/wollorama.at\/en\/datenschutzerklaerung\/\" \/>\n<meta property=\"og:site_name\" content=\"Wollorama\" \/>\n<meta property=\"article:publisher\" content=\"https:\/\/facebook.com\/wollorama\" \/>\n<meta property=\"article:modified_time\" content=\"2024-10-22T09:01:31+00:00\" \/>\n<meta name=\"twitter:card\" content=\"summary_large_image\" \/>\n<meta name=\"twitter:label1\" content=\"Estimated reading time\" \/>\n\t<meta name=\"twitter:data1\" content=\"4 minutes\" \/>\n<script type=\"application\/ld+json\" class=\"yoast-schema-graph\">{\"@context\":\"https:\\\/\\\/schema.org\",\"@graph\":[{\"@type\":\"WebPage\",\"@id\":\"https:\\\/\\\/wollorama.at\\\/datenschutzerklaerung\\\/\",\"url\":\"https:\\\/\\\/wollorama.at\\\/datenschutzerklaerung\\\/\",\"name\":\"Datenschutzerkl\u00e4rung - Wollorama\",\"isPartOf\":{\"@id\":\"https:\\\/\\\/wollorama.at\\\/#website\"},\"datePublished\":\"2024-10-17T10:38:19+00:00\",\"dateModified\":\"2024-10-22T09:01:31+00:00\",\"breadcrumb\":{\"@id\":\"https:\\\/\\\/wollorama.at\\\/datenschutzerklaerung\\\/#breadcrumb\"},\"inLanguage\":\"en-GB\",\"potentialAction\":[{\"@type\":\"ReadAction\",\"target\":[\"https:\\\/\\\/wollorama.at\\\/datenschutzerklaerung\\\/\"]}]},{\"@type\":\"BreadcrumbList\",\"@id\":\"https:\\\/\\\/wollorama.at\\\/datenschutzerklaerung\\\/#breadcrumb\",\"itemListElement\":[{\"@type\":\"ListItem\",\"position\":1,\"name\":\"Home\",\"item\":\"https:\\\/\\\/wollorama.at\\\/\"},{\"@type\":\"ListItem\",\"position\":2,\"name\":\"Datenschutzerkl\u00e4rung\"}]},{\"@type\":\"WebSite\",\"@id\":\"https:\\\/\\\/wollorama.at\\\/#website\",\"url\":\"https:\\\/\\\/wollorama.at\\\/\",\"name\":\"Wollorama\",\"description\":\"Willkommen\",\"publisher\":{\"@id\":\"https:\\\/\\\/wollorama.at\\\/#organization\"},\"potentialAction\":[{\"@type\":\"SearchAction\",\"target\":{\"@type\":\"EntryPoint\",\"urlTemplate\":\"https:\\\/\\\/wollorama.at\\\/?s={search_term_string}\"},\"query-input\":{\"@type\":\"PropertyValueSpecification\",\"valueRequired\":true,\"valueName\":\"search_term_string\"}}],\"inLanguage\":\"en-GB\"},{\"@type\":\"Organization\",\"@id\":\"https:\\\/\\\/wollorama.at\\\/#organization\",\"name\":\"Wollorama\",\"url\":\"https:\\\/\\\/wollorama.at\\\/\",\"logo\":{\"@type\":\"ImageObject\",\"inLanguage\":\"en-GB\",\"@id\":\"https:\\\/\\\/wollorama.at\\\/#\\\/schema\\\/logo\\\/image\\\/\",\"url\":\"https:\\\/\\\/wollorama.at\\\/wp-content\\\/uploads\\\/2025\\\/10\\\/Woll.-rama.png\",\"contentUrl\":\"https:\\\/\\\/wollorama.at\\\/wp-content\\\/uploads\\\/2025\\\/10\\\/Woll.-rama.png\",\"width\":2281,\"height\":490,\"caption\":\"Wollorama\"},\"image\":{\"@id\":\"https:\\\/\\\/wollorama.at\\\/#\\\/schema\\\/logo\\\/image\\\/\"},\"sameAs\":[\"https:\\\/\\\/facebook.com\\\/wollorama\",\"https:\\\/\\\/at.pinterest.com\\\/wolloramashop\\\/\"]}]}<\/script>\n<!-- \/ Yoast SEO plugin. -->","yoast_head_json":{"title":"Datenschutzerkl\u00e4rung - Wollorama","robots":{"index":"index","follow":"follow","max-snippet":"max-snippet:-1","max-image-preview":"max-image-preview:large","max-video-preview":"max-video-preview:-1"},"canonical":"https:\/\/wollorama.at\/en\/datenschutzerklaerung\/","og_locale":"en_GB","og_type":"article","og_title":"Datenschutzerkl\u00e4rung - Wollorama","og_description":"Wir freuen uns, dass Sie unseren Onlineshop besuchen und bedanken uns f\u00fcr Ihr Interesse. Der Schutz Ihrer pers\u00f6nlichen Daten ist uns ein wichtiges Anliegen. Nachfolgend informieren wir Sie \u00fcber den Umgang mit Ihren Daten im Rahmen der Nutzung unseres Onlineshops. 1. Verantwortlicher Der Verantwortliche f\u00fcr die Datenverarbeitung im Sinne der DSGVO ist: DI Stefanie TaiblGr\u00fcnnergasse [&hellip;]","og_url":"https:\/\/wollorama.at\/en\/datenschutzerklaerung\/","og_site_name":"Wollorama","article_publisher":"https:\/\/facebook.com\/wollorama","article_modified_time":"2024-10-22T09:01:31+00:00","twitter_card":"summary_large_image","twitter_misc":{"Estimated reading time":"4 minutes"},"schema":{"@context":"https:\/\/schema.org","@graph":[{"@type":"WebPage","@id":"https:\/\/wollorama.at\/datenschutzerklaerung\/","url":"https:\/\/wollorama.at\/datenschutzerklaerung\/","name":"Datenschutzerkl\u00e4rung - Wollorama","isPartOf":{"@id":"https:\/\/wollorama.at\/#website"},"datePublished":"2024-10-17T10:38:19+00:00","dateModified":"2024-10-22T09:01:31+00:00","breadcrumb":{"@id":"https:\/\/wollorama.at\/datenschutzerklaerung\/#breadcrumb"},"inLanguage":"en-GB","potentialAction":[{"@type":"ReadAction","target":["https:\/\/wollorama.at\/datenschutzerklaerung\/"]}]},{"@type":"BreadcrumbList","@id":"https:\/\/wollorama.at\/datenschutzerklaerung\/#breadcrumb","itemListElement":[{"@type":"ListItem","position":1,"name":"Home","item":"https:\/\/wollorama.at\/"},{"@type":"ListItem","position":2,"name":"Datenschutzerkl\u00e4rung"}]},{"@type":"WebSite","@id":"https:\/\/wollorama.at\/#website","url":"https:\/\/wollorama.at\/","name":"Wollorama","description":"Willkommen","publisher":{"@id":"https:\/\/wollorama.at\/#organization"},"potentialAction":[{"@type":"SearchAction","target":{"@type":"EntryPoint","urlTemplate":"https:\/\/wollorama.at\/?s={search_term_string}"},"query-input":{"@type":"PropertyValueSpecification","valueRequired":true,"valueName":"search_term_string"}}],"inLanguage":"en-GB"},{"@type":"Organization","@id":"https:\/\/wollorama.at\/#organization","name":"Wollorama","url":"https:\/\/wollorama.at\/","logo":{"@type":"ImageObject","inLanguage":"en-GB","@id":"https:\/\/wollorama.at\/#\/schema\/logo\/image\/","url":"https:\/\/wollorama.at\/wp-content\/uploads\/2025\/10\/Woll.-rama.png","contentUrl":"https:\/\/wollorama.at\/wp-content\/uploads\/2025\/10\/Woll.-rama.png","width":2281,"height":490,"caption":"Wollorama"},"image":{"@id":"https:\/\/wollorama.at\/#\/schema\/logo\/image\/"},"sameAs":["https:\/\/facebook.com\/wollorama","https:\/\/at.pinterest.com\/wolloramashop\/"]}]}},"_links":{"self":[{"href":"https:\/\/wollorama.at\/en\/wp-json\/wp\/v2\/pages\/23","targetHints":{"allow":["GET"]}}],"collection":[{"href":"https:\/\/wollorama.at\/en\/wp-json\/wp\/v2\/pages"}],"about":[{"href":"https:\/\/wollorama.at\/en\/wp-json\/wp\/v2\/types\/page"}],"author":[{"embeddable":true,"href":"https:\/\/wollorama.at\/en\/wp-json\/wp\/v2\/users\/1"}],"replies":[{"embeddable":true,"href":"https:\/\/wollorama.at\/en\/wp-json\/wp\/v2\/comments?post=23"}],"version-history":[{"count":0,"href":"https:\/\/wollorama.at\/en\/wp-json\/wp\/v2\/pages\/23\/revisions"}],"wp:attachment":[{"href":"https:\/\/wollorama.at\/en\/wp-json\/wp\/v2\/media?parent=23"}],"curies":[{"name":"wp","href":"https:\/\/api.w.org\/{rel}","templated":true}]}}