{"id":2021,"date":"2024-11-17T13:49:22","date_gmt":"2024-11-17T13:49:22","guid":{"rendered":"https:\/\/wollorama.at\/?page_id=2021"},"modified":"2025-11-27T22:49:44","modified_gmt":"2025-11-27T22:49:44","slug":"gabo-wool","status":"publish","type":"page","link":"https:\/\/wollorama.at\/en\/gabo-wool\/","title":{"rendered":"Gabo Wool"},"content":{"rendered":"<div data-elementor-type=\"wp-page\" data-elementor-id=\"2021\" class=\"elementor elementor-2021\" data-elementor-post-type=\"page\">\n\t\t\t\t<div class=\"elementor-element elementor-element-f5c09bc e-flex e-con-boxed e-con e-parent\" data-id=\"f5c09bc\" data-element_type=\"container\" data-e-type=\"container\">\n\t\t\t\t\t<div class=\"e-con-inner\">\n\t\t<div class=\"elementor-element elementor-element-f33af62 e-con-full e-flex e-con e-child\" data-id=\"f33af62\" data-element_type=\"container\" data-e-type=\"container\">\n\t\t\t\t<div class=\"elementor-element elementor-element-74f25ee elementor-widget elementor-widget-heading\" data-id=\"74f25ee\" data-element_type=\"widget\" data-e-type=\"widget\" data-widget_type=\"heading.default\">\n\t\t\t\t<div class=\"elementor-widget-container\">\n\t\t\t\t\t<h1 class=\"elementor-heading-title elementor-size-default\">Gabo Wool<\/h1>\t\t\t\t<\/div>\n\t\t\t\t<\/div>\n\t\t\t\t<div class=\"elementor-element elementor-element-8f95ce1 elementor-widget elementor-widget-heading\" data-id=\"8f95ce1\" data-element_type=\"widget\" data-e-type=\"widget\" data-widget_type=\"heading.default\">\n\t\t\t\t<div class=\"elementor-widget-container\">\n\t\t\t\t\t<span class=\"elementor-heading-title elementor-size-default\">Wolle aus Polen - farbenfroh und flauschig<\/span>\t\t\t\t<\/div>\n\t\t\t\t<\/div>\n\t\t\t\t<\/div>\n\t\t\t\t\t<\/div>\n\t\t\t\t<\/div>\n\t\t<div class=\"elementor-element elementor-element-9e332d4 e-grid e-con-boxed e-con e-parent\" data-id=\"9e332d4\" data-element_type=\"container\" data-e-type=\"container\" id=\"gabowool\">\n\t\t\t\t\t<div class=\"e-con-inner\">\n\t\t\t\t<div class=\"elementor-element elementor-element-13c3c20 elementor-widget elementor-widget-text-editor\" data-id=\"13c3c20\" data-element_type=\"widget\" data-e-type=\"widget\" data-widget_type=\"text-editor.default\">\n\t\t\t\t<div class=\"elementor-widget-container\">\n\t\t\t\t\t\t\t\t\t<h3>Wer ist Gabo Wool<\/h3><p>Gabo Wool ist ein Familienbetrieb aus Polen. Krystian der Inhaber, sammelte viele Jahre Erfahrung beim Wollhersteller Sandnes, bevor er sein eigenes Unternehmen gr\u00fcndete. Kreativit\u00e4t, enge Zusammenarbeit mit polnischen Designer:innen und der Slogan #NO\u015aSI\u0118ZDROWO (Gesund Tragen) sind die Grundpfeiler von Gabo Wool.<\/p>\t\t\t\t\t\t\t\t<\/div>\n\t\t\t\t<\/div>\n\t\t\t\t<div class=\"elementor-element elementor-element-51080cb elementor-widget elementor-widget-image\" data-id=\"51080cb\" data-element_type=\"widget\" data-e-type=\"widget\" data-widget_type=\"image.default\">\n\t\t\t\t<div class=\"elementor-widget-container\">\n\t\t\t\t\t\t\t\t\t\t\t\t\t\t\t<img fetchpriority=\"high\" decoding=\"async\" width=\"300\" height=\"293\" src=\"https:\/\/wollorama.at\/wp-content\/uploads\/2025\/11\/Bildschirmfoto-2024-12-08-um-11.07.11-300x293.png\" class=\"attachment-medium size-medium wp-image-7802\" alt=\"\" srcset=\"https:\/\/wollorama.at\/wp-content\/uploads\/2025\/11\/Bildschirmfoto-2024-12-08-um-11.07.11-300x293.png 300w, https:\/\/wollorama.at\/wp-content\/uploads\/2025\/11\/Bildschirmfoto-2024-12-08-um-11.07.11-64x63.png 64w, https:\/\/wollorama.at\/wp-content\/uploads\/2025\/11\/Bildschirmfoto-2024-12-08-um-11.07.11.png 532w\" sizes=\"(max-width: 300px) 100vw, 300px\" loading=\"eager\" \/>\t\t\t\t\t\t\t\t\t\t\t\t\t\t\t<\/div>\n\t\t\t\t<\/div>\n\t\t\t\t\t<\/div>\n\t\t\t\t<\/div>\n\t\t<div class=\"elementor-element elementor-element-d0f9bb8 e-flex e-con-boxed e-con e-parent\" data-id=\"d0f9bb8\" data-element_type=\"container\" data-e-type=\"container\">\n\t\t\t\t\t<div class=\"e-con-inner\">\n\t\t\t\t<div class=\"elementor-element elementor-element-4f2653a elementor-widget elementor-widget-spacer\" data-id=\"4f2653a\" data-element_type=\"widget\" data-e-type=\"widget\" data-widget_type=\"spacer.default\">\n\t\t\t\t<div class=\"elementor-widget-container\">\n\t\t\t\t\t\t\t<div class=\"elementor-spacer\">\n\t\t\t<div class=\"elementor-spacer-inner\"><\/div>\n\t\t<\/div>\n\t\t\t\t\t\t<\/div>\n\t\t\t\t<\/div>\n\t\t\t\t\t<\/div>\n\t\t\t\t<\/div>\n\t\t<div class=\"elementor-element elementor-element-02fa35a e-flex e-con-boxed e-con e-parent\" data-id=\"02fa35a\" data-element_type=\"container\" data-e-type=\"container\" id=\"Inspirationen\">\n\t\t\t\t\t<div class=\"e-con-inner\">\n\t\t\t\t<div class=\"elementor-element elementor-element-bd22ba0 elementor-widget elementor-widget-heading\" data-id=\"bd22ba0\" data-element_type=\"widget\" data-e-type=\"widget\" data-widget_type=\"heading.default\">\n\t\t\t\t<div class=\"elementor-widget-container\">\n\t\t\t\t\t<h2 class=\"elementor-heading-title elementor-size-default\">Design Highlights &amp; Inspirationen<\/h2>\t\t\t\t<\/div>\n\t\t\t\t<\/div>\n\t\t\t\t\t<\/div>\n\t\t\t\t<\/div>\n\t\t<div class=\"elementor-element elementor-element-acb95f5 e-flex e-con-boxed e-con e-parent\" data-id=\"acb95f5\" data-element_type=\"container\" data-e-type=\"container\">\n\t\t\t\t\t<div class=\"e-con-inner\">\n\t\t<div class=\"elementor-element elementor-element-56f7721 e-con-full e-flex e-con e-child\" data-id=\"56f7721\" data-element_type=\"container\" data-e-type=\"container\">\n\t\t\t\t<div class=\"elementor-element elementor-element-4581f89 elementor-widget elementor-widget-text-editor\" data-id=\"4581f89\" data-element_type=\"widget\" data-e-type=\"widget\" data-widget_type=\"text-editor.default\">\n\t\t\t\t<div class=\"elementor-widget-container\">\n\t\t\t\t\t\t\t\t\t<h5><a href=\"https:\/\/wollorama.at\/en\/product\/colorful-baby-brushed\/\">Eco\/ Colorful Baby Brushed<\/a><\/h5>\t\t\t\t\t\t\t\t<\/div>\n\t\t\t\t<\/div>\n\t\t\t\t<div class=\"elementor-element elementor-element-9b128f6 elementor-position-top elementor-widget elementor-widget-image-box\" data-id=\"9b128f6\" data-element_type=\"widget\" data-e-type=\"widget\" data-widget_type=\"image-box.default\">\n\t\t\t\t<div class=\"elementor-widget-container\">\n\t\t\t\t\t<div class=\"elementor-image-box-wrapper\"><figure class=\"elementor-image-box-img\"><a href=\"https:\/\/www.ravelry.com\/patterns\/library\/pauline-sweater-3\" tabindex=\"-1\"><img decoding=\"async\" width=\"1196\" height=\"1202\" src=\"https:\/\/wollorama.at\/wp-content\/uploads\/2025\/04\/Amorellisweater.webp\" class=\"attachment-full size-full wp-image-6369\" alt=\"\" loading=\"eager\" srcset=\"https:\/\/wollorama.at\/wp-content\/uploads\/2025\/04\/Amorellisweater.webp 1196w, https:\/\/wollorama.at\/wp-content\/uploads\/2025\/04\/Amorellisweater-1019x1024.webp 1019w, https:\/\/wollorama.at\/wp-content\/uploads\/2025\/04\/Amorellisweater-150x150.webp 150w, https:\/\/wollorama.at\/wp-content\/uploads\/2025\/04\/Amorellisweater-768x772.webp 768w, https:\/\/wollorama.at\/wp-content\/uploads\/2025\/04\/Amorellisweater-600x603.webp 600w, https:\/\/wollorama.at\/wp-content\/uploads\/2025\/04\/Amorellisweater-100x100.webp 100w\" sizes=\"(max-width: 1196px) 100vw, 1196px\" \/><\/a><\/figure><div class=\"elementor-image-box-content\"><h3 class=\"elementor-image-box-title\"><a href=\"https:\/\/www.ravelry.com\/patterns\/library\/pauline-sweater-3\">Pauline Sweater<\/a><\/h3><p class=\"elementor-image-box-description\">Debbie Vandorpe<\/p><\/div><\/div>\t\t\t\t<\/div>\n\t\t\t\t<\/div>\n\t\t\t\t<\/div>\n\t\t<div class=\"elementor-element elementor-element-aa1e1e3 e-con-full e-flex e-con e-child\" data-id=\"aa1e1e3\" data-element_type=\"container\" data-e-type=\"container\">\n\t\t\t\t<div class=\"elementor-element elementor-element-38186db elementor-widget elementor-widget-text-editor\" data-id=\"38186db\" data-element_type=\"widget\" data-e-type=\"widget\" data-widget_type=\"text-editor.default\">\n\t\t\t\t<div class=\"elementor-widget-container\">\n\t\t\t\t\t\t\t\t\t<h5><a href=\"https:\/\/wollorama.at\/en\/product\/fog-von-gabo-wool\/\">Fog<\/a><\/h5>\t\t\t\t\t\t\t\t<\/div>\n\t\t\t\t<\/div>\n\t\t\t\t<div class=\"elementor-element elementor-element-353578f elementor-position-top elementor-widget elementor-widget-image-box\" data-id=\"353578f\" data-element_type=\"widget\" data-e-type=\"widget\" data-widget_type=\"image-box.default\">\n\t\t\t\t<div class=\"elementor-widget-container\">\n\t\t\t\t\t<div class=\"elementor-image-box-wrapper\"><figure class=\"elementor-image-box-img\"><a href=\"https:\/\/wollorama.at\/en\/product\/knits-to-wear-effortless-patterns-by-kutovakika\/\" tabindex=\"-1\"><img decoding=\"async\" width=\"914\" height=\"1192\" src=\"https:\/\/wollorama.at\/wp-content\/uploads\/2025\/11\/Bildschirmfoto-2024-12-08-um-10.41.06.png\" class=\"attachment-full size-full wp-image-7803\" alt=\"\" loading=\"eager\" srcset=\"https:\/\/wollorama.at\/wp-content\/uploads\/2025\/11\/Bildschirmfoto-2024-12-08-um-10.41.06.png 914w, https:\/\/wollorama.at\/wp-content\/uploads\/2025\/11\/Bildschirmfoto-2024-12-08-um-10.41.06-230x300.png 230w, https:\/\/wollorama.at\/wp-content\/uploads\/2025\/11\/Bildschirmfoto-2024-12-08-um-10.41.06-600x782.png 600w, https:\/\/wollorama.at\/wp-content\/uploads\/2025\/11\/Bildschirmfoto-2024-12-08-um-10.41.06-64x83.png 64w\" sizes=\"(max-width: 914px) 100vw, 914px\" \/><\/a><\/figure><div class=\"elementor-image-box-content\"><h3 class=\"elementor-image-box-title\"><a href=\"https:\/\/wollorama.at\/en\/product\/knits-to-wear-effortless-patterns-by-kutovakika\/\">Limoncello Pullover<\/a><\/h3><p class=\"elementor-image-box-description\">Veronika Lindberg<\/p><\/div><\/div>\t\t\t\t<\/div>\n\t\t\t\t<\/div>\n\t\t\t\t<\/div>\n\t\t<div class=\"elementor-element elementor-element-fc5e7b0 e-con-full e-flex e-con e-child\" data-id=\"fc5e7b0\" data-element_type=\"container\" data-e-type=\"container\">\n\t\t\t\t<div class=\"elementor-element elementor-element-0d8f8de elementor-widget elementor-widget-text-editor\" data-id=\"0d8f8de\" data-element_type=\"widget\" data-e-type=\"widget\" data-widget_type=\"text-editor.default\">\n\t\t\t\t<div class=\"elementor-widget-container\">\n\t\t\t\t\t\t\t\t\t<h5><a href=\"https:\/\/wollorama.at\/en\/product\/my-time-merino-von-gabo-wool\/\">My Time Merino<\/a><\/h5>\t\t\t\t\t\t\t\t<\/div>\n\t\t\t\t<\/div>\n\t\t\t\t<div class=\"elementor-element elementor-element-337f461 elementor-position-top elementor-widget elementor-widget-image-box\" data-id=\"337f461\" data-element_type=\"widget\" data-e-type=\"widget\" data-widget_type=\"image-box.default\">\n\t\t\t\t<div class=\"elementor-widget-container\">\n\t\t\t\t\t<div class=\"elementor-image-box-wrapper\"><figure class=\"elementor-image-box-img\"><a href=\"https:\/\/www.ravelry.com\/patterns\/library\/oslo-hat-5\" tabindex=\"-1\"><img decoding=\"async\" width=\"1024\" height=\"1190\" src=\"https:\/\/wollorama.at\/wp-content\/uploads\/2025\/11\/Bildschirmfoto-2024-12-08-um-10.44.05.png\" class=\"attachment-full size-full wp-image-7804\" alt=\"\" loading=\"eager\" srcset=\"https:\/\/wollorama.at\/wp-content\/uploads\/2025\/11\/Bildschirmfoto-2024-12-08-um-10.44.05.png 1024w, https:\/\/wollorama.at\/wp-content\/uploads\/2025\/11\/Bildschirmfoto-2024-12-08-um-10.44.05-258x300.png 258w, https:\/\/wollorama.at\/wp-content\/uploads\/2025\/11\/Bildschirmfoto-2024-12-08-um-10.44.05-600x697.png 600w, https:\/\/wollorama.at\/wp-content\/uploads\/2025\/11\/Bildschirmfoto-2024-12-08-um-10.44.05-64x74.png 64w\" sizes=\"(max-width: 1024px) 100vw, 1024px\" \/><\/a><\/figure><div class=\"elementor-image-box-content\"><h3 class=\"elementor-image-box-title\"><a href=\"https:\/\/www.ravelry.com\/patterns\/library\/oslo-hat-5\">Oslo Hat<\/a><\/h3><p class=\"elementor-image-box-description\">PetiteKnit\n<\/p><\/div><\/div>\t\t\t\t<\/div>\n\t\t\t\t<\/div>\n\t\t\t\t<\/div>\n\t\t\t\t\t<\/div>\n\t\t\t\t<\/div>\n\t\t\t\t<\/div>","protected":false},"excerpt":{"rendered":"<p>Gabo Wool Wolle aus Polen &#8211; farbenfroh und flauschig Wer ist Gabo Wool Gabo Wool ist ein Familienbetrieb aus Polen. Krystian der Inhaber, sammelte viele Jahre Erfahrung beim Wollhersteller Sandnes, bevor er sein eigenes Unternehmen gr\u00fcndete. Kreativit\u00e4t, enge Zusammenarbeit mit polnischen Designer:innen und der Slogan #NO\u015aSI\u0118ZDROWO (Gesund Tragen) sind die Grundpfeiler von Gabo Wool. Design [&hellip;]<\/p>\n","protected":false},"author":1,"featured_media":6077,"parent":0,"menu_order":0,"comment_status":"closed","ping_status":"closed","template":"","meta":{"site-sidebar-layout":"no-sidebar","site-content-layout":"page-builder","ast-site-content-layout":"full-width-container","site-content-style":"unboxed","site-sidebar-style":"unboxed","ast-global-header-display":"","ast-banner-title-visibility":"","ast-main-header-display":"","ast-hfb-above-header-display":"","ast-hfb-below-header-display":"","ast-hfb-mobile-header-display":"","site-post-title":"disabled","ast-breadcrumbs-content":"disabled","ast-featured-img":"disabled","footer-sml-layout":"","ast-disable-related-posts":"","theme-transparent-header-meta":"disabled","adv-header-id-meta":"","stick-header-meta":"","header-above-stick-meta":"","header-main-stick-meta":"","header-below-stick-meta":"","astra-migrate-meta-layouts":"set","ast-page-background-enabled":"default","ast-page-background-meta":{"desktop":{"background-color":"","background-image":"","background-repeat":"repeat","background-position":"center center","background-size":"auto","background-attachment":"scroll","background-type":"","background-media":"","overlay-type":"","overlay-color":"","overlay-opacity":"","overlay-gradient":""},"tablet":{"background-color":"","background-image":"","background-repeat":"repeat","background-position":"center center","background-size":"auto","background-attachment":"scroll","background-type":"","background-media":"","overlay-type":"","overlay-color":"","overlay-opacity":"","overlay-gradient":""},"mobile":{"background-color":"","background-image":"","background-repeat":"repeat","background-position":"center center","background-size":"auto","background-attachment":"scroll","background-type":"","background-media":"","overlay-type":"","overlay-color":"","overlay-opacity":"","overlay-gradient":""}},"ast-content-background-meta":{"desktop":{"background-color":"var(--ast-global-color-5)","background-image":"","background-repeat":"repeat","background-position":"center center","background-size":"auto","background-attachment":"scroll","background-type":"","background-media":"","overlay-type":"","overlay-color":"","overlay-opacity":"","overlay-gradient":""},"tablet":{"background-color":"var(--ast-global-color-5)","background-image":"","background-repeat":"repeat","background-position":"center center","background-size":"auto","background-attachment":"scroll","background-type":"","background-media":"","overlay-type":"","overlay-color":"","overlay-opacity":"","overlay-gradient":""},"mobile":{"background-color":"var(--ast-global-color-5)","background-image":"","background-repeat":"repeat","background-position":"center center","background-size":"auto","background-attachment":"scroll","background-type":"","background-media":"","overlay-type":"","overlay-color":"","overlay-opacity":"","overlay-gradient":""}},"footnotes":""},"class_list":["post-2021","page","type-page","status-publish","has-post-thumbnail","hentry"],"yoast_head":"<!-- This site is optimized with the Yoast SEO plugin v27.4 - https:\/\/yoast.com\/product\/yoast-seo-wordpress\/ -->\n<title>Portr\u00e4t Gabo Wool- Wollorama<\/title>\n<meta name=\"description\" content=\"Portr\u00e4t Gabo Wool: Feinste Fasern, werden zu wunderbarer Wolle verarbeitet. Hier gibt es mehr Informationen zum polnischen Unternehmen.\" \/>\n<meta name=\"robots\" content=\"index, follow, max-snippet:-1, max-image-preview:large, max-video-preview:-1\" \/>\n<link rel=\"canonical\" href=\"https:\/\/wollorama.at\/en\/gabo-wool\/\" \/>\n<meta property=\"og:locale\" content=\"en_GB\" \/>\n<meta property=\"og:type\" content=\"article\" \/>\n<meta property=\"og:title\" content=\"Portr\u00e4t Gabo Wool- Wollorama\" \/>\n<meta property=\"og:description\" content=\"Portr\u00e4t Gabo Wool: Feinste Fasern, werden zu wunderbarer Wolle verarbeitet. Hier gibt es mehr Informationen zum polnischen Unternehmen.\" \/>\n<meta property=\"og:url\" content=\"https:\/\/wollorama.at\/en\/gabo-wool\/\" \/>\n<meta property=\"og:site_name\" content=\"Wollorama\" \/>\n<meta property=\"article:publisher\" content=\"https:\/\/facebook.com\/wollorama\" \/>\n<meta property=\"article:modified_time\" content=\"2025-11-27T22:49:44+00:00\" \/>\n<meta property=\"og:image\" content=\"https:\/\/wollorama.at\/wp-content\/uploads\/2025\/04\/2025_01_13_9999_16-scaled.webp\" \/>\n\t<meta property=\"og:image:width\" content=\"1707\" \/>\n\t<meta property=\"og:image:height\" content=\"2560\" \/>\n\t<meta property=\"og:image:type\" content=\"image\/webp\" \/>\n<meta name=\"twitter:card\" content=\"summary_large_image\" \/>\n<meta name=\"twitter:label1\" content=\"Estimated reading time\" \/>\n\t<meta name=\"twitter:data1\" content=\"2 minutes\" \/>\n<script type=\"application\/ld+json\" class=\"yoast-schema-graph\">{\"@context\":\"https:\\\/\\\/schema.org\",\"@graph\":[{\"@type\":\"WebPage\",\"@id\":\"https:\\\/\\\/wollorama.at\\\/gabo-wool\\\/\",\"url\":\"https:\\\/\\\/wollorama.at\\\/gabo-wool\\\/\",\"name\":\"Portr\u00e4t Gabo Wool- Wollorama\",\"isPartOf\":{\"@id\":\"https:\\\/\\\/wollorama.at\\\/#website\"},\"primaryImageOfPage\":{\"@id\":\"https:\\\/\\\/wollorama.at\\\/gabo-wool\\\/#primaryimage\"},\"image\":{\"@id\":\"https:\\\/\\\/wollorama.at\\\/gabo-wool\\\/#primaryimage\"},\"thumbnailUrl\":\"https:\\\/\\\/wollorama.at\\\/wp-content\\\/uploads\\\/2025\\\/04\\\/2025_01_13_9999_16-scaled.webp\",\"datePublished\":\"2024-11-17T13:49:22+00:00\",\"dateModified\":\"2025-11-27T22:49:44+00:00\",\"description\":\"Portr\u00e4t Gabo Wool: Feinste Fasern, werden zu wunderbarer Wolle verarbeitet. Hier gibt es mehr Informationen zum polnischen Unternehmen.\",\"breadcrumb\":{\"@id\":\"https:\\\/\\\/wollorama.at\\\/gabo-wool\\\/#breadcrumb\"},\"inLanguage\":\"en-GB\",\"potentialAction\":[{\"@type\":\"ReadAction\",\"target\":[\"https:\\\/\\\/wollorama.at\\\/gabo-wool\\\/\"]}]},{\"@type\":\"ImageObject\",\"inLanguage\":\"en-GB\",\"@id\":\"https:\\\/\\\/wollorama.at\\\/gabo-wool\\\/#primaryimage\",\"url\":\"https:\\\/\\\/wollorama.at\\\/wp-content\\\/uploads\\\/2025\\\/04\\\/2025_01_13_9999_16-scaled.webp\",\"contentUrl\":\"https:\\\/\\\/wollorama.at\\\/wp-content\\\/uploads\\\/2025\\\/04\\\/2025_01_13_9999_16-scaled.webp\",\"width\":1707,\"height\":2560},{\"@type\":\"BreadcrumbList\",\"@id\":\"https:\\\/\\\/wollorama.at\\\/gabo-wool\\\/#breadcrumb\",\"itemListElement\":[{\"@type\":\"ListItem\",\"position\":1,\"name\":\"Home\",\"item\":\"https:\\\/\\\/wollorama.at\\\/\"},{\"@type\":\"ListItem\",\"position\":2,\"name\":\"Gabo Wool\"}]},{\"@type\":\"WebSite\",\"@id\":\"https:\\\/\\\/wollorama.at\\\/#website\",\"url\":\"https:\\\/\\\/wollorama.at\\\/\",\"name\":\"Wollorama\",\"description\":\"Willkommen\",\"publisher\":{\"@id\":\"https:\\\/\\\/wollorama.at\\\/#organization\"},\"potentialAction\":[{\"@type\":\"SearchAction\",\"target\":{\"@type\":\"EntryPoint\",\"urlTemplate\":\"https:\\\/\\\/wollorama.at\\\/?s={search_term_string}\"},\"query-input\":{\"@type\":\"PropertyValueSpecification\",\"valueRequired\":true,\"valueName\":\"search_term_string\"}}],\"inLanguage\":\"en-GB\"},{\"@type\":\"Organization\",\"@id\":\"https:\\\/\\\/wollorama.at\\\/#organization\",\"name\":\"Wollorama\",\"url\":\"https:\\\/\\\/wollorama.at\\\/\",\"logo\":{\"@type\":\"ImageObject\",\"inLanguage\":\"en-GB\",\"@id\":\"https:\\\/\\\/wollorama.at\\\/#\\\/schema\\\/logo\\\/image\\\/\",\"url\":\"https:\\\/\\\/wollorama.at\\\/wp-content\\\/uploads\\\/2025\\\/10\\\/Woll.-rama.png\",\"contentUrl\":\"https:\\\/\\\/wollorama.at\\\/wp-content\\\/uploads\\\/2025\\\/10\\\/Woll.-rama.png\",\"width\":2281,\"height\":490,\"caption\":\"Wollorama\"},\"image\":{\"@id\":\"https:\\\/\\\/wollorama.at\\\/#\\\/schema\\\/logo\\\/image\\\/\"},\"sameAs\":[\"https:\\\/\\\/facebook.com\\\/wollorama\",\"https:\\\/\\\/at.pinterest.com\\\/wolloramashop\\\/\"]}]}<\/script>\n<!-- \/ Yoast SEO plugin. -->","yoast_head_json":{"title":"Portr\u00e4t Gabo Wool- Wollorama","description":"Portr\u00e4t Gabo Wool: Feinste Fasern, werden zu wunderbarer Wolle verarbeitet. Hier gibt es mehr Informationen zum polnischen Unternehmen.","robots":{"index":"index","follow":"follow","max-snippet":"max-snippet:-1","max-image-preview":"max-image-preview:large","max-video-preview":"max-video-preview:-1"},"canonical":"https:\/\/wollorama.at\/en\/gabo-wool\/","og_locale":"en_GB","og_type":"article","og_title":"Portr\u00e4t Gabo Wool- Wollorama","og_description":"Portr\u00e4t Gabo Wool: Feinste Fasern, werden zu wunderbarer Wolle verarbeitet. Hier gibt es mehr Informationen zum polnischen Unternehmen.","og_url":"https:\/\/wollorama.at\/en\/gabo-wool\/","og_site_name":"Wollorama","article_publisher":"https:\/\/facebook.com\/wollorama","article_modified_time":"2025-11-27T22:49:44+00:00","og_image":[{"width":1707,"height":2560,"url":"https:\/\/wollorama.at\/wp-content\/uploads\/2025\/04\/2025_01_13_9999_16-scaled.webp","type":"image\/webp"}],"twitter_card":"summary_large_image","twitter_misc":{"Estimated reading time":"2 minutes"},"schema":{"@context":"https:\/\/schema.org","@graph":[{"@type":"WebPage","@id":"https:\/\/wollorama.at\/gabo-wool\/","url":"https:\/\/wollorama.at\/gabo-wool\/","name":"Portr\u00e4t Gabo Wool- Wollorama","isPartOf":{"@id":"https:\/\/wollorama.at\/#website"},"primaryImageOfPage":{"@id":"https:\/\/wollorama.at\/gabo-wool\/#primaryimage"},"image":{"@id":"https:\/\/wollorama.at\/gabo-wool\/#primaryimage"},"thumbnailUrl":"https:\/\/wollorama.at\/wp-content\/uploads\/2025\/04\/2025_01_13_9999_16-scaled.webp","datePublished":"2024-11-17T13:49:22+00:00","dateModified":"2025-11-27T22:49:44+00:00","description":"Portr\u00e4t Gabo Wool: Feinste Fasern, werden zu wunderbarer Wolle verarbeitet. Hier gibt es mehr Informationen zum polnischen Unternehmen.","breadcrumb":{"@id":"https:\/\/wollorama.at\/gabo-wool\/#breadcrumb"},"inLanguage":"en-GB","potentialAction":[{"@type":"ReadAction","target":["https:\/\/wollorama.at\/gabo-wool\/"]}]},{"@type":"ImageObject","inLanguage":"en-GB","@id":"https:\/\/wollorama.at\/gabo-wool\/#primaryimage","url":"https:\/\/wollorama.at\/wp-content\/uploads\/2025\/04\/2025_01_13_9999_16-scaled.webp","contentUrl":"https:\/\/wollorama.at\/wp-content\/uploads\/2025\/04\/2025_01_13_9999_16-scaled.webp","width":1707,"height":2560},{"@type":"BreadcrumbList","@id":"https:\/\/wollorama.at\/gabo-wool\/#breadcrumb","itemListElement":[{"@type":"ListItem","position":1,"name":"Home","item":"https:\/\/wollorama.at\/"},{"@type":"ListItem","position":2,"name":"Gabo Wool"}]},{"@type":"WebSite","@id":"https:\/\/wollorama.at\/#website","url":"https:\/\/wollorama.at\/","name":"Wollorama","description":"Willkommen","publisher":{"@id":"https:\/\/wollorama.at\/#organization"},"potentialAction":[{"@type":"SearchAction","target":{"@type":"EntryPoint","urlTemplate":"https:\/\/wollorama.at\/?s={search_term_string}"},"query-input":{"@type":"PropertyValueSpecification","valueRequired":true,"valueName":"search_term_string"}}],"inLanguage":"en-GB"},{"@type":"Organization","@id":"https:\/\/wollorama.at\/#organization","name":"Wollorama","url":"https:\/\/wollorama.at\/","logo":{"@type":"ImageObject","inLanguage":"en-GB","@id":"https:\/\/wollorama.at\/#\/schema\/logo\/image\/","url":"https:\/\/wollorama.at\/wp-content\/uploads\/2025\/10\/Woll.-rama.png","contentUrl":"https:\/\/wollorama.at\/wp-content\/uploads\/2025\/10\/Woll.-rama.png","width":2281,"height":490,"caption":"Wollorama"},"image":{"@id":"https:\/\/wollorama.at\/#\/schema\/logo\/image\/"},"sameAs":["https:\/\/facebook.com\/wollorama","https:\/\/at.pinterest.com\/wolloramashop\/"]}]}},"_links":{"self":[{"href":"https:\/\/wollorama.at\/en\/wp-json\/wp\/v2\/pages\/2021","targetHints":{"allow":["GET"]}}],"collection":[{"href":"https:\/\/wollorama.at\/en\/wp-json\/wp\/v2\/pages"}],"about":[{"href":"https:\/\/wollorama.at\/en\/wp-json\/wp\/v2\/types\/page"}],"author":[{"embeddable":true,"href":"https:\/\/wollorama.at\/en\/wp-json\/wp\/v2\/users\/1"}],"replies":[{"embeddable":true,"href":"https:\/\/wollorama.at\/en\/wp-json\/wp\/v2\/comments?post=2021"}],"version-history":[{"count":0,"href":"https:\/\/wollorama.at\/en\/wp-json\/wp\/v2\/pages\/2021\/revisions"}],"wp:featuredmedia":[{"embeddable":true,"href":"https:\/\/wollorama.at\/en\/wp-json\/wp\/v2\/media\/6077"}],"wp:attachment":[{"href":"https:\/\/wollorama.at\/en\/wp-json\/wp\/v2\/media?parent=2021"}],"curies":[{"name":"wp","href":"https:\/\/api.w.org\/{rel}","templated":true}]}}