{"id":19,"date":"2024-04-19T06:07:28","date_gmt":"2024-04-19T06:07:28","guid":{"rendered":"https:\/\/wollorama.at\/allgemeine_geschaeftsbedingungen\/"},"modified":"2024-12-08T12:38:09","modified_gmt":"2024-12-08T12:38:09","slug":"allgemeine_geschaeftsbedingungen","status":"publish","type":"page","link":"https:\/\/wollorama.at\/en\/allgemeine_geschaeftsbedingungen\/","title":{"rendered":"Allgemeine Gesch\u00e4ftsbedingungen"},"content":{"rendered":"<div data-elementor-type=\"wp-page\" data-elementor-id=\"19\" class=\"elementor elementor-19\" data-elementor-post-type=\"page\">\n\t\t\t\t<div class=\"elementor-element elementor-element-9126d45 e-flex e-con-boxed e-con e-parent\" data-id=\"9126d45\" data-element_type=\"container\" data-e-type=\"container\">\n\t\t\t\t\t<div class=\"e-con-inner\">\n\t\t\t\t<div class=\"elementor-element elementor-element-1061008e elementor-widget elementor-widget-text-editor\" data-id=\"1061008e\" data-element_type=\"widget\" data-e-type=\"widget\" data-widget_type=\"text-editor.default\">\n\t\t\t\t<div class=\"elementor-widget-container\">\n\t\t\t\t\t\t\t\t\t<p><strong>Inhaltsverzeichnis<\/strong><\/p><p>1. Geltungsbereich<br \/>2. Angebote und Leistungsbeschreibungen<br \/>3. Bestellvorgang und Vertragsabschluss<br \/>4. Preise und Versandkosten<br \/>5. Lieferung, Warenverf\u00fcgbarkeit<br \/>6. Zahlungsmodalit\u00e4ten<br \/>7. Eigentumsvorbehalt<br \/>8. Gew\u00e4hrleistung<br \/>9. Speicherung des Vertragstextes<br \/>10. Schlussbestimmungen<\/p><p><strong>1. Geltungsbereich<\/strong><br \/>1.1. F\u00fcr die Gesch\u00e4ftsbeziehung zwischen DI Stefanie Taibl, Gr\u00fcnnergasse 16, 2000 Stockerau (nachfolgend \u201eVerk\u00e4ufer\u201c) und dem Kunden (nachfolgend \u201eKunde\u201c) gelten ausschlie\u00dflich die nachfolgenden Allgemeinen Gesch\u00e4ftsbedingungen in ihrer zum Zeitpunkt der Bestellung g\u00fcltigen Fassung.<\/p><p>1.2. Verbraucher im Sinne dieser AGB ist jede nat\u00fcrliche Person, die ein Rechtsgesch\u00e4ft zu einem Zwecke abschlie\u00dft, der \u00fcberwiegend weder ihrer gewerblichen noch ihrer selbstst\u00e4ndigen beruflichen T\u00e4tigkeit zugerechnet werden kann.<\/p><p>1.3. Abweichende Bedingungen des Kunden werden nicht anerkannt, es sei denn, der Verk\u00e4ufer stimmt ihrer Geltung ausdr\u00fccklich zu.<\/p><p><strong>2. Angebote und Leistungsbeschreibungen<\/strong><br \/>2.1 Die Darstellung der Produkte im Online-Shop stellt kein rechtlich bindendes Angebot, sondern eine Aufforderung zur Abgabe einer Bestellung dar.<\/p><p>2.2 Alle Angebote gelten \u201esolange der Vorrat reicht\u201c, wenn nicht bei den Produkten etwas anderes vermerkt ist. Im \u00dcbrigen bleiben Irrt\u00fcmer vorbehalten.<\/p><p><strong>3. Bestellvorgang und Vertragsabschluss<\/strong><br \/>3.1. Der Kunde kann aus dem Sortiment des Verk\u00e4ufers Produkte unverbindlich ausw\u00e4hlen und diese \u00fcber die Schaltfl\u00e4che\u00a0 &#8222;In den Warenkorb&#8220; in einem so genannten Warenkorb sammeln. Innerhalb des Warenkorbes kann die Produktauswahl ver\u00e4ndert, z.B. gel\u00f6scht werden. Anschlie\u00dfend kann der Kunde innerhalb des Warenkorbs \u00fcber die Schaltfl\u00e4che &#8222;Weiter zur Kasse&#8220; zum Abschluss des Bestellvorgangs schreiten.<\/p><p>3.2. \u00dcber die Schaltfl\u00e4che &#8222;Zahlungspflichtig bestellen&#8220; gibt der Kunde einen verbindlichen Antrag zum Kauf der im Warenkorb befindlichen Waren ab. Vor Abschicken der Bestellung kann der Kunde die Daten jederzeit \u00e4ndern und einsehen sowie mithilfe der Browserfunktion &#8222;zur\u00fcck zum Warenkorb&#8220; zum Warenkorb zur\u00fcckgehen oder den Bestellvorgang insgesamt abbrechen. Notwendige Angaben sind mit einem Sternchen (*) gekennzeichnet.<\/p><p>3.3. Der Verk\u00e4ufer schickt daraufhin dem Kunden eine automatische Empfangsbest\u00e4tigung per E-Mail zu, in welcher die Bestellung des Kunden nochmals aufgef\u00fchrt wird. Die automatische Empfangsbest\u00e4tigung dokumentiert lediglich, dass die Bestellung des Kunden beim Verk\u00e4ufer eingegangen ist und stellt keine Annahme des Antrags dar. Der Kaufvertrag kommt erst dann zustande, wenn der Verk\u00e4ufer das bestellte Produkt innerhalb von 2 Tagen an den Kunden versendet, \u00fcbergeben oder den Versand an den Kunden innerhalb von 2 Tagen mit einer zweiten E-Mail, ausdr\u00fccklicher Auftragsbest\u00e4tigung best\u00e4tigt hat. Die Annahme kann ferner durch eine seitens des Verk\u00e4ufers an den Kunden gerichtete Zahlungsaufforderung und sp\u00e4testens durch den Abschluss des Zahlungsvorgangs erfolgen. Im Fall mehrerer Annahmevorg\u00e4nge ist der fr\u00fcheste Annahmezeitpunkt ma\u00dfgeblich. Nimmt der Verk\u00e4ufer das Angebot des Kunden innerhalb der Annahmefrist nicht an, kommt kein Vertrag zustande und der Kunde wird nicht mehr an sein Angebot gebunden.<\/p><p><strong>4. Preise und Versandkosten<\/strong><br \/>4.1. Alle Preise, die auf der Website des Verk\u00e4ufers angegeben sind, verstehen sich OHNE g\u00fcltige gesetzliche Umsatzsteuer, da der Verk\u00e4ufer gem\u00e4\u00df UStG. \u00a76 umsatzsteuerbefreit ist.<\/p><p>4.2. Zus\u00e4tzlich zu den angegebenen Preisen berechnet der Verk\u00e4ufer f\u00fcr die Lieferung Versandkosten. Die Versandkosten werden dem K\u00e4ufer gesondert und im Rahmen des Bestellvorgangs deutlich mitgeteilt.<\/p><p>4.3. Der Versand erfolgt mit der \u00f6sterreichischen Post.<\/p><p><strong>5. Lieferung, Warenverf\u00fcgbarkeit<\/strong><\/p><p>5.1. Lieferung erfolgt nur nach \u00d6sterreich, dabei betr\u00e4gt die Lieferzeit zwischen 2 und 4 Werktagen, sofern nicht anders angegeben.<\/p><p>5.2. Sollte die Zustellung der Ware durch Verschulden des K\u00e4ufers trotz dreimaligem Auslieferversuchs scheitern, kann der Verk\u00e4ufer vom Vertrag zur\u00fccktreten. Ggf. geleistete Zahlungen werden dem Kunden unverz\u00fcglich erstattet.<\/p><p>5.3. Wenn das bestellte Produkt nicht verf\u00fcgbar ist, weil der Verk\u00e4ufer mit diesem Produkt von seinem Lieferanten ohne eigenes Verschulden nicht beliefert wird, kann der Verk\u00e4ufer vom Vertrag zur\u00fccktreten. In diesem Fall wird der Verk\u00e4ufer den Kunden unverz\u00fcglich informieren und ihm ggf. die Lieferung eines vergleichbaren Produktes vorschlagen. Wenn kein vergleichbares Produkt verf\u00fcgbar ist oder der Kunde keine Lieferung eines vergleichbaren Produktes w\u00fcnscht, wird der Verk\u00e4ufer dem Kunden ggf. bereits erbrachte Gegenleistungen unverz\u00fcglich erstatten.<\/p><p>5.4. Kunden werden \u00fcber Lieferzeiten und Lieferbeschr\u00e4nkungen innerhalb der jeweiligen Produktbeschreibung unterrichtet.<\/p><p>5.5. Liefer- und Leistungsverz\u00f6gerungen aufgrund h\u00f6herer Gewalt und aufgrund von unvorhersehbaren Ereignissen, die dem Verk\u00e4ufer die Lieferung wesentlich erschweren oder unm\u00f6glich machen, hat der Verk\u00e4ufer gegen\u00fcber Kunden, die Unternehmer sind, auch bei verbindlich vereinbarten Fristen und Terminen nicht zu vertreten. In diesem Fall ist der Verk\u00e4ufer berechtigt, die Lieferung bzw. Leistung um die Dauer der Behinderung zuz\u00fcglich einer angemessenen Anlauffrist hinauszuschieben. Das Recht zur Hinausschiebung der Frist gilt gegen\u00fcber Kunden, die Unternehmer sind auch in F\u00e4llen unvorhersehbarer Ereignisse, die auf den Betrieb eines Vorlieferanten einwirken und weder von ihm noch von dem Verk\u00e4ufer zu vertreten sind. W\u00e4hrend der Dauer dieser Behinderung ist der Kunde ebenfalls von seinen vertraglichen Verpflichtungen entbunden, insbesondere der Zahlung. Ist die Verz\u00f6gerung dem Kunden nicht zuzumuten, kann dieser nach einer von ihm zu setzenden angemessenen Frist oder einvernehmlicher R\u00fccksprache mit dem Verk\u00e4ufer durch schriftliche Erkl\u00e4rung vom Vertrag zur\u00fccktreten.<\/p><p><strong>6. Zahlungsmodalit\u00e4ten<\/strong><br \/>6.1. Der Kunde kann im Rahmen und vor Abschluss des Bestellvorgangs aus den zur Verf\u00fcgung stehenden Zahlungsarten w\u00e4hlen. Kunden werden \u00fcber die zur Verf\u00fcgung stehenden Zahlungsmittel entsprechend unterrichtet.<\/p><p>6.2. Werden Drittanbieter mit der Zahlungsabwicklung beauftragt, z.B. Paypal, gelten deren Allgemeine Gesch\u00e4ftsbedingungen.<\/p><p><strong>7. Eigentumsvorbehalt<\/strong><br \/>7.1 Bis zur vollst\u00e4ndigen Bezahlung verbleiben die gelieferten Waren im Eigentum des Verk\u00e4ufers.<\/p><p><strong>8. Gew\u00e4hrleistung<\/strong><br \/>8.1. Die Gew\u00e4hrleistung (M\u00e4ngelhaftung) bestimmt sich vorbehaltlich der Regelungen nach gesetzlichen Vorschriften.<\/p><p><strong>9. Speicherung des Vertragstextes<\/strong><\/p><p>9.1. Der Verk\u00e4ufer sendet dem Kunden au\u00dferdem eine Bestellbest\u00e4tigung mit allen Bestelldaten an die von Ihm angegebene E-Mail-Adresse zu. Mit der Bestellbest\u00e4tigung, sp\u00e4testens jedoch bei der Lieferung der Ware, erh\u00e4lt der Kunde ferner eine Kopie der AGB nebst Widerrufsbelehrung und den Hinweisen zu Versandkosten sowie Liefer- und Zahlungsbedingungen. Sofern Sie sich in unserem Shop registriert haben sollten, k\u00f6nnen Sie in Ihrem Profilbereich Ihre aufgegebenen Bestellungen einsehen. Dar\u00fcber hinaus speichern wir den Vertragstext, machen ihn jedoch im Internet nicht zug\u00e4nglich.<\/p><p><strong>10. Schlussbestimmungen<\/strong><\/p><p>10.1. Vertragssprache ist deutsch.<\/p>\t\t\t\t\t\t\t\t<\/div>\n\t\t\t\t<\/div>\n\t\t\t\t\t<\/div>\n\t\t\t\t<\/div>\n\t\t\t\t<\/div>","protected":false},"excerpt":{"rendered":"<p>Inhaltsverzeichnis 1. Geltungsbereich2. Angebote und Leistungsbeschreibungen3. Bestellvorgang und Vertragsabschluss4. Preise und Versandkosten5. Lieferung, Warenverf\u00fcgbarkeit6. Zahlungsmodalit\u00e4ten7. Eigentumsvorbehalt8. Gew\u00e4hrleistung9. Speicherung des Vertragstextes10. Schlussbestimmungen 1. Geltungsbereich1.1. F\u00fcr die Gesch\u00e4ftsbeziehung zwischen DI Stefanie Taibl, Gr\u00fcnnergasse 16, 2000 Stockerau (nachfolgend \u201eVerk\u00e4ufer\u201c) und dem Kunden (nachfolgend \u201eKunde\u201c) gelten ausschlie\u00dflich die nachfolgenden Allgemeinen Gesch\u00e4ftsbedingungen in ihrer zum Zeitpunkt der Bestellung g\u00fcltigen Fassung. [&hellip;]<\/p>\n","protected":false},"author":1,"featured_media":0,"parent":0,"menu_order":0,"comment_status":"closed","ping_status":"closed","template":"","meta":{"site-sidebar-layout":"default","site-content-layout":"","ast-site-content-layout":"default","site-content-style":"default","site-sidebar-style":"default","ast-global-header-display":"","ast-banner-title-visibility":"","ast-main-header-display":"","ast-hfb-above-header-display":"","ast-hfb-below-header-display":"","ast-hfb-mobile-header-display":"","site-post-title":"","ast-breadcrumbs-content":"","ast-featured-img":"","footer-sml-layout":"","ast-disable-related-posts":"","theme-transparent-header-meta":"","adv-header-id-meta":"","stick-header-meta":"","header-above-stick-meta":"","header-main-stick-meta":"","header-below-stick-meta":"","astra-migrate-meta-layouts":"default","ast-page-background-enabled":"default","ast-page-background-meta":{"desktop":{"background-color":"","background-image":"","background-repeat":"repeat","background-position":"center center","background-size":"auto","background-attachment":"scroll","background-type":"","background-media":"","overlay-type":"","overlay-color":"","overlay-opacity":"","overlay-gradient":""},"tablet":{"background-color":"","background-image":"","background-repeat":"repeat","background-position":"center center","background-size":"auto","background-attachment":"scroll","background-type":"","background-media":"","overlay-type":"","overlay-color":"","overlay-opacity":"","overlay-gradient":""},"mobile":{"background-color":"","background-image":"","background-repeat":"repeat","background-position":"center center","background-size":"auto","background-attachment":"scroll","background-type":"","background-media":"","overlay-type":"","overlay-color":"","overlay-opacity":"","overlay-gradient":""}},"ast-content-background-meta":{"desktop":{"background-color":"var(--ast-global-color-5)","background-image":"","background-repeat":"repeat","background-position":"center center","background-size":"auto","background-attachment":"scroll","background-type":"","background-media":"","overlay-type":"","overlay-color":"","overlay-opacity":"","overlay-gradient":""},"tablet":{"background-color":"var(--ast-global-color-5)","background-image":"","background-repeat":"repeat","background-position":"center center","background-size":"auto","background-attachment":"scroll","background-type":"","background-media":"","overlay-type":"","overlay-color":"","overlay-opacity":"","overlay-gradient":""},"mobile":{"background-color":"var(--ast-global-color-5)","background-image":"","background-repeat":"repeat","background-position":"center center","background-size":"auto","background-attachment":"scroll","background-type":"","background-media":"","overlay-type":"","overlay-color":"","overlay-opacity":"","overlay-gradient":""}},"footnotes":""},"class_list":["post-19","page","type-page","status-publish","hentry"],"yoast_head":"<!-- This site is optimized with the Yoast SEO plugin v27.4 - https:\/\/yoast.com\/product\/yoast-seo-wordpress\/ -->\n<title>Allgemeine Gesch\u00e4ftsbedingungen - Wollorama<\/title>\n<meta name=\"robots\" content=\"index, follow, max-snippet:-1, max-image-preview:large, max-video-preview:-1\" \/>\n<link rel=\"canonical\" href=\"https:\/\/wollorama.at\/en\/allgemeine_geschaeftsbedingungen\/\" \/>\n<meta property=\"og:locale\" content=\"en_GB\" \/>\n<meta property=\"og:type\" content=\"article\" \/>\n<meta property=\"og:title\" content=\"Allgemeine Gesch\u00e4ftsbedingungen - Wollorama\" \/>\n<meta property=\"og:description\" content=\"Inhaltsverzeichnis 1. Geltungsbereich2. Angebote und Leistungsbeschreibungen3. Bestellvorgang und Vertragsabschluss4. Preise und Versandkosten5. Lieferung, Warenverf\u00fcgbarkeit6. Zahlungsmodalit\u00e4ten7. Eigentumsvorbehalt8. Gew\u00e4hrleistung9. Speicherung des Vertragstextes10. Schlussbestimmungen 1. Geltungsbereich1.1. F\u00fcr die Gesch\u00e4ftsbeziehung zwischen DI Stefanie Taibl, Gr\u00fcnnergasse 16, 2000 Stockerau (nachfolgend \u201eVerk\u00e4ufer\u201c) und dem Kunden (nachfolgend \u201eKunde\u201c) gelten ausschlie\u00dflich die nachfolgenden Allgemeinen Gesch\u00e4ftsbedingungen in ihrer zum Zeitpunkt der Bestellung g\u00fcltigen Fassung. [&hellip;]\" \/>\n<meta property=\"og:url\" content=\"https:\/\/wollorama.at\/en\/allgemeine_geschaeftsbedingungen\/\" \/>\n<meta property=\"og:site_name\" content=\"Wollorama\" \/>\n<meta property=\"article:publisher\" content=\"https:\/\/facebook.com\/wollorama\" \/>\n<meta property=\"article:modified_time\" content=\"2024-12-08T12:38:09+00:00\" \/>\n<meta name=\"twitter:card\" content=\"summary_large_image\" \/>\n<meta name=\"twitter:label1\" content=\"Estimated reading time\" \/>\n\t<meta name=\"twitter:data1\" content=\"6 minutes\" \/>\n<script type=\"application\/ld+json\" class=\"yoast-schema-graph\">{\"@context\":\"https:\\\/\\\/schema.org\",\"@graph\":[{\"@type\":\"WebPage\",\"@id\":\"https:\\\/\\\/wollorama.at\\\/allgemeine_geschaeftsbedingungen\\\/\",\"url\":\"https:\\\/\\\/wollorama.at\\\/allgemeine_geschaeftsbedingungen\\\/\",\"name\":\"Allgemeine Gesch\u00e4ftsbedingungen - Wollorama\",\"isPartOf\":{\"@id\":\"https:\\\/\\\/wollorama.at\\\/#website\"},\"datePublished\":\"2024-04-19T06:07:28+00:00\",\"dateModified\":\"2024-12-08T12:38:09+00:00\",\"breadcrumb\":{\"@id\":\"https:\\\/\\\/wollorama.at\\\/allgemeine_geschaeftsbedingungen\\\/#breadcrumb\"},\"inLanguage\":\"en-GB\",\"potentialAction\":[{\"@type\":\"ReadAction\",\"target\":[\"https:\\\/\\\/wollorama.at\\\/allgemeine_geschaeftsbedingungen\\\/\"]}]},{\"@type\":\"BreadcrumbList\",\"@id\":\"https:\\\/\\\/wollorama.at\\\/allgemeine_geschaeftsbedingungen\\\/#breadcrumb\",\"itemListElement\":[{\"@type\":\"ListItem\",\"position\":1,\"name\":\"Home\",\"item\":\"https:\\\/\\\/wollorama.at\\\/\"},{\"@type\":\"ListItem\",\"position\":2,\"name\":\"Allgemeine Gesch\u00e4ftsbedingungen\"}]},{\"@type\":\"WebSite\",\"@id\":\"https:\\\/\\\/wollorama.at\\\/#website\",\"url\":\"https:\\\/\\\/wollorama.at\\\/\",\"name\":\"Wollorama\",\"description\":\"Willkommen\",\"publisher\":{\"@id\":\"https:\\\/\\\/wollorama.at\\\/#organization\"},\"potentialAction\":[{\"@type\":\"SearchAction\",\"target\":{\"@type\":\"EntryPoint\",\"urlTemplate\":\"https:\\\/\\\/wollorama.at\\\/?s={search_term_string}\"},\"query-input\":{\"@type\":\"PropertyValueSpecification\",\"valueRequired\":true,\"valueName\":\"search_term_string\"}}],\"inLanguage\":\"en-GB\"},{\"@type\":\"Organization\",\"@id\":\"https:\\\/\\\/wollorama.at\\\/#organization\",\"name\":\"Wollorama\",\"url\":\"https:\\\/\\\/wollorama.at\\\/\",\"logo\":{\"@type\":\"ImageObject\",\"inLanguage\":\"en-GB\",\"@id\":\"https:\\\/\\\/wollorama.at\\\/#\\\/schema\\\/logo\\\/image\\\/\",\"url\":\"https:\\\/\\\/wollorama.at\\\/wp-content\\\/uploads\\\/2025\\\/10\\\/Woll.-rama.png\",\"contentUrl\":\"https:\\\/\\\/wollorama.at\\\/wp-content\\\/uploads\\\/2025\\\/10\\\/Woll.-rama.png\",\"width\":2281,\"height\":490,\"caption\":\"Wollorama\"},\"image\":{\"@id\":\"https:\\\/\\\/wollorama.at\\\/#\\\/schema\\\/logo\\\/image\\\/\"},\"sameAs\":[\"https:\\\/\\\/facebook.com\\\/wollorama\",\"https:\\\/\\\/at.pinterest.com\\\/wolloramashop\\\/\"]}]}<\/script>\n<!-- \/ Yoast SEO plugin. -->","yoast_head_json":{"title":"Allgemeine Gesch\u00e4ftsbedingungen - Wollorama","robots":{"index":"index","follow":"follow","max-snippet":"max-snippet:-1","max-image-preview":"max-image-preview:large","max-video-preview":"max-video-preview:-1"},"canonical":"https:\/\/wollorama.at\/en\/allgemeine_geschaeftsbedingungen\/","og_locale":"en_GB","og_type":"article","og_title":"Allgemeine Gesch\u00e4ftsbedingungen - Wollorama","og_description":"Inhaltsverzeichnis 1. Geltungsbereich2. Angebote und Leistungsbeschreibungen3. Bestellvorgang und Vertragsabschluss4. Preise und Versandkosten5. Lieferung, Warenverf\u00fcgbarkeit6. Zahlungsmodalit\u00e4ten7. Eigentumsvorbehalt8. Gew\u00e4hrleistung9. Speicherung des Vertragstextes10. Schlussbestimmungen 1. Geltungsbereich1.1. F\u00fcr die Gesch\u00e4ftsbeziehung zwischen DI Stefanie Taibl, Gr\u00fcnnergasse 16, 2000 Stockerau (nachfolgend \u201eVerk\u00e4ufer\u201c) und dem Kunden (nachfolgend \u201eKunde\u201c) gelten ausschlie\u00dflich die nachfolgenden Allgemeinen Gesch\u00e4ftsbedingungen in ihrer zum Zeitpunkt der Bestellung g\u00fcltigen Fassung. [&hellip;]","og_url":"https:\/\/wollorama.at\/en\/allgemeine_geschaeftsbedingungen\/","og_site_name":"Wollorama","article_publisher":"https:\/\/facebook.com\/wollorama","article_modified_time":"2024-12-08T12:38:09+00:00","twitter_card":"summary_large_image","twitter_misc":{"Estimated reading time":"6 minutes"},"schema":{"@context":"https:\/\/schema.org","@graph":[{"@type":"WebPage","@id":"https:\/\/wollorama.at\/allgemeine_geschaeftsbedingungen\/","url":"https:\/\/wollorama.at\/allgemeine_geschaeftsbedingungen\/","name":"Allgemeine Gesch\u00e4ftsbedingungen - Wollorama","isPartOf":{"@id":"https:\/\/wollorama.at\/#website"},"datePublished":"2024-04-19T06:07:28+00:00","dateModified":"2024-12-08T12:38:09+00:00","breadcrumb":{"@id":"https:\/\/wollorama.at\/allgemeine_geschaeftsbedingungen\/#breadcrumb"},"inLanguage":"en-GB","potentialAction":[{"@type":"ReadAction","target":["https:\/\/wollorama.at\/allgemeine_geschaeftsbedingungen\/"]}]},{"@type":"BreadcrumbList","@id":"https:\/\/wollorama.at\/allgemeine_geschaeftsbedingungen\/#breadcrumb","itemListElement":[{"@type":"ListItem","position":1,"name":"Home","item":"https:\/\/wollorama.at\/"},{"@type":"ListItem","position":2,"name":"Allgemeine Gesch\u00e4ftsbedingungen"}]},{"@type":"WebSite","@id":"https:\/\/wollorama.at\/#website","url":"https:\/\/wollorama.at\/","name":"Wollorama","description":"Willkommen","publisher":{"@id":"https:\/\/wollorama.at\/#organization"},"potentialAction":[{"@type":"SearchAction","target":{"@type":"EntryPoint","urlTemplate":"https:\/\/wollorama.at\/?s={search_term_string}"},"query-input":{"@type":"PropertyValueSpecification","valueRequired":true,"valueName":"search_term_string"}}],"inLanguage":"en-GB"},{"@type":"Organization","@id":"https:\/\/wollorama.at\/#organization","name":"Wollorama","url":"https:\/\/wollorama.at\/","logo":{"@type":"ImageObject","inLanguage":"en-GB","@id":"https:\/\/wollorama.at\/#\/schema\/logo\/image\/","url":"https:\/\/wollorama.at\/wp-content\/uploads\/2025\/10\/Woll.-rama.png","contentUrl":"https:\/\/wollorama.at\/wp-content\/uploads\/2025\/10\/Woll.-rama.png","width":2281,"height":490,"caption":"Wollorama"},"image":{"@id":"https:\/\/wollorama.at\/#\/schema\/logo\/image\/"},"sameAs":["https:\/\/facebook.com\/wollorama","https:\/\/at.pinterest.com\/wolloramashop\/"]}]}},"_links":{"self":[{"href":"https:\/\/wollorama.at\/en\/wp-json\/wp\/v2\/pages\/19","targetHints":{"allow":["GET"]}}],"collection":[{"href":"https:\/\/wollorama.at\/en\/wp-json\/wp\/v2\/pages"}],"about":[{"href":"https:\/\/wollorama.at\/en\/wp-json\/wp\/v2\/types\/page"}],"author":[{"embeddable":true,"href":"https:\/\/wollorama.at\/en\/wp-json\/wp\/v2\/users\/1"}],"replies":[{"embeddable":true,"href":"https:\/\/wollorama.at\/en\/wp-json\/wp\/v2\/comments?post=19"}],"version-history":[{"count":0,"href":"https:\/\/wollorama.at\/en\/wp-json\/wp\/v2\/pages\/19\/revisions"}],"wp:attachment":[{"href":"https:\/\/wollorama.at\/en\/wp-json\/wp\/v2\/media?parent=19"}],"curies":[{"name":"wp","href":"https:\/\/api.w.org\/{rel}","templated":true}]}}