{"id":1733,"date":"2024-10-17T10:29:31","date_gmt":"2024-10-17T10:29:31","guid":{"rendered":"https:\/\/wollorama.at\/?page_id=1733"},"modified":"2024-11-30T19:48:53","modified_gmt":"2024-11-30T19:48:53","slug":"impressum","status":"publish","type":"page","link":"https:\/\/wollorama.at\/en\/impressum\/","title":{"rendered":"Impressum"},"content":{"rendered":"<div data-elementor-type=\"wp-page\" data-elementor-id=\"1733\" class=\"elementor elementor-1733\" data-elementor-post-type=\"page\">\n\t\t\t\t<div class=\"elementor-element elementor-element-37c72454 e-flex e-con-boxed e-con e-parent\" data-id=\"37c72454\" data-element_type=\"container\" data-e-type=\"container\">\n\t\t\t\t\t<div class=\"e-con-inner\">\n\t\t\t\t<div class=\"elementor-element elementor-element-5a0e45ce elementor-widget elementor-widget-text-editor\" data-id=\"5a0e45ce\" data-element_type=\"widget\" data-e-type=\"widget\" data-widget_type=\"text-editor.default\">\n\t\t\t\t<div class=\"elementor-widget-container\">\n\t\t\t\t\t\t\t\t\t<p><strong>Angaben gem\u00e4\u00df \u00a7 5 E-Commerce-Gesetz (ECG) und \u00a7 14 Unternehmensgesetzbuch (UGB)<\/strong><\/p><p><strong>Unternehmensname:<\/strong><br \/>Wollorama<\/p><p><strong>Gesch\u00e4ftsf\u00fchrerin:<\/strong><br \/>Stefanie Taibl<\/p><p><strong>Firmensitz \/ Gesch\u00e4ftsadresse:<\/strong><br \/>Gr\u00fcnnergasse 16<br \/>2000 Stockerau<br \/>\u00d6sterreich<\/p><p><strong>Unternehmensform:<\/strong><br \/>Einzelunternehmerin (Umsatzsteuerfrei aufgrund der Kleinunternehmerregelung)<\/p><p><strong>Mitglied bei der Wirtschaftskammer:<\/strong><br \/>[Sparte Handel &#8211; Handelsgewerbe mit Ausnahme der reglementierten Handelsgewerbe<br \/>Nieder\u00f6sterreich<\/p><p><strong>Kontakt:<\/strong><br \/>E-Mail: info@wollorama.at<\/p><p><strong>Bankverbindung:<\/strong><br \/>Erste Bank und Sparkasse<br \/>IBAN: AT59 2011 1838 3848 9500<br \/>BIC: GIBAATWW<\/p><p>\u00a0<\/p>\t\t\t\t\t\t\t\t<\/div>\n\t\t\t\t<\/div>\n\t\t\t\t\t<\/div>\n\t\t\t\t<\/div>\n\t\t\t\t<\/div>","protected":false},"excerpt":{"rendered":"<p>Angaben gem\u00e4\u00df \u00a7 5 E-Commerce-Gesetz (ECG) und \u00a7 14 Unternehmensgesetzbuch (UGB) Unternehmensname:Wollorama Gesch\u00e4ftsf\u00fchrerin:Stefanie Taibl Firmensitz \/ Gesch\u00e4ftsadresse:Gr\u00fcnnergasse 162000 Stockerau\u00d6sterreich Unternehmensform:Einzelunternehmerin (Umsatzsteuerfrei aufgrund der Kleinunternehmerregelung) Mitglied bei der Wirtschaftskammer:[Sparte Handel &#8211; Handelsgewerbe mit Ausnahme der reglementierten HandelsgewerbeNieder\u00f6sterreich Kontakt:E-Mail: info@wollorama.at Bankverbindung:Erste Bank und SparkasseIBAN: AT59 2011 1838 3848 9500BIC: GIBAATWW \u00a0 [gzd_complaints]<\/p>\n","protected":false},"author":1,"featured_media":0,"parent":0,"menu_order":0,"comment_status":"closed","ping_status":"closed","template":"","meta":{"site-sidebar-layout":"default","site-content-layout":"","ast-site-content-layout":"default","site-content-style":"default","site-sidebar-style":"default","ast-global-header-display":"","ast-banner-title-visibility":"","ast-main-header-display":"","ast-hfb-above-header-display":"","ast-hfb-below-header-display":"","ast-hfb-mobile-header-display":"","site-post-title":"","ast-breadcrumbs-content":"","ast-featured-img":"","footer-sml-layout":"","ast-disable-related-posts":"","theme-transparent-header-meta":"","adv-header-id-meta":"","stick-header-meta":"","header-above-stick-meta":"","header-main-stick-meta":"","header-below-stick-meta":"","astra-migrate-meta-layouts":"set","ast-page-background-enabled":"default","ast-page-background-meta":{"desktop":{"background-color":"","background-image":"","background-repeat":"repeat","background-position":"center center","background-size":"auto","background-attachment":"scroll","background-type":"","background-media":"","overlay-type":"","overlay-color":"","overlay-opacity":"","overlay-gradient":""},"tablet":{"background-color":"","background-image":"","background-repeat":"repeat","background-position":"center center","background-size":"auto","background-attachment":"scroll","background-type":"","background-media":"","overlay-type":"","overlay-color":"","overlay-opacity":"","overlay-gradient":""},"mobile":{"background-color":"","background-image":"","background-repeat":"repeat","background-position":"center center","background-size":"auto","background-attachment":"scroll","background-type":"","background-media":"","overlay-type":"","overlay-color":"","overlay-opacity":"","overlay-gradient":""}},"ast-content-background-meta":{"desktop":{"background-color":"var(--ast-global-color-5)","background-image":"","background-repeat":"repeat","background-position":"center center","background-size":"auto","background-attachment":"scroll","background-type":"","background-media":"","overlay-type":"","overlay-color":"","overlay-opacity":"","overlay-gradient":""},"tablet":{"background-color":"var(--ast-global-color-5)","background-image":"","background-repeat":"repeat","background-position":"center center","background-size":"auto","background-attachment":"scroll","background-type":"","background-media":"","overlay-type":"","overlay-color":"","overlay-opacity":"","overlay-gradient":""},"mobile":{"background-color":"var(--ast-global-color-5)","background-image":"","background-repeat":"repeat","background-position":"center center","background-size":"auto","background-attachment":"scroll","background-type":"","background-media":"","overlay-type":"","overlay-color":"","overlay-opacity":"","overlay-gradient":""}},"footnotes":""},"class_list":["post-1733","page","type-page","status-publish","hentry"],"yoast_head":"<!-- This site is optimized with the Yoast SEO plugin v27.4 - https:\/\/yoast.com\/product\/yoast-seo-wordpress\/ -->\n<title>Impressum - Wollorama<\/title>\n<meta name=\"robots\" content=\"index, follow, max-snippet:-1, max-image-preview:large, max-video-preview:-1\" \/>\n<link rel=\"canonical\" href=\"https:\/\/wollorama.at\/en\/impressum\/\" \/>\n<meta property=\"og:locale\" content=\"en_GB\" \/>\n<meta property=\"og:type\" content=\"article\" \/>\n<meta property=\"og:title\" content=\"Impressum - Wollorama\" \/>\n<meta property=\"og:description\" content=\"Angaben gem\u00e4\u00df \u00a7 5 E-Commerce-Gesetz (ECG) und \u00a7 14 Unternehmensgesetzbuch (UGB) Unternehmensname:Wollorama Gesch\u00e4ftsf\u00fchrerin:Stefanie Taibl Firmensitz \/ Gesch\u00e4ftsadresse:Gr\u00fcnnergasse 162000 Stockerau\u00d6sterreich Unternehmensform:Einzelunternehmerin (Umsatzsteuerfrei aufgrund der Kleinunternehmerregelung) Mitglied bei der Wirtschaftskammer:[Sparte Handel &#8211; Handelsgewerbe mit Ausnahme der reglementierten HandelsgewerbeNieder\u00f6sterreich Kontakt:E-Mail: info@wollorama.at Bankverbindung:Erste Bank und SparkasseIBAN: AT59 2011 1838 3848 9500BIC: GIBAATWW \u00a0 [gzd_complaints]\" \/>\n<meta property=\"og:url\" content=\"https:\/\/wollorama.at\/en\/impressum\/\" \/>\n<meta property=\"og:site_name\" content=\"Wollorama\" \/>\n<meta property=\"article:publisher\" content=\"https:\/\/facebook.com\/wollorama\" \/>\n<meta property=\"article:modified_time\" content=\"2024-11-30T19:48:53+00:00\" \/>\n<meta name=\"twitter:card\" content=\"summary_large_image\" \/>\n<meta name=\"twitter:label1\" content=\"Estimated reading time\" \/>\n\t<meta name=\"twitter:data1\" content=\"1 minute\" \/>\n<script type=\"application\/ld+json\" class=\"yoast-schema-graph\">{\"@context\":\"https:\\\/\\\/schema.org\",\"@graph\":[{\"@type\":\"WebPage\",\"@id\":\"https:\\\/\\\/wollorama.at\\\/impressum\\\/\",\"url\":\"https:\\\/\\\/wollorama.at\\\/impressum\\\/\",\"name\":\"Impressum - Wollorama\",\"isPartOf\":{\"@id\":\"https:\\\/\\\/wollorama.at\\\/#website\"},\"datePublished\":\"2024-10-17T10:29:31+00:00\",\"dateModified\":\"2024-11-30T19:48:53+00:00\",\"breadcrumb\":{\"@id\":\"https:\\\/\\\/wollorama.at\\\/impressum\\\/#breadcrumb\"},\"inLanguage\":\"en-GB\",\"potentialAction\":[{\"@type\":\"ReadAction\",\"target\":[\"https:\\\/\\\/wollorama.at\\\/impressum\\\/\"]}]},{\"@type\":\"BreadcrumbList\",\"@id\":\"https:\\\/\\\/wollorama.at\\\/impressum\\\/#breadcrumb\",\"itemListElement\":[{\"@type\":\"ListItem\",\"position\":1,\"name\":\"Home\",\"item\":\"https:\\\/\\\/wollorama.at\\\/\"},{\"@type\":\"ListItem\",\"position\":2,\"name\":\"Impressum\"}]},{\"@type\":\"WebSite\",\"@id\":\"https:\\\/\\\/wollorama.at\\\/#website\",\"url\":\"https:\\\/\\\/wollorama.at\\\/\",\"name\":\"Wollorama\",\"description\":\"Willkommen\",\"publisher\":{\"@id\":\"https:\\\/\\\/wollorama.at\\\/#organization\"},\"potentialAction\":[{\"@type\":\"SearchAction\",\"target\":{\"@type\":\"EntryPoint\",\"urlTemplate\":\"https:\\\/\\\/wollorama.at\\\/?s={search_term_string}\"},\"query-input\":{\"@type\":\"PropertyValueSpecification\",\"valueRequired\":true,\"valueName\":\"search_term_string\"}}],\"inLanguage\":\"en-GB\"},{\"@type\":\"Organization\",\"@id\":\"https:\\\/\\\/wollorama.at\\\/#organization\",\"name\":\"Wollorama\",\"url\":\"https:\\\/\\\/wollorama.at\\\/\",\"logo\":{\"@type\":\"ImageObject\",\"inLanguage\":\"en-GB\",\"@id\":\"https:\\\/\\\/wollorama.at\\\/#\\\/schema\\\/logo\\\/image\\\/\",\"url\":\"https:\\\/\\\/wollorama.at\\\/wp-content\\\/uploads\\\/2025\\\/10\\\/Woll.-rama.png\",\"contentUrl\":\"https:\\\/\\\/wollorama.at\\\/wp-content\\\/uploads\\\/2025\\\/10\\\/Woll.-rama.png\",\"width\":2281,\"height\":490,\"caption\":\"Wollorama\"},\"image\":{\"@id\":\"https:\\\/\\\/wollorama.at\\\/#\\\/schema\\\/logo\\\/image\\\/\"},\"sameAs\":[\"https:\\\/\\\/facebook.com\\\/wollorama\",\"https:\\\/\\\/at.pinterest.com\\\/wolloramashop\\\/\"]}]}<\/script>\n<!-- \/ Yoast SEO plugin. -->","yoast_head_json":{"title":"Impressum - Wollorama","robots":{"index":"index","follow":"follow","max-snippet":"max-snippet:-1","max-image-preview":"max-image-preview:large","max-video-preview":"max-video-preview:-1"},"canonical":"https:\/\/wollorama.at\/en\/impressum\/","og_locale":"en_GB","og_type":"article","og_title":"Impressum - Wollorama","og_description":"Angaben gem\u00e4\u00df \u00a7 5 E-Commerce-Gesetz (ECG) und \u00a7 14 Unternehmensgesetzbuch (UGB) Unternehmensname:Wollorama Gesch\u00e4ftsf\u00fchrerin:Stefanie Taibl Firmensitz \/ Gesch\u00e4ftsadresse:Gr\u00fcnnergasse 162000 Stockerau\u00d6sterreich Unternehmensform:Einzelunternehmerin (Umsatzsteuerfrei aufgrund der Kleinunternehmerregelung) Mitglied bei der Wirtschaftskammer:[Sparte Handel &#8211; Handelsgewerbe mit Ausnahme der reglementierten HandelsgewerbeNieder\u00f6sterreich Kontakt:E-Mail: info@wollorama.at Bankverbindung:Erste Bank und SparkasseIBAN: AT59 2011 1838 3848 9500BIC: GIBAATWW \u00a0 [gzd_complaints]","og_url":"https:\/\/wollorama.at\/en\/impressum\/","og_site_name":"Wollorama","article_publisher":"https:\/\/facebook.com\/wollorama","article_modified_time":"2024-11-30T19:48:53+00:00","twitter_card":"summary_large_image","twitter_misc":{"Estimated reading time":"1 minute"},"schema":{"@context":"https:\/\/schema.org","@graph":[{"@type":"WebPage","@id":"https:\/\/wollorama.at\/impressum\/","url":"https:\/\/wollorama.at\/impressum\/","name":"Impressum - Wollorama","isPartOf":{"@id":"https:\/\/wollorama.at\/#website"},"datePublished":"2024-10-17T10:29:31+00:00","dateModified":"2024-11-30T19:48:53+00:00","breadcrumb":{"@id":"https:\/\/wollorama.at\/impressum\/#breadcrumb"},"inLanguage":"en-GB","potentialAction":[{"@type":"ReadAction","target":["https:\/\/wollorama.at\/impressum\/"]}]},{"@type":"BreadcrumbList","@id":"https:\/\/wollorama.at\/impressum\/#breadcrumb","itemListElement":[{"@type":"ListItem","position":1,"name":"Home","item":"https:\/\/wollorama.at\/"},{"@type":"ListItem","position":2,"name":"Impressum"}]},{"@type":"WebSite","@id":"https:\/\/wollorama.at\/#website","url":"https:\/\/wollorama.at\/","name":"Wollorama","description":"Willkommen","publisher":{"@id":"https:\/\/wollorama.at\/#organization"},"potentialAction":[{"@type":"SearchAction","target":{"@type":"EntryPoint","urlTemplate":"https:\/\/wollorama.at\/?s={search_term_string}"},"query-input":{"@type":"PropertyValueSpecification","valueRequired":true,"valueName":"search_term_string"}}],"inLanguage":"en-GB"},{"@type":"Organization","@id":"https:\/\/wollorama.at\/#organization","name":"Wollorama","url":"https:\/\/wollorama.at\/","logo":{"@type":"ImageObject","inLanguage":"en-GB","@id":"https:\/\/wollorama.at\/#\/schema\/logo\/image\/","url":"https:\/\/wollorama.at\/wp-content\/uploads\/2025\/10\/Woll.-rama.png","contentUrl":"https:\/\/wollorama.at\/wp-content\/uploads\/2025\/10\/Woll.-rama.png","width":2281,"height":490,"caption":"Wollorama"},"image":{"@id":"https:\/\/wollorama.at\/#\/schema\/logo\/image\/"},"sameAs":["https:\/\/facebook.com\/wollorama","https:\/\/at.pinterest.com\/wolloramashop\/"]}]}},"_links":{"self":[{"href":"https:\/\/wollorama.at\/en\/wp-json\/wp\/v2\/pages\/1733","targetHints":{"allow":["GET"]}}],"collection":[{"href":"https:\/\/wollorama.at\/en\/wp-json\/wp\/v2\/pages"}],"about":[{"href":"https:\/\/wollorama.at\/en\/wp-json\/wp\/v2\/types\/page"}],"author":[{"embeddable":true,"href":"https:\/\/wollorama.at\/en\/wp-json\/wp\/v2\/users\/1"}],"replies":[{"embeddable":true,"href":"https:\/\/wollorama.at\/en\/wp-json\/wp\/v2\/comments?post=1733"}],"version-history":[{"count":0,"href":"https:\/\/wollorama.at\/en\/wp-json\/wp\/v2\/pages\/1733\/revisions"}],"wp:attachment":[{"href":"https:\/\/wollorama.at\/en\/wp-json\/wp\/v2\/media?parent=1733"}],"curies":[{"name":"wp","href":"https:\/\/api.w.org\/{rel}","templated":true}]}}