{"id":17,"date":"2024-04-19T06:07:28","date_gmt":"2024-04-19T06:07:28","guid":{"rendered":"https:\/\/wollorama.at\/zahlungsweisen\/"},"modified":"2024-12-08T13:06:16","modified_gmt":"2024-12-08T13:06:16","slug":"versand_zahlung","status":"publish","type":"page","link":"https:\/\/wollorama.at\/en\/versand_zahlung\/","title":{"rendered":"Versand &#038; Zahlungsbedingungen"},"content":{"rendered":"<div data-elementor-type=\"wp-page\" data-elementor-id=\"17\" class=\"elementor elementor-17\" data-elementor-post-type=\"page\">\n\t\t\t\t<div class=\"elementor-element elementor-element-69d99119 e-flex e-con-boxed e-con e-parent\" data-id=\"69d99119\" data-element_type=\"container\" data-e-type=\"container\">\n\t\t\t\t\t<div class=\"e-con-inner\">\n\t\t\t\t<div class=\"elementor-element elementor-element-2815ee95 elementor-widget elementor-widget-text-editor\" data-id=\"2815ee95\" data-element_type=\"widget\" data-e-type=\"widget\" data-widget_type=\"text-editor.default\">\n\t\t\t\t<div class=\"elementor-widget-container\">\n\t\t\t\t\t\t\t\t\t<h4><strong>1. Versandbedingungen<\/strong><\/h4><p>VERSAND ERFOLGT NUR NACH \u00d6STERREICH!<\/p><h5><strong>1.1. Versandkosten<\/strong><\/h5><p>Der Versand innerhalb \u00d6sterreichs betr\u00e4gt 5,50EUR. Die Versandkosten sind im Bestellvorgang klar ausgewiesen.<\/p><h5><strong>1.2. Lieferzeiten<\/strong><\/h5><p>Die Lieferzeit betr\u00e4gt in der Regel 2-4 Werktage (abh\u00e4ngig vom Versanddienstleister).<\/p><p><strong>Hinweis<\/strong>: An Sonn- und Feiertagen erfolgt keine Zustellung. Sollten Artikel mit unterschiedlichen Lieferzeiten bestellt werden, versenden wir die Ware in einer gemeinsamen Sendung, sofern keine abweichenden Vereinbarungen getroffen wurden. Die Lieferzeit richtet sich in diesem Fall nach dem Artikel mit der l\u00e4ngsten Lieferzeit.<\/p><h5><strong>1.3. Versanddienstleister<\/strong><\/h5><p>Der Versand erfolgt durch die \u00f6sterreichische Post. Sie erhalten eine Versandbest\u00e4tigung per E-Mail, sobald Ihre Bestellung verschickt wurde. Diese E-Mail enth\u00e4lt ggf. eine Sendungsverfolgungsnummer, mit der Sie den Status Ihrer Lieferung verfolgen k\u00f6nnen.<\/p><hr \/><h4><strong>2. Zahlungsbedingungen<\/strong><\/h4><p>Wir bieten Ihnen folgende Zahlungsmethoden an:<\/p><h5><strong>2.1. Kreditkarte<\/strong><\/h5><p>Sie k\u00f6nnen bequem per Kreditkarte (Visa, MasterCard, American Express) bezahlen. Die Belastung Ihres Kreditkartenkontos erfolgt unmittelbar nach Abschluss der Bestellung.<\/p><h5><strong>2.2. PayPal<\/strong><\/h5><p>Zahlen Sie sicher und einfach mit Ihrem PayPal-Konto. Nach dem Bestellvorgang werden Sie direkt zu PayPal weitergeleitet, wo Sie die Zahlung best\u00e4tigen k\u00f6nnen. Ihre Bestellung wird umgehend nach Zahlungsbest\u00e4tigung bearbeitet.<\/p><h5><strong>2.4. EPS <br \/><\/strong><\/h5><p>Sofort\u00fcberweisung mittels EPS &#8211; Bezahlprozess wird \u00fcber das Interface ihrer Bank abgewickelt.<\/p><h5><strong>2.5. Apple Pay\/Google Pay<\/strong><\/h5><p>Mit Apple Pay oder Google Pay k\u00f6nnen Sie bequem und schnell mit Ihren gespeicherten Zahlungsdaten zahlen. Diese Zahlungsmethode wird nur f\u00fcr Bestellungen \u00fcber mobile Endger\u00e4te unterst\u00fctzt.<\/p><hr \/><h4><strong>3. Widerruf und R\u00fccksendungen<\/strong><\/h4><p>Die Informationen zu ihrem Widerrufsrecht und den damit einhergehenden Formalit\u00e4ten finden sie auf der <a href=\"https:\/\/wollorama.at\/en\/widerruf\/\">Widerrufsseite.<\/a><\/p>\t\t\t\t\t\t\t\t<\/div>\n\t\t\t\t<\/div>\n\t\t\t\t\t<\/div>\n\t\t\t\t<\/div>\n\t\t\t\t<\/div>","protected":false},"excerpt":{"rendered":"<p>1. Versandbedingungen VERSAND ERFOLGT NUR NACH \u00d6STERREICH! 1.1. Versandkosten Der Versand innerhalb \u00d6sterreichs betr\u00e4gt 5,50EUR. Die Versandkosten sind im Bestellvorgang klar ausgewiesen. 1.2. Lieferzeiten Die Lieferzeit betr\u00e4gt in der Regel 2-4 Werktage (abh\u00e4ngig vom Versanddienstleister). Hinweis: An Sonn- und Feiertagen erfolgt keine Zustellung. Sollten Artikel mit unterschiedlichen Lieferzeiten bestellt werden, versenden wir die Ware in [&hellip;]<\/p>\n","protected":false},"author":1,"featured_media":0,"parent":0,"menu_order":0,"comment_status":"closed","ping_status":"closed","template":"","meta":{"site-sidebar-layout":"default","site-content-layout":"","ast-site-content-layout":"default","site-content-style":"default","site-sidebar-style":"default","ast-global-header-display":"","ast-banner-title-visibility":"","ast-main-header-display":"","ast-hfb-above-header-display":"","ast-hfb-below-header-display":"","ast-hfb-mobile-header-display":"","site-post-title":"","ast-breadcrumbs-content":"","ast-featured-img":"","footer-sml-layout":"","ast-disable-related-posts":"","theme-transparent-header-meta":"","adv-header-id-meta":"","stick-header-meta":"","header-above-stick-meta":"","header-main-stick-meta":"","header-below-stick-meta":"","astra-migrate-meta-layouts":"set","ast-page-background-enabled":"default","ast-page-background-meta":{"desktop":{"background-color":"","background-image":"","background-repeat":"repeat","background-position":"center center","background-size":"auto","background-attachment":"scroll","background-type":"","background-media":"","overlay-type":"","overlay-color":"","overlay-opacity":"","overlay-gradient":""},"tablet":{"background-color":"","background-image":"","background-repeat":"repeat","background-position":"center center","background-size":"auto","background-attachment":"scroll","background-type":"","background-media":"","overlay-type":"","overlay-color":"","overlay-opacity":"","overlay-gradient":""},"mobile":{"background-color":"","background-image":"","background-repeat":"repeat","background-position":"center center","background-size":"auto","background-attachment":"scroll","background-type":"","background-media":"","overlay-type":"","overlay-color":"","overlay-opacity":"","overlay-gradient":""}},"ast-content-background-meta":{"desktop":{"background-color":"var(--ast-global-color-5)","background-image":"","background-repeat":"repeat","background-position":"center center","background-size":"auto","background-attachment":"scroll","background-type":"","background-media":"","overlay-type":"","overlay-color":"","overlay-opacity":"","overlay-gradient":""},"tablet":{"background-color":"var(--ast-global-color-5)","background-image":"","background-repeat":"repeat","background-position":"center center","background-size":"auto","background-attachment":"scroll","background-type":"","background-media":"","overlay-type":"","overlay-color":"","overlay-opacity":"","overlay-gradient":""},"mobile":{"background-color":"var(--ast-global-color-5)","background-image":"","background-repeat":"repeat","background-position":"center center","background-size":"auto","background-attachment":"scroll","background-type":"","background-media":"","overlay-type":"","overlay-color":"","overlay-opacity":"","overlay-gradient":""}},"footnotes":""},"class_list":["post-17","page","type-page","status-publish","hentry"],"yoast_head":"<!-- This site is optimized with the Yoast SEO plugin v27.4 - https:\/\/yoast.com\/product\/yoast-seo-wordpress\/ -->\n<title>Versand &amp; Zahlungsbedingungen - Wollorama<\/title>\n<meta name=\"robots\" content=\"index, follow, max-snippet:-1, max-image-preview:large, max-video-preview:-1\" \/>\n<link rel=\"canonical\" href=\"https:\/\/wollorama.at\/en\/versand_zahlung\/\" \/>\n<meta property=\"og:locale\" content=\"en_GB\" \/>\n<meta property=\"og:type\" content=\"article\" \/>\n<meta property=\"og:title\" content=\"Versand &amp; Zahlungsbedingungen - Wollorama\" \/>\n<meta property=\"og:description\" content=\"1. Versandbedingungen VERSAND ERFOLGT NUR NACH \u00d6STERREICH! 1.1. Versandkosten Der Versand innerhalb \u00d6sterreichs betr\u00e4gt 5,50EUR. Die Versandkosten sind im Bestellvorgang klar ausgewiesen. 1.2. Lieferzeiten Die Lieferzeit betr\u00e4gt in der Regel 2-4 Werktage (abh\u00e4ngig vom Versanddienstleister). Hinweis: An Sonn- und Feiertagen erfolgt keine Zustellung. Sollten Artikel mit unterschiedlichen Lieferzeiten bestellt werden, versenden wir die Ware in [&hellip;]\" \/>\n<meta property=\"og:url\" content=\"https:\/\/wollorama.at\/en\/versand_zahlung\/\" \/>\n<meta property=\"og:site_name\" content=\"Wollorama\" \/>\n<meta property=\"article:publisher\" content=\"https:\/\/facebook.com\/wollorama\" \/>\n<meta property=\"article:modified_time\" content=\"2024-12-08T13:06:16+00:00\" \/>\n<meta name=\"twitter:card\" content=\"summary_large_image\" \/>\n<meta name=\"twitter:label1\" content=\"Estimated reading time\" \/>\n\t<meta name=\"twitter:data1\" content=\"2 minutes\" \/>\n<script type=\"application\/ld+json\" class=\"yoast-schema-graph\">{\"@context\":\"https:\\\/\\\/schema.org\",\"@graph\":[{\"@type\":\"WebPage\",\"@id\":\"https:\\\/\\\/wollorama.at\\\/versand_zahlung\\\/\",\"url\":\"https:\\\/\\\/wollorama.at\\\/versand_zahlung\\\/\",\"name\":\"Versand & Zahlungsbedingungen - Wollorama\",\"isPartOf\":{\"@id\":\"https:\\\/\\\/wollorama.at\\\/#website\"},\"datePublished\":\"2024-04-19T06:07:28+00:00\",\"dateModified\":\"2024-12-08T13:06:16+00:00\",\"breadcrumb\":{\"@id\":\"https:\\\/\\\/wollorama.at\\\/versand_zahlung\\\/#breadcrumb\"},\"inLanguage\":\"en-GB\",\"potentialAction\":[{\"@type\":\"ReadAction\",\"target\":[\"https:\\\/\\\/wollorama.at\\\/versand_zahlung\\\/\"]}]},{\"@type\":\"BreadcrumbList\",\"@id\":\"https:\\\/\\\/wollorama.at\\\/versand_zahlung\\\/#breadcrumb\",\"itemListElement\":[{\"@type\":\"ListItem\",\"position\":1,\"name\":\"Home\",\"item\":\"https:\\\/\\\/wollorama.at\\\/\"},{\"@type\":\"ListItem\",\"position\":2,\"name\":\"Versand &#038; Zahlungsbedingungen\"}]},{\"@type\":\"WebSite\",\"@id\":\"https:\\\/\\\/wollorama.at\\\/#website\",\"url\":\"https:\\\/\\\/wollorama.at\\\/\",\"name\":\"Wollorama\",\"description\":\"Willkommen\",\"publisher\":{\"@id\":\"https:\\\/\\\/wollorama.at\\\/#organization\"},\"potentialAction\":[{\"@type\":\"SearchAction\",\"target\":{\"@type\":\"EntryPoint\",\"urlTemplate\":\"https:\\\/\\\/wollorama.at\\\/?s={search_term_string}\"},\"query-input\":{\"@type\":\"PropertyValueSpecification\",\"valueRequired\":true,\"valueName\":\"search_term_string\"}}],\"inLanguage\":\"en-GB\"},{\"@type\":\"Organization\",\"@id\":\"https:\\\/\\\/wollorama.at\\\/#organization\",\"name\":\"Wollorama\",\"url\":\"https:\\\/\\\/wollorama.at\\\/\",\"logo\":{\"@type\":\"ImageObject\",\"inLanguage\":\"en-GB\",\"@id\":\"https:\\\/\\\/wollorama.at\\\/#\\\/schema\\\/logo\\\/image\\\/\",\"url\":\"https:\\\/\\\/wollorama.at\\\/wp-content\\\/uploads\\\/2025\\\/10\\\/Woll.-rama.png\",\"contentUrl\":\"https:\\\/\\\/wollorama.at\\\/wp-content\\\/uploads\\\/2025\\\/10\\\/Woll.-rama.png\",\"width\":2281,\"height\":490,\"caption\":\"Wollorama\"},\"image\":{\"@id\":\"https:\\\/\\\/wollorama.at\\\/#\\\/schema\\\/logo\\\/image\\\/\"},\"sameAs\":[\"https:\\\/\\\/facebook.com\\\/wollorama\",\"https:\\\/\\\/at.pinterest.com\\\/wolloramashop\\\/\"]}]}<\/script>\n<!-- \/ Yoast SEO plugin. -->","yoast_head_json":{"title":"Versand & Zahlungsbedingungen - Wollorama","robots":{"index":"index","follow":"follow","max-snippet":"max-snippet:-1","max-image-preview":"max-image-preview:large","max-video-preview":"max-video-preview:-1"},"canonical":"https:\/\/wollorama.at\/en\/versand_zahlung\/","og_locale":"en_GB","og_type":"article","og_title":"Versand & Zahlungsbedingungen - Wollorama","og_description":"1. Versandbedingungen VERSAND ERFOLGT NUR NACH \u00d6STERREICH! 1.1. Versandkosten Der Versand innerhalb \u00d6sterreichs betr\u00e4gt 5,50EUR. Die Versandkosten sind im Bestellvorgang klar ausgewiesen. 1.2. Lieferzeiten Die Lieferzeit betr\u00e4gt in der Regel 2-4 Werktage (abh\u00e4ngig vom Versanddienstleister). Hinweis: An Sonn- und Feiertagen erfolgt keine Zustellung. Sollten Artikel mit unterschiedlichen Lieferzeiten bestellt werden, versenden wir die Ware in [&hellip;]","og_url":"https:\/\/wollorama.at\/en\/versand_zahlung\/","og_site_name":"Wollorama","article_publisher":"https:\/\/facebook.com\/wollorama","article_modified_time":"2024-12-08T13:06:16+00:00","twitter_card":"summary_large_image","twitter_misc":{"Estimated reading time":"2 minutes"},"schema":{"@context":"https:\/\/schema.org","@graph":[{"@type":"WebPage","@id":"https:\/\/wollorama.at\/versand_zahlung\/","url":"https:\/\/wollorama.at\/versand_zahlung\/","name":"Versand & Zahlungsbedingungen - Wollorama","isPartOf":{"@id":"https:\/\/wollorama.at\/#website"},"datePublished":"2024-04-19T06:07:28+00:00","dateModified":"2024-12-08T13:06:16+00:00","breadcrumb":{"@id":"https:\/\/wollorama.at\/versand_zahlung\/#breadcrumb"},"inLanguage":"en-GB","potentialAction":[{"@type":"ReadAction","target":["https:\/\/wollorama.at\/versand_zahlung\/"]}]},{"@type":"BreadcrumbList","@id":"https:\/\/wollorama.at\/versand_zahlung\/#breadcrumb","itemListElement":[{"@type":"ListItem","position":1,"name":"Home","item":"https:\/\/wollorama.at\/"},{"@type":"ListItem","position":2,"name":"Versand &#038; Zahlungsbedingungen"}]},{"@type":"WebSite","@id":"https:\/\/wollorama.at\/#website","url":"https:\/\/wollorama.at\/","name":"Wollorama","description":"Willkommen","publisher":{"@id":"https:\/\/wollorama.at\/#organization"},"potentialAction":[{"@type":"SearchAction","target":{"@type":"EntryPoint","urlTemplate":"https:\/\/wollorama.at\/?s={search_term_string}"},"query-input":{"@type":"PropertyValueSpecification","valueRequired":true,"valueName":"search_term_string"}}],"inLanguage":"en-GB"},{"@type":"Organization","@id":"https:\/\/wollorama.at\/#organization","name":"Wollorama","url":"https:\/\/wollorama.at\/","logo":{"@type":"ImageObject","inLanguage":"en-GB","@id":"https:\/\/wollorama.at\/#\/schema\/logo\/image\/","url":"https:\/\/wollorama.at\/wp-content\/uploads\/2025\/10\/Woll.-rama.png","contentUrl":"https:\/\/wollorama.at\/wp-content\/uploads\/2025\/10\/Woll.-rama.png","width":2281,"height":490,"caption":"Wollorama"},"image":{"@id":"https:\/\/wollorama.at\/#\/schema\/logo\/image\/"},"sameAs":["https:\/\/facebook.com\/wollorama","https:\/\/at.pinterest.com\/wolloramashop\/"]}]}},"_links":{"self":[{"href":"https:\/\/wollorama.at\/en\/wp-json\/wp\/v2\/pages\/17","targetHints":{"allow":["GET"]}}],"collection":[{"href":"https:\/\/wollorama.at\/en\/wp-json\/wp\/v2\/pages"}],"about":[{"href":"https:\/\/wollorama.at\/en\/wp-json\/wp\/v2\/types\/page"}],"author":[{"embeddable":true,"href":"https:\/\/wollorama.at\/en\/wp-json\/wp\/v2\/users\/1"}],"replies":[{"embeddable":true,"href":"https:\/\/wollorama.at\/en\/wp-json\/wp\/v2\/comments?post=17"}],"version-history":[{"count":0,"href":"https:\/\/wollorama.at\/en\/wp-json\/wp\/v2\/pages\/17\/revisions"}],"wp:attachment":[{"href":"https:\/\/wollorama.at\/en\/wp-json\/wp\/v2\/media?parent=17"}],"curies":[{"name":"wp","href":"https:\/\/api.w.org\/{rel}","templated":true}]}}